{"id":332,"date":"2025-11-11T08:40:41","date_gmt":"2025-11-11T08:40:41","guid":{"rendered":"https:\/\/nusa.com.pt\/?page_id=332"},"modified":"2026-03-20T18:04:32","modified_gmt":"2026-03-20T18:04:32","slug":"masseuses","status":"publish","type":"page","link":"https:\/\/nusa.com.pt\/fr\/massagistas\/","title":{"rendered":"Nos masseuses - Nusa Massage Spa Lisboa"},"content":{"rendered":"<div class=\"et_pb_section_0 et_pb_section et_section_regular et_flex_section section_has_divider et_pb_bottom_divider zoom-header\">\n<div class=\"et_pb_row_0 et_pb_row et_flex_row\">\n<div class=\"et_pb_column_0 et_pb_column et-last-child et_flex_column et_pb_css_mix_blend_mode_passthrough et_flex_column_24_24\">\n<div class=\"et_pb_heading_0 et_pb_heading et_pb_module et_flex_module\"><div class=\"et_pb_heading_container\"><h1 class=\"et_pb_module_header\">Rencontrez nos th\u00e9rapeutes sp\u00e9cialis\u00e9s<\/h1><\/div><\/div>\n<\/div>\n<\/div>\n<div class=\"et_pb_bottom_inside_divider et-no-transition\"><\/div><\/div>\n\n<div class=\"et_pb_section_1 et_pb_section et_section_regular et_flex_section\">\n<div class=\"et_pb_row_1 et_pb_row et_flex_row\">\n<div class=\"et_pb_column_1 et_pb_column et_flex_column et_pb_css_mix_blend_mode_passthrough et_flex_column_12_24 et_flex_column_24_24_phone et_flex_column_24_24_phoneWide\">\n<div class=\"et_pb_text_0 et_pb_text et_pb_bg_layout_light et_pb_module et_block_module\"><div class=\"et_pb_text_inner\"><p><span>Le Nusa Spa de Massagens a pour vocation d'offrir une exp\u00e9rience unique de d\u00e9tente et de bien-\u00eatre :<\/span><br \/><span>Nos masseuses sp\u00e9cialis\u00e9es utilisent des techniques th\u00e9rapeutiques telles que le massage relaxant, le massage sportif, le massage tha\u00ef et la r\u00e9flexologie.\u00a0<\/span><\/p>\n<\/div><\/div>\n<\/div>\n\n<div class=\"et_pb_column_2 et_pb_column et-last-child et_flex_column et_pb_css_mix_blend_mode_passthrough et_flex_column_12_24 et_flex_column_24_24_phone et_flex_column_24_24_phoneWide\">\n<div class=\"et_pb_text_1 et_pb_text et_pb_bg_layout_light et_pb_module et_block_module\"><div class=\"et_pb_text_inner\"><p><span>N'h\u00e9sitez pas \u00e0 nous appeler pour r\u00e9server une s\u00e9ance avec la th\u00e9rapeute de votre choix, \u00e0 notre Spa ou dans le confort de votre h\u00f4tel \u00e0 Lisbonne.<\/span><\/p>\n<\/div><\/div>\n<\/div>\n<\/div>\n\n<div class=\"et_pb_row_2 et_pb_row et_flex_row\">\n<div class=\"et_pb_column_3 et_pb_column et_flex_column et_pb_css_mix_blend_mode_passthrough et_flex_column_8_24 et_flex_column_24_24_phone et_flex_column_24_24_phoneWide\">\n<div class=\"et_pb_gallery_0 et_pb_gallery et_pb_bg_layout_dark et_pb_slider et_pb_gallery_fullwidth clearfix et_pb_slider_no_pagination et_pb_module\" data-auto-rotate=\"off\" data-auto-rotate-speed=\"\"><div class=\"et_pb_gallery_items et_post_gallery clearfix\" data-per_page=\"3\"><div class=\"et_pb_gallery_item et_pb_gallery_item_0_0\"><div class=\"et_pb_gallery_image landscape\" data-per_page=\"3\"><a href=\"https:\/\/nusa.com.pt\/wp-content\/uploads\/2026\/03\/Mya-01-800-1200.jpg\" title=\"Mya-massagista\"><img loading=\"lazy\" decoding=\"async\" width=\"800\" height=\"1201\" src=\"https:\/\/nusa.com.pt\/wp-content\/uploads\/2026\/03\/Mya-01-800-1200.jpg\" alt=\"Th\u00e9rapeute au Nusa Massage Spa \u00e0 Lisbonne\" class=\"wp-image-223966\" srcset=\"https:\/\/nusa.com.pt\/wp-content\/uploads\/2026\/03\/Mya-01-800-1200.jpg 800w, https:\/\/nusa.com.pt\/wp-content\/uploads\/2026\/03\/Mya-01-800-1200-480x721.jpg 480w\" sizes=\"(min-width: 0px) and (max-width: 480px) 480px, (min-width: 481px) 800px, 100vw\" \/><span class=\"et_overlay\" data-icon=\"\" data-icon-tablet=\"\" data-icon-phone=\"\"><\/span><\/a><\/div><\/div><div class=\"et_pb_gallery_item et_pb_gallery_item_0_1\"><div class=\"et_pb_gallery_image landscape\" data-per_page=\"3\"><a href=\"https:\/\/nusa.com.pt\/wp-content\/uploads\/2026\/03\/Mya-massagista-02-nm.jpg\" title=\"Mya-massagista-02-nm\"><img loading=\"lazy\" decoding=\"async\" width=\"800\" height=\"1200\" src=\"https:\/\/nusa.com.pt\/wp-content\/uploads\/2026\/03\/Mya-massagista-02-nm.jpg\" alt=\"\" class=\"wp-image-224057\" srcset=\"https:\/\/nusa.com.pt\/wp-content\/uploads\/2026\/03\/Mya-massagista-02-nm.jpg 800w, https:\/\/nusa.com.pt\/wp-content\/uploads\/2026\/03\/Mya-massagista-02-nm-480x720.jpg 480w\" sizes=\"(min-width: 0px) and (max-width: 480px) 480px, (min-width: 481px) 800px, 100vw\" \/><span class=\"et_overlay\" data-icon=\"\" data-icon-tablet=\"\" data-icon-phone=\"\"><\/span><\/a><\/div><\/div><div class=\"et_pb_gallery_item et_pb_gallery_item_0_2\"><div class=\"et_pb_gallery_image landscape\" data-per_page=\"3\"><a href=\"https:\/\/nusa.com.pt\/wp-content\/uploads\/2026\/03\/Mya-massagista-03-nm.jpg\" title=\"Mya Massagista Lisboa\"><img loading=\"lazy\" decoding=\"async\" width=\"800\" height=\"1200\" src=\"https:\/\/nusa.com.pt\/wp-content\/uploads\/2026\/03\/Mya-massagista-03-nm.jpg\" alt=\"Th\u00e9rapeute au Nusa Massage Spa \u00e0 Lisbonne\" class=\"wp-image-224061\" srcset=\"https:\/\/nusa.com.pt\/wp-content\/uploads\/2026\/03\/Mya-massagista-03-nm.jpg 800w, https:\/\/nusa.com.pt\/wp-content\/uploads\/2026\/03\/Mya-massagista-03-nm-480x720.jpg 480w\" sizes=\"(min-width: 0px) and (max-width: 480px) 480px, (min-width: 481px) 800px, 100vw\" \/><span class=\"et_overlay\" data-icon=\"\" data-icon-tablet=\"\" data-icon-phone=\"\"><\/span><\/a><\/div><\/div><\/div><\/div>\n\n<div class=\"et_pb_text_2 et_pb_text et_pb_bg_layout_light et_pb_module et_flex_module\"><div class=\"et_pb_text_inner\"><p>D'origine asiatique, Mya incorpore la philosophie orientale de l'\u00e9quilibre et de l'harmonie dans chaque s\u00e9ance. Son toucher pr\u00e9cis et tranquille cr\u00e9e une exp\u00e9rience de relaxation profonde et r\u00e9confortante.<\/p>\n<\/div><\/div>\n\n<div class=\"et_pb_module et_pb_button_module_wrapper et_pb_button_0_wrapper\"><a class=\"et_pb_button_0 et_pb_button et_pb_bg_layout_dark et_pb_module et_flex_module\" href=\"https:\/\/wa.me\/351935676279?text=Ol\u00e1!%20Gostaria%20de%20marcar%20uma%20massagem%20com%20a%20Mya%20no%20Nusa%20Massage%20Spa.\" target=\"_blank\" data-icon=\"\uf232\" rel=\"noopener\">R\u00e9server avec MYA<\/a><\/div>\n<\/div>\n\n<div class=\"et_pb_column_4 et_pb_column et_flex_column et_pb_css_mix_blend_mode_passthrough et_flex_column_8_24 et_flex_column_24_24_phone et_flex_column_24_24_phoneWide\">\n<div class=\"et_pb_gallery_1 et_pb_gallery et_pb_bg_layout_dark et_pb_slider et_pb_gallery_fullwidth clearfix et_pb_slider_no_pagination et_pb_module\" data-auto-rotate=\"off\" data-auto-rotate-speed=\"\"><div class=\"et_pb_gallery_items et_post_gallery clearfix\" data-per_page=\"4\"><div class=\"et_pb_gallery_item et_pb_gallery_item_1_0\"><div class=\"et_pb_gallery_image landscape\" data-per_page=\"4\"><a href=\"https:\/\/nusa.com.pt\/wp-content\/uploads\/2026\/03\/Honey-Massagista-do-Nusa-Massage-Spa-Lisboa.jpg\" title=\"Honey, masseuse au Nusa Massage Spa \u00e0 Lisbonne\"><img loading=\"lazy\" decoding=\"async\" width=\"800\" height=\"1200\" src=\"https:\/\/nusa.com.pt\/wp-content\/uploads\/2026\/03\/Honey-Massagista-do-Nusa-Massage-Spa-Lisboa.jpg\" alt=\"Honey, masseuse au Nusa Massage Spa \u00e0 Lisbonne\" class=\"wp-image-223979\" srcset=\"https:\/\/nusa.com.pt\/wp-content\/uploads\/2026\/03\/Honey-Massagista-do-Nusa-Massage-Spa-Lisboa.jpg 800w, https:\/\/nusa.com.pt\/wp-content\/uploads\/2026\/03\/Honey-Massagista-do-Nusa-Massage-Spa-Lisboa-480x720.jpg 480w\" sizes=\"(min-width: 0px) and (max-width: 480px) 480px, (min-width: 481px) 800px, 100vw\" \/><span class=\"et_overlay\" data-icon=\"\" data-icon-tablet=\"\" data-icon-phone=\"\"><\/span><\/a><\/div><\/div><div class=\"et_pb_gallery_item et_pb_gallery_item_1_1\"><div class=\"et_pb_gallery_image landscape\" data-per_page=\"4\"><a href=\"https:\/\/nusa.com.pt\/wp-content\/uploads\/2026\/03\/Honey-Massagista-do-Nusa-Massage-Spa-Lisboa-2.jpg\" title=\"Honey, masseuse au Nusa Massage Spa \u00e0 Lisbonne\"><img loading=\"lazy\" decoding=\"async\" width=\"800\" height=\"1200\" src=\"https:\/\/nusa.com.pt\/wp-content\/uploads\/2026\/03\/Honey-Massagista-do-Nusa-Massage-Spa-Lisboa-2.jpg\" alt=\"Honey, masseuse au Nusa Massage Spa \u00e0 Lisbonne\" class=\"wp-image-223984\" srcset=\"https:\/\/nusa.com.pt\/wp-content\/uploads\/2026\/03\/Honey-Massagista-do-Nusa-Massage-Spa-Lisboa-2.jpg 800w, https:\/\/nusa.com.pt\/wp-content\/uploads\/2026\/03\/Honey-Massagista-do-Nusa-Massage-Spa-Lisboa-2-480x720.jpg 480w\" sizes=\"(min-width: 0px) and (max-width: 480px) 480px, (min-width: 481px) 800px, 100vw\" \/><span class=\"et_overlay\" data-icon=\"\" data-icon-tablet=\"\" data-icon-phone=\"\"><\/span><\/a><\/div><\/div><div class=\"et_pb_gallery_item et_pb_gallery_item_1_2\"><div class=\"et_pb_gallery_image landscape\" data-per_page=\"4\"><a href=\"https:\/\/nusa.com.pt\/wp-content\/uploads\/2026\/03\/Honey-Massagista-02-nm.jpg\" title=\"Honey Massagista\"><img loading=\"lazy\" decoding=\"async\" width=\"800\" height=\"1200\" src=\"https:\/\/nusa.com.pt\/wp-content\/uploads\/2026\/03\/Honey-Massagista-02-nm.jpg\" alt=\"Honey, masseuse au Nusa Massage Spa \u00e0 Lisbonne\" class=\"wp-image-224059\" srcset=\"https:\/\/nusa.com.pt\/wp-content\/uploads\/2026\/03\/Honey-Massagista-02-nm.jpg 800w, https:\/\/nusa.com.pt\/wp-content\/uploads\/2026\/03\/Honey-Massagista-02-nm-480x720.jpg 480w\" sizes=\"(min-width: 0px) and (max-width: 480px) 480px, (min-width: 481px) 800px, 100vw\" \/><span class=\"et_overlay\" data-icon=\"\" data-icon-tablet=\"\" data-icon-phone=\"\"><\/span><\/a><\/div><\/div><div class=\"et_pb_gallery_item et_pb_gallery_item_1_3\"><div class=\"et_pb_gallery_image landscape\" data-per_page=\"4\"><a href=\"https:\/\/nusa.com.pt\/wp-content\/uploads\/2026\/03\/Honey-massagista-nusa-massage-spa-800.jpg\" title=\"Honey-massage-nusa-massage-spa-800\"><img loading=\"lazy\" decoding=\"async\" width=\"800\" height=\"1200\" src=\"https:\/\/nusa.com.pt\/wp-content\/uploads\/2026\/03\/Honey-massagista-nusa-massage-spa-800.jpg\" alt=\"Th\u00e9rapeute en massage au miel nusa massage spa\" class=\"wp-image-223590\" srcset=\"https:\/\/nusa.com.pt\/wp-content\/uploads\/2026\/03\/Honey-massagista-nusa-massage-spa-800.jpg 800w, https:\/\/nusa.com.pt\/wp-content\/uploads\/2026\/03\/Honey-massagista-nusa-massage-spa-800-480x720.jpg 480w\" sizes=\"(min-width: 0px) and (max-width: 480px) 480px, (min-width: 481px) 800px, 100vw\" \/><span class=\"et_overlay\" data-icon=\"\" data-icon-tablet=\"\" data-icon-phone=\"\"><\/span><\/a><\/div><\/div><\/div><\/div>\n\n<div class=\"et_pb_text_3 et_pb_text et_pb_bg_layout_light et_pb_module et_flex_module\"><div class=\"et_pb_text_inner\"><p>Originaire d'Angola, Honey allie une pr\u00e9sence sereine et accueillante \u00e0 une intuition naturelle pour comprendre les besoins de chaque corps. Une th\u00e9rapeute qui fait en sorte que chaque client se sente vraiment pris en charge.<\/p>\n<\/div><\/div>\n\n<div class=\"et_pb_module et_pb_button_module_wrapper et_pb_button_1_wrapper\"><a class=\"et_pb_button_1 et_pb_button et_pb_bg_layout_dark et_pb_module et_flex_module\" href=\"https:\/\/wa.me\/351935676279?text=Ol\u00e1!%20Gostaria%20de%20marcar%20uma%20massagem%20com%20a%20Honey%20no%20Nusa%20Massage%20Spa.\" target=\"_blank\" data-icon=\"\uf232\" rel=\"noopener\">Livre avec HONEY<\/a><\/div>\n<\/div>\n\n<div class=\"et_pb_column_5 et_pb_column et-last-child et_flex_column et_pb_css_mix_blend_mode_passthrough et_flex_column_8_24 et_flex_column_24_24_phone et_flex_column_24_24_phoneWide\">\n<div class=\"et_pb_gallery_2 et_pb_gallery et_pb_bg_layout_dark et_pb_slider et_pb_gallery_fullwidth clearfix et_pb_slider_no_pagination et_pb_module\" data-auto-rotate=\"off\" data-auto-rotate-speed=\"\"><div class=\"et_pb_gallery_items et_post_gallery clearfix\" data-per_page=\"4\"><div class=\"et_pb_gallery_item et_pb_gallery_item_2_0\"><div class=\"et_pb_gallery_image landscape\" data-per_page=\"4\"><a href=\"https:\/\/nusa.com.pt\/wp-content\/uploads\/2026\/03\/Alice-Nusa-800.jpg\" title=\"Alice-Nusa-800\"><img loading=\"lazy\" decoding=\"async\" width=\"800\" height=\"1201\" src=\"https:\/\/nusa.com.pt\/wp-content\/uploads\/2026\/03\/Alice-Nusa-800.jpg\" alt=\"\" class=\"wp-image-223565\" srcset=\"https:\/\/nusa.com.pt\/wp-content\/uploads\/2026\/03\/Alice-Nusa-800.jpg 800w, https:\/\/nusa.com.pt\/wp-content\/uploads\/2026\/03\/Alice-Nusa-800-480x721.jpg 480w\" sizes=\"(min-width: 0px) and (max-width: 480px) 480px, (min-width: 481px) 800px, 100vw\" \/><span class=\"et_overlay\" data-icon=\"\" data-icon-tablet=\"\" data-icon-phone=\"\"><\/span><\/a><\/div><\/div><div class=\"et_pb_gallery_item et_pb_gallery_item_2_1\"><div class=\"et_pb_gallery_image landscape\" data-per_page=\"4\"><a href=\"https:\/\/nusa.com.pt\/wp-content\/uploads\/2026\/03\/Alice01.png\" title=\"Alice01\"><img loading=\"lazy\" decoding=\"async\" width=\"800\" height=\"1200\" src=\"https:\/\/nusa.com.pt\/wp-content\/uploads\/2026\/03\/Alice01.png\" alt=\"Alice, masseuse Nusa Massage Spa Lisbon\" class=\"wp-image-223558\" srcset=\"https:\/\/nusa.com.pt\/wp-content\/uploads\/2026\/03\/Alice01.png 800w, https:\/\/nusa.com.pt\/wp-content\/uploads\/2026\/03\/Alice01-480x720.png 480w\" sizes=\"(min-width: 0px) and (max-width: 480px) 480px, (min-width: 481px) 800px, 100vw\" \/><span class=\"et_overlay\" data-icon=\"\" data-icon-tablet=\"\" data-icon-phone=\"\"><\/span><\/a><\/div><\/div><div class=\"et_pb_gallery_item et_pb_gallery_item_2_2\"><div class=\"et_pb_gallery_image landscape\" data-per_page=\"4\"><a href=\"https:\/\/nusa.com.pt\/wp-content\/uploads\/2026\/03\/Alice03.png\" title=\"Alice03\"><img loading=\"lazy\" decoding=\"async\" width=\"800\" height=\"1200\" src=\"https:\/\/nusa.com.pt\/wp-content\/uploads\/2026\/03\/Alice03.png\" alt=\"\" class=\"wp-image-223559\" srcset=\"https:\/\/nusa.com.pt\/wp-content\/uploads\/2026\/03\/Alice03.png 800w, https:\/\/nusa.com.pt\/wp-content\/uploads\/2026\/03\/Alice03-480x720.png 480w\" sizes=\"(min-width: 0px) and (max-width: 480px) 480px, (min-width: 481px) 800px, 100vw\" \/><span class=\"et_overlay\" data-icon=\"\" data-icon-tablet=\"\" data-icon-phone=\"\"><\/span><\/a><\/div><\/div><div class=\"et_pb_gallery_item et_pb_gallery_item_2_3\"><div class=\"et_pb_gallery_image landscape\" data-per_page=\"4\"><a href=\"https:\/\/nusa.com.pt\/wp-content\/uploads\/2026\/03\/Alice02.png\" title=\"Alice02\"><img loading=\"lazy\" decoding=\"async\" width=\"800\" height=\"1200\" src=\"https:\/\/nusa.com.pt\/wp-content\/uploads\/2026\/03\/Alice02.png\" alt=\"\" class=\"wp-image-223560\" srcset=\"https:\/\/nusa.com.pt\/wp-content\/uploads\/2026\/03\/Alice02.png 800w, https:\/\/nusa.com.pt\/wp-content\/uploads\/2026\/03\/Alice02-480x720.png 480w\" sizes=\"(min-width: 0px) and (max-width: 480px) 480px, (min-width: 481px) 800px, 100vw\" \/><span class=\"et_overlay\" data-icon=\"\" data-icon-tablet=\"\" data-icon-phone=\"\"><\/span><\/a><\/div><\/div><\/div><\/div>\n\n<div class=\"et_pb_text_4 et_pb_text et_pb_bg_layout_light et_pb_module et_flex_module\"><div class=\"et_pb_text_inner\"><p>Originaire du Br\u00e9sil, Alice apporte avec elle l'\u00e9nergie chaleureuse et la sensibilit\u00e9 caract\u00e9ristiques de la culture br\u00e9silienne. Ses s\u00e9ances sont r\u00e9put\u00e9es pour la fluidit\u00e9 de leur toucher et l'attention r\u00e9elle qu'elles portent au bien-\u00eatre de chaque client.<\/p>\n<\/div><\/div>\n\n<div class=\"et_pb_module et_pb_button_module_wrapper et_pb_button_2_wrapper\"><a class=\"et_pb_button_2 et_pb_button et_pb_bg_layout_dark et_pb_module et_flex_module\" href=\"https:\/\/wa.me\/351935676279?text=Ol\u00e1!%20Gostaria%20de%20marcar%20uma%20massagem%20com%20a%20Alice%20no%20Nusa%20Massage%20Spa.\" target=\"_blank\" data-icon=\"\uf232\" rel=\"noopener\">Livre avec ALICE<\/a><\/div>\n<\/div>\n<\/div>\n<\/div>","protected":false},"excerpt":{"rendered":"<p>Conhe\u00e7a as nossas massagistas, especialistas em cuidar de si e em transformar cada sess\u00e3o num momento de pura tranquilidade.<\/p>","protected":false},"author":1,"featured_media":223764,"parent":0,"menu_order":0,"comment_status":"closed","ping_status":"closed","template":"","meta":{"footnotes":""},"class_list":["post-332","page","type-page","status-publish","has-post-thumbnail","hentry"],"_links":{"self":[{"href":"https:\/\/nusa.com.pt\/fr\/wp-json\/wp\/v2\/pages\/332","targetHints":{"allow":["GET"]}}],"collection":[{"href":"https:\/\/nusa.com.pt\/fr\/wp-json\/wp\/v2\/pages"}],"about":[{"href":"https:\/\/nusa.com.pt\/fr\/wp-json\/wp\/v2\/types\/page"}],"author":[{"embeddable":true,"href":"https:\/\/nusa.com.pt\/fr\/wp-json\/wp\/v2\/users\/1"}],"replies":[{"embeddable":true,"href":"https:\/\/nusa.com.pt\/fr\/wp-json\/wp\/v2\/comments?post=332"}],"version-history":[{"count":45,"href":"https:\/\/nusa.com.pt\/fr\/wp-json\/wp\/v2\/pages\/332\/revisions"}],"predecessor-version":[{"id":224062,"href":"https:\/\/nusa.com.pt\/fr\/wp-json\/wp\/v2\/pages\/332\/revisions\/224062"}],"wp:featuredmedia":[{"embeddable":true,"href":"https:\/\/nusa.com.pt\/fr\/wp-json\/wp\/v2\/media\/223764"}],"wp:attachment":[{"href":"https:\/\/nusa.com.pt\/fr\/wp-json\/wp\/v2\/media?parent=332"}],"curies":[{"name":"wp","href":"https:\/\/api.w.org\/{rel}","templated":true}]}}