{"id":223939,"date":"2026-03-07T14:30:06","date_gmt":"2026-03-07T14:30:06","guid":{"rendered":"https:\/\/nusa.com.pt\/?page_id=223939"},"modified":"2026-03-07T14:32:48","modified_gmt":"2026-03-07T14:32:48","slug":"politica-de-privacidade","status":"publish","type":"page","link":"https:\/\/nusa.com.pt\/fr\/politica-de-privacidade\/","title":{"rendered":"Politique de confidentialit\u00e9"},"content":{"rendered":"<div class=\"et_pb_section_0 et_pb_section et_section_regular et_flex_section\">\n<div class=\"et_pb_row_0 et_pb_row et_flex_row\">\n<div class=\"et_pb_column_0 et_pb_column et-last-child et_flex_column et_pb_css_mix_blend_mode_passthrough et_flex_column_24_24\">\n<div class=\"et_pb_heading_0 et_pb_heading et_pb_module et_flex_module\"><div class=\"et_pb_heading_container\"><h1 class=\"et_pb_module_header\">Politique de confidentialit\u00e9<\/h1><\/div><\/div>\n<\/div>\n<\/div>\n<\/div>\n\n<div class=\"et_pb_section_1 et_pb_section et_section_regular et_flex_section\">\n<div class=\"et_pb_row_1 et_pb_row et_flex_row\">\n<div class=\"et_pb_column_1 et_pb_column et-last-child et_flex_column et_pb_css_mix_blend_mode_passthrough et_flex_column_24_24\">\n<div class=\"et_pb_text_0 et_pb_text et_pb_bg_layout_light et_pb_module et_flex_module\"><div class=\"et_pb_text_inner\"><p style=\"font-weight: 400;\"><em>\u00daltima atualiza\u00e7\u00e3o: Mar\u00e7o 2026<\/em><\/p>\n<h2>1. Respons\u00e1vel pelo Tratamento de Dados<\/h2>\n<p style=\"font-weight: 400;\">O Nusa Massage Spa (doravante designado por &#8220;Nusa&#8221; ou &#8220;n\u00f3s&#8221;) \u00e9 o respons\u00e1vel pelo tratamento dos dados pessoais recolhidos atrav\u00e9s do website https:\/\/nusa.com.pt.<\/p>\n<p style=\"font-weight: 400;\">Pour toute question relative \u00e0 la protection des donn\u00e9es, vous pouvez nous contacter via l'adresse \u00e9lectronique disponible sur la page Contact de notre site web.<\/p>\n<h2>2. Dados Pessoais Recolhidos<\/h2>\n<p style=\"font-weight: 400;\">O Nusa recolhe os seguintes dados pessoais:<\/p>\n<ul>\n<li>Dados de navega\u00e7\u00e3o e uso do website (endere\u00e7o IP, p\u00e1ginas visitadas, dura\u00e7\u00e3o da visita) \u2014 atrav\u00e9s do Google Analytics<\/li>\n<li>Coordonn\u00e9es fournies volontairement (nom, num\u00e9ro de t\u00e9l\u00e9phone, message) - via le formulaire de contact ou via WhatsApp<\/li>\n<li>Dados de intera\u00e7\u00e3o com as nossas redes sociais (Instagram, X\/Twitter) \u2014 geridos pelas respetivas plataformas<\/li>\n<\/ul>\n<h2>3. Finalidade do Tratamento<\/h2>\n<p style=\"font-weight: 400;\">Os dados pessoais s\u00e3o tratados para as seguintes finalidades:<\/p>\n<ul>\n<li>R\u00e9pondre aux demandes de renseignements et de r\u00e9servations envoy\u00e9es par le biais du formulaire de contact ou de WhatsApp.<\/li>\n<li>An\u00e1lise estat\u00edstica de visitas ao website, com o objetivo de melhorar a experi\u00eancia do utilizador (Google Analytics)<\/li>\n<li>Gest\u00e3o da presen\u00e7a nas redes sociais<\/li>\n<\/ul>\n<h2>4. Base Legal<\/h2>\n<p style=\"font-weight: 400;\">O tratamento dos dados pessoais \u00e9 realizado com base:<\/p>\n<ul>\n<li>No consentimento do utilizador, nomeadamente para fins de an\u00e1lise estat\u00edstica via cookies<\/li>\n<li>Dans l'int\u00e9r\u00eat l\u00e9gitime de Nusa de r\u00e9pondre aux demandes de contact et d'am\u00e9liorer ses services<\/li>\n<\/ul>\n<h2>5. Partilha de Dados com Terceiros<\/h2>\n<p style=\"font-weight: 400;\">O Nusa n\u00e3o vende nem cede os seus dados pessoais a terceiros para fins comerciais. Os dados podem ser partilhados com os seguintes prestadores de servi\u00e7os:<\/p>\n<ul>\n<li>Google LLC \u2014 atrav\u00e9s do Google Analytics e Google Tag Manager, para an\u00e1lise de tr\u00e1fego do website<\/li>\n<li>Meta Platforms \/ WhatsApp \u2014 quando inicia uma conversa atrav\u00e9s do bot\u00e3o WhatsApp do website<\/li>\n<li>Instagram \/ X (Twitter) \u2014 quando interage com as nossas p\u00e1ginas nas redes sociais<\/li>\n<\/ul>\n<p style=\"font-weight: 400;\">Estes servi\u00e7os possuem as suas pr\u00f3prias pol\u00edticas de privacidade e tratam os dados de acordo com as respetivas condi\u00e7\u00f5es.<\/p>\n<h2>6. Transfer\u00eancias Internacionais de Dados<\/h2>\n<p style=\"font-weight: 400;\">Alguns dos nossos prestadores de servi\u00e7os (como a Google LLC) est\u00e3o sediados nos Estados Unidos da Am\u00e9rica. As transfer\u00eancias de dados para estes pa\u00edses s\u00e3o realizadas ao abrigo de mecanismos legais adequados, nomeadamente as Cl\u00e1usulas Contratuais Tipo aprovadas pela Comiss\u00e3o Europeia.<\/p>\n<h2>7. Per\u00edodo de Conserva\u00e7\u00e3o<\/h2>\n<p style=\"font-weight: 400;\">Os dados pessoais s\u00e3o conservados apenas pelo tempo necess\u00e1rio para cumprir as finalidades para as quais foram recolhidos, salvo obriga\u00e7\u00e3o legal de conserva\u00e7\u00e3o por per\u00edodo superior. Os dados de an\u00e1lise via Google Analytics s\u00e3o conservados de acordo com as defini\u00e7\u00f5es configuradas na plataforma.<\/p>\n<h2>8. Direitos dos Titulares dos Dados<\/h2>\n<p style=\"font-weight: 400;\">Nos termos do Regulamento Geral sobre a Prote\u00e7\u00e3o de Dados (RGPD), tem os seguintes direitos:<\/p>\n<ul>\n<li>Direito de acesso aos seus dados pessoais<\/li>\n<li>Direito de retifica\u00e7\u00e3o de dados incorretos ou incompletos<\/li>\n<li>Direito ao apagamento dos seus dados (&#8220;direito a ser esquecido&#8221;)<\/li>\n<li>Direito \u00e0 limita\u00e7\u00e3o do tratamento<\/li>\n<li>Direito \u00e0 portabilidade dos dados<\/li>\n<li>Direito de oposi\u00e7\u00e3o ao tratamento<\/li>\n<li>Direito de retirar o consentimento a qualquer momento<\/li>\n<\/ul>\n<p style=\"font-weight: 400;\">Pour exercer l'un de ces droits, veuillez nous contacter en utilisant les coordonn\u00e9es disponibles sur la page Contact. Vous avez \u00e9galement le droit d'introduire une plainte aupr\u00e8s de la Commission nationale de protection des donn\u00e9es (CNPD) \u00e0 l'adresse suivante : www.cnpd.pt.<\/p>\n<h2>9. Seguran\u00e7a dos Dados<\/h2>\n<p style=\"font-weight: 400;\">O Nusa adota medidas t\u00e9cnicas e organizativas adequadas para proteger os seus dados pessoais contra acesso n\u00e3o autorizado, perda ou destrui\u00e7\u00e3o.<\/p>\n<h2>10. Altera\u00e7\u00f5es \u00e0 Pol\u00edtica de Privacidade<\/h2>\n<p style=\"font-weight: 400;\"><span style=\"font-weight: 400;\">Esta Pol\u00edtica de Privacidade pode ser atualizada periodicamente. A vers\u00e3o mais recente estar\u00e1 sempre dispon\u00edvel nesta p\u00e1gina com a respetiva data de atualiza\u00e7\u00e3o.<\/span><\/p>\n<\/div><\/div>\n<\/div>\n<\/div>\n<\/div>","protected":false},"excerpt":{"rendered":"","protected":false},"author":1,"featured_media":0,"parent":0,"menu_order":0,"comment_status":"closed","ping_status":"closed","template":"","meta":{"footnotes":""},"class_list":["post-223939","page","type-page","status-publish","hentry"],"_links":{"self":[{"href":"https:\/\/nusa.com.pt\/fr\/wp-json\/wp\/v2\/pages\/223939","targetHints":{"allow":["GET"]}}],"collection":[{"href":"https:\/\/nusa.com.pt\/fr\/wp-json\/wp\/v2\/pages"}],"about":[{"href":"https:\/\/nusa.com.pt\/fr\/wp-json\/wp\/v2\/types\/page"}],"author":[{"embeddable":true,"href":"https:\/\/nusa.com.pt\/fr\/wp-json\/wp\/v2\/users\/1"}],"replies":[{"embeddable":true,"href":"https:\/\/nusa.com.pt\/fr\/wp-json\/wp\/v2\/comments?post=223939"}],"version-history":[{"count":2,"href":"https:\/\/nusa.com.pt\/fr\/wp-json\/wp\/v2\/pages\/223939\/revisions"}],"predecessor-version":[{"id":223941,"href":"https:\/\/nusa.com.pt\/fr\/wp-json\/wp\/v2\/pages\/223939\/revisions\/223941"}],"wp:attachment":[{"href":"https:\/\/nusa.com.pt\/fr\/wp-json\/wp\/v2\/media?parent=223939"}],"curies":[{"name":"wp","href":"https:\/\/api.w.org\/{rel}","templated":true}]}}