{"id":223874,"date":"2026-03-06T20:04:51","date_gmt":"2026-03-06T20:04:51","guid":{"rendered":"https:\/\/nusa.com.pt\/?page_id=223874"},"modified":"2026-03-06T20:37:55","modified_gmt":"2026-03-06T20:37:55","slug":"massage-tibetain-mahayana","status":"publish","type":"page","link":"https:\/\/nusa.com.pt\/fr\/massagem-tibetana-mahayana\/","title":{"rendered":"Massage tib\u00e9tain Mahayana"},"content":{"rendered":"<div class=\"et_pb_section_0 et_pb_section et_section_regular et_flex_section section_has_divider et_pb_bottom_divider zoom-header\">\n<div class=\"et_pb_row_0 et_pb_row et_flex_row\">\n<div class=\"et_pb_column_0 et_pb_column et-last-child et_flex_column et_pb_css_mix_blend_mode_passthrough et_flex_column_24_24\">\n<div class=\"et_pb_heading_0 et_pb_heading et_pb_module et_flex_module\"><div class=\"et_pb_heading_container\"><h1 class=\"et_pb_module_header\">Massage tib\u00e9tain Mahayana \u00e0 Lisbonne<\/h1><\/div><\/div>\n<\/div>\n<\/div>\n<div class=\"et_pb_bottom_inside_divider et-no-transition\"><\/div><\/div>\n\n<div class=\"et_pb_section_1 et_pb_section et_section_regular et_flex_section\">\n<div class=\"et_pb_row_1 et_pb_row et_flex_row\">\n<div class=\"et_pb_column_1 et_pb_column et-last-child et_flex_column et_pb_css_mix_blend_mode_passthrough et_flex_column_24_24\">\n<div class=\"et_pb_heading_1 et_pb_heading et_pb_module et_flex_module\"><div class=\"et_pb_heading_container\"><h2 class=\"et_pb_module_header\">C\u00e9r\u00e9monie ancestrale d'\u00e9quilibre et de transformation<\/h2><\/div><\/div>\n<\/div>\n<\/div>\n\n<div class=\"et_pb_row_2 et_pb_row et_flex_row\">\n<div class=\"et_pb_column_2 et_pb_column et-last-child et_flex_column et_pb_css_mix_blend_mode_passthrough et_flex_column_24_24\">\n<div class=\"et_pb_text_0 et_pb_text et_pb_bg_layout_light et_pb_module et_flex_module\"><div class=\"et_pb_text_inner\"><p>Le massage tib\u00e9tain Mahayana est l'une des pratiques de bien-\u00eatre les plus anciennes et les plus profondes de l'Orient. Inspir\u00e9 par la tradition bouddhiste tib\u00e9taine, ce massage combine des techniques anciennes de pression douce, des mouvements m\u00e9ditatifs et un travail \u00e9nerg\u00e9tique pour lib\u00e9rer les blocages physiques et \u00e9motionnels accumul\u00e9s et r\u00e9tablir l'\u00e9quilibre naturel du corps et de l'esprit.<\/p>\n<\/div><\/div>\n<\/div>\n<\/div>\n\n<div class=\"et_pb_row_3 et_pb_row et_flex_row\">\n<div class=\"et_pb_column_3 et_pb_column et-last-child et_flex_column et_pb_css_mix_blend_mode_passthrough et_flex_column_24_24\">\n<div class=\"et_pb_heading_2 et_pb_heading et_pb_module et_flex_module\"><div class=\"et_pb_heading_container\"><h3 class=\"et_pb_module_header\">Une exp\u00e9rience du corps et de l'esprit<\/h3><\/div><\/div>\n\n<div class=\"et_pb_text_1 et_pb_text et_pb_bg_layout_light et_pb_module et_flex_module\"><div class=\"et_pb_text_inner\"><p>Contrairement \u00e0 un massage conventionnel, le Mahayana tib\u00e9tain est v\u00e9cu comme un rituel - un moment d'abandon total o\u00f9 chaque toucher est intentionnel et o\u00f9 chaque mouvement suit le flux naturel de l'\u00e9nergie corporelle. Le th\u00e9rapeute exerce une pression douce et rythm\u00e9e le long des m\u00e9ridiens \u00e9nerg\u00e9tiques, ce qui favorise un sentiment de l\u00e9g\u00e8ret\u00e9, de clart\u00e9 mentale et de paix int\u00e9rieure qui persiste bien au-del\u00e0 de la s\u00e9ance.<\/p>\n<\/div><\/div>\n<\/div>\n<\/div>\n\n<div class=\"et_pb_row_4 et_pb_row et_flex_row\">\n<div class=\"et_pb_column_4 et_pb_column et-last-child et_flex_column et_pb_css_mix_blend_mode_passthrough et_flex_column_24_24\">\n<div class=\"et_pb_heading_3 et_pb_heading et_pb_module et_flex_module\"><div class=\"et_pb_heading_container\"><h3 class=\"et_pb_module_header\">Votre session \u00e0 Nusa<\/h3><\/div><\/div>\n\n<div class=\"et_pb_text_2 et_pb_text et_pb_bg_layout_light et_pb_module et_flex_module\"><div class=\"et_pb_text_inner\"><p>Au Nusa Massage Spa de Lisbonne, le massage tib\u00e9tain Mahayana est pratiqu\u00e9 dans une atmosph\u00e8re sereine et chaleureuse, avec des huiles naturelles soigneusement s\u00e9lectionn\u00e9es pour en renforcer les bienfaits. Une exp\u00e9rience transformatrice pour ceux qui cherchent \u00e0 aller au-del\u00e0 de la relaxation physique et \u00e0 se reconnecter \u00e0 eux-m\u00eames \u00e0 un niveau plus profond. Disponible en s\u00e9ances de 40, 60 ou 90 minutes.<\/p>\n<\/div><\/div>\n<\/div>\n<\/div>\n\n<div class=\"et_pb_row_5 et_pb_row et_flex_row\">\n<div class=\"et_pb_column_5 et_pb_column et-last-child et_flex_column et_pb_css_mix_blend_mode_passthrough et_flex_column_24_24\">\n<div class=\"et_pb_module et_pb_button_module_wrapper et_pb_button_0_wrapper\"><a class=\"et_pb_button_0 et_pb_button et_pb_bg_layout_dark et_pb_module et_flex_module\" href=\"https:\/\/wa.me\/351935676279?text=Ol%C3%A1%21%20Gostaria%20de%20saber%20mais%20sobre%20a%20Massagem%20Tibetana%20Mahayana%20no%20Nusa%20Massage%20Spa%20em%20Lisboa.\" target=\"_blank\" data-icon=\"\uf232\" rel=\"noopener\">R\u00e9servez votre s\u00e9ance de massage tib\u00e9tain Mahayana d\u00e8s aujourd'hui - contactez-nous par WhatsApp.<\/a><\/div>\n<\/div>\n<\/div>\n<\/div>","protected":false},"excerpt":{"rendered":"<p>Descubra a Massagem Tibetana Mahayana no Nusa Massage Spa em Lisboa. Uma cerim\u00f3nia ancestral de equil\u00edbrio e transforma\u00e7\u00e3o interior. Reserve j\u00e1 pelo WhatsApp.<\/p>","protected":false},"author":1,"featured_media":223882,"parent":0,"menu_order":0,"comment_status":"closed","ping_status":"closed","template":"","meta":{"footnotes":""},"class_list":["post-223874","page","type-page","status-publish","has-post-thumbnail","hentry"],"_links":{"self":[{"href":"https:\/\/nusa.com.pt\/fr\/wp-json\/wp\/v2\/pages\/223874","targetHints":{"allow":["GET"]}}],"collection":[{"href":"https:\/\/nusa.com.pt\/fr\/wp-json\/wp\/v2\/pages"}],"about":[{"href":"https:\/\/nusa.com.pt\/fr\/wp-json\/wp\/v2\/types\/page"}],"author":[{"embeddable":true,"href":"https:\/\/nusa.com.pt\/fr\/wp-json\/wp\/v2\/users\/1"}],"replies":[{"embeddable":true,"href":"https:\/\/nusa.com.pt\/fr\/wp-json\/wp\/v2\/comments?post=223874"}],"version-history":[{"count":9,"href":"https:\/\/nusa.com.pt\/fr\/wp-json\/wp\/v2\/pages\/223874\/revisions"}],"predecessor-version":[{"id":223886,"href":"https:\/\/nusa.com.pt\/fr\/wp-json\/wp\/v2\/pages\/223874\/revisions\/223886"}],"wp:featuredmedia":[{"embeddable":true,"href":"https:\/\/nusa.com.pt\/fr\/wp-json\/wp\/v2\/media\/223882"}],"wp:attachment":[{"href":"https:\/\/nusa.com.pt\/fr\/wp-json\/wp\/v2\/media?parent=223874"}],"curies":[{"name":"wp","href":"https:\/\/api.w.org\/{rel}","templated":true}]}}