{"id":223864,"date":"2026-03-06T19:29:06","date_gmt":"2026-03-06T19:29:06","guid":{"rendered":"https:\/\/nusa.com.pt\/?page_id=223864"},"modified":"2026-03-06T19:40:36","modified_gmt":"2026-03-06T19:40:36","slug":"massage-a-quatre-mains","status":"publish","type":"page","link":"https:\/\/nusa.com.pt\/fr\/massagem-quatro-maos\/","title":{"rendered":"Massage \u00e0 quatre mains \u00e0 Lisbonne"},"content":{"rendered":"<div class=\"et_pb_section_0 et_pb_section et_section_regular et_flex_section section_has_divider et_pb_bottom_divider zoom-header\">\n<div class=\"et_pb_row_0 et_pb_row et_flex_row\">\n<div class=\"et_pb_column_0 et_pb_column et-last-child et_flex_column et_pb_css_mix_blend_mode_passthrough et_flex_column_24_24\">\n<div class=\"et_pb_heading_0 et_pb_heading et_pb_module et_flex_module\"><div class=\"et_pb_heading_container\"><h1 class=\"et_pb_module_header\">Massage \u00e0 quatre mains \u00e0 Lisbonne\n<\/h1><\/div><\/div>\n<\/div>\n<\/div>\n<div class=\"et_pb_bottom_inside_divider et-no-transition\"><\/div><\/div>\n\n<div class=\"et_pb_section_1 et_pb_section et_section_regular et_flex_section\">\n<div class=\"et_pb_row_1 et_pb_row et_flex_row\">\n<div class=\"et_pb_column_1 et_pb_column et-last-child et_flex_column et_pb_css_mix_blend_mode_passthrough et_flex_column_24_24\">\n<div class=\"et_pb_heading_1 et_pb_heading et_pb_module et_flex_module\"><div class=\"et_pb_heading_container\"><h2 class=\"et_pb_module_header\">Deux th\u00e9rapeutes, quatre mains, une exp\u00e9rience inoubliable<\/h2><\/div><\/div>\n<\/div>\n<\/div>\n\n<div class=\"et_pb_row_2 et_pb_row et_flex_row\">\n<div class=\"et_pb_column_2 et_pb_column et-last-child et_flex_column et_pb_css_mix_blend_mode_passthrough et_flex_column_24_24\">\n<div class=\"et_pb_text_0 et_pb_text et_pb_bg_layout_light et_pb_module et_flex_module\"><div class=\"et_pb_text_inner\"><p>Imaginez que vous soyez allong\u00e9 dans le silence le plus complet pendant que quatre mains se d\u00e9placent en parfaite synchronisation sur tout votre corps. Le massage \u00e0 quatre mains est exactement cela : deux th\u00e9rapeutes sp\u00e9cialis\u00e9s travaillent simultan\u00e9ment, cr\u00e9ant une exp\u00e9rience sensorielle que le cerveau ne peut tout simplement pas suivre. Le r\u00e9sultat ? Une relaxation profonde et imm\u00e9diate, impossible \u00e0 obtenir autrement.<\/p>\n<\/div><\/div>\n<\/div>\n<\/div>\n\n<div class=\"et_pb_row_3 et_pb_row et_flex_row\">\n<div class=\"et_pb_column_3 et_pb_column et-last-child et_flex_column et_pb_css_mix_blend_mode_passthrough et_flex_column_24_24\">\n<div class=\"et_pb_heading_2 et_pb_heading et_pb_module et_flex_module\"><div class=\"et_pb_heading_container\"><h3 class=\"et_pb_module_header\">Ce qui rend ce massage si sp\u00e9cial<\/h3><\/div><\/div>\n\n<div class=\"et_pb_text_1 et_pb_text et_pb_bg_layout_light et_pb_module et_flex_module\"><div class=\"et_pb_text_inner\"><p>Lorsque le cerveau re\u00e7oit des stimuli simultan\u00e9s des deux c\u00f4t\u00e9s du corps, il abandonne automatiquement la pens\u00e9e analytique et s'abandonne \u00e0 une relaxation totale. C'est pourquoi le massage \u00e0 quatre mains est consid\u00e9r\u00e9 comme l'une des exp\u00e9riences de bien-\u00eatre les plus intenses et les plus transformatrices - non seulement en raison du toucher, mais aussi de l'\u00e9tat d'esprit unique qu'il provoque.<\/p>\n<\/div><\/div>\n<\/div>\n<\/div>\n\n<div class=\"et_pb_row_4 et_pb_row et_flex_row\">\n<div class=\"et_pb_column_4 et_pb_column et-last-child et_flex_column et_pb_css_mix_blend_mode_passthrough et_flex_column_24_24\">\n<div class=\"et_pb_heading_3 et_pb_heading et_pb_module et_flex_module\"><div class=\"et_pb_heading_container\"><h3 class=\"et_pb_module_header\">Votre session \u00e0 Nusa<\/h3><\/div><\/div>\n\n<div class=\"et_pb_text_2 et_pb_text et_pb_bg_layout_light et_pb_module et_flex_module\"><div class=\"et_pb_text_inner\"><p>Au Nusa Massage Spa de Lisbonne, nos th\u00e9rapeutes Alice, Honey et Mya ex\u00e9cutent ce massage en parfaite harmonie - mouvements fluides, pressions adapt\u00e9es \u00e0 vos besoins et attention aux d\u00e9tails qui font de chaque s\u00e9ance une exp\u00e9rience unique. Disponible en s\u00e9ances de 40, 60 ou 90 minutes.<\/p>\n<\/div><\/div>\n<\/div>\n<\/div>\n\n<div class=\"et_pb_row_5 et_pb_row et_flex_row\">\n<div class=\"et_pb_column_5 et_pb_column et-last-child et_flex_column et_pb_css_mix_blend_mode_passthrough et_flex_column_24_24\">\n<div class=\"et_pb_module et_pb_button_module_wrapper et_pb_button_0_wrapper\"><a class=\"et_pb_button_0 et_pb_button et_pb_bg_layout_dark et_pb_module et_flex_module\" href=\"https:\/\/wa.me\/351935676279?text=Ol%C3%A1%21%20Gostaria%20de%20saber%20mais%20sobre%20a%20Massagem%20a%20Quatro%20M%C3%A3os%20no%20Nusa%20Massage%20Spa%20em%20Lisboa.\" target=\"_blank\" data-icon=\"\uf232\" rel=\"noopener\">R\u00e9servez d\u00e8s aujourd'hui votre s\u00e9ance de massage \u00e0 quatre mains - contactez-nous par WhatsApp<\/a><\/div>\n<\/div>\n<\/div>\n<\/div>","protected":false},"excerpt":{"rendered":"<p>Massage \u00e0 quatre mains \u00e0 Lisbonne au Nusa Massage Spa. Deux th\u00e9rapeutes en parfaite synchronisation pour une relaxation profonde et unique. R\u00e9servez par WhatsApp.<\/p>","protected":false},"author":1,"featured_media":223778,"parent":0,"menu_order":0,"comment_status":"closed","ping_status":"closed","template":"","meta":{"footnotes":""},"class_list":["post-223864","page","type-page","status-publish","has-post-thumbnail","hentry"],"_links":{"self":[{"href":"https:\/\/nusa.com.pt\/fr\/wp-json\/wp\/v2\/pages\/223864","targetHints":{"allow":["GET"]}}],"collection":[{"href":"https:\/\/nusa.com.pt\/fr\/wp-json\/wp\/v2\/pages"}],"about":[{"href":"https:\/\/nusa.com.pt\/fr\/wp-json\/wp\/v2\/types\/page"}],"author":[{"embeddable":true,"href":"https:\/\/nusa.com.pt\/fr\/wp-json\/wp\/v2\/users\/1"}],"replies":[{"embeddable":true,"href":"https:\/\/nusa.com.pt\/fr\/wp-json\/wp\/v2\/comments?post=223864"}],"version-history":[{"count":4,"href":"https:\/\/nusa.com.pt\/fr\/wp-json\/wp\/v2\/pages\/223864\/revisions"}],"predecessor-version":[{"id":223869,"href":"https:\/\/nusa.com.pt\/fr\/wp-json\/wp\/v2\/pages\/223864\/revisions\/223869"}],"wp:featuredmedia":[{"embeddable":true,"href":"https:\/\/nusa.com.pt\/fr\/wp-json\/wp\/v2\/media\/223778"}],"wp:attachment":[{"href":"https:\/\/nusa.com.pt\/fr\/wp-json\/wp\/v2\/media?parent=223864"}],"curies":[{"name":"wp","href":"https:\/\/api.w.org\/{rel}","templated":true}]}}