{"id":223845,"date":"2026-03-06T15:39:54","date_gmt":"2026-03-06T15:39:54","guid":{"rendered":"https:\/\/nusa.com.pt\/?page_id=223845"},"modified":"2026-03-09T15:15:36","modified_gmt":"2026-03-09T15:15:36","slug":"massages-relaxants-au-spa-ou-dans-votre-hotel-du-centre-ville","status":"publish","type":"page","link":"https:\/\/nusa.com.pt\/fr\/massagens-relaxantes-no-spa-ou-no-seu-hotel-no-centro-da-cidade\/","title":{"rendered":"Massages relaxants et th\u00e9rapeutiques dans le centre de Lisbonne"},"content":{"rendered":"<div class=\"et_pb_section_0 et_pb_section et_section_regular et_flex_section section_has_divider et_pb_bottom_divider zoom-header\">\n<div class=\"et_pb_row_0 et_pb_row et_flex_row\">\n<div class=\"et_pb_column_0 et_pb_column et-last-child et_flex_column et_pb_css_mix_blend_mode_passthrough et_flex_column_24_24\">\n<div class=\"et_pb_heading_0 et_pb_heading et_pb_module et_flex_module\"><div class=\"et_pb_heading_container\"><h1 class=\"et_pb_module_header\">Massages relaxants et th\u00e9rapeutiques dans le centre de Lisbonne<\/h1><\/div><\/div>\n<\/div>\n<\/div>\n<div class=\"et_pb_bottom_inside_divider et-no-transition\"><\/div><\/div>\n\n<div class=\"et_pb_section_1 et_pb_section et_section_regular et_flex_section\">\n<div class=\"et_pb_row_1 et_pb_row et_flex_row\">\n<div class=\"et_pb_column_1 et_pb_column et-last-child et_flex_column et_pb_css_mix_blend_mode_passthrough et_flex_column_24_24\">\n<div class=\"et_pb_heading_1 et_pb_heading et_pb_module et_flex_module\"><div class=\"et_pb_heading_container\"><h2 class=\"et_pb_module_header\">Massages au spa ou \u00e0 votre h\u00f4tel dans le centre de Lisbonne <\/h2><\/div><\/div>\n<\/div>\n<\/div>\n\n<div class=\"et_pb_row_2 et_pb_row et_flex_row\">\n<div class=\"et_pb_column_2 et_pb_column et-last-child et_flex_column et_pb_css_mix_blend_mode_passthrough et_flex_column_24_24\">\n<div class=\"et_pb_heading_2 et_pb_heading et_pb_module et_flex_module\"><div class=\"et_pb_heading_container\"><h3 class=\"et_pb_module_header\">Le Centre de Lisbonne - L'\u00e9l\u00e9gance au c\u0153ur de Lisbonne\n\n<\/h3><\/div><\/div>\n\n<div class=\"et_pb_text_0 et_pb_text et_pb_bg_layout_light et_pb_module et_flex_module\"><div class=\"et_pb_text_inner\"><p><b>Le centre de Lisbonne <\/b>est l'un des n\u0153uds centraux de Lisbonne, o\u00f9 convergent les grandes avenues, les h\u00f4tels internationaux et l'acc\u00e8s \u00e0 tout ce que la ville a \u00e0 offrir. C'est l\u00e0 que s\u00e9journent de nombreux visiteurs et c'est aussi l\u00e0 que se trouve le Nusa Massage Spa, \u00e0 quelques minutes de marche.<\/p>\n<\/div><\/div>\n<\/div>\n<\/div>\n\n<div class=\"et_pb_row_3 et_pb_row et_flex_row\">\n<div class=\"et_pb_column_3 et_pb_column et-last-child et_flex_column et_pb_css_mix_blend_mode_passthrough et_flex_column_24_24\">\n<div class=\"et_pb_heading_3 et_pb_heading et_pb_module et_flex_module\"><div class=\"et_pb_heading_container\"><h3 class=\"et_pb_module_header\">Votre massage \u00e0 quelques minutes du centre de Lisbonne<\/h3><\/div><\/div>\n\n<div class=\"et_pb_text_1 et_pb_text et_pb_bg_layout_light et_pb_module et_flex_module\"><div class=\"et_pb_text_inner\"><div><span>Au Nusa Massage Spa, au c\u0153ur de Lisbonne dans le quartier de Saldanha, nos th\u00e9rapeutes sp\u00e9cialis\u00e9s proposent des massages relaxants, th\u00e9rapeutiques, en couple et bien plus encore. Chaque s\u00e9ance est \u00e9tudi\u00e9e en d\u00e9tail pour redonner de l'\u00e9nergie, soulager les tensions musculaires et procurer un v\u00e9ritable moment de bien-\u00eatre - exactement ce que Lisbonne et votre corps m\u00e9ritent.<\/span><\/div>\n<\/div><\/div>\n<\/div>\n<\/div>\n\n<div class=\"et_pb_row_4 et_pb_row et_flex_row\">\n<div class=\"et_pb_column_4 et_pb_column et-last-child et_flex_column et_pb_css_mix_blend_mode_passthrough et_flex_column_24_24\">\n<div class=\"et_pb_heading_4 et_pb_heading et_pb_module et_flex_module\"><div class=\"et_pb_heading_container\"><h3 class=\"et_pb_module_header\">Vous pr\u00e9f\u00e9rez rester \u00e0 l'h\u00f4tel ? Nous venons \u00e0 vous<\/h3><\/div><\/div>\n\n<div class=\"et_pb_text_2 et_pb_text et_pb_bg_layout_light et_pb_module et_flex_module\"><div class=\"et_pb_text_inner\"><div>\n<div><span>Vous s\u00e9journez dans un h\u00f4tel du centre de Lisbonne ? Nous faisons venir le massage chez vous. Nos th\u00e9rapeutes se rendent \u00e0 votre h\u00f4tel et transforment votre chambre en un espace priv\u00e9 de relaxation. Il vous suffit de nous envoyer un message via WhatsApp : nous vous r\u00e9pondrons en quelques minutes et nous nous occuperons de tout.<\/span><\/div>\n<\/div>\n<\/div><\/div>\n<\/div>\n<\/div>\n\n<div class=\"et_pb_row_5 et_pb_row et_flex_row\">\n<div class=\"et_pb_column_5 et_pb_column et-last-child et_flex_column et_pb_css_mix_blend_mode_passthrough et_flex_column_24_24\">\n<div class=\"et_pb_module et_pb_button_module_wrapper et_pb_button_0_wrapper\"><a class=\"et_pb_button_0 et_pb_button et_pb_bg_layout_dark et_pb_module et_flex_module\" href=\"https:\/\/wa.me\/351935676279?text=Ol%C3%A1%21%20Estou%20na%20zona%20do%20Centro%20de%20Lisboa%20e%20gostaria%20de%20saber%20mais%20sobre%20o%20servi%C3%A7o%20de%20massagem\" target=\"_blank\" data-icon=\"\uf232\" rel=\"noopener\">R\u00e9servez votre s\u00e9ance d\u00e8s aujourd'hui - au Nusa Spa ou dans le confort de votre h\u00f4tel au centre de Lisbonne.<\/a><\/div>\n<\/div>\n<\/div>\n<\/div>","protected":false},"excerpt":{"rendered":"<p>Massages relaxants et th\u00e9rapeutiques dans le centre de Lisbonne. Au spa ou \u00e0 votre h\u00f4tel. Th\u00e9rapeutes sp\u00e9cialis\u00e9s. R\u00e9servez d\u00e8s aujourd'hui par WhatsApp.<\/p>","protected":false},"author":1,"featured_media":223794,"parent":0,"menu_order":0,"comment_status":"closed","ping_status":"closed","template":"","meta":{"footnotes":""},"class_list":["post-223845","page","type-page","status-publish","has-post-thumbnail","hentry"],"_links":{"self":[{"href":"https:\/\/nusa.com.pt\/fr\/wp-json\/wp\/v2\/pages\/223845","targetHints":{"allow":["GET"]}}],"collection":[{"href":"https:\/\/nusa.com.pt\/fr\/wp-json\/wp\/v2\/pages"}],"about":[{"href":"https:\/\/nusa.com.pt\/fr\/wp-json\/wp\/v2\/types\/page"}],"author":[{"embeddable":true,"href":"https:\/\/nusa.com.pt\/fr\/wp-json\/wp\/v2\/users\/1"}],"replies":[{"embeddable":true,"href":"https:\/\/nusa.com.pt\/fr\/wp-json\/wp\/v2\/comments?post=223845"}],"version-history":[{"count":3,"href":"https:\/\/nusa.com.pt\/fr\/wp-json\/wp\/v2\/pages\/223845\/revisions"}],"predecessor-version":[{"id":224005,"href":"https:\/\/nusa.com.pt\/fr\/wp-json\/wp\/v2\/pages\/223845\/revisions\/224005"}],"wp:featuredmedia":[{"embeddable":true,"href":"https:\/\/nusa.com.pt\/fr\/wp-json\/wp\/v2\/media\/223794"}],"wp:attachment":[{"href":"https:\/\/nusa.com.pt\/fr\/wp-json\/wp\/v2\/media?parent=223845"}],"curies":[{"name":"wp","href":"https:\/\/api.w.org\/{rel}","templated":true}]}}