{"id":223833,"date":"2026-03-06T15:10:49","date_gmt":"2026-03-06T15:10:49","guid":{"rendered":"https:\/\/nusa.com.pt\/?page_id=223833"},"modified":"2026-03-06T15:24:32","modified_gmt":"2026-03-06T15:24:32","slug":"massages-relaxants-et-therapeutiques-sur-lavenida-da-liberdade","status":"publish","type":"page","link":"https:\/\/nusa.com.pt\/fr\/massagens-relaxantes-e-terapeuticas-na-avenida-da-liberdade\/","title":{"rendered":"Massages relaxants et th\u00e9rapeutiques sur l'Avenida da Liberdade"},"content":{"rendered":"<div class=\"et_pb_section_0 et_pb_section et_section_regular et_flex_section section_has_divider et_pb_bottom_divider zoom-header\">\n<div class=\"et_pb_row_0 et_pb_row et_flex_row\">\n<div class=\"et_pb_column_0 et_pb_column et-last-child et_flex_column et_pb_css_mix_blend_mode_passthrough et_flex_column_24_24\">\n<div class=\"et_pb_heading_0 et_pb_heading et_pb_module et_flex_module\"><div class=\"et_pb_heading_container\"><h1 class=\"et_pb_module_header\">Massages relaxants et th\u00e9rapeutiques sur l'Avenida da Liberdade \u00e0 Lisbonne<\/h1><\/div><\/div>\n<\/div>\n<\/div>\n<div class=\"et_pb_bottom_inside_divider et-no-transition\"><\/div><\/div>\n\n<div class=\"et_pb_section_1 et_pb_section et_section_regular et_flex_section\">\n<div class=\"et_pb_row_1 et_pb_row et_flex_row\">\n<div class=\"et_pb_column_1 et_pb_column et-last-child et_flex_column et_pb_css_mix_blend_mode_passthrough et_flex_column_24_24\">\n<div class=\"et_pb_heading_1 et_pb_heading et_pb_module et_flex_module\"><div class=\"et_pb_heading_container\"><h2 class=\"et_pb_module_header\">Massages au spa ou \u00e0 votre h\u00f4tel sur l'Avenida da Liberdade<\/h2><\/div><\/div>\n<\/div>\n<\/div>\n\n<div class=\"et_pb_row_2 et_pb_row et_flex_row\">\n<div class=\"et_pb_column_2 et_pb_column et-last-child et_flex_column et_pb_css_mix_blend_mode_passthrough et_flex_column_24_24\">\n<div class=\"et_pb_heading_2 et_pb_heading et_pb_module et_flex_module\"><div class=\"et_pb_heading_container\"><h3 class=\"et_pb_module_header\">Avenida da Liberdade - L'\u00e9l\u00e9gance au c\u0153ur de Lisbonne<\/h3><\/div><\/div>\n\n<div class=\"et_pb_text_0 et_pb_text et_pb_bg_layout_light et_pb_module et_flex_module\"><div class=\"et_pb_text_inner\"><div><span>L'Avenida da Liberdade est l'adresse la plus sophistiqu\u00e9e de Lisbonne : h\u00f4tels cinq \u00e9toiles, marques de luxe internationales et une \u00e9l\u00e9gance qui d\u00e9finit le meilleur de la ville. Ceux qui s\u00e9journent sur l'Avenida da Liberdade ou qui y passent ont des exigences \u00e9lev\u00e9es. Et le Nusa est \u00e0 la hauteur de ces exigences.<\/span><\/div>\n<\/div><\/div>\n<\/div>\n<\/div>\n\n<div class=\"et_pb_row_3 et_pb_row et_flex_row\">\n<div class=\"et_pb_column_3 et_pb_column et-last-child et_flex_column et_pb_css_mix_blend_mode_passthrough et_flex_column_24_24\">\n<div class=\"et_pb_heading_3 et_pb_heading et_pb_module et_flex_module\"><div class=\"et_pb_heading_container\"><h3 class=\"et_pb_module_header\">Votre massage \u00e0 quelques minutes de l'Avenida da Liberdade\u00a0<\/h3><\/div><\/div>\n\n<div class=\"et_pb_text_1 et_pb_text et_pb_bg_layout_light et_pb_module et_flex_module\"><div class=\"et_pb_text_inner\"><div>\n<div><span>Nos th\u00e9rapeutes sp\u00e9cialis\u00e9s proposent des massages de qualit\u00e9 sup\u00e9rieure - relaxants, th\u00e9rapeutiques, en couple ou \u00e0 quatre mains - dans un environnement serein et sophistiqu\u00e9 qui correspond au niveau d'exigence de ceux qui visitent ce quartier de Lisbonne. Chaque d\u00e9tail est pens\u00e9 pour votre bien-\u00eatre.<\/span><\/div>\n<\/div>\n<\/div><\/div>\n<\/div>\n<\/div>\n\n<div class=\"et_pb_row_4 et_pb_row et_flex_row\">\n<div class=\"et_pb_column_4 et_pb_column et-last-child et_flex_column et_pb_css_mix_blend_mode_passthrough et_flex_column_24_24\">\n<div class=\"et_pb_heading_4 et_pb_heading et_pb_module et_flex_module\"><div class=\"et_pb_heading_container\"><h3 class=\"et_pb_module_header\">Vous pr\u00e9f\u00e9rez rester \u00e0 l'h\u00f4tel ? Nous venons \u00e0 vous<\/h3><\/div><\/div>\n\n<div class=\"et_pb_text_2 et_pb_text et_pb_bg_layout_light et_pb_module et_flex_module\"><div class=\"et_pb_text_inner\"><div>\n<div><span>Vous s\u00e9journez dans l'un des h\u00f4tels de l'Avenida da Liberdade ? Nos th\u00e9rapeutes viennent \u00e0 vous et transforment votre chambre en un luxueux spa priv\u00e9. Discr\u00e8te, professionnelle et personnalis\u00e9e, l'exp\u00e9rience Nusa vous accompagne partout. Contactez-nous par WhatsApp.<\/span><\/div>\n<\/div>\n<div><\/div>\n<\/div><\/div>\n<\/div>\n<\/div>\n\n<div class=\"et_pb_row_5 et_pb_row et_flex_row\">\n<div class=\"et_pb_column_5 et_pb_column et-last-child et_flex_column et_pb_css_mix_blend_mode_passthrough et_flex_column_24_24\">\n<div class=\"et_pb_module et_pb_button_module_wrapper et_pb_button_0_wrapper\"><a class=\"et_pb_button_0 et_pb_button et_pb_bg_layout_dark et_pb_module et_flex_module\" href=\"https:\/\/wa.me\/351935676279?text=Ol%C3%A1%21%20Estou%20na%20zona%20da%20Avenida%20da%20Liberdade%20em%20Lisboa%20e%20gostaria%20de%20saber%20mais%20sobre%20o%20servi%C3%A7o%20de%20massagem\" target=\"_blank\" data-icon=\"\uf232\" rel=\"noopener\">R\u00e9servez votre s\u00e9ance d\u00e8s aujourd'hui - au Nusa Spa ou \u00e0 votre h\u00f4tel sur l'Avenida da Liberdade.<\/a><\/div>\n<\/div>\n<\/div>\n<\/div>","protected":false},"excerpt":{"rendered":"<p>Massagens relaxantes e terap\u00eauticas na Avenida da Liberdade em Lisboa. No spa ou no seu hotel. Terapeutas especializadas. Reserve hoje pelo WhatsApp.<\/p>","protected":false},"author":1,"featured_media":223794,"parent":0,"menu_order":0,"comment_status":"closed","ping_status":"closed","template":"","meta":{"footnotes":""},"class_list":["post-223833","page","type-page","status-publish","has-post-thumbnail","hentry"],"_links":{"self":[{"href":"https:\/\/nusa.com.pt\/fr\/wp-json\/wp\/v2\/pages\/223833","targetHints":{"allow":["GET"]}}],"collection":[{"href":"https:\/\/nusa.com.pt\/fr\/wp-json\/wp\/v2\/pages"}],"about":[{"href":"https:\/\/nusa.com.pt\/fr\/wp-json\/wp\/v2\/types\/page"}],"author":[{"embeddable":true,"href":"https:\/\/nusa.com.pt\/fr\/wp-json\/wp\/v2\/users\/1"}],"replies":[{"embeddable":true,"href":"https:\/\/nusa.com.pt\/fr\/wp-json\/wp\/v2\/comments?post=223833"}],"version-history":[{"count":4,"href":"https:\/\/nusa.com.pt\/fr\/wp-json\/wp\/v2\/pages\/223833\/revisions"}],"predecessor-version":[{"id":223838,"href":"https:\/\/nusa.com.pt\/fr\/wp-json\/wp\/v2\/pages\/223833\/revisions\/223838"}],"wp:featuredmedia":[{"embeddable":true,"href":"https:\/\/nusa.com.pt\/fr\/wp-json\/wp\/v2\/media\/223794"}],"wp:attachment":[{"href":"https:\/\/nusa.com.pt\/fr\/wp-json\/wp\/v2\/media?parent=223833"}],"curies":[{"name":"wp","href":"https:\/\/api.w.org\/{rel}","templated":true}]}}