{"id":223826,"date":"2026-03-06T14:53:58","date_gmt":"2026-03-06T14:53:58","guid":{"rendered":"https:\/\/nusa.com.pt\/?page_id=223826"},"modified":"2026-03-23T11:22:31","modified_gmt":"2026-03-23T11:22:31","slug":"massages-relaxants-therapeutiques-baixa-lisbonne","status":"publish","type":"page","link":"https:\/\/nusa.com.pt\/fr\/massagens-relaxantes-e-terapeuticas-na-baixa-de-lisboa\/","title":{"rendered":"Massages relaxants et th\u00e9rapeutiques \u00e0 Baixa de Lisboa"},"content":{"rendered":"<div class=\"et_pb_section_0 et_pb_section et_section_regular et_flex_section section_has_divider et_pb_bottom_divider zoom-header\">\n<div class=\"et_pb_row_0 et_pb_row et_flex_row\">\n<div class=\"et_pb_column_0 et_pb_column et-last-child et_flex_column et_pb_css_mix_blend_mode_passthrough et_flex_column_24_24\">\n<div class=\"et_pb_heading_0 et_pb_heading et_pb_module et_flex_module\"><div class=\"et_pb_heading_container\"><h1 class=\"et_pb_module_header\">Massages relaxants et th\u00e9rapeutiques \u00e0 Baixa de Lisboa<\/h1><\/div><\/div>\n<\/div>\n<\/div>\n<div class=\"et_pb_bottom_inside_divider et-no-transition\"><\/div><\/div>\n\n<div class=\"et_pb_section_1 et_pb_section et_section_regular et_flex_section\">\n<div class=\"et_pb_row_1 et_pb_row et_flex_row\">\n<div class=\"et_pb_column_1 et_pb_column et-last-child et_flex_column et_pb_css_mix_blend_mode_passthrough et_flex_column_24_24\">\n<div class=\"et_pb_heading_1 et_pb_heading et_pb_module et_flex_module\"><div class=\"et_pb_heading_container\"><h2 class=\"et_pb_module_header\">Massages au Spa ou dans Votre H\u00f4tel dans la Baixa de Lisbonne<\/h2><\/div><\/div>\n<\/div>\n<\/div>\n\n<div class=\"et_pb_row_2 et_pb_row et_flex_row\">\n<div class=\"et_pb_column_2 et_pb_column et-last-child et_flex_column et_pb_css_mix_blend_mode_passthrough et_flex_column_24_24\">\n<div class=\"et_pb_heading_2 et_pb_heading et_pb_module et_flex_module\"><div class=\"et_pb_heading_container\"><h3 class=\"et_pb_module_header\">Baixa Lisbonne - L'\u00e9l\u00e9gance au c\u0153ur de Lisbonne<\/h3><\/div><\/div>\n\n<div class=\"et_pb_text_0 et_pb_text et_pb_bg_layout_light et_pb_module et_flex_module\"><div class=\"et_pb_text_inner\"><div><span>La Baixa de Lisbonne est le c\u0153ur historique de la ville - Pra\u00e7a do Com\u00e9rcio, Rua Augusta, Terreiro do Pa\u00e7o et une \u00e9nergie vibrante de touristes et d'habitants. C'est l'un des quartiers les plus visit\u00e9s de la ville, mais aussi l'un des plus fatigants \u00e0 explorer \u00e0 pied.<\/span><\/div>\n<\/div><\/div>\n<\/div>\n<\/div>\n\n<div class=\"et_pb_row_3 et_pb_row et_flex_row\">\n<div class=\"et_pb_column_3 et_pb_column et-last-child et_flex_column et_pb_css_mix_blend_mode_passthrough et_flex_column_24_24\">\n<div class=\"et_pb_heading_3 et_pb_heading et_pb_module et_flex_module\"><div class=\"et_pb_heading_container\"><h3 class=\"et_pb_module_header\">Votre massage \u00e0 quelques minutes du centre-ville de Lisbonne<\/h3><\/div><\/div>\n\n<div class=\"et_pb_text_1 et_pb_text et_pb_bg_layout_light et_pb_module et_flex_module\"><div class=\"et_pb_text_inner\"><div>\n<p style=\"font-weight: 400;\">Apr\u00e8s des heures pass\u00e9es \u00e0 arpenter les rues de Baixa, \u00e0 visiter des monuments ou \u00e0 d\u00e9couvrir la cuisine locale, votre corps m\u00e9rite de r\u00e9cup\u00e9rer. Au Nusa Massage Spa, nos th\u00e9rapeutes proposent des massages relaxants, th\u00e9rapeutiques et de couple qui soulagent les tensions musculaires et vous redonnent de l'\u00e9nergie pour continuer \u00e0 profiter pleinement de Lisbonne.<\/p>\n<\/div>\n<\/div><\/div>\n<\/div>\n<\/div>\n\n<div class=\"et_pb_row_4 et_pb_row et_flex_row\">\n<div class=\"et_pb_column_4 et_pb_column et-last-child et_flex_column et_pb_css_mix_blend_mode_passthrough et_flex_column_24_24\">\n<div class=\"et_pb_heading_4 et_pb_heading et_pb_module et_flex_module\"><div class=\"et_pb_heading_container\"><h3 class=\"et_pb_module_header\">Vous pr\u00e9f\u00e9rez rester \u00e0 l'h\u00f4tel ? Nous venons \u00e0 vous\n\n<\/h3><\/div><\/div>\n\n<div class=\"et_pb_text_2 et_pb_text et_pb_bg_layout_light et_pb_module et_flex_module\"><div class=\"et_pb_text_inner\"><div><span style=\"font-size: 18px; font-family: var(--et_global_body_font);\">De nombreux h\u00f4tels du centre de Lisbonne sont accessibles \u00e0 pied depuis le Nusa Spa. Mais si vous pr\u00e9f\u00e9rez ne pas vous d\u00e9placer, nos th\u00e9rapeutes se rendront \u00e0 votre h\u00f4tel. Il vous suffit de nous envoyer un message WhatsApp avec le nom de l'h\u00f4tel et nous nous occuperons de tout.<\/span><\/div>\n<div><\/div>\n<\/div><\/div>\n<\/div>\n<\/div>\n\n<div class=\"et_pb_row_5 et_pb_row et_flex_row\">\n<div class=\"et_pb_column_5 et_pb_column et-last-child et_flex_column et_pb_css_mix_blend_mode_passthrough et_flex_column_24_24\">\n<div class=\"et_pb_module et_pb_button_module_wrapper et_pb_button_0_wrapper\"><a class=\"et_pb_button_0 et_pb_button et_pb_bg_layout_dark et_pb_module et_flex_module\" href=\"https:\/\/wa.me\/351935676279?text=Ol%C3%A1%21%20Estou%20na%20zona%20da%20Baixa%20de%20Lisboa%20e%20gostaria%20de%20saber%20mais%20sobre%20o%20servi%C3%A7o%20de%20massagem\" target=\"_blank\" data-icon=\"\uf232\" rel=\"noopener\">R\u00e9servez votre s\u00e9ance aujourd'hui \u2013 au Nusa Spa ou dans votre h\u00f4tel dans la Baixa de Lisbonne<\/a><\/div>\n<\/div>\n<\/div>\n<\/div>","protected":false},"excerpt":{"rendered":"<p>Massagens relaxantes e terap\u00eauticas na Baixa de Lisboa. No spa ou no seu hotel. Terapeutas especializadas. Reserve hoje pelo WhatsApp&#8230;<\/p>","protected":false},"author":1,"featured_media":223794,"parent":0,"menu_order":0,"comment_status":"closed","ping_status":"closed","template":"","meta":{"footnotes":""},"class_list":["post-223826","page","type-page","status-publish","has-post-thumbnail","hentry"],"_links":{"self":[{"href":"https:\/\/nusa.com.pt\/fr\/wp-json\/wp\/v2\/pages\/223826","targetHints":{"allow":["GET"]}}],"collection":[{"href":"https:\/\/nusa.com.pt\/fr\/wp-json\/wp\/v2\/pages"}],"about":[{"href":"https:\/\/nusa.com.pt\/fr\/wp-json\/wp\/v2\/types\/page"}],"author":[{"embeddable":true,"href":"https:\/\/nusa.com.pt\/fr\/wp-json\/wp\/v2\/users\/1"}],"replies":[{"embeddable":true,"href":"https:\/\/nusa.com.pt\/fr\/wp-json\/wp\/v2\/comments?post=223826"}],"version-history":[{"count":7,"href":"https:\/\/nusa.com.pt\/fr\/wp-json\/wp\/v2\/pages\/223826\/revisions"}],"predecessor-version":[{"id":224065,"href":"https:\/\/nusa.com.pt\/fr\/wp-json\/wp\/v2\/pages\/223826\/revisions\/224065"}],"wp:featuredmedia":[{"embeddable":true,"href":"https:\/\/nusa.com.pt\/fr\/wp-json\/wp\/v2\/media\/223794"}],"wp:attachment":[{"href":"https:\/\/nusa.com.pt\/fr\/wp-json\/wp\/v2\/media?parent=223826"}],"curies":[{"name":"wp","href":"https:\/\/api.w.org\/{rel}","templated":true}]}}