{"id":223817,"date":"2026-03-06T14:44:10","date_gmt":"2026-03-06T14:44:10","guid":{"rendered":"https:\/\/nusa.com.pt\/?page_id=223817"},"modified":"2026-03-10T15:36:19","modified_gmt":"2026-03-10T15:36:19","slug":"massages-relaxants-et-therapeutiques-a-bairro-alto","status":"publish","type":"page","link":"https:\/\/nusa.com.pt\/fr\/massagens-relaxantes-e-terapeuticas-no-bairro-alto\/","title":{"rendered":"Massages relaxants et th\u00e9rapeutiques \u00e0 Bairro Alto, Lisbonne"},"content":{"rendered":"<div class=\"et_pb_section_0 et_pb_section et_section_regular et_flex_section section_has_divider et_pb_bottom_divider zoom-header\">\n<div class=\"et_pb_row_0 et_pb_row et_flex_row\">\n<div class=\"et_pb_column_0 et_pb_column et-last-child et_flex_column et_pb_css_mix_blend_mode_passthrough et_flex_column_24_24\">\n<div class=\"et_pb_heading_0 et_pb_heading et_pb_module et_flex_module\"><div class=\"et_pb_heading_container\"><h1 class=\"et_pb_module_header\">Massages relaxants et th\u00e9rapeutiques \u00e0 Bairro Alto, Lisbonne<\/h1><\/div><\/div>\n<\/div>\n<\/div>\n<div class=\"et_pb_bottom_inside_divider et-no-transition\"><\/div><\/div>\n\n<div class=\"et_pb_section_1 et_pb_section et_section_regular et_flex_section\">\n<div class=\"et_pb_row_1 et_pb_row et_flex_row\">\n<div class=\"et_pb_column_1 et_pb_column et-last-child et_flex_column et_pb_css_mix_blend_mode_passthrough et_flex_column_24_24\">\n<div class=\"et_pb_heading_1 et_pb_heading et_pb_module et_flex_module\"><div class=\"et_pb_heading_container\"><h2 class=\"et_pb_module_header\">Massages au spa ou \u00e0 l'h\u00f4tel \u00e0 Bairro Alto<\/h2><\/div><\/div>\n<\/div>\n<\/div>\n\n<div class=\"et_pb_row_2 et_pb_row et_flex_row\">\n<div class=\"et_pb_column_2 et_pb_column et-last-child et_flex_column et_pb_css_mix_blend_mode_passthrough et_flex_column_24_24\">\n<div class=\"et_pb_heading_2 et_pb_heading et_pb_module et_flex_module\"><div class=\"et_pb_heading_container\"><h3 class=\"et_pb_module_header\">Bairro Alto - L'\u00e9l\u00e9gance au c\u0153ur de Lisbonne<\/h3><\/div><\/div>\n\n<div class=\"et_pb_text_0 et_pb_text et_pb_bg_layout_light et_pb_module et_flex_module\"><div class=\"et_pb_text_inner\"><p style=\"font-weight: 400;\">Le Bairro Alto est le c\u0153ur boh\u00e8me de Lisbonne : des rues \u00e9troites et pittoresques, des restaurants anim\u00e9s, des bars charg\u00e9s d'histoire et une vie nocturne qui ne s'arr\u00eate jamais. Mais apr\u00e8s tant de mouvement, le corps r\u00e9clame le silence. C'est l\u00e0 qu'intervient Nusa.<\/p>\n<\/div><\/div>\n<\/div>\n<\/div>\n\n<div class=\"et_pb_row_3 et_pb_row et_flex_row\">\n<div class=\"et_pb_column_3 et_pb_column et-last-child et_flex_column et_pb_css_mix_blend_mode_passthrough et_flex_column_24_24\">\n<div class=\"et_pb_heading_3 et_pb_heading et_pb_module et_flex_module\"><div class=\"et_pb_heading_container\"><h3 class=\"et_pb_module_header\">Votre massage \u00e0 quelques minutes du Bairro Alto<\/h3><\/div><\/div>\n\n<div class=\"et_pb_text_1 et_pb_text et_pb_bg_layout_light et_pb_module et_flex_module\"><div class=\"et_pb_text_inner\"><div>\n<div><span>Notre \u00e9quipe de th\u00e9rapeutes sp\u00e9cialis\u00e9s propose des massages relaxants, th\u00e9rapeutiques et de couple, con\u00e7us pour vous redonner de l'\u00e9nergie et soulager les tensions accumul\u00e9es. Chaque s\u00e9ance est personnalis\u00e9e, qu'il s'agisse d'une relaxation profonde, d'un soulagement musculaire ou simplement d'un moment de d\u00e9tente totale.<\/span><\/div>\n<\/div>\n<div><\/div>\n<\/div><\/div>\n<\/div>\n<\/div>\n\n<div class=\"et_pb_row_4 et_pb_row et_flex_row\">\n<div class=\"et_pb_column_4 et_pb_column et-last-child et_flex_column et_pb_css_mix_blend_mode_passthrough et_flex_column_24_24\">\n<div class=\"et_pb_heading_4 et_pb_heading et_pb_module et_flex_module\"><div class=\"et_pb_heading_container\"><h3 class=\"et_pb_module_header\">Vous pr\u00e9f\u00e9rez rester \u00e0 l'h\u00f4tel ? Nous venons \u00e0 vous\n\n<\/h3><\/div><\/div>\n\n<div class=\"et_pb_text_2 et_pb_text et_pb_bg_layout_light et_pb_module et_flex_module\"><div class=\"et_pb_text_inner\"><div>\n<div><span>Si vous s\u00e9journez dans un h\u00f4tel de Bairro Alto ou des environs, nos th\u00e9rapeutes viendront \u00e0 vous. Vous n'avez pas besoin de quitter votre chambre - nous vous apportons votre bien-\u00eatre o\u00f9 que vous soyez. Envoyez-nous un message WhatsApp et nous vous confirmerons rapidement la disponibilit\u00e9.<\/span><\/div>\n<\/div>\n<div><\/div>\n<\/div><\/div>\n<\/div>\n<\/div>\n\n<div class=\"et_pb_row_5 et_pb_row et_flex_row\">\n<div class=\"et_pb_column_5 et_pb_column et-last-child et_flex_column et_pb_css_mix_blend_mode_passthrough et_flex_column_24_24\">\n<div class=\"et_pb_module et_pb_button_module_wrapper et_pb_button_0_wrapper\"><a class=\"et_pb_button_0 et_pb_button et_pb_bg_layout_dark et_pb_module et_flex_module\" href=\"https:\/\/wa.me\/351935676279?text=Ol%C3%A1%21%20Estou%20na%20zona%20de%20Bairro%20Alto%20em%20Lisboa%20e%20gostaria%20de%20saber%20mais%20sobre%20o%20servi%C3%A7o%20de%20massagem\" target=\"_blank\" data-icon=\"\uf232\" rel=\"noopener\">R\u00e9servez votre s\u00e9ance d\u00e8s aujourd'hui - au Nusa Spa ou dans le confort de votre h\u00f4tel Bairro Alto.<\/a><\/div>\n<\/div>\n<\/div>\n<\/div>","protected":false},"excerpt":{"rendered":"<p>Massages relaxants et th\u00e9rapeutiques dans le Bairro Alto de Lisbonne. Au spa ou \u00e0 votre h\u00f4tel. Th\u00e9rapeutes sp\u00e9cialis\u00e9s. R\u00e9servez d\u00e8s aujourd'hui par WhatsApp.<\/p>","protected":false},"author":1,"featured_media":223794,"parent":0,"menu_order":0,"comment_status":"closed","ping_status":"closed","template":"","meta":{"footnotes":""},"class_list":["post-223817","page","type-page","status-publish","has-post-thumbnail","hentry"],"_links":{"self":[{"href":"https:\/\/nusa.com.pt\/fr\/wp-json\/wp\/v2\/pages\/223817","targetHints":{"allow":["GET"]}}],"collection":[{"href":"https:\/\/nusa.com.pt\/fr\/wp-json\/wp\/v2\/pages"}],"about":[{"href":"https:\/\/nusa.com.pt\/fr\/wp-json\/wp\/v2\/types\/page"}],"author":[{"embeddable":true,"href":"https:\/\/nusa.com.pt\/fr\/wp-json\/wp\/v2\/users\/1"}],"replies":[{"embeddable":true,"href":"https:\/\/nusa.com.pt\/fr\/wp-json\/wp\/v2\/comments?post=223817"}],"version-history":[{"count":7,"href":"https:\/\/nusa.com.pt\/fr\/wp-json\/wp\/v2\/pages\/223817\/revisions"}],"predecessor-version":[{"id":224014,"href":"https:\/\/nusa.com.pt\/fr\/wp-json\/wp\/v2\/pages\/223817\/revisions\/224014"}],"wp:featuredmedia":[{"embeddable":true,"href":"https:\/\/nusa.com.pt\/fr\/wp-json\/wp\/v2\/media\/223794"}],"wp:attachment":[{"href":"https:\/\/nusa.com.pt\/fr\/wp-json\/wp\/v2\/media?parent=223817"}],"curies":[{"name":"wp","href":"https:\/\/api.w.org\/{rel}","templated":true}]}}