{"id":223808,"date":"2026-03-06T14:20:55","date_gmt":"2026-03-06T14:20:55","guid":{"rendered":"https:\/\/nusa.com.pt\/?page_id=223808"},"modified":"2026-03-06T16:20:41","modified_gmt":"2026-03-06T16:20:41","slug":"massages-relaxants-et-therapeutiques-au-chiado","status":"publish","type":"page","link":"https:\/\/nusa.com.pt\/fr\/massagens-relaxantes-e-terapeuticas-no-chiado\/","title":{"rendered":"Massages relaxants et th\u00e9rapeutiques \u00e0 Chiado, Lisbonne"},"content":{"rendered":"<div class=\"et_pb_section_0 et_pb_section et_section_regular et_flex_section section_has_divider et_pb_bottom_divider zoom-header\">\n<div class=\"et_pb_row_0 et_pb_row et_flex_row\">\n<div class=\"et_pb_column_0 et_pb_column et-last-child et_flex_column et_pb_css_mix_blend_mode_passthrough et_flex_column_24_24\">\n<div class=\"et_pb_heading_0 et_pb_heading et_pb_module et_flex_module\"><div class=\"et_pb_heading_container\"><h1 class=\"et_pb_module_header\">Massages relaxants et th\u00e9rapeutiques \u00e0 Chiado, Lisbonne<\/h1><\/div><\/div>\n<\/div>\n<\/div>\n<div class=\"et_pb_bottom_inside_divider et-no-transition\"><\/div><\/div>\n\n<div class=\"et_pb_section_1 et_pb_section et_section_regular et_flex_section\">\n<div class=\"et_pb_row_1 et_pb_row et_flex_row\">\n<div class=\"et_pb_column_1 et_pb_column et-last-child et_flex_column et_pb_css_mix_blend_mode_passthrough et_flex_column_24_24\">\n<div class=\"et_pb_heading_1 et_pb_heading et_pb_module et_flex_module\"><div class=\"et_pb_heading_container\"><h2 class=\"et_pb_module_header\">Massages au spa ou \u00e0 l'h\u00f4tel dans le Chiado<\/h2><\/div><\/div>\n<\/div>\n<\/div>\n\n<div class=\"et_pb_row_2 et_pb_row et_flex_row\">\n<div class=\"et_pb_column_2 et_pb_column et-last-child et_flex_column et_pb_css_mix_blend_mode_passthrough et_flex_column_24_24\">\n<div class=\"et_pb_heading_2 et_pb_heading et_pb_module et_flex_module\"><div class=\"et_pb_heading_container\"><h3 class=\"et_pb_module_header\">O Chiado - L'\u00e9l\u00e9gance au c\u0153ur de Lisbonne<\/h3><\/div><\/div>\n\n<div class=\"et_pb_text_0 et_pb_text et_pb_bg_layout_light et_pb_module et_flex_module\"><div class=\"et_pb_text_inner\"><div><span>Le Chiado est l'un des quartiers les plus \u00e9l\u00e9gants et les plus culturels de Lisbonne : librairies historiques, boutiques exclusives, caf\u00e9s centenaires et une atmosph\u00e8re unique m\u00ealant tradition et modernit\u00e9. Apr\u00e8s une journ\u00e9e pass\u00e9e \u00e0 s'impr\u00e9gner de tout ce que le Chiado a \u00e0 offrir, un massage est exactement ce dont votre corps a besoin.<\/span><\/div>\n<\/div><\/div>\n<\/div>\n<\/div>\n\n<div class=\"et_pb_row_3 et_pb_row et_flex_row\">\n<div class=\"et_pb_column_3 et_pb_column et-last-child et_flex_column et_pb_css_mix_blend_mode_passthrough et_flex_column_24_24\">\n<div class=\"et_pb_heading_3 et_pb_heading et_pb_module et_flex_module\"><div class=\"et_pb_heading_container\"><h3 class=\"et_pb_module_header\">Votre massage \u00e0 quelques minutes du Chiado\n\n<\/h3><\/div><\/div>\n\n<div class=\"et_pb_text_1 et_pb_text et_pb_bg_layout_light et_pb_module et_flex_module\"><div class=\"et_pb_text_inner\"><div><span>Au Nusa Massage Spa, \u00e0 quelques minutes du Chiado, nos th\u00e9rapeutes sp\u00e9cialis\u00e9s sont pr\u00eats \u00e0 vous offrir une exp\u00e9rience de relaxation sur mesure. Massage relaxant, th\u00e9rapeutique, en couple ou \u00e0 quatre mains, chaque s\u00e9ance est adapt\u00e9e \u00e0 votre humeur et \u00e0 vos besoins.<\/span><\/div>\n<div><\/div>\n<\/div><\/div>\n<\/div>\n<\/div>\n\n<div class=\"et_pb_row_4 et_pb_row et_flex_row\">\n<div class=\"et_pb_column_4 et_pb_column et-last-child et_flex_column et_pb_css_mix_blend_mode_passthrough et_flex_column_24_24\">\n<div class=\"et_pb_heading_4 et_pb_heading et_pb_module et_flex_module\"><div class=\"et_pb_heading_container\"><h3 class=\"et_pb_module_header\">Vous pr\u00e9f\u00e9rez rester \u00e0 l'h\u00f4tel ? Nous venons \u00e0 vous\n\n<\/h3><\/div><\/div>\n\n<div class=\"et_pb_text_2 et_pb_text et_pb_bg_layout_light et_pb_module et_flex_module\"><div class=\"et_pb_text_inner\"><div>\n<div><span>Vous s\u00e9journez dans un h\u00f4tel du Chiado ou de la Baixa ? Inutile de vous d\u00e9placer. Nos th\u00e9rapeutes viendront chez vous et transformeront votre chambre en spa priv\u00e9. Contactez-nous par WhatsApp et nous nous occuperons de tout en quelques minutes.<\/span><\/div>\n<\/div>\n<div><\/div>\n<\/div><\/div>\n<\/div>\n<\/div>\n\n<div class=\"et_pb_row_5 et_pb_row et_flex_row\">\n<div class=\"et_pb_column_5 et_pb_column et-last-child et_flex_column et_pb_css_mix_blend_mode_passthrough et_flex_column_24_24\">\n<div class=\"et_pb_module et_pb_button_module_wrapper et_pb_button_0_wrapper\"><a class=\"et_pb_button_0 et_pb_button et_pb_bg_layout_dark et_pb_module et_flex_module\" href=\"https:\/\/wa.me\/351935676279?text=Ol%C3%A1%21%20Estou%20na%20zona%20de%20Chiado%20em%20Lisboa%20e%20gostaria%20de%20saber%20mais%20sobre%20o%20servi%C3%A7o%20de%20massagem\" target=\"_blank\" data-icon=\"\uf232\" rel=\"noopener\">R\u00e9servez votre s\u00e9ance d\u00e8s aujourd'hui - au Nusa Spa ou directement \u00e0 votre h\u00f4tel dans le Chiado.<\/a><\/div>\n<\/div>\n<\/div>\n<\/div>","protected":false},"excerpt":{"rendered":"<p>Massages relaxants et th\u00e9rapeutiques dans le Chiado de Lisbonne. Au spa ou \u00e0 votre h\u00f4tel. Th\u00e9rapeutes sp\u00e9cialis\u00e9s. R\u00e9servez d\u00e8s aujourd'hui par WhatsApp.<\/p>","protected":false},"author":1,"featured_media":223794,"parent":0,"menu_order":0,"comment_status":"closed","ping_status":"closed","template":"","meta":{"footnotes":""},"class_list":["post-223808","page","type-page","status-publish","has-post-thumbnail","hentry"],"_links":{"self":[{"href":"https:\/\/nusa.com.pt\/fr\/wp-json\/wp\/v2\/pages\/223808","targetHints":{"allow":["GET"]}}],"collection":[{"href":"https:\/\/nusa.com.pt\/fr\/wp-json\/wp\/v2\/pages"}],"about":[{"href":"https:\/\/nusa.com.pt\/fr\/wp-json\/wp\/v2\/types\/page"}],"author":[{"embeddable":true,"href":"https:\/\/nusa.com.pt\/fr\/wp-json\/wp\/v2\/users\/1"}],"replies":[{"embeddable":true,"href":"https:\/\/nusa.com.pt\/fr\/wp-json\/wp\/v2\/comments?post=223808"}],"version-history":[{"count":6,"href":"https:\/\/nusa.com.pt\/fr\/wp-json\/wp\/v2\/pages\/223808\/revisions"}],"predecessor-version":[{"id":223858,"href":"https:\/\/nusa.com.pt\/fr\/wp-json\/wp\/v2\/pages\/223808\/revisions\/223858"}],"wp:featuredmedia":[{"embeddable":true,"href":"https:\/\/nusa.com.pt\/fr\/wp-json\/wp\/v2\/media\/223794"}],"wp:attachment":[{"href":"https:\/\/nusa.com.pt\/fr\/wp-json\/wp\/v2\/media?parent=223808"}],"curies":[{"name":"wp","href":"https:\/\/api.w.org\/{rel}","templated":true}]}}