{"id":223800,"date":"2026-03-06T13:50:25","date_gmt":"2026-03-06T13:50:25","guid":{"rendered":"https:\/\/nusa.com.pt\/?page_id=223800"},"modified":"2026-03-06T14:43:05","modified_gmt":"2026-03-06T14:43:05","slug":"massages-relaxants-et-therapeutiques-a-saldanha-a-lisbonne","status":"publish","type":"page","link":"https:\/\/nusa.com.pt\/fr\/massagens-relaxantes-e-terapeuticas-na-saldanha-em-lisboa\/","title":{"rendered":"Massages relaxants et th\u00e9rapeutiques \u00e0 Saldanha, Lisbonne"},"content":{"rendered":"<div class=\"et_pb_section_0 et_pb_section et_section_regular et_flex_section section_has_divider et_pb_bottom_divider zoom-header\">\n<div class=\"et_pb_row_0 et_pb_row et_flex_row\">\n<div class=\"et_pb_column_0 et_pb_column et-last-child et_flex_column et_pb_css_mix_blend_mode_passthrough et_flex_column_24_24\">\n<div class=\"et_pb_heading_0 et_pb_heading et_pb_module et_flex_module\"><div class=\"et_pb_heading_container\"><h1 class=\"et_pb_module_header\">Massages relaxants et th\u00e9rapeutiques \u00e0 Saldanha, Lisbonne<\/h1><\/div><\/div>\n<\/div>\n<\/div>\n<div class=\"et_pb_bottom_inside_divider et-no-transition\"><\/div><\/div>\n\n<div class=\"et_pb_section_1 et_pb_section et_section_regular et_flex_section\">\n<div class=\"et_pb_row_1 et_pb_row et_flex_row\">\n<div class=\"et_pb_column_1 et_pb_column et-last-child et_flex_column et_pb_css_mix_blend_mode_passthrough et_flex_column_24_24\">\n<div class=\"et_pb_heading_1 et_pb_heading et_pb_module et_flex_module\"><div class=\"et_pb_heading_container\"><h2 class=\"et_pb_module_header\">Massages au spa ou \u00e0 l'h\u00f4tel \u00e0 Saldanha<\/h2><\/div><\/div>\n<\/div>\n<\/div>\n\n<div class=\"et_pb_row_2 et_pb_row et_flex_row\">\n<div class=\"et_pb_column_2 et_pb_column et-last-child et_flex_column et_pb_css_mix_blend_mode_passthrough et_flex_column_24_24\">\n<div class=\"et_pb_heading_2 et_pb_heading et_pb_module et_flex_module\"><div class=\"et_pb_heading_container\"><h3 class=\"et_pb_module_header\">O Saldanha - L'\u00e9l\u00e9gance au c\u0153ur de Lisbonne<\/h3><\/div><\/div>\n\n<div class=\"et_pb_text_0 et_pb_text et_pb_bg_layout_light et_pb_module et_flex_module\"><div class=\"et_pb_text_inner\"><p style=\"font-weight: 400;\">Saldanha est l'un des quartiers les plus anim\u00e9s et les plus accessibles de Lisbonne, avec des connexions au m\u00e9tro via les lignes jaune et rouge, de grandes avenues et une \u00e9nergie urbaine qui ne s'arr\u00eate jamais. C'est \u00e9galement l\u00e0 que se trouve le Nusa Massage Spa, \u00e0 deux pas de l\u00e0.<\/p>\n<\/div><\/div>\n<\/div>\n<\/div>\n\n<div class=\"et_pb_row_3 et_pb_row et_flex_row\">\n<div class=\"et_pb_column_3 et_pb_column et-last-child et_flex_column et_pb_css_mix_blend_mode_passthrough et_flex_column_24_24\">\n<div class=\"et_pb_heading_3 et_pb_heading et_pb_module et_flex_module\"><div class=\"et_pb_heading_container\"><h3 class=\"et_pb_module_header\">Votre massage \u00e0 quelques minutes de Saldanha<\/h3><\/div><\/div>\n\n<div class=\"et_pb_text_1 et_pb_text et_pb_bg_layout_light et_pb_module et_flex_module\"><div class=\"et_pb_text_inner\"><p style=\"font-weight: 400;\">Apr\u00e8s une journ\u00e9e intense \u00e0 Lisbonne, que ce soit en r\u00e9union, \u00e0 la d\u00e9couverte de la ville ou simplement pour profiter de tout ce que Saldanha a \u00e0 offrir, votre corps m\u00e9rite une vraie pause. \u00c0 Nusa, nous proposons des massages relaxants, des massages th\u00e9rapeutiques, des massages en couple et bien d'autres encore, tous adapt\u00e9s \u00e0 vos besoins et effectu\u00e9s par des th\u00e9rapeutes sp\u00e9cialis\u00e9s.<\/p>\n<\/div><\/div>\n<\/div>\n<\/div>\n\n<div class=\"et_pb_row_4 et_pb_row et_flex_row\">\n<div class=\"et_pb_column_4 et_pb_column et-last-child et_flex_column et_pb_css_mix_blend_mode_passthrough et_flex_column_24_24\">\n<div class=\"et_pb_heading_4 et_pb_heading et_pb_module et_flex_module\"><div class=\"et_pb_heading_container\"><h3 class=\"et_pb_module_header\">Vous pr\u00e9f\u00e9rez rester \u00e0 l'h\u00f4tel ? Nous venons \u00e0 vous\n\n<\/h3><\/div><\/div>\n\n<div class=\"et_pb_text_2 et_pb_text et_pb_bg_layout_light et_pb_module et_flex_module\"><div class=\"et_pb_text_inner\"><div><span>Si vous s\u00e9journez dans un h\u00f4tel de la r\u00e9gion de Saldanha ou du centre de Lisbonne, vous n'avez pas besoin de partir. Nos th\u00e9rapeutes viendront chez vous et transformeront votre chambre en un espace de bien-\u00eatre priv\u00e9. Il vous suffit de nous envoyer un message WhatsApp et nous vous confirmerons la disponibilit\u00e9 en quelques minutes.<\/span><\/div>\n<div><\/div>\n<\/div><\/div>\n<\/div>\n<\/div>\n\n<div class=\"et_pb_row_5 et_pb_row et_flex_row\">\n<div class=\"et_pb_column_5 et_pb_column et-last-child et_flex_column et_pb_css_mix_blend_mode_passthrough et_flex_column_24_24\">\n<div class=\"et_pb_module et_pb_button_module_wrapper et_pb_button_0_wrapper\"><a class=\"et_pb_button_0 et_pb_button et_pb_bg_layout_dark et_pb_module et_flex_module\" href=\"https:\/\/wa.me\/351935676279?text=Ol%C3%A1%21%20Estou%20na%20zona%20de%20Saldanha%20em%20Lisboa%20e%20gostaria%20de%20saber%20mais%20sobre%20o%20servi%C3%A7o%20de%20massagem\" target=\"_blank\" data-icon=\"\uf232\" rel=\"noopener\">R\u00e9servez votre s\u00e9ance d\u00e8s aujourd'hui - au Nusa Spa de Saldanha ou dans le confort de votre h\u00f4tel.<\/a><\/div>\n<\/div>\n<\/div>\n<\/div>","protected":false},"excerpt":{"rendered":"<p>Massages relaxants et th\u00e9rapeutiques \u00e0 Saldanha, Lisbonne. Au spa ou \u00e0 l'h\u00f4tel. Th\u00e9rapeutes sp\u00e9cialis\u00e9s. R\u00e9servez d\u00e8s aujourd'hui par WhatsApp.<\/p>","protected":false},"author":1,"featured_media":223794,"parent":0,"menu_order":0,"comment_status":"closed","ping_status":"closed","template":"","meta":{"footnotes":""},"class_list":["post-223800","page","type-page","status-publish","has-post-thumbnail","hentry"],"_links":{"self":[{"href":"https:\/\/nusa.com.pt\/fr\/wp-json\/wp\/v2\/pages\/223800","targetHints":{"allow":["GET"]}}],"collection":[{"href":"https:\/\/nusa.com.pt\/fr\/wp-json\/wp\/v2\/pages"}],"about":[{"href":"https:\/\/nusa.com.pt\/fr\/wp-json\/wp\/v2\/types\/page"}],"author":[{"embeddable":true,"href":"https:\/\/nusa.com.pt\/fr\/wp-json\/wp\/v2\/users\/1"}],"replies":[{"embeddable":true,"href":"https:\/\/nusa.com.pt\/fr\/wp-json\/wp\/v2\/comments?post=223800"}],"version-history":[{"count":7,"href":"https:\/\/nusa.com.pt\/fr\/wp-json\/wp\/v2\/pages\/223800\/revisions"}],"predecessor-version":[{"id":223816,"href":"https:\/\/nusa.com.pt\/fr\/wp-json\/wp\/v2\/pages\/223800\/revisions\/223816"}],"wp:featuredmedia":[{"embeddable":true,"href":"https:\/\/nusa.com.pt\/fr\/wp-json\/wp\/v2\/media\/223794"}],"wp:attachment":[{"href":"https:\/\/nusa.com.pt\/fr\/wp-json\/wp\/v2\/media?parent=223800"}],"curies":[{"name":"wp","href":"https:\/\/api.w.org\/{rel}","templated":true}]}}