{"id":223660,"date":"2026-03-04T13:35:39","date_gmt":"2026-03-04T13:35:39","guid":{"rendered":"https:\/\/nusa.com.pt\/?page_id=223660"},"modified":"2026-03-08T10:15:29","modified_gmt":"2026-03-08T10:15:29","slug":"nos-massages-lisbonne","status":"publish","type":"page","link":"https:\/\/nusa.com.pt\/fr\/as-nossas-massagens-lisboa\/","title":{"rendered":"D\u00e9couvrez nos massages \u00e0 Lisbonne"},"content":{"rendered":"<div class=\"et_pb_section_0 et_pb_section et_section_regular et_flex_section section_has_divider et_pb_bottom_divider zoom-header\">\n<div class=\"et_pb_row_0 et_pb_row et_flex_row\">\n<div class=\"et_pb_column_0 et_pb_column et-last-child et_flex_column et_pb_css_mix_blend_mode_passthrough et_flex_column_24_24\">\n<div class=\"et_pb_heading_0 et_pb_heading et_pb_module et_flex_module\"><div class=\"et_pb_heading_container\"><h1 class=\"et_pb_module_header\">Nos massages<\/h1><\/div><\/div>\n<\/div>\n<\/div>\n<div class=\"et_pb_bottom_inside_divider et-no-transition\"><\/div><\/div>\n\n<div class=\"et_pb_section_1 et_pb_section et_section_regular et_flex_section\">\n<div class=\"et_pb_row_1 et_pb_row et_flex_row\">\n<div class=\"et_pb_column_1 et_pb_column et-last-child et_flex_column et_pb_css_mix_blend_mode_passthrough et_flex_column_24_24\">\n<div class=\"et_pb_text_0 et_pb_text et_pb_bg_layout_light et_pb_module et_flex_module\"><div class=\"et_pb_text_inner\"><p><span>Au Nusa Massage Spa, chaque s\u00e9ance est une exp\u00e9rience con\u00e7ue en d\u00e9tail pour votre bien-\u00eatre. Nos th\u00e9rapeutes sp\u00e9cialis\u00e9s adaptent chaque massage \u00e0 vos besoins individuels, que vous souhaitiez vous d\u00e9tendre en profondeur, soulager vos tensions musculaires ou simplement faire une pause. D\u00e9couvrez nos traitements et trouvez le massage qui vous convient.<\/span><\/p>\n<\/div><\/div>\n\n<div class=\"et_pb_heading_1 et_pb_heading et_pb_module et_flex_module\"><div class=\"et_pb_heading_container\"><h2 class=\"et_pb_module_header\">MASSAGES SIGNATURE<\/h2><\/div><\/div>\n<\/div>\n<\/div>\n\n<div class=\"et_pb_row_2 et_pb_row et_flex_row\">\n<div class=\"et_pb_column_2 et_pb_column et_flex_column et_pb_css_mix_blend_mode_passthrough et_flex_column_8_24 et_flex_column_8_24_tablet et_flex_column_24_24_phone et_flex_column_24_24_phoneWide\">\n<div class=\"et_pb_blurb_0 et_pb_blurb et_pb_bg_layout_light et_pb_text_align_left et_pb_blurb_position_top et_animated et_pb_module et_flex_module\"><div class=\"et_pb_blurb_content et_flex_module\"><div class=\"et_pb_main_blurb_image\"><span class=\"et_pb_image_wrap et_pb_only_image_mode_wrap\"><img decoding=\"async\" src=\"https:\/\/nusa.com.pt\/wp-content\/uploads\/2026\/03\/Massagem-de-Relaxamento.svg\" alt=\"Massage de relaxation \u00e0 Lisbonne\" class=\"et-waypoint et_pb_animation_top et_pb_animation_top_tablet et_pb_animation_top_phone wp-image-223650\" \/><\/span><\/div><div class=\"et_pb_blurb_container\"><h3 class=\"et_pb_module_header\">Massage relaxant<\/h3><div class=\"et_pb_blurb_description\"><p>Le massage le plus populaire de Lisbonne. Des mouvements doux et fluides qui soulagent le stress accumul\u00e9, d\u00e9tendent les muscles et renouvellent l'\u00e9nergie. Id\u00e9al pour ceux qui ont besoin d'une pause totale dans leur vie quotidienne.<\/p>\n<\/div><\/div><\/div><\/div>\n<\/div>\n\n<div class=\"et_pb_column_3 et_pb_column et_flex_column et_pb_css_mix_blend_mode_passthrough et_flex_column_8_24 et_flex_column_8_24_tablet et_flex_column_24_24_phone et_flex_column_24_24_phoneWide\">\n<div class=\"et_pb_blurb_1 et_pb_blurb et_pb_bg_layout_light et_pb_text_align_left et_pb_blurb_position_top et_animated et_pb_module et_flex_module\"><div class=\"et_pb_blurb_content et_flex_module\"><div class=\"et_pb_main_blurb_image\"><span class=\"et_pb_image_wrap et_pb_only_image_mode_wrap\"><img decoding=\"async\" src=\"https:\/\/nusa.com.pt\/wp-content\/uploads\/2026\/03\/Massagem-Terapeutica-Deep-Tissue.svg\" alt=\"Massage th\u00e9rapeutique profond Lisbonne\" class=\"et-waypoint et_pb_animation_top et_pb_animation_top_tablet et_pb_animation_top_phone wp-image-223651\" \/><\/span><\/div><div class=\"et_pb_blurb_container\"><h3 class=\"et_pb_module_header\">Massage th\u00e9rapeutique des tissus profonds<\/h3><div class=\"et_pb_blurb_description\"><p>Une technique de pression profonde particuli\u00e8rement efficace pour soulager les tensions musculaires chroniques, les douleurs dorsales et les contractures. Un massage th\u00e9rapeutique \u00e0 Lisbonne pour ceux qui recherchent des r\u00e9sultats concrets.<\/p>\n<\/div><\/div><\/div><\/div>\n<\/div>\n\n<div class=\"et_pb_column_4 et_pb_column et-last-child et_flex_column et_pb_css_mix_blend_mode_passthrough et_flex_column_8_24 et_flex_column_8_24_tablet et_flex_column_24_24_phone et_flex_column_24_24_phoneWide\">\n<div class=\"et_pb_blurb_2 et_pb_blurb et_pb_bg_layout_light et_pb_text_align_left et_pb_blurb_position_top et_animated et_pb_module et_flex_module\"><div class=\"et_pb_blurb_content et_flex_module\"><div class=\"et_pb_main_blurb_image\"><span class=\"et_pb_image_wrap et_pb_only_image_mode_wrap\"><img decoding=\"async\" src=\"https:\/\/nusa.com.pt\/wp-content\/uploads\/2026\/03\/Massagem-Tailandesa-.svg\" alt=\"Massage tha\u00eflandais Lisbonne\" class=\"et-waypoint et_pb_animation_top et_pb_animation_top_tablet et_pb_animation_top_phone wp-image-223652\" \/><\/span><\/div><div class=\"et_pb_blurb_container\"><h3 class=\"et_pb_module_header\">Massage tha\u00eflandais<\/h3><div class=\"et_pb_blurb_description\"><p>L'authentique art tha\u00eflandais du bien-\u00eatre. Il combine des pressions pr\u00e9cises et des \u00e9tirements qui lib\u00e8rent l'\u00e9nergie bloqu\u00e9e, r\u00e9\u00e9quilibrent le corps et laissent l'esprit en paix. Une exp\u00e9rience unique \u00e0 Lisbonne.<\/p>\n<\/div><\/div><\/div><\/div>\n<\/div>\n<\/div>\n\n<div class=\"et_pb_row_3 et_pb_row et_flex_row\">\n<div class=\"et_pb_column_5 et_pb_column et-last-child et_flex_column et_pb_css_mix_blend_mode_passthrough et_flex_column_24_24\">\n<div class=\"et_pb_module et_pb_button_module_wrapper et_pb_button_0_wrapper\"><a class=\"et_pb_button_0 et_pb_button et_pb_bg_layout_dark et_pb_module et_flex_module\" href=\"https:\/\/wa.me\/351935676279?text=Ol\u00e1!%20Gostaria%20de%20saber%20mais%20sobre%20os%20tratamentos%20do%20Nusa%20Massage%20Spa%20em%20Lisboa.\" target=\"_blank\" data-icon=\"\uf232\" rel=\"noopener\">R\u00e9server<\/a><\/div>\n<\/div>\n<\/div>\n\n<div class=\"et_pb_row_4 et_pb_row et_flex_row\">\n<div class=\"et_pb_column_6 et_pb_column et-last-child et_flex_column et_pb_css_mix_blend_mode_passthrough et_flex_column_24_24\">\n<div class=\"et_pb_heading_2 et_pb_heading et_pb_module et_flex_module\"><div class=\"et_pb_heading_container\"><h2 class=\"et_pb_module_header\">TRAITEMENTS SP\u00c9CIAUX<\/h2><\/div><\/div>\n<\/div>\n<\/div>\n\n<div class=\"et_pb_row_5 et_pb_row et_flex_row\">\n<div class=\"et_pb_column_7 et_pb_column et_flex_column et_pb_css_mix_blend_mode_passthrough et_flex_column_8_24 et_flex_column_8_24_tablet et_flex_column_24_24_phone et_flex_column_24_24_phoneWide\">\n<div class=\"et_pb_blurb_3 et_pb_blurb et_pb_bg_layout_light et_pb_text_align_left et_pb_blurb_position_top et_animated et_pb_module et_flex_module\"><div class=\"et_pb_blurb_content et_flex_module\"><div class=\"et_pb_main_blurb_image\"><span class=\"et_pb_image_wrap et_pb_only_image_mode_wrap\"><img decoding=\"async\" src=\"https:\/\/nusa.com.pt\/wp-content\/uploads\/2026\/03\/Massagem-de-Casal.svg\" alt=\"Massage pour couples \u00e0 Lisbonne\" class=\"et-waypoint et_pb_animation_top et_pb_animation_top_tablet et_pb_animation_top_phone wp-image-223653\" \/><\/span><\/div><div class=\"et_pb_blurb_container\"><h3 class=\"et_pb_module_header\">Massage pour couples<\/h3><div class=\"et_pb_blurb_description\"><p>Partagez un moment de d\u00e9tente et de connexion en couple. Deux th\u00e9rapeutes sp\u00e9cialis\u00e9s, une exp\u00e9rience synchronis\u00e9e et inoubliable. Le cadeau id\u00e9al pour les couples \u00e0 Lisbonne.<\/p>\n<\/div><\/div><\/div><\/div>\n<\/div>\n\n<div class=\"et_pb_column_8 et_pb_column et_flex_column et_pb_css_mix_blend_mode_passthrough et_flex_column_8_24 et_flex_column_8_24_tablet et_flex_column_24_24_phone et_flex_column_24_24_phoneWide\">\n<div class=\"et_pb_blurb_4 et_pb_blurb et_pb_bg_layout_light et_pb_text_align_left et_pb_blurb_position_top et_animated et_pb_module et_flex_module\"><div class=\"et_pb_blurb_content et_flex_module\"><div class=\"et_pb_main_blurb_image\"><span class=\"et_pb_image_wrap et_pb_only_image_mode_wrap\"><img decoding=\"async\" src=\"https:\/\/nusa.com.pt\/wp-content\/uploads\/2026\/03\/Massagem-a-Quatro-Maos.svg\" alt=\"Massage \u00e0 quatre mains Lisbonne\" class=\"et-waypoint et_pb_animation_top et_pb_animation_top_tablet et_pb_animation_top_phone wp-image-223654\" \/><\/span><\/div><div class=\"et_pb_blurb_container\"><h3 class=\"et_pb_module_header\">Massage \u00e0 quatre mains<\/h3><div class=\"et_pb_blurb_description\"><p>Deux th\u00e9rapeutes, quatre mains, une exp\u00e9rience unique. Les mouvements synchronis\u00e9s cr\u00e9ent une profonde sensation de relaxation que le corps n'oublie jamais.<\/p>\n<p><a href=\"\/fr\/massage-a-quatre-mains\/\" title=\"Massage \u00e0 quatre mains \u00e0 Lisbonne\"><span><strong>Pour en savoir plus \u2192<\/strong><\/span><\/a><\/p>\n<\/div><\/div><\/div><\/div>\n<\/div>\n\n<div class=\"et_pb_column_9 et_pb_column et-last-child et_flex_column et_pb_css_mix_blend_mode_passthrough et_flex_column_8_24 et_flex_column_8_24_tablet et_flex_column_24_24_phone et_flex_column_24_24_phoneWide\">\n<div class=\"et_pb_blurb_5 et_pb_blurb et_pb_bg_layout_light et_pb_text_align_left et_pb_blurb_position_top et_animated et_pb_module et_flex_module\"><div class=\"et_pb_blurb_content et_flex_module\"><div class=\"et_pb_main_blurb_image\"><span class=\"et_pb_image_wrap et_pb_only_image_mode_wrap\"><img decoding=\"async\" src=\"https:\/\/nusa.com.pt\/wp-content\/uploads\/2026\/03\/Massagem-com-Pindas-Quentes.svg\" alt=\"Massage Hot Pindas Lisbonne\" class=\"et-waypoint et_pb_animation_top et_pb_animation_top_tablet et_pb_animation_top_phone wp-image-223776\" \/><\/span><\/div><div class=\"et_pb_blurb_container\"><h3 class=\"et_pb_module_header\"> Massage \u00e0 chaud de Pindas<\/h3><div class=\"et_pb_blurb_description\"><p><span>Des sachets d'herbes aromatiques chauff\u00e9es glissent sur le corps par des mouvements rythm\u00e9s. La chaleur et les principes actifs des herbes soulagent les tensions, stimulent la circulation et procurent un bien-\u00eatre profond. Une technique ayurv\u00e9dique vraiment unique.<\/span><\/p>\n<\/div><\/div><\/div><\/div>\n<\/div>\n<\/div>\n\n<div class=\"et_pb_row_6 et_pb_row et_flex_row\">\n<div class=\"et_pb_column_10 et_pb_column et_flex_column et_pb_css_mix_blend_mode_passthrough et_flex_column_8_24 et_flex_column_8_24_tablet et_flex_column_24_24_phone et_flex_column_24_24_phoneWide\">\n<div class=\"et_pb_blurb_6 et_pb_blurb et_pb_bg_layout_light et_pb_text_align_left et_pb_blurb_position_top et_animated et_pb_module et_flex_module\"><div class=\"et_pb_blurb_content et_flex_module\"><div class=\"et_pb_main_blurb_image\"><span class=\"et_pb_image_wrap et_pb_only_image_mode_wrap\"><img decoding=\"async\" src=\"https:\/\/nusa.com.pt\/wp-content\/uploads\/2026\/03\/Massagem-Reflexologia.svg\" alt=\"R\u00e9flexologie Lisbonne\" class=\"et-waypoint et_pb_animation_top et_pb_animation_top_tablet et_pb_animation_top_phone wp-image-223656\" \/><\/span><\/div><div class=\"et_pb_blurb_container\"><h3 class=\"et_pb_module_header\">R\u00e9flexologie<\/h3><div class=\"et_pb_blurb_description\"><p>Technique ancienne bas\u00e9e sur la stimulation des points r\u00e9flexes des pieds qui correspondent aux organes et aux syst\u00e8mes du corps. Elle favorise l'\u00e9quilibre naturel du corps et un bien-\u00eatre profond.<\/p>\n<\/div><\/div><\/div><\/div>\n<\/div>\n\n<div class=\"et_pb_column_11 et_pb_column et_flex_column et_pb_css_mix_blend_mode_passthrough et_flex_column_8_24 et_flex_column_8_24_tablet et_flex_column_24_24_phone et_flex_column_24_24_phoneWide\">\n<div class=\"et_pb_blurb_7 et_pb_blurb et_pb_bg_layout_light et_pb_text_align_left et_pb_blurb_position_top et_animated et_pb_module et_flex_module\"><div class=\"et_pb_blurb_content et_flex_module\"><div class=\"et_pb_main_blurb_image\"><span class=\"et_pb_image_wrap et_pb_only_image_mode_wrap\"><img decoding=\"async\" src=\"https:\/\/nusa.com.pt\/wp-content\/uploads\/2026\/03\/Lomi-Lomi.svg\" alt=\"Lomi Lomi Lisbonne\" class=\"et-waypoint et_pb_animation_top et_pb_animation_top_tablet et_pb_animation_top_phone wp-image-223657\" \/><\/span><\/div><div class=\"et_pb_blurb_container\"><h3 class=\"et_pb_module_header\">Lomi Lomi<\/h3><div class=\"et_pb_blurb_description\"><p>Le massage sacr\u00e9 hawa\u00efen. Des mouvements amples et fluides qui impliquent tout le corps dans une danse th\u00e9rapeutique, lib\u00e9rant les tensions physiques et \u00e9motionnelles accumul\u00e9es. Une exp\u00e9rience transformatrice.<\/p>\n<\/div><\/div><\/div><\/div>\n<\/div>\n\n<div class=\"et_pb_column_12 et_pb_column et-last-child et_flex_column et_pb_css_mix_blend_mode_passthrough et_flex_column_8_24 et_flex_column_8_24_tablet et_flex_column_24_24_phone et_flex_column_24_24_phoneWide\">\n<div class=\"et_pb_blurb_8 et_pb_blurb et_pb_bg_layout_light et_pb_text_align_left et_pb_blurb_position_top et_animated et_clickable et_pb_module et_flex_module\"><div class=\"et_pb_blurb_content et_flex_module\"><div class=\"et_pb_main_blurb_image\"><span class=\"et_pb_image_wrap et_pb_only_image_mode_wrap\"><img decoding=\"async\" src=\"https:\/\/nusa.com.pt\/wp-content\/uploads\/2026\/03\/Massagem-no-Hotel.svg\" alt=\"Massage \u00e0 l&#039;h\u00f4tel Lisboa\" class=\"et-waypoint et_pb_animation_top et_pb_animation_top_tablet et_pb_animation_top_phone wp-image-223775\" \/><\/span><\/div><div class=\"et_pb_blurb_container\"><h3 class=\"et_pb_module_header\">Massage \u00e0 l'h\u00f4tel<\/h3><div class=\"et_pb_blurb_description\"><p><span>Pas besoin de quitter votre chambre. Nos th\u00e9rapeutes se rendent \u00e0 votre h\u00f4tel \u00e0 Lisbonne et transforment votre espace en un spa priv\u00e9. Confort, intimit\u00e9 et professionnalisme - o\u00f9 et quand vous le souhaitez.<\/span><\/p>\n<p><a href=\"\/fr\/service-de-massage-a-lhotel-a-lisbonne\/\" title=\"Service de massage dans les h\u00f4tels de Lisbonne\"><span><strong>Pour en savoir plus \u2192<\/strong><\/span><\/a><\/p>\n<\/div><\/div><\/div><\/div>\n<\/div>\n<\/div>\n\n<div class=\"et_pb_row_7 et_pb_row et_flex_row\">\n<div class=\"et_pb_column_13 et_pb_column et-last-child et_flex_column et_pb_css_mix_blend_mode_passthrough et_flex_column_24_24\">\n<div class=\"et_pb_module et_pb_button_module_wrapper et_pb_button_1_wrapper\"><a class=\"et_pb_button_1 et_pb_button et_pb_bg_layout_dark et_pb_module et_flex_module\" href=\"https:\/\/wa.me\/351935676279?text=Ol\u00e1!%20Gostaria%20de%20marcar%20uma%20massagem%20de%20assinatura%20no%20Nusa%20Massage%20Spa%20em%20Lisboa.\" target=\"_blank\" data-icon=\"\uf232\" rel=\"noopener\">R\u00e9server<\/a><\/div>\n<\/div>\n<\/div>\n\n<div class=\"et_pb_row_8 et_pb_row et_flex_row\">\n<div class=\"et_pb_column_14 et_pb_column et-last-child et_flex_column et_pb_css_mix_blend_mode_passthrough et_flex_column_24_24\">\n<div class=\"et_pb_heading_3 et_pb_heading et_pb_module et_flex_module\"><div class=\"et_pb_heading_container\"><h2 class=\"et_pb_module_header\">PLUS DE TRAITEMENTS<\/h2><\/div><\/div>\n<\/div>\n<\/div>\n\n<div class=\"et_pb_row_9 et_pb_row et_flex_row\">\n<div class=\"et_pb_column_15 et_pb_column et_flex_column et_pb_css_mix_blend_mode_passthrough et_flex_column_8_24 et_flex_column_8_24_tablet et_flex_column_24_24_phone et_flex_column_24_24_phoneWide\">\n<div class=\"et_pb_blurb_9 et_pb_blurb et_pb_bg_layout_light et_pb_text_align_left et_pb_blurb_position_top et_animated et_pb_module et_flex_module\"><div class=\"et_pb_blurb_content et_flex_module\"><div class=\"et_pb_main_blurb_image\"><span class=\"et_pb_image_wrap et_pb_only_image_mode_wrap\"><img decoding=\"async\" src=\"https:\/\/nusa.com.pt\/wp-content\/uploads\/2026\/03\/Massagem-desportiva-.svg\" alt=\"Massage sportif Lisbonne\" class=\"et-waypoint et_pb_animation_top et_pb_animation_top_tablet et_pb_animation_top_phone wp-image-223658\" \/><\/span><\/div><div class=\"et_pb_blurb_container\"><h3 class=\"et_pb_module_header\">Massage sportif<\/h3><div class=\"et_pb_blurb_description\"><p>Sp\u00e9cialement con\u00e7u pour la r\u00e9cup\u00e9ration musculaire apr\u00e8s une activit\u00e9 physique intense. Acc\u00e9l\u00e8re la r\u00e9cup\u00e9ration, pr\u00e9vient les blessures et am\u00e9liore les performances. Id\u00e9al pour les sportifs de Lisbonne.<\/p>\n<\/div><\/div><\/div><\/div>\n<\/div>\n\n<div class=\"et_pb_column_16 et_pb_column et_flex_column et_pb_css_mix_blend_mode_passthrough et_flex_column_8_24 et_flex_column_8_24_tablet et_flex_column_24_24_phone et_flex_column_24_24_phoneWide\">\n<div class=\"et_pb_blurb_10 et_pb_blurb et_pb_bg_layout_light et_pb_text_align_left et_pb_blurb_position_top et_animated et_pb_module et_flex_module\"><div class=\"et_pb_blurb_content et_flex_module\"><div class=\"et_pb_main_blurb_image\"><span class=\"et_pb_image_wrap et_pb_only_image_mode_wrap\"><img decoding=\"async\" src=\"https:\/\/nusa.com.pt\/wp-content\/uploads\/2026\/03\/Abhyanga.svg\" alt=\"Abhyanga Lisbonne\" class=\"et-waypoint et_pb_animation_top et_pb_animation_top_tablet et_pb_animation_top_phone wp-image-223659\" \/><\/span><\/div><div class=\"et_pb_blurb_container\"><h3 class=\"et_pb_module_header\">Abhyanga<\/h3><div class=\"et_pb_blurb_description\"><p>Rituel ayurv\u00e9dique d'huilage du corps avec des huiles chaudes et aromatis\u00e9es. Il nourrit la peau en profondeur, calme le syst\u00e8me nerveux et r\u00e9tablit l'\u00e9quilibre int\u00e9rieur. Une c\u00e9r\u00e9monie de bien-\u00eatre compl\u00e8te.<\/p>\n<\/div><\/div><\/div><\/div>\n<\/div>\n\n<div class=\"et_pb_column_17 et_pb_column et-last-child et_flex_column et_pb_css_mix_blend_mode_passthrough et_flex_column_8_24 et_flex_column_8_24_tablet et_flex_column_24_24_phone et_flex_column_24_24_phoneWide\">\n<div class=\"et_pb_blurb_11 et_pb_blurb et_pb_bg_layout_light et_pb_text_align_left et_pb_blurb_position_top et_animated et_pb_module et_flex_module\"><div class=\"et_pb_blurb_content et_flex_module\"><div class=\"et_pb_main_blurb_image\"><span class=\"et_pb_image_wrap et_pb_only_image_mode_wrap\"><img decoding=\"async\" src=\"https:\/\/nusa.com.pt\/wp-content\/uploads\/2026\/03\/Massagem-com-Velas-Quentes.svg\" alt=\"Massage aux bougies chaudes Lisbonne\" class=\"et-waypoint et_pb_animation_top et_pb_animation_top_tablet et_pb_animation_top_phone wp-image-223649\" \/><\/span><\/div><div class=\"et_pb_blurb_container\"><h3 class=\"et_pb_module_header\">Massage \u00e0 la bougie chaude<\/h3><div class=\"et_pb_blurb_description\"><p>La cire fondue des bougies aromatiques se transforme en une huile chaude et nourrissante sur la peau. Une exp\u00e9rience sensorielle unique qui allie chaleur, ar\u00f4me et toucher th\u00e9rapeutique.<\/p>\n<\/div><\/div><\/div><\/div>\n<\/div>\n<\/div>\n\n<div class=\"et_pb_row_10 et_pb_row et_flex_row\">\n<div class=\"et_pb_column_18 et_pb_column et_flex_column et_pb_css_mix_blend_mode_passthrough et_flex_column_8_24 et_flex_column_8_24_tablet et_flex_column_24_24_phone et_flex_column_24_24_phoneWide\">\n<div class=\"et_pb_blurb_12 et_pb_blurb et_pb_bg_layout_light et_pb_text_align_left et_pb_blurb_position_top et_animated et_pb_module et_flex_module\"><div class=\"et_pb_blurb_content et_flex_module\"><div class=\"et_pb_main_blurb_image\"><span class=\"et_pb_image_wrap et_pb_only_image_mode_wrap\"><img decoding=\"async\" src=\"https:\/\/nusa.com.pt\/wp-content\/uploads\/2026\/03\/Massagem-Tibetan-Mahayana.svg\" alt=\"Massage tib\u00e9tain Mahayana Lisbonne\" class=\"et-waypoint et_pb_animation_top et_pb_animation_top_tablet et_pb_animation_top_phone wp-image-223872\" \/><\/span><\/div><div class=\"et_pb_blurb_container\"><h3 class=\"et_pb_module_header\">Massage tib\u00e9tain Mahayana<\/h3><div class=\"et_pb_blurb_description\"><p>Une c\u00e9r\u00e9monie ancienne de profonde transformation int\u00e9rieure. Des techniques tib\u00e9taines mill\u00e9naires qui lib\u00e8rent les blocages physiques et \u00e9motionnels, r\u00e9tablissant l'\u00e9quilibre naturel du corps et de l'esprit.<span><\/span><\/p>\n<p><a href=\"\/fr\/massage-tibetain-mahayana\/\" title=\"Massage tib\u00e9tain Mahayana \u00e0 Lisbonne\"><span><strong>Pour en savoir plus \u2192<\/strong><\/span><\/a><\/p>\n<\/div><\/div><\/div><\/div>\n<\/div>\n\n<div class=\"et_pb_column_19 et_pb_column et_flex_column et_pb_column_empty et_pb_css_mix_blend_mode_passthrough et_flex_column_8_24 et_flex_column_8_24_tablet et_flex_column_24_24_phone et_flex_column_24_24_phoneWide\"><\/div>\n\n<div class=\"et_pb_column_20 et_pb_column et-last-child et_flex_column et_pb_column_empty et_pb_css_mix_blend_mode_passthrough et_flex_column_8_24 et_flex_column_8_24_tablet et_flex_column_24_24_phone et_flex_column_24_24_phoneWide\"><\/div>\n<\/div>\n\n<div class=\"et_pb_row_11 et_pb_row et_flex_row\">\n<div class=\"et_pb_column_21 et_pb_column et-last-child et_flex_column et_pb_css_mix_blend_mode_passthrough et_flex_column_24_24\">\n<div class=\"et_pb_module et_pb_button_module_wrapper et_pb_button_2_wrapper\"><a class=\"et_pb_button_2 et_pb_button et_pb_bg_layout_dark et_pb_module et_flex_module\" href=\"https:\/\/wa.me\/351935676279?text=Ol\u00e1!%20Gostaria%20de%20marcar%20uma%20massagem%20de%20assinatura%20no%20Nusa%20Massage%20Spa%20em%20Lisboa.\" target=\"_blank\" data-icon=\"\uf232\" rel=\"noopener\">R\u00e9server<\/a><\/div>\n\n<div class=\"et_pb_heading_4 et_pb_heading et_pb_module et_flex_module\"><div class=\"et_pb_heading_container\"><h2 class=\"et_pb_module_header\">Massage personnalis\u00e9<\/h2><\/div><\/div>\n\n<div class=\"et_pb_text_1 et_pb_text et_pb_bg_layout_light et_pb_module et_flex_module\"><div class=\"et_pb_text_inner\"><p><span>Chaque corps est unique et les meilleures exp\u00e9riences naissent parfois d'une conversation. Si vous recherchez quelque chose de vraiment personnalis\u00e9 ou si vous avez des besoins sp\u00e9cifiques, nos th\u00e9rapeutes sont \u00e0 votre disposition pour vous conseiller et cr\u00e9er la s\u00e9ance id\u00e9ale pour vous - avant que vous ne r\u00e9serviez.<\/span><\/p>\n<\/div><\/div>\n\n<div class=\"et_pb_module et_pb_button_module_wrapper et_pb_button_3_wrapper\"><a class=\"et_pb_button_3 et_pb_button et_pb_bg_layout_dark et_pb_module et_flex_module\" href=\"https:\/\/wa.me\/351935676279?text=Ol\u00e1!%20Gostaria%20de%20um%20aconselhamento%20personalizado%20antes%20de%20marcar%20a%20minha%20sess\u00e3o%20no%20Nusa%20Massage%20Spa.\" target=\"_blank\" data-icon=\"\uf232\" rel=\"noopener\">Contactez-nous pour obtenir des conseils<\/a><\/div>\n<\/div>\n<\/div>\n<\/div>","protected":false},"excerpt":{"rendered":"<p>Descubra as massagens do Nusa Massage Spa em Lisboa &#8211; relaxamento, terap\u00eautica, casal, tailandesa e muito mais. Terapeutas especializadas, experi\u00eancia \u00fanica. Reserve j\u00e1.<\/p>","protected":false},"author":1,"featured_media":223778,"parent":0,"menu_order":0,"comment_status":"closed","ping_status":"closed","template":"","meta":{"footnotes":""},"class_list":["post-223660","page","type-page","status-publish","has-post-thumbnail","hentry"],"_links":{"self":[{"href":"https:\/\/nusa.com.pt\/fr\/wp-json\/wp\/v2\/pages\/223660","targetHints":{"allow":["GET"]}}],"collection":[{"href":"https:\/\/nusa.com.pt\/fr\/wp-json\/wp\/v2\/pages"}],"about":[{"href":"https:\/\/nusa.com.pt\/fr\/wp-json\/wp\/v2\/types\/page"}],"author":[{"embeddable":true,"href":"https:\/\/nusa.com.pt\/fr\/wp-json\/wp\/v2\/users\/1"}],"replies":[{"embeddable":true,"href":"https:\/\/nusa.com.pt\/fr\/wp-json\/wp\/v2\/comments?post=223660"}],"version-history":[{"count":36,"href":"https:\/\/nusa.com.pt\/fr\/wp-json\/wp\/v2\/pages\/223660\/revisions"}],"predecessor-version":[{"id":223973,"href":"https:\/\/nusa.com.pt\/fr\/wp-json\/wp\/v2\/pages\/223660\/revisions\/223973"}],"wp:featuredmedia":[{"embeddable":true,"href":"https:\/\/nusa.com.pt\/fr\/wp-json\/wp\/v2\/media\/223778"}],"wp:attachment":[{"href":"https:\/\/nusa.com.pt\/fr\/wp-json\/wp\/v2\/media?parent=223660"}],"curies":[{"name":"wp","href":"https:\/\/api.w.org\/{rel}","templated":true}]}}