{"id":223604,"date":"2026-03-04T08:05:43","date_gmt":"2026-03-04T08:05:43","guid":{"rendered":"https:\/\/nusa.com.pt\/?page_id=223604"},"modified":"2026-03-08T17:54:51","modified_gmt":"2026-03-08T17:54:51","slug":"galerie-de-photos-et-de-videos-du-spa","status":"publish","type":"page","link":"https:\/\/nusa.com.pt\/fr\/galeria-de-fotos-e-videos-do-spa\/","title":{"rendered":"Galerie de photos - Nusa Massage Spa Lisbon"},"content":{"rendered":"<div class=\"et_pb_section_0 et_pb_section et_section_regular et_flex_section section_has_divider et_pb_bottom_divider zoom-header\">\n<div class=\"et_pb_row_0 et_pb_row et_flex_row\">\n<div class=\"et_pb_column_0 et_pb_column et-last-child et_flex_column et_pb_css_mix_blend_mode_passthrough et_flex_column_24_24\">\n<div class=\"et_pb_heading_0 et_pb_heading et_pb_module et_flex_module\"><div class=\"et_pb_heading_container\"><h1 class=\"et_pb_module_header\">Galerie de photos<\/h1><\/div><\/div>\n<\/div>\n<\/div>\n<div class=\"et_pb_bottom_inside_divider et-no-transition\"><\/div><\/div>\n\n<div class=\"et_pb_section_1 et_pb_section et_section_regular et_block_section\">\n<div class=\"et_pb_row_1 et_pb_row et_pb_gutters3 et_block_row\">\n<div class=\"et_pb_column_1 et_pb_column et_pb_column_4_4 et-last-child et_block_column et_pb_css_mix_blend_mode_passthrough\">\n<div class=\"et_pb_gallery_0 et_pb_gallery et_pb_bg_layout_light et_pb_gallery_grid et_pb_module\" data-auto-rotate=\"off\" data-auto-rotate-speed=\"\"><div class=\"et_pb_gallery_items et_post_gallery clearfix et_grid_module\" data-per_page=\"20\"><div class=\"et_pb_gallery_item et_pb_grid_item et_pb_gallery_item_0_0\"><div class=\"et_pb_gallery_image portrait\" data-per_page=\"20\"><a href=\"https:\/\/nusa.com.pt\/wp-content\/uploads\/2026\/03\/Mya-massagista.jpg\" title=\"Mya, masseuse au salon de massage du Nusa Spa\"><img loading=\"lazy\" decoding=\"async\" width=\"400\" height=\"516\" src=\"https:\/\/nusa.com.pt\/wp-content\/uploads\/2026\/03\/Mya-massagista-400x516.jpg\" alt=\"Th\u00e9rapeute au Nusa Massage Spa \u00e0 Lisbonne\" class=\"wp-image-223961\" srcset=\"https:\/\/nusa.com.pt\/wp-content\/uploads\/2026\/03\/Mya-massagista.jpg 479w, https:\/\/nusa.com.pt\/wp-content\/uploads\/2026\/03\/Mya-massagista-400x516.jpg 480w\" sizes=\"(max-width:479px) 479px, 100vw\" \/><span class=\"et_overlay\" data-icon=\"\" data-icon-tablet=\"\" data-icon-phone=\"\"><\/span><\/a><\/div><\/div><div class=\"et_pb_gallery_item et_pb_grid_item et_pb_gallery_item_0_1\"><div class=\"et_pb_gallery_image portrait\" data-per_page=\"20\"><a href=\"https:\/\/nusa.com.pt\/wp-content\/uploads\/2026\/03\/Honey-Massagista-do-Nusa-Massage-Spa-Lisboa-gal1.jpg\" title=\"Honey-Masseuse-de-Nusa-Massage-Spa-Lisbon-gal1\"><img loading=\"lazy\" decoding=\"async\" width=\"400\" height=\"516\" src=\"https:\/\/nusa.com.pt\/wp-content\/uploads\/2026\/03\/Honey-Massagista-do-Nusa-Massage-Spa-Lisboa-gal1-400x516.jpg\" alt=\"\" class=\"wp-image-223989\" srcset=\"https:\/\/nusa.com.pt\/wp-content\/uploads\/2026\/03\/Honey-Massagista-do-Nusa-Massage-Spa-Lisboa-gal1.jpg 479w, https:\/\/nusa.com.pt\/wp-content\/uploads\/2026\/03\/Honey-Massagista-do-Nusa-Massage-Spa-Lisboa-gal1-400x516.jpg 480w\" sizes=\"(max-width:479px) 479px, 100vw\" \/><span class=\"et_overlay\" data-icon=\"\" data-icon-tablet=\"\" data-icon-phone=\"\"><\/span><\/a><\/div><\/div><div class=\"et_pb_gallery_item et_pb_grid_item et_pb_gallery_item_0_2\"><div class=\"et_pb_gallery_image portrait\" data-per_page=\"20\"><a href=\"https:\/\/nusa.com.pt\/wp-content\/uploads\/2026\/03\/Alice-Massagista-do-Nusa-Massage-Spa-Lisboa-gal1.jpg\" title=\"Alice masseuse au Nusa Massage Spa Lisbon\"><img loading=\"lazy\" decoding=\"async\" width=\"400\" height=\"516\" src=\"https:\/\/nusa.com.pt\/wp-content\/uploads\/2026\/03\/Alice-Massagista-do-Nusa-Massage-Spa-Lisboa-gal1-400x516.jpg\" alt=\"\" class=\"wp-image-223994\" srcset=\"https:\/\/nusa.com.pt\/wp-content\/uploads\/2026\/03\/Alice-Massagista-do-Nusa-Massage-Spa-Lisboa-gal1.jpg 479w, https:\/\/nusa.com.pt\/wp-content\/uploads\/2026\/03\/Alice-Massagista-do-Nusa-Massage-Spa-Lisboa-gal1-400x516.jpg 480w\" sizes=\"(max-width:479px) 479px, 100vw\" \/><span class=\"et_overlay\" data-icon=\"\" data-icon-tablet=\"\" data-icon-phone=\"\"><\/span><\/a><\/div><\/div><div class=\"et_pb_gallery_item et_pb_grid_item et_pb_gallery_item_0_3\"><div class=\"et_pb_gallery_image portrait\" data-per_page=\"20\"><a href=\"https:\/\/nusa.com.pt\/wp-content\/uploads\/2026\/03\/Gallaery-Nusa-toalhas.jpg\" title=\"Honey Nusa Massage Spa\"><img loading=\"lazy\" decoding=\"async\" width=\"400\" height=\"516\" src=\"https:\/\/nusa.com.pt\/wp-content\/uploads\/2026\/03\/Gallaery-Nusa-toalhas-400x516.jpg\" alt=\"Massoth\u00e9rapeute Honey \u00e0 Nusa Massage Spa Lisbon\" class=\"wp-image-223645\" srcset=\"https:\/\/nusa.com.pt\/wp-content\/uploads\/2026\/03\/Gallaery-Nusa-toalhas.jpg 479w, https:\/\/nusa.com.pt\/wp-content\/uploads\/2026\/03\/Gallaery-Nusa-toalhas-400x516.jpg 480w\" sizes=\"(max-width:479px) 479px, 100vw\" \/><span class=\"et_overlay\" data-icon=\"\" data-icon-tablet=\"\" data-icon-phone=\"\"><\/span><\/a><\/div><\/div><div class=\"et_pb_gallery_item et_pb_grid_item et_pb_gallery_item_0_4\"><div class=\"et_pb_gallery_image portrait\" data-per_page=\"20\"><a href=\"https:\/\/nusa.com.pt\/wp-content\/uploads\/2026\/03\/Gallery-rececao01.jpg\" title=\"Entr\u00e9e du centre de bien-\u00eatre Nusa \u00e0 Lisbonne\"><img loading=\"lazy\" decoding=\"async\" width=\"400\" height=\"516\" src=\"https:\/\/nusa.com.pt\/wp-content\/uploads\/2026\/03\/Gallery-rececao01-400x516.jpg\" alt=\"Entr\u00e9e au centre de bien-\u00eatre Nusa \u00e0 Lisbonne\" class=\"wp-image-223638\" srcset=\"https:\/\/nusa.com.pt\/wp-content\/uploads\/2026\/03\/Gallery-rececao01.jpg 479w, https:\/\/nusa.com.pt\/wp-content\/uploads\/2026\/03\/Gallery-rececao01-400x516.jpg 480w\" sizes=\"(max-width:479px) 479px, 100vw\" \/><span class=\"et_overlay\" data-icon=\"\" data-icon-tablet=\"\" data-icon-phone=\"\"><\/span><\/a><\/div><\/div><div class=\"et_pb_gallery_item et_pb_grid_item et_pb_gallery_item_0_5\"><div class=\"et_pb_gallery_image portrait\" data-per_page=\"20\"><a href=\"https:\/\/nusa.com.pt\/wp-content\/uploads\/2026\/03\/Gallery-massagem-no-Nusa-Spa-de-Massagens.jpg\" title=\"S\u00e9ance de massage th\u00e9rapeutique au Nusa Spa Lisbon\"><img loading=\"lazy\" decoding=\"async\" width=\"400\" height=\"516\" src=\"https:\/\/nusa.com.pt\/wp-content\/uploads\/2026\/03\/Gallery-massagem-no-Nusa-Spa-de-Massagens-400x516.jpg\" alt=\"S\u00e9ance de massage th\u00e9rapeutique au Nusa Spa de Massagens Lisboa\" class=\"wp-image-223637\" srcset=\"https:\/\/nusa.com.pt\/wp-content\/uploads\/2026\/03\/Gallery-massagem-no-Nusa-Spa-de-Massagens.jpg 479w, https:\/\/nusa.com.pt\/wp-content\/uploads\/2026\/03\/Gallery-massagem-no-Nusa-Spa-de-Massagens-400x516.jpg 480w\" sizes=\"(max-width:479px) 479px, 100vw\" \/><span class=\"et_overlay\" data-icon=\"\" data-icon-tablet=\"\" data-icon-phone=\"\"><\/span><\/a><\/div><\/div><div class=\"et_pb_gallery_item et_pb_grid_item et_pb_gallery_item_0_6\"><div class=\"et_pb_gallery_image portrait\" data-per_page=\"20\"><a href=\"https:\/\/nusa.com.pt\/wp-content\/uploads\/2026\/03\/Gallery-Nusa-Massage-sala2.jpg\" title=\"Nusa Massage Spa Treatment Room Lisbon\"><img loading=\"lazy\" decoding=\"async\" width=\"400\" height=\"516\" src=\"https:\/\/nusa.com.pt\/wp-content\/uploads\/2026\/03\/Gallery-Nusa-Massage-sala2-400x516.jpg\" alt=\"Salle de traitement au spa de massage Nusa \u00e0 Lisbonne\" class=\"wp-image-223634\" srcset=\"https:\/\/nusa.com.pt\/wp-content\/uploads\/2026\/03\/Gallery-Nusa-Massage-sala2.jpg 479w, https:\/\/nusa.com.pt\/wp-content\/uploads\/2026\/03\/Gallery-Nusa-Massage-sala2-400x516.jpg 480w\" sizes=\"(max-width:479px) 479px, 100vw\" \/><span class=\"et_overlay\" data-icon=\"\" data-icon-tablet=\"\" data-icon-phone=\"\"><\/span><\/a><\/div><\/div><div class=\"et_pb_gallery_item et_pb_grid_item et_pb_gallery_item_0_7\"><div class=\"et_pb_gallery_image portrait\" data-per_page=\"20\"><a href=\"https:\/\/nusa.com.pt\/wp-content\/uploads\/2026\/03\/Gallery-Nusa-rececao.jpg\" title=\"Salle d&#039;attente du Nusa Spa Lisbon\"><img loading=\"lazy\" decoding=\"async\" width=\"400\" height=\"516\" src=\"https:\/\/nusa.com.pt\/wp-content\/uploads\/2026\/03\/Gallery-Nusa-rececao-400x516.jpg\" alt=\"Salle d&#039;attente du Nusa Spa \u00e0 Lisbonne\" class=\"wp-image-223633\" srcset=\"https:\/\/nusa.com.pt\/wp-content\/uploads\/2026\/03\/Gallery-Nusa-rececao.jpg 479w, https:\/\/nusa.com.pt\/wp-content\/uploads\/2026\/03\/Gallery-Nusa-rececao-400x516.jpg 480w\" sizes=\"(max-width:479px) 479px, 100vw\" \/><span class=\"et_overlay\" data-icon=\"\" data-icon-tablet=\"\" data-icon-phone=\"\"><\/span><\/a><\/div><\/div><div class=\"et_pb_gallery_item et_pb_grid_item et_pb_gallery_item_0_8\"><div class=\"et_pb_gallery_image portrait\" data-per_page=\"20\"><a href=\"https:\/\/nusa.com.pt\/wp-content\/uploads\/2026\/03\/Gallery-Nusa-tatame.jpg\" title=\"Galerie-Nusa-tatame\"><img loading=\"lazy\" decoding=\"async\" width=\"400\" height=\"516\" src=\"https:\/\/nusa.com.pt\/wp-content\/uploads\/2026\/03\/Gallery-Nusa-tatame-400x516.jpg\" alt=\"Produits et accessoires de bien-\u00eatre Nusa Spa\" class=\"wp-image-223631\" srcset=\"https:\/\/nusa.com.pt\/wp-content\/uploads\/2026\/03\/Gallery-Nusa-tatame.jpg 479w, https:\/\/nusa.com.pt\/wp-content\/uploads\/2026\/03\/Gallery-Nusa-tatame-400x516.jpg 480w\" sizes=\"(max-width:479px) 479px, 100vw\" \/><span class=\"et_overlay\" data-icon=\"\" data-icon-tablet=\"\" data-icon-phone=\"\"><\/span><\/a><\/div><\/div><div class=\"et_pb_gallery_item et_pb_grid_item et_pb_gallery_item_0_9\"><div class=\"et_pb_gallery_image portrait\" data-per_page=\"20\"><a href=\"https:\/\/nusa.com.pt\/wp-content\/uploads\/2026\/03\/Gallery-Nusa-produtos-massagem2.jpg\" title=\"Produits naturels Massages th\u00e9rapeutiques Nusa\"><img loading=\"lazy\" decoding=\"async\" width=\"400\" height=\"516\" src=\"https:\/\/nusa.com.pt\/wp-content\/uploads\/2026\/03\/Gallery-Nusa-produtos-massagem2-400x516.jpg\" alt=\"Produits et ingr\u00e9dients naturels pour la massoth\u00e9rapie\" class=\"wp-image-223629\" srcset=\"https:\/\/nusa.com.pt\/wp-content\/uploads\/2026\/03\/Gallery-Nusa-produtos-massagem2.jpg 479w, https:\/\/nusa.com.pt\/wp-content\/uploads\/2026\/03\/Gallery-Nusa-produtos-massagem2-400x516.jpg 480w\" sizes=\"(max-width:479px) 479px, 100vw\" \/><span class=\"et_overlay\" data-icon=\"\" data-icon-tablet=\"\" data-icon-phone=\"\"><\/span><\/a><\/div><\/div><div class=\"et_pb_gallery_item et_pb_grid_item et_pb_gallery_item_0_10\"><div class=\"et_pb_gallery_image portrait\" data-per_page=\"20\"><a href=\"https:\/\/nusa.com.pt\/wp-content\/uploads\/2026\/03\/Gallery-Hbanheira-Nusa-Spa.jpg\" title=\"Baignoire Nusa Spa Lisbon\"><img loading=\"lazy\" decoding=\"async\" width=\"400\" height=\"516\" src=\"https:\/\/nusa.com.pt\/wp-content\/uploads\/2026\/03\/Gallery-Hbanheira-Nusa-Spa-400x516.jpg\" alt=\"Baignoire de luxe au Nusa Spa\" class=\"wp-image-223627\" srcset=\"https:\/\/nusa.com.pt\/wp-content\/uploads\/2026\/03\/Gallery-Hbanheira-Nusa-Spa.jpg 479w, https:\/\/nusa.com.pt\/wp-content\/uploads\/2026\/03\/Gallery-Hbanheira-Nusa-Spa-400x516.jpg 480w\" sizes=\"(max-width:479px) 479px, 100vw\" \/><span class=\"et_overlay\" data-icon=\"\" data-icon-tablet=\"\" data-icon-phone=\"\"><\/span><\/a><\/div><\/div><div class=\"et_pb_gallery_item et_pb_grid_item et_pb_gallery_item_0_11\"><div class=\"et_pb_gallery_image portrait\" data-per_page=\"20\"><a href=\"https:\/\/nusa.com.pt\/wp-content\/uploads\/2026\/03\/Gallery-Nusa-banheira.jpg\" title=\"Bain relaxant aux p\u00e9tales de fleurs Nusa Spa\"><img loading=\"lazy\" decoding=\"async\" width=\"400\" height=\"516\" src=\"https:\/\/nusa.com.pt\/wp-content\/uploads\/2026\/03\/Gallery-Nusa-banheira-400x516.jpg\" alt=\"Bain relaxant avec des p\u00e9tales de fleurs au Nusa Spa Lisboa\" class=\"wp-image-223626\" srcset=\"https:\/\/nusa.com.pt\/wp-content\/uploads\/2026\/03\/Gallery-Nusa-banheira.jpg 479w, https:\/\/nusa.com.pt\/wp-content\/uploads\/2026\/03\/Gallery-Nusa-banheira-400x516.jpg 480w\" sizes=\"(max-width:479px) 479px, 100vw\" \/><span class=\"et_overlay\" data-icon=\"\" data-icon-tablet=\"\" data-icon-phone=\"\"><\/span><\/a><\/div><\/div><div class=\"et_pb_gallery_item et_pb_grid_item et_pb_gallery_item_0_12\"><div class=\"et_pb_gallery_image portrait\" data-per_page=\"20\"><a href=\"https:\/\/nusa.com.pt\/wp-content\/uploads\/2026\/03\/Gallery-banheira-com-flores.jpg\" title=\"Ambiance sereine Bougies aromatiques Nusa Spa\"><img loading=\"lazy\" decoding=\"async\" width=\"400\" height=\"516\" src=\"https:\/\/nusa.com.pt\/wp-content\/uploads\/2026\/03\/Gallery-banheira-com-flores-400x516.jpg\" alt=\"Bougies aromatiques et atmosph\u00e8re sereine au Nusa Massage Spa\" class=\"wp-image-223620\" srcset=\"https:\/\/nusa.com.pt\/wp-content\/uploads\/2026\/03\/Gallery-banheira-com-flores.jpg 479w, https:\/\/nusa.com.pt\/wp-content\/uploads\/2026\/03\/Gallery-banheira-com-flores-400x516.jpg 480w\" sizes=\"(max-width:479px) 479px, 100vw\" \/><span class=\"et_overlay\" data-icon=\"\" data-icon-tablet=\"\" data-icon-phone=\"\"><\/span><\/a><\/div><\/div><div class=\"et_pb_gallery_item et_pb_grid_item et_pb_gallery_item_0_13\"><div class=\"et_pb_gallery_image portrait\" data-per_page=\"20\"><a href=\"https:\/\/nusa.com.pt\/wp-content\/uploads\/2026\/03\/Gallery-sala-massagem-banheira.jpg\" title=\"Nusa Spa Massage Facilities Lisbon\"><img loading=\"lazy\" decoding=\"async\" width=\"400\" height=\"516\" src=\"https:\/\/nusa.com.pt\/wp-content\/uploads\/2026\/03\/Gallery-sala-massagem-banheira-400x516.jpg\" alt=\"Nusa Spa de Massagens - installations de luxe \u00e0 Lisbonne\" class=\"wp-image-223617\" srcset=\"https:\/\/nusa.com.pt\/wp-content\/uploads\/2026\/03\/Gallery-sala-massagem-banheira.jpg 479w, https:\/\/nusa.com.pt\/wp-content\/uploads\/2026\/03\/Gallery-sala-massagem-banheira-400x516.jpg 480w\" sizes=\"(max-width:479px) 479px, 100vw\" \/><span class=\"et_overlay\" data-icon=\"\" data-icon-tablet=\"\" data-icon-phone=\"\"><\/span><\/a><\/div><\/div><div class=\"et_pb_gallery_item et_pb_grid_item et_pb_gallery_item_0_14\"><div class=\"et_pb_gallery_image portrait\" data-per_page=\"20\"><a href=\"https:\/\/nusa.com.pt\/wp-content\/uploads\/2026\/03\/Gallery-Alice-Massagem-closeup.jpg\" title=\"Massage th\u00e9rapeutique du dos Nusa Massage Spa\"><img loading=\"lazy\" decoding=\"async\" width=\"400\" height=\"516\" src=\"https:\/\/nusa.com.pt\/wp-content\/uploads\/2026\/03\/Gallery-Alice-Massagem-closeup-400x516.jpg\" alt=\"Massage th\u00e9rapeutique du dos au Nusa Massage Spa\" class=\"wp-image-223616\" srcset=\"https:\/\/nusa.com.pt\/wp-content\/uploads\/2026\/03\/Gallery-Alice-Massagem-closeup.jpg 479w, https:\/\/nusa.com.pt\/wp-content\/uploads\/2026\/03\/Gallery-Alice-Massagem-closeup-400x516.jpg 480w\" sizes=\"(max-width:479px) 479px, 100vw\" \/><span class=\"et_overlay\" data-icon=\"\" data-icon-tablet=\"\" data-icon-phone=\"\"><\/span><\/a><\/div><\/div><div class=\"et_pb_gallery_item et_pb_grid_item et_pb_gallery_item_0_15\"><div class=\"et_pb_gallery_image portrait\" data-per_page=\"20\"><a href=\"https:\/\/nusa.com.pt\/wp-content\/uploads\/2026\/03\/Gallery-NUSA-reception-detail.jpg\" title=\"Bougies et ar\u00f4mes du spa de massage Nusa\"><img loading=\"lazy\" decoding=\"async\" width=\"400\" height=\"516\" src=\"https:\/\/nusa.com.pt\/wp-content\/uploads\/2026\/03\/Gallery-NUSA-reception-detail-400x516.jpg\" alt=\"Bougies et produits aromatiques de Nusa Massage Spa\" class=\"wp-image-223615\" srcset=\"https:\/\/nusa.com.pt\/wp-content\/uploads\/2026\/03\/Gallery-NUSA-reception-detail.jpg 479w, https:\/\/nusa.com.pt\/wp-content\/uploads\/2026\/03\/Gallery-NUSA-reception-detail-400x516.jpg 480w\" sizes=\"(max-width:479px) 479px, 100vw\" \/><span class=\"et_overlay\" data-icon=\"\" data-icon-tablet=\"\" data-icon-phone=\"\"><\/span><\/a><\/div><\/div><div class=\"et_pb_gallery_item et_pb_grid_item et_pb_gallery_item_0_16\"><div class=\"et_pb_gallery_image portrait\" data-per_page=\"20\"><a href=\"https:\/\/nusa.com.pt\/wp-content\/uploads\/2026\/03\/Gallery-Mya-massage01.jpg\" title=\"Th\u00e9rapeute en massage relaxant Nusa Spa Lisbon\"><img loading=\"lazy\" decoding=\"async\" width=\"400\" height=\"516\" src=\"https:\/\/nusa.com.pt\/wp-content\/uploads\/2026\/03\/Gallery-Mya-massage01-400x516.jpg\" alt=\"Th\u00e9rapeute effectuant un massage relaxant au Nusa Spa Lisboa\" class=\"wp-image-223613\" srcset=\"https:\/\/nusa.com.pt\/wp-content\/uploads\/2026\/03\/Gallery-Mya-massage01.jpg 479w, https:\/\/nusa.com.pt\/wp-content\/uploads\/2026\/03\/Gallery-Mya-massage01-400x516.jpg 480w\" sizes=\"(max-width:479px) 479px, 100vw\" \/><span class=\"et_overlay\" data-icon=\"\" data-icon-tablet=\"\" data-icon-phone=\"\"><\/span><\/a><\/div><\/div><div class=\"et_pb_gallery_item et_pb_grid_item et_pb_gallery_item_0_17\"><div class=\"et_pb_gallery_image portrait\" data-per_page=\"20\"><a href=\"https:\/\/nusa.com.pt\/wp-content\/uploads\/2026\/03\/Gallery-room01.jpg\" title=\"Salle de massage du centre de bien-\u00eatre Nusa\"><img loading=\"lazy\" decoding=\"async\" width=\"400\" height=\"516\" src=\"https:\/\/nusa.com.pt\/wp-content\/uploads\/2026\/03\/Gallery-room01-400x516.jpg\" alt=\"Salle de massage pr\u00e9par\u00e9e au centre de bien-\u00eatre Nusa\" class=\"wp-image-223612\" srcset=\"https:\/\/nusa.com.pt\/wp-content\/uploads\/2026\/03\/Gallery-room01.jpg 479w, https:\/\/nusa.com.pt\/wp-content\/uploads\/2026\/03\/Gallery-room01-400x516.jpg 480w\" sizes=\"(max-width:479px) 479px, 100vw\" \/><span class=\"et_overlay\" data-icon=\"\" data-icon-tablet=\"\" data-icon-phone=\"\"><\/span><\/a><\/div><\/div><div class=\"et_pb_gallery_item et_pb_grid_item et_pb_gallery_item_0_18\"><div class=\"et_pb_gallery_image portrait\" data-per_page=\"20\"><a href=\"https:\/\/nusa.com.pt\/wp-content\/uploads\/2026\/03\/Honey-Massagista-do-Nusa-Massage-Spa-Lisboa-gal2.jpg\" title=\"Honey, masseuse au Nusa Massage Spa Lisbon\"><img loading=\"lazy\" decoding=\"async\" width=\"400\" height=\"516\" src=\"https:\/\/nusa.com.pt\/wp-content\/uploads\/2026\/03\/Honey-Massagista-do-Nusa-Massage-Spa-Lisboa-gal2-400x516.jpg\" alt=\"Th\u00e9rapeute au Nusa Massage Spa \u00e0 Lisbonne\" class=\"wp-image-223991\" srcset=\"https:\/\/nusa.com.pt\/wp-content\/uploads\/2026\/03\/Honey-Massagista-do-Nusa-Massage-Spa-Lisboa-gal2.jpg 479w, https:\/\/nusa.com.pt\/wp-content\/uploads\/2026\/03\/Honey-Massagista-do-Nusa-Massage-Spa-Lisboa-gal2-400x516.jpg 480w\" sizes=\"(max-width:479px) 479px, 100vw\" \/><span class=\"et_overlay\" data-icon=\"\" data-icon-tablet=\"\" data-icon-phone=\"\"><\/span><\/a><\/div><\/div><div class=\"et_pb_gallery_item et_pb_grid_item et_pb_gallery_item_0_19\"><div class=\"et_pb_gallery_image portrait\" data-per_page=\"20\"><a href=\"https:\/\/nusa.com.pt\/wp-content\/uploads\/2026\/03\/Gallery-Nusa-Massagem-Alice-closeup.jpg\" title=\"Nusa Massage Spa Therapist Lisbon\"><img loading=\"lazy\" decoding=\"async\" width=\"400\" height=\"516\" src=\"https:\/\/nusa.com.pt\/wp-content\/uploads\/2026\/03\/Gallery-Nusa-Massagem-Alice-closeup-400x516.jpg\" alt=\"Nusa Massage Spa th\u00e9rapeute \u00e0 Lisbonne souriant\" class=\"wp-image-223622\" srcset=\"https:\/\/nusa.com.pt\/wp-content\/uploads\/2026\/03\/Gallery-Nusa-Massagem-Alice-closeup.jpg 479w, https:\/\/nusa.com.pt\/wp-content\/uploads\/2026\/03\/Gallery-Nusa-Massagem-Alice-closeup-400x516.jpg 480w\" sizes=\"(max-width:479px) 479px, 100vw\" \/><span class=\"et_overlay\" data-icon=\"\" data-icon-tablet=\"\" data-icon-phone=\"\"><\/span><\/a><\/div><\/div><\/div><\/div>\n<\/div>\n<\/div>\n<\/div>","protected":false},"excerpt":{"rendered":"<p>Explore o ambiente sereno e as instala\u00e7\u00f5es do Nusa Massage Spa em Lisboa. Salas de tratamento, produtos naturais e a equipa que cuida de si.<\/p>","protected":false},"author":1,"featured_media":223794,"parent":0,"menu_order":0,"comment_status":"closed","ping_status":"closed","template":"","meta":{"footnotes":""},"class_list":["post-223604","page","type-page","status-publish","has-post-thumbnail","hentry"],"_links":{"self":[{"href":"https:\/\/nusa.com.pt\/fr\/wp-json\/wp\/v2\/pages\/223604","targetHints":{"allow":["GET"]}}],"collection":[{"href":"https:\/\/nusa.com.pt\/fr\/wp-json\/wp\/v2\/pages"}],"about":[{"href":"https:\/\/nusa.com.pt\/fr\/wp-json\/wp\/v2\/types\/page"}],"author":[{"embeddable":true,"href":"https:\/\/nusa.com.pt\/fr\/wp-json\/wp\/v2\/users\/1"}],"replies":[{"embeddable":true,"href":"https:\/\/nusa.com.pt\/fr\/wp-json\/wp\/v2\/comments?post=223604"}],"version-history":[{"count":34,"href":"https:\/\/nusa.com.pt\/fr\/wp-json\/wp\/v2\/pages\/223604\/revisions"}],"predecessor-version":[{"id":223998,"href":"https:\/\/nusa.com.pt\/fr\/wp-json\/wp\/v2\/pages\/223604\/revisions\/223998"}],"wp:featuredmedia":[{"embeddable":true,"href":"https:\/\/nusa.com.pt\/fr\/wp-json\/wp\/v2\/media\/223794"}],"wp:attachment":[{"href":"https:\/\/nusa.com.pt\/fr\/wp-json\/wp\/v2\/media?parent=223604"}],"curies":[{"name":"wp","href":"https:\/\/api.w.org\/{rel}","templated":true}]}}