{"id":346,"date":"2025-11-11T09:04:32","date_gmt":"2025-11-11T09:04:32","guid":{"rendered":"https:\/\/nusa.com.pt\/?page_id=346"},"modified":"2026-03-06T12:31:11","modified_gmt":"2026-03-06T12:31:11","slug":"preguntas-frecuentes-preguntas-frecuentes","status":"publish","type":"page","link":"https:\/\/nusa.com.pt\/es\/faqs-perguntas-frequentes\/","title":{"rendered":"FAQs - Preguntas m\u00e1s frecuentes"},"content":{"rendered":"<div class=\"et_pb_section_0 et_pb_section et_section_regular et_flex_section section_has_divider et_pb_bottom_divider zoom-header\">\n<div class=\"et_pb_row_0 et_pb_row et_flex_row\">\n<div class=\"et_pb_column_0 et_pb_column et-last-child et_flex_column et_pb_css_mix_blend_mode_passthrough et_flex_column_24_24\">\n<div class=\"et_pb_heading_0 et_pb_heading et_pb_module et_flex_module\"><div class=\"et_pb_heading_container\"><h1 class=\"et_pb_module_header\"> Faq's - Preguntas frecuentes<\/h1><\/div><\/div>\n<\/div>\n<\/div>\n<div class=\"et_pb_bottom_inside_divider et-no-transition\"><\/div><\/div>\n\n<div class=\"et_pb_section_1 et_pb_section et_section_regular et_flex_section\">\n<div class=\"et_pb_row_1 et_pb_row et_flex_row\">\n<div class=\"et_pb_column_1 et_pb_column et_flex_column et_pb_css_mix_blend_mode_passthrough et_flex_column_12_24 et_flex_column_24_24_phone et_flex_column_24_24_phoneWide\">\n<div class=\"et_pb_toggle_0 et_pb_toggle et_pb_toggle_item et_pb_toggle_close et_pb_module et_flex_module\"><h5 class=\"et_pb_toggle_title\">\u00bfQu\u00e9 tipos de masajes se ofrecen en el Nusa Massage Spa?<\/h5><div class=\"et_pb_toggle_content clearfix et_flex_module\"><p>Ofrecemos una amplia selecci\u00f3n de masajes terap\u00e9uticos y de relajaci\u00f3n, incluyendo Masaje de Relajaci\u00f3n, Tejido Profundo, Masaje Tailand\u00e9s, Masaje a Cuatro Manos, Masaje en Pareja, Lomi Lomi, Masaje con Piedras Calientes, Reflexolog\u00eda, Abhyanga y Masaje con Velas Calientes, entre otros tratamientos especiales.<\/p>\n<\/div><\/div>\n\n<div class=\"et_pb_toggle_1 et_pb_toggle et_pb_toggle_item et_pb_toggle_close et_pb_module et_flex_module\"><h5 class=\"et_pb_toggle_title\">\u00bfCu\u00e1nto duran las sesiones de masaje?<\/h5><div class=\"et_pb_toggle_content clearfix et_flex_module\"><p>Las sesiones suelen durar 40, 60 o 90 minutos, dependiendo del tratamiento elegido. P\u00f3ngase en contacto con nosotros a trav\u00e9s de WhatsApp para encontrar la opci\u00f3n m\u00e1s adecuada para usted.<\/p>\n<\/div><\/div>\n\n<div class=\"et_pb_toggle_2 et_pb_toggle et_pb_toggle_item et_pb_toggle_close et_pb_module et_flex_module\"><h5 class=\"et_pb_toggle_title\">\u00bfCu\u00e1les son los precios de los masajes?<\/h5><div class=\"et_pb_toggle_content clearfix et_flex_module\"><p>Los precios var\u00edan seg\u00fan el tratamiento y la duraci\u00f3n elegida. P\u00f3ngase en contacto con nosotros por WhatsApp para recibir la lista de precios completa y una propuesta personalizada.<\/p>\n<\/div><\/div>\n\n<div class=\"et_pb_toggle_3 et_pb_toggle et_pb_toggle_item et_pb_toggle_close et_pb_module et_flex_module\"><h5 class=\"et_pb_toggle_title\">\u00bfEs necesario reservar con antelaci\u00f3n?<\/h5><div class=\"et_pb_toggle_content clearfix et_flex_module\"><p>Siempre recomendamos reservar con antelaci\u00f3n para garantizar la disponibilidad. Puedes reservar r\u00e1pidamente por WhatsApp: respondemos en cuesti\u00f3n de minutos.<\/p>\n<\/div><\/div>\n\n<div class=\"et_pb_toggle_4 et_pb_toggle et_pb_toggle_item et_pb_toggle_close et_pb_module et_flex_module\"><h5 class=\"et_pb_toggle_title\">\u00bfPuedo elegir a mi terapeuta?<\/h5><div class=\"et_pb_toggle_content clearfix et_flex_module\"><p>S\u00ed, puede solicitar un terapeuta espec\u00edfico al reservar su sesi\u00f3n. Haremos todo lo posible por satisfacer sus preferencias, siempre que haya disponibilidad.<\/p>\n<\/div><\/div>\n\n<div class=\"et_pb_toggle_5 et_pb_toggle et_pb_toggle_item et_pb_toggle_close et_pb_module et_flex_module\"><h5 class=\"et_pb_toggle_title\">\u00bfOfrece Nusa Massage Spa servicios de masaje en hoteles?<\/h5><div class=\"et_pb_toggle_content clearfix et_flex_module\"><p>S\u00ed, nuestros terapeutas ir\u00e1n a su hotel en Lisboa y convertir\u00e1n su habitaci\u00f3n en un spa privado. Solo tienes que enviarnos un mensaje de WhatsApp con el nombre de tu hotel y te confirmaremos la disponibilidad en cuesti\u00f3n de minutos.<\/p>\n<\/div><\/div>\n\n<div class=\"et_pb_toggle_6 et_pb_toggle et_pb_toggle_item et_pb_toggle_close et_pb_module et_flex_module\"><h5 class=\"et_pb_toggle_title\">\u00bfQu\u00e9 ropa debo llevar durante el masaje?<\/h5><div class=\"et_pb_toggle_content clearfix et_flex_module\"><p>No se preocupe: se le proporcionar\u00e1 un albornoz, zapatillas y toallas limpias para garantizar su comodidad e intimidad durante toda la sesi\u00f3n.<\/p>\n<\/div><\/div>\n\n<div class=\"et_pb_toggle_7 et_pb_toggle et_pb_toggle_item et_pb_toggle_close et_pb_module et_flex_module\"><h5 class=\"et_pb_toggle_title\">\u00bfQu\u00e9 productos se utilizan en los masajes?<\/h5><div class=\"et_pb_toggle_content clearfix et_flex_module\"><p>Utilizamos una selecci\u00f3n premium de productos naturales, incluyendo las marcas Ritualis (91% natural), Atelier do Sab\u00e3o (98% natural) y Sanctuary Luxury Spa. Su piel est\u00e1 en buenas manos.<\/p>\n<\/div><\/div>\n\n<div class=\"et_pb_toggle_8 et_pb_toggle et_pb_toggle_item et_pb_toggle_close et_pb_module et_flex_module\"><h5 class=\"et_pb_toggle_title\">\u00bfPuedo hablar durante el masaje?<\/h5><div class=\"et_pb_toggle_content clearfix et_flex_module\"><p>Por supuesto, pero no es obligatorio. Muchos clientes prefieren relajarse en silencio, a otros les gusta charlar. La sesi\u00f3n se adapta completamente a su estado de \u00e1nimo.<\/p>\n<\/div><\/div>\n\n<div class=\"et_pb_toggle_9 et_pb_toggle et_pb_toggle_item et_pb_toggle_close et_pb_module et_flex_module\"><h5 class=\"et_pb_toggle_title\">\u00bfDebo comer antes del masaje?<\/h5><div class=\"et_pb_toggle_content clearfix et_flex_module\"><p>Se recomienda evitar las comidas copiosas en las dos horas anteriores a la sesi\u00f3n. Una comida ligera es perfectamente aceptable.<\/p>\n<\/div><\/div>\n\n<div class=\"et_pb_toggle_10 et_pb_toggle et_pb_toggle_item et_pb_toggle_close et_pb_module et_flex_module\"><h5 class=\"et_pb_toggle_title\">\u00bfQu\u00e9 hoteles de Lisboa ofrecen servicio de masajes a domicilio?<\/h5><div class=\"et_pb_toggle_content clearfix et_flex_module\"><p>Nos desplazamos a cualquier hotel del centro de Lisboa. S\u00f3lo tiene que enviarnos el nombre y la direcci\u00f3n de su hotel por WhatsApp y le confirmaremos la disponibilidad en cuesti\u00f3n de minutos.<\/p>\n<\/div><\/div>\n<\/div>\n\n<div class=\"et_pb_column_2 et_pb_column et-last-child et_flex_column et_pb_css_mix_blend_mode_passthrough et_flex_column_12_24 et_flex_column_24_24_phone et_flex_column_24_24_phoneWide\">\n<div class=\"et_pb_toggle_11 et_pb_toggle et_pb_toggle_item et_pb_toggle_close et_pb_module et_flex_module\"><h5 class=\"et_pb_toggle_title\">\u00bfC\u00f3mo se garantiza la higiene de las instalaciones?<\/h5><div class=\"et_pb_toggle_content clearfix et_flex_module\"><p>Despu\u00e9s de cada sesi\u00f3n, las salas se limpian y desinfectan a fondo. Todas las toallas y batas se lavan con productos oxigenados, garantizando siempre una experiencia fresca, limpia y segura.<\/p>\n<\/div><\/div>\n\n<div class=\"et_pb_toggle_12 et_pb_toggle et_pb_toggle_item et_pb_toggle_close et_pb_module et_flex_module\"><h5 class=\"et_pb_toggle_title\">\u00bfHay alg\u00fan problema de salud que le impida recibir un masaje?<\/h5><div class=\"et_pb_toggle_content clearfix et_flex_module\"><p>Algunas condiciones de salud pueden requerir cuidados espec\u00edficos o contraindicar determinados tratamientos. Le recomendamos que nos informe de cualquier condici\u00f3n de salud relevante al reservar su sesi\u00f3n, para que podamos aconsejarle sobre el tratamiento m\u00e1s adecuado y seguro para usted.<\/p>\n<\/div><\/div>\n\n<div class=\"et_pb_toggle_13 et_pb_toggle et_pb_toggle_item et_pb_toggle_close et_pb_module et_flex_module\"><h5 class=\"et_pb_toggle_title\">\u00bfOfrecen masajes para parejas?<\/h5><div class=\"et_pb_toggle_content clearfix et_flex_module\"><p><em>S\u00ed, nuestro Masaje en Pareja es una experiencia sincronizada para dos, realizada por dos terapeutas especializados al mismo tiempo. Una experiencia inolvidable para compartir.<\/em><\/p>\n<\/div><\/div>\n\n<div class=\"et_pb_toggle_14 et_pb_toggle et_pb_toggle_item et_pb_toggle_close et_pb_module et_flex_module\"><h5 class=\"et_pb_toggle_title\">\u00bfDisponen de aparcamiento?<\/h5><div class=\"et_pb_toggle_content clearfix et_flex_module\"><p>No disponemos de aparcamiento propio, pero hay varios aparcamientos p\u00fablicos cerca del balneario, en la zona de Saldanha.<\/p>\n<\/div><\/div>\n\n<div class=\"et_pb_toggle_15 et_pb_toggle et_pb_toggle_item et_pb_toggle_close et_pb_module et_flex_module\"><h5 class=\"et_pb_toggle_title\">\u00bfC\u00f3mo puedo reservar una sesi\u00f3n?<\/h5><div class=\"et_pb_toggle_content clearfix et_flex_module\"><p>La forma m\u00e1s r\u00e1pida es a trav\u00e9s de WhatsApp: te responderemos en cuesti\u00f3n de minutos y nos encargaremos de todo. Tambi\u00e9n puedes llamarnos al +351 935 676 279 o rellenar el formulario de nuestra p\u00e1gina de contacto.<\/p>\n<\/div><\/div>\n\n<div class=\"et_pb_toggle_16 et_pb_toggle et_pb_toggle_item et_pb_toggle_close et_pb_module et_flex_module\"><h5 class=\"et_pb_toggle_title\">\u00bfVenden cheques regalo?<\/h5><div class=\"et_pb_toggle_content clearfix et_flex_module\"><p>S\u00ed, ofrecemos cheques regalo para que puedas ofrecer una experiencia de bienestar a tus seres queridos. Contacta con nosotros por WhatsApp para m\u00e1s informaci\u00f3n.<\/p>\n<\/div><\/div>\n\n<div class=\"et_pb_toggle_17 et_pb_toggle et_pb_toggle_item et_pb_toggle_close et_pb_module et_flex_module\"><h5 class=\"et_pb_toggle_title\">\u00bfC\u00f3mo llegar al Nusa Massage Spa de Lisboa?<\/h5><div class=\"et_pb_toggle_content clearfix et_flex_module\"><p>Estamos situados en la Av. Defensores de Chaves 15, Piso 6A, en la zona de Saldanha, en Lisboa. La estaci\u00f3n de metro m\u00e1s cercana es Saldanha, servida por las l\u00edneas Amarilla y Roja. Consulte Google Maps para obtener indicaciones detalladas.<\/p>\n<\/div><\/div>\n\n<div class=\"et_pb_toggle_18 et_pb_toggle et_pb_toggle_item et_pb_toggle_close et_pb_module et_flex_module\"><h5 class=\"et_pb_toggle_title\">Es mi primer masaje, \u00bfqu\u00e9 puedo esperar?<\/h5><div class=\"et_pb_toggle_content clearfix et_flex_module\"><p>No hay de qu\u00e9 preocuparse. Su terapeuta le dar\u00e1 la bienvenida y hablar\u00e1 brevemente de sus necesidades antes de la sesi\u00f3n. Todo se hace a su ritmo y comodidad: en cualquier momento puede indicar sus preferencias de presi\u00f3n y las zonas que desea trabajar.<\/p>\n<\/div><\/div>\n\n<div class=\"et_pb_toggle_19 et_pb_toggle et_pb_toggle_item et_pb_toggle_close et_pb_module et_flex_module\"><h5 class=\"et_pb_toggle_title\">\u00bfCu\u00e1l es el horario de apertura?<\/h5><div class=\"et_pb_toggle_content clearfix et_flex_module\"><p>Abrimos de lunes a s\u00e1bado de 9.30 a 21.30 y los domingos de 11.00 a 21.30.<\/p>\n<\/div><\/div>\n\n<div class=\"et_pb_toggle_20 et_pb_toggle et_pb_toggle_item et_pb_toggle_close et_pb_module et_flex_module\"><h5 class=\"et_pb_toggle_title\">\u00bfPuedo regalar un masaje?<\/h5><div class=\"et_pb_toggle_content clearfix et_flex_module\"><p>S\u00ed, nuestros cheques regalo son un regalo \u00fanico y memorable para cumplea\u00f1os, San Valent\u00edn, D\u00eda de la Madre o simplemente para mimar a alguien especial. P\u00f3ngase en contacto con nosotros por WhatsApp para m\u00e1s detalles.<\/p>\n<\/div><\/div>\n\n<div class=\"et_pb_toggle_21 et_pb_toggle et_pb_toggle_item et_pb_toggle_close et_pb_module et_flex_module\"><h5 class=\"et_pb_toggle_title\">\u00bfCon cu\u00e1nta antelaci\u00f3n debo reservar el servicio de masajes en el hotel?<\/h5><div class=\"et_pb_toggle_content clearfix et_flex_module\"><p>Recomendamos reservar con al menos unas horas de antelaci\u00f3n, aunque a menudo podemos responder a peticiones de \u00faltima hora. P\u00f3ngase en contacto con nosotros por WhatsApp para comprobar la disponibilidad inmediata.<\/p>\n<\/div><\/div>\n<\/div>\n<\/div>\n\n<div class=\"et_pb_row_2 et_pb_row et_flex_row\">\n<div class=\"et_pb_column_3 et_pb_column et-last-child et_flex_column et_pb_css_mix_blend_mode_passthrough et_flex_column_24_24\">\n<div class=\"et_pb_module et_pb_button_module_wrapper et_pb_button_0_wrapper\"><a class=\"et_pb_button_0 et_pb_button et_pb_bg_layout_dark et_pb_module et_flex_module\" href=\"https:\/\/wa.me\/351935676279?text=Ol\u00e1!%20Tenho%20uma%20quest\u00e3o%20que%20n\u00e3o%20encontrei%20nas%20FAQs%20do%20Nusa%20Massage%20Spa.%20Podem%20ajudar-me%3F\" target=\"_blank\" data-icon=\"\uf232\" rel=\"noopener\">\u00bfNo encuentras la respuesta a tu pregunta? H\u00e1blenos por WhatsApp: le responderemos en unos minutos.<\/a><\/div>\n<\/div>\n<\/div>\n<\/div>","protected":false},"excerpt":{"rendered":"<p>FAQs &#8211; Perguntas Frequentes sobre o Spa. Respostas claras e completas sobre os t\u00f3picos mais comuns relacionados com o Spa.<\/p>","protected":false},"author":1,"featured_media":223772,"parent":0,"menu_order":0,"comment_status":"closed","ping_status":"closed","template":"","meta":{"footnotes":""},"class_list":["post-346","page","type-page","status-publish","has-post-thumbnail","hentry"],"_links":{"self":[{"href":"https:\/\/nusa.com.pt\/es\/wp-json\/wp\/v2\/pages\/346","targetHints":{"allow":["GET"]}}],"collection":[{"href":"https:\/\/nusa.com.pt\/es\/wp-json\/wp\/v2\/pages"}],"about":[{"href":"https:\/\/nusa.com.pt\/es\/wp-json\/wp\/v2\/types\/page"}],"author":[{"embeddable":true,"href":"https:\/\/nusa.com.pt\/es\/wp-json\/wp\/v2\/users\/1"}],"replies":[{"embeddable":true,"href":"https:\/\/nusa.com.pt\/es\/wp-json\/wp\/v2\/comments?post=346"}],"version-history":[{"count":47,"href":"https:\/\/nusa.com.pt\/es\/wp-json\/wp\/v2\/pages\/346\/revisions"}],"predecessor-version":[{"id":223760,"href":"https:\/\/nusa.com.pt\/es\/wp-json\/wp\/v2\/pages\/346\/revisions\/223760"}],"wp:featuredmedia":[{"embeddable":true,"href":"https:\/\/nusa.com.pt\/es\/wp-json\/wp\/v2\/media\/223772"}],"wp:attachment":[{"href":"https:\/\/nusa.com.pt\/es\/wp-json\/wp\/v2\/media?parent=346"}],"curies":[{"name":"wp","href":"https:\/\/api.w.org\/{rel}","templated":true}]}}