{"id":223874,"date":"2026-03-06T20:04:51","date_gmt":"2026-03-06T20:04:51","guid":{"rendered":"https:\/\/nusa.com.pt\/?page_id=223874"},"modified":"2026-03-06T20:37:55","modified_gmt":"2026-03-06T20:37:55","slug":"masaje-tibetano-mahayana","status":"publish","type":"page","link":"https:\/\/nusa.com.pt\/es\/massagem-tibetana-mahayana\/","title":{"rendered":"Masaje Tibetano Mahayana"},"content":{"rendered":"<div class=\"et_pb_section_0 et_pb_section et_section_regular et_flex_section section_has_divider et_pb_bottom_divider zoom-header\">\n<div class=\"et_pb_row_0 et_pb_row et_flex_row\">\n<div class=\"et_pb_column_0 et_pb_column et-last-child et_flex_column et_pb_css_mix_blend_mode_passthrough et_flex_column_24_24\">\n<div class=\"et_pb_heading_0 et_pb_heading et_pb_module et_flex_module\"><div class=\"et_pb_heading_container\"><h1 class=\"et_pb_module_header\">Masaje tibetano Mahayana en Lisboa<\/h1><\/div><\/div>\n<\/div>\n<\/div>\n<div class=\"et_pb_bottom_inside_divider et-no-transition\"><\/div><\/div>\n\n<div class=\"et_pb_section_1 et_pb_section et_section_regular et_flex_section\">\n<div class=\"et_pb_row_1 et_pb_row et_flex_row\">\n<div class=\"et_pb_column_1 et_pb_column et-last-child et_flex_column et_pb_css_mix_blend_mode_passthrough et_flex_column_24_24\">\n<div class=\"et_pb_heading_1 et_pb_heading et_pb_module et_flex_module\"><div class=\"et_pb_heading_container\"><h2 class=\"et_pb_module_header\">Una ceremonia ancestral de equilibrio y transformaci\u00f3n<\/h2><\/div><\/div>\n<\/div>\n<\/div>\n\n<div class=\"et_pb_row_2 et_pb_row et_flex_row\">\n<div class=\"et_pb_column_2 et_pb_column et-last-child et_flex_column et_pb_css_mix_blend_mode_passthrough et_flex_column_24_24\">\n<div class=\"et_pb_text_0 et_pb_text et_pb_bg_layout_light et_pb_module et_flex_module\"><div class=\"et_pb_text_inner\"><p>El masaje tibetano Mahayana es una de las pr\u00e1cticas de bienestar m\u00e1s antiguas y profundas de Oriente. Inspirado en la tradici\u00f3n budista tibetana, este masaje combina t\u00e9cnicas ancestrales de presi\u00f3n suave, movimientos meditativos y trabajo energ\u00e9tico para liberar los bloqueos f\u00edsicos y emocionales acumulados, restableciendo el equilibrio natural del cuerpo y la mente.<\/p>\n<\/div><\/div>\n<\/div>\n<\/div>\n\n<div class=\"et_pb_row_3 et_pb_row et_flex_row\">\n<div class=\"et_pb_column_3 et_pb_column et-last-child et_flex_column et_pb_css_mix_blend_mode_passthrough et_flex_column_24_24\">\n<div class=\"et_pb_heading_2 et_pb_heading et_pb_module et_flex_module\"><div class=\"et_pb_heading_container\"><h3 class=\"et_pb_module_header\">Una experiencia de cuerpo y mente<\/h3><\/div><\/div>\n\n<div class=\"et_pb_text_1 et_pb_text et_pb_bg_layout_light et_pb_module et_flex_module\"><div class=\"et_pb_text_inner\"><p>A diferencia de un masaje convencional, el Mahayana tibetano se experimenta como un ritual, un momento de entrega total en el que cada toque es intencionado y cada movimiento sigue el flujo natural de la energ\u00eda corporal. El terapeuta trabaja con presiones suaves y r\u00edtmicas a lo largo de los meridianos energ\u00e9ticos, fomentando una sensaci\u00f3n de ligereza, claridad mental y paz interior que persiste mucho despu\u00e9s de la sesi\u00f3n.<\/p>\n<\/div><\/div>\n<\/div>\n<\/div>\n\n<div class=\"et_pb_row_4 et_pb_row et_flex_row\">\n<div class=\"et_pb_column_4 et_pb_column et-last-child et_flex_column et_pb_css_mix_blend_mode_passthrough et_flex_column_24_24\">\n<div class=\"et_pb_heading_3 et_pb_heading et_pb_module et_flex_module\"><div class=\"et_pb_heading_container\"><h3 class=\"et_pb_module_header\">Su sesi\u00f3n en Nusa<\/h3><\/div><\/div>\n\n<div class=\"et_pb_text_2 et_pb_text et_pb_bg_layout_light et_pb_module et_flex_module\"><div class=\"et_pb_text_inner\"><p>En el Nusa Massage Spa de Lisboa, el Masaje Tibetano Mahayana se realiza en un ambiente sereno y acogedor, con aceites naturales cuidadosamente seleccionados para potenciar sus beneficios. Una experiencia transformadora para quienes buscan ir m\u00e1s all\u00e1 de la relajaci\u00f3n f\u00edsica y reconectar consigo mismos a un nivel m\u00e1s profundo. Disponible en sesiones de 40, 60 o 90 minutos.<\/p>\n<\/div><\/div>\n<\/div>\n<\/div>\n\n<div class=\"et_pb_row_5 et_pb_row et_flex_row\">\n<div class=\"et_pb_column_5 et_pb_column et-last-child et_flex_column et_pb_css_mix_blend_mode_passthrough et_flex_column_24_24\">\n<div class=\"et_pb_module et_pb_button_module_wrapper et_pb_button_0_wrapper\"><a class=\"et_pb_button_0 et_pb_button et_pb_bg_layout_dark et_pb_module et_flex_module\" href=\"https:\/\/wa.me\/351935676279?text=Ol%C3%A1%21%20Gostaria%20de%20saber%20mais%20sobre%20a%20Massagem%20Tibetana%20Mahayana%20no%20Nusa%20Massage%20Spa%20em%20Lisboa.\" target=\"_blank\" data-icon=\"\uf232\" rel=\"noopener\">Reserva hoy mismo tu sesi\u00f3n de Masaje Tibetano Mahayana - contacta con nosotros por WhatsApp.<\/a><\/div>\n<\/div>\n<\/div>\n<\/div>","protected":false},"excerpt":{"rendered":"<p>Descubra a Massagem Tibetana Mahayana no Nusa Massage Spa em Lisboa. Uma cerim\u00f3nia ancestral de equil\u00edbrio e transforma\u00e7\u00e3o interior. Reserve j\u00e1 pelo WhatsApp.<\/p>","protected":false},"author":1,"featured_media":223882,"parent":0,"menu_order":0,"comment_status":"closed","ping_status":"closed","template":"","meta":{"footnotes":""},"class_list":["post-223874","page","type-page","status-publish","has-post-thumbnail","hentry"],"_links":{"self":[{"href":"https:\/\/nusa.com.pt\/es\/wp-json\/wp\/v2\/pages\/223874","targetHints":{"allow":["GET"]}}],"collection":[{"href":"https:\/\/nusa.com.pt\/es\/wp-json\/wp\/v2\/pages"}],"about":[{"href":"https:\/\/nusa.com.pt\/es\/wp-json\/wp\/v2\/types\/page"}],"author":[{"embeddable":true,"href":"https:\/\/nusa.com.pt\/es\/wp-json\/wp\/v2\/users\/1"}],"replies":[{"embeddable":true,"href":"https:\/\/nusa.com.pt\/es\/wp-json\/wp\/v2\/comments?post=223874"}],"version-history":[{"count":9,"href":"https:\/\/nusa.com.pt\/es\/wp-json\/wp\/v2\/pages\/223874\/revisions"}],"predecessor-version":[{"id":223886,"href":"https:\/\/nusa.com.pt\/es\/wp-json\/wp\/v2\/pages\/223874\/revisions\/223886"}],"wp:featuredmedia":[{"embeddable":true,"href":"https:\/\/nusa.com.pt\/es\/wp-json\/wp\/v2\/media\/223882"}],"wp:attachment":[{"href":"https:\/\/nusa.com.pt\/es\/wp-json\/wp\/v2\/media?parent=223874"}],"curies":[{"name":"wp","href":"https:\/\/api.w.org\/{rel}","templated":true}]}}