{"id":223864,"date":"2026-03-06T19:29:06","date_gmt":"2026-03-06T19:29:06","guid":{"rendered":"https:\/\/nusa.com.pt\/?page_id=223864"},"modified":"2026-03-06T19:40:36","modified_gmt":"2026-03-06T19:40:36","slug":"masaje-a-cuatro-manos","status":"publish","type":"page","link":"https:\/\/nusa.com.pt\/es\/massagem-quatro-maos\/","title":{"rendered":"Masaje a cuatro manos en Lisboa"},"content":{"rendered":"<div class=\"et_pb_section_0 et_pb_section et_section_regular et_flex_section section_has_divider et_pb_bottom_divider zoom-header\">\n<div class=\"et_pb_row_0 et_pb_row et_flex_row\">\n<div class=\"et_pb_column_0 et_pb_column et-last-child et_flex_column et_pb_css_mix_blend_mode_passthrough et_flex_column_24_24\">\n<div class=\"et_pb_heading_0 et_pb_heading et_pb_module et_flex_module\"><div class=\"et_pb_heading_container\"><h1 class=\"et_pb_module_header\">Masaje a cuatro manos en Lisboa\n<\/h1><\/div><\/div>\n<\/div>\n<\/div>\n<div class=\"et_pb_bottom_inside_divider et-no-transition\"><\/div><\/div>\n\n<div class=\"et_pb_section_1 et_pb_section et_section_regular et_flex_section\">\n<div class=\"et_pb_row_1 et_pb_row et_flex_row\">\n<div class=\"et_pb_column_1 et_pb_column et-last-child et_flex_column et_pb_css_mix_blend_mode_passthrough et_flex_column_24_24\">\n<div class=\"et_pb_heading_1 et_pb_heading et_pb_module et_flex_module\"><div class=\"et_pb_heading_container\"><h2 class=\"et_pb_module_header\">Dos terapeutas, cuatro manos, una experiencia inolvidable<\/h2><\/div><\/div>\n<\/div>\n<\/div>\n\n<div class=\"et_pb_row_2 et_pb_row et_flex_row\">\n<div class=\"et_pb_column_2 et_pb_column et-last-child et_flex_column et_pb_css_mix_blend_mode_passthrough et_flex_column_24_24\">\n<div class=\"et_pb_text_0 et_pb_text et_pb_bg_layout_light et_pb_module et_flex_module\"><div class=\"et_pb_text_inner\"><p>Imag\u00ednese tumbado en completo silencio mientras cuatro manos se mueven en perfecta sincron\u00eda por todo su cuerpo. El masaje a cuatro manos es exactamente eso: dos terapeutas especializados trabajando simult\u00e1neamente, creando una experiencia sensorial que el cerebro simplemente no puede seguir. \u00bfEl resultado? Una relajaci\u00f3n profunda e inmediata, imposible de conseguir de otro modo.<\/p>\n<\/div><\/div>\n<\/div>\n<\/div>\n\n<div class=\"et_pb_row_3 et_pb_row et_flex_row\">\n<div class=\"et_pb_column_3 et_pb_column et-last-child et_flex_column et_pb_css_mix_blend_mode_passthrough et_flex_column_24_24\">\n<div class=\"et_pb_heading_2 et_pb_heading et_pb_module et_flex_module\"><div class=\"et_pb_heading_container\"><h3 class=\"et_pb_module_header\">Qu\u00e9 hace que este masaje sea tan especial<\/h3><\/div><\/div>\n\n<div class=\"et_pb_text_1 et_pb_text et_pb_bg_layout_light et_pb_module et_flex_module\"><div class=\"et_pb_text_inner\"><p>Cuando el cerebro recibe est\u00edmulos simult\u00e1neos de dos lados del cuerpo, desconecta autom\u00e1ticamente el pensamiento anal\u00edtico y se entrega a la relajaci\u00f3n total. Por eso el masaje a cuatro manos se considera una de las experiencias de bienestar m\u00e1s intensas y transformadoras, no s\u00f3lo por el tacto, sino por el estado mental \u00fanico que provoca.<\/p>\n<\/div><\/div>\n<\/div>\n<\/div>\n\n<div class=\"et_pb_row_4 et_pb_row et_flex_row\">\n<div class=\"et_pb_column_4 et_pb_column et-last-child et_flex_column et_pb_css_mix_blend_mode_passthrough et_flex_column_24_24\">\n<div class=\"et_pb_heading_3 et_pb_heading et_pb_module et_flex_module\"><div class=\"et_pb_heading_container\"><h3 class=\"et_pb_module_header\">Su sesi\u00f3n en Nusa<\/h3><\/div><\/div>\n\n<div class=\"et_pb_text_2 et_pb_text et_pb_bg_layout_light et_pb_module et_flex_module\"><div class=\"et_pb_text_inner\"><p>En Nusa Massage Spa, en Lisboa, nuestras terapeutas Alice, Honey y Mya realizan este masaje en perfecta armon\u00eda: movimientos fluidos, presi\u00f3n adaptada a sus necesidades y una atenci\u00f3n al detalle que convierte cada sesi\u00f3n en una experiencia \u00fanica. Disponible en sesiones de 40, 60 o 90 minutos.<\/p>\n<\/div><\/div>\n<\/div>\n<\/div>\n\n<div class=\"et_pb_row_5 et_pb_row et_flex_row\">\n<div class=\"et_pb_column_5 et_pb_column et-last-child et_flex_column et_pb_css_mix_blend_mode_passthrough et_flex_column_24_24\">\n<div class=\"et_pb_module et_pb_button_module_wrapper et_pb_button_0_wrapper\"><a class=\"et_pb_button_0 et_pb_button et_pb_bg_layout_dark et_pb_module et_flex_module\" href=\"https:\/\/wa.me\/351935676279?text=Ol%C3%A1%21%20Gostaria%20de%20saber%20mais%20sobre%20a%20Massagem%20a%20Quatro%20M%C3%A3os%20no%20Nusa%20Massage%20Spa%20em%20Lisboa.\" target=\"_blank\" data-icon=\"\uf232\" rel=\"noopener\">Reserva hoy mismo tu sesi\u00f3n de masaje a cuatro manos - contacta con nosotros por WhatsApp<\/a><\/div>\n<\/div>\n<\/div>\n<\/div>","protected":false},"excerpt":{"rendered":"<p>Masaje a cuatro manos en Lisboa en el Nusa Massage Spa. Dos terapeutas en perfecta sincronizaci\u00f3n para una relajaci\u00f3n profunda y \u00fanica. Reserva por WhatsApp.<\/p>","protected":false},"author":1,"featured_media":223778,"parent":0,"menu_order":0,"comment_status":"closed","ping_status":"closed","template":"","meta":{"footnotes":""},"class_list":["post-223864","page","type-page","status-publish","has-post-thumbnail","hentry"],"_links":{"self":[{"href":"https:\/\/nusa.com.pt\/es\/wp-json\/wp\/v2\/pages\/223864","targetHints":{"allow":["GET"]}}],"collection":[{"href":"https:\/\/nusa.com.pt\/es\/wp-json\/wp\/v2\/pages"}],"about":[{"href":"https:\/\/nusa.com.pt\/es\/wp-json\/wp\/v2\/types\/page"}],"author":[{"embeddable":true,"href":"https:\/\/nusa.com.pt\/es\/wp-json\/wp\/v2\/users\/1"}],"replies":[{"embeddable":true,"href":"https:\/\/nusa.com.pt\/es\/wp-json\/wp\/v2\/comments?post=223864"}],"version-history":[{"count":4,"href":"https:\/\/nusa.com.pt\/es\/wp-json\/wp\/v2\/pages\/223864\/revisions"}],"predecessor-version":[{"id":223869,"href":"https:\/\/nusa.com.pt\/es\/wp-json\/wp\/v2\/pages\/223864\/revisions\/223869"}],"wp:featuredmedia":[{"embeddable":true,"href":"https:\/\/nusa.com.pt\/es\/wp-json\/wp\/v2\/media\/223778"}],"wp:attachment":[{"href":"https:\/\/nusa.com.pt\/es\/wp-json\/wp\/v2\/media?parent=223864"}],"curies":[{"name":"wp","href":"https:\/\/api.w.org\/{rel}","templated":true}]}}