{"id":223826,"date":"2026-03-06T14:53:58","date_gmt":"2026-03-06T14:53:58","guid":{"rendered":"https:\/\/nusa.com.pt\/?page_id=223826"},"modified":"2026-03-23T11:22:31","modified_gmt":"2026-03-23T11:22:31","slug":"masajes-relajantes-y-terapeuticos-en-la-baixa-de-lisboa","status":"publish","type":"page","link":"https:\/\/nusa.com.pt\/es\/massagens-relaxantes-e-terapeuticas-na-baixa-de-lisboa\/","title":{"rendered":"Masajes relajantes y terap\u00e9uticos en Baixa de Lisboa"},"content":{"rendered":"<div class=\"et_pb_section_0 et_pb_section et_section_regular et_flex_section section_has_divider et_pb_bottom_divider zoom-header\">\n<div class=\"et_pb_row_0 et_pb_row et_flex_row\">\n<div class=\"et_pb_column_0 et_pb_column et-last-child et_flex_column et_pb_css_mix_blend_mode_passthrough et_flex_column_24_24\">\n<div class=\"et_pb_heading_0 et_pb_heading et_pb_module et_flex_module\"><div class=\"et_pb_heading_container\"><h1 class=\"et_pb_module_header\">Masajes relajantes y terap\u00e9uticos en Baixa de Lisboa<\/h1><\/div><\/div>\n<\/div>\n<\/div>\n<div class=\"et_pb_bottom_inside_divider et-no-transition\"><\/div><\/div>\n\n<div class=\"et_pb_section_1 et_pb_section et_section_regular et_flex_section\">\n<div class=\"et_pb_row_1 et_pb_row et_flex_row\">\n<div class=\"et_pb_column_1 et_pb_column et-last-child et_flex_column et_pb_css_mix_blend_mode_passthrough et_flex_column_24_24\">\n<div class=\"et_pb_heading_1 et_pb_heading et_pb_module et_flex_module\"><div class=\"et_pb_heading_container\"><h2 class=\"et_pb_module_header\">Masajes en el Spa o en Su Hotel en la Baixa de Lisboa<\/h2><\/div><\/div>\n<\/div>\n<\/div>\n\n<div class=\"et_pb_row_2 et_pb_row et_flex_row\">\n<div class=\"et_pb_column_2 et_pb_column et-last-child et_flex_column et_pb_css_mix_blend_mode_passthrough et_flex_column_24_24\">\n<div class=\"et_pb_heading_2 et_pb_heading et_pb_module et_flex_module\"><div class=\"et_pb_heading_container\"><h3 class=\"et_pb_module_header\">Baixa de Lisboa - Elegancia en el coraz\u00f3n de Lisboa<\/h3><\/div><\/div>\n\n<div class=\"et_pb_text_0 et_pb_text et_pb_bg_layout_light et_pb_module et_flex_module\"><div class=\"et_pb_text_inner\"><div><span>La Baixa de Lisboa es el coraz\u00f3n hist\u00f3rico de la ciudad: la Pra\u00e7a do Com\u00e9rcio, la Rua Augusta, el Terreiro do Pa\u00e7o y una vibrante energ\u00eda de turistas y lisboetas por igual. Es una de las zonas m\u00e1s visitadas de la ciudad y tambi\u00e9n una de las m\u00e1s cansadas de explorar a pie.<\/span><\/div>\n<\/div><\/div>\n<\/div>\n<\/div>\n\n<div class=\"et_pb_row_3 et_pb_row et_flex_row\">\n<div class=\"et_pb_column_3 et_pb_column et-last-child et_flex_column et_pb_css_mix_blend_mode_passthrough et_flex_column_24_24\">\n<div class=\"et_pb_heading_3 et_pb_heading et_pb_module et_flex_module\"><div class=\"et_pb_heading_container\"><h3 class=\"et_pb_module_header\">Su masaje a pocos minutos del centro de Lisboa<\/h3><\/div><\/div>\n\n<div class=\"et_pb_text_1 et_pb_text et_pb_bg_layout_light et_pb_module et_flex_module\"><div class=\"et_pb_text_inner\"><div>\n<p style=\"font-weight: 400;\">Despu\u00e9s de horas caminando por las calles de Baixa, visitando monumentos o descubriendo la gastronom\u00eda local, su cuerpo merece recuperarse. En Nusa Massage Spa, nuestros terapeutas ofrecen masajes relajantes, terap\u00e9uticos y en pareja que alivian la tensi\u00f3n muscular y renuevan su energ\u00eda para seguir disfrutando al m\u00e1ximo de Lisboa.<\/p>\n<\/div>\n<\/div><\/div>\n<\/div>\n<\/div>\n\n<div class=\"et_pb_row_4 et_pb_row et_flex_row\">\n<div class=\"et_pb_column_4 et_pb_column et-last-child et_flex_column et_pb_css_mix_blend_mode_passthrough et_flex_column_24_24\">\n<div class=\"et_pb_heading_4 et_pb_heading et_pb_module et_flex_module\"><div class=\"et_pb_heading_container\"><h3 class=\"et_pb_module_header\">\u00bfPrefiere alojarse en un hotel? Vamos a su hotel\n\n<\/h3><\/div><\/div>\n\n<div class=\"et_pb_text_2 et_pb_text et_pb_bg_layout_light et_pb_module et_flex_module\"><div class=\"et_pb_text_inner\"><div><span style=\"font-size: 18px; font-family: var(--et_global_body_font);\">Muchos de los hoteles del centro de Lisboa est\u00e1n a poca distancia del Nusa Spa. Pero si prefiere no salir, nuestros terapeutas ir\u00e1n a su hotel. Solo tiene que enviarnos un mensaje de WhatsApp con el nombre del hotel y nosotros nos encargaremos de todo.<\/span><\/div>\n<div><\/div>\n<\/div><\/div>\n<\/div>\n<\/div>\n\n<div class=\"et_pb_row_5 et_pb_row et_flex_row\">\n<div class=\"et_pb_column_5 et_pb_column et-last-child et_flex_column et_pb_css_mix_blend_mode_passthrough et_flex_column_24_24\">\n<div class=\"et_pb_module et_pb_button_module_wrapper et_pb_button_0_wrapper\"><a class=\"et_pb_button_0 et_pb_button et_pb_bg_layout_dark et_pb_module et_flex_module\" href=\"https:\/\/wa.me\/351935676279?text=Ol%C3%A1%21%20Estou%20na%20zona%20da%20Baixa%20de%20Lisboa%20e%20gostaria%20de%20saber%20mais%20sobre%20o%20servi%C3%A7o%20de%20massagem\" target=\"_blank\" data-icon=\"\uf232\" rel=\"noopener\">Reserve su sesi\u00f3n hoy \u2013 en Nusa Spa o en su hotel en la Baixa de Lisboa<\/a><\/div>\n<\/div>\n<\/div>\n<\/div>","protected":false},"excerpt":{"rendered":"<p>Massagens relaxantes e terap\u00eauticas na Baixa de Lisboa. No spa ou no seu hotel. Terapeutas especializadas. Reserve hoje pelo WhatsApp&#8230;<\/p>","protected":false},"author":1,"featured_media":223794,"parent":0,"menu_order":0,"comment_status":"closed","ping_status":"closed","template":"","meta":{"footnotes":""},"class_list":["post-223826","page","type-page","status-publish","has-post-thumbnail","hentry"],"_links":{"self":[{"href":"https:\/\/nusa.com.pt\/es\/wp-json\/wp\/v2\/pages\/223826","targetHints":{"allow":["GET"]}}],"collection":[{"href":"https:\/\/nusa.com.pt\/es\/wp-json\/wp\/v2\/pages"}],"about":[{"href":"https:\/\/nusa.com.pt\/es\/wp-json\/wp\/v2\/types\/page"}],"author":[{"embeddable":true,"href":"https:\/\/nusa.com.pt\/es\/wp-json\/wp\/v2\/users\/1"}],"replies":[{"embeddable":true,"href":"https:\/\/nusa.com.pt\/es\/wp-json\/wp\/v2\/comments?post=223826"}],"version-history":[{"count":7,"href":"https:\/\/nusa.com.pt\/es\/wp-json\/wp\/v2\/pages\/223826\/revisions"}],"predecessor-version":[{"id":224065,"href":"https:\/\/nusa.com.pt\/es\/wp-json\/wp\/v2\/pages\/223826\/revisions\/224065"}],"wp:featuredmedia":[{"embeddable":true,"href":"https:\/\/nusa.com.pt\/es\/wp-json\/wp\/v2\/media\/223794"}],"wp:attachment":[{"href":"https:\/\/nusa.com.pt\/es\/wp-json\/wp\/v2\/media?parent=223826"}],"curies":[{"name":"wp","href":"https:\/\/api.w.org\/{rel}","templated":true}]}}