{"id":223800,"date":"2026-03-06T13:50:25","date_gmt":"2026-03-06T13:50:25","guid":{"rendered":"https:\/\/nusa.com.pt\/?page_id=223800"},"modified":"2026-03-06T14:43:05","modified_gmt":"2026-03-06T14:43:05","slug":"masajes-relajantes-y-terapeuticos-en-saldanha-en-lisboa","status":"publish","type":"page","link":"https:\/\/nusa.com.pt\/es\/massagens-relaxantes-e-terapeuticas-na-saldanha-em-lisboa\/","title":{"rendered":"Masajes relajantes y terap\u00e9uticos en Saldanha, Lisboa"},"content":{"rendered":"<div class=\"et_pb_section_0 et_pb_section et_section_regular et_flex_section section_has_divider et_pb_bottom_divider zoom-header\">\n<div class=\"et_pb_row_0 et_pb_row et_flex_row\">\n<div class=\"et_pb_column_0 et_pb_column et-last-child et_flex_column et_pb_css_mix_blend_mode_passthrough et_flex_column_24_24\">\n<div class=\"et_pb_heading_0 et_pb_heading et_pb_module et_flex_module\"><div class=\"et_pb_heading_container\"><h1 class=\"et_pb_module_header\">Masajes relajantes y terap\u00e9uticos en Saldanha, Lisboa<\/h1><\/div><\/div>\n<\/div>\n<\/div>\n<div class=\"et_pb_bottom_inside_divider et-no-transition\"><\/div><\/div>\n\n<div class=\"et_pb_section_1 et_pb_section et_section_regular et_flex_section\">\n<div class=\"et_pb_row_1 et_pb_row et_flex_row\">\n<div class=\"et_pb_column_1 et_pb_column et-last-child et_flex_column et_pb_css_mix_blend_mode_passthrough et_flex_column_24_24\">\n<div class=\"et_pb_heading_1 et_pb_heading et_pb_module et_flex_module\"><div class=\"et_pb_heading_container\"><h2 class=\"et_pb_module_header\">Masajes en el spa o en su hotel de Saldanha<\/h2><\/div><\/div>\n<\/div>\n<\/div>\n\n<div class=\"et_pb_row_2 et_pb_row et_flex_row\">\n<div class=\"et_pb_column_2 et_pb_column et-last-child et_flex_column et_pb_css_mix_blend_mode_passthrough et_flex_column_24_24\">\n<div class=\"et_pb_heading_2 et_pb_heading et_pb_module et_flex_module\"><div class=\"et_pb_heading_container\"><h3 class=\"et_pb_module_header\">O Saldanha - Elegancia en el coraz\u00f3n de Lisboa<\/h3><\/div><\/div>\n\n<div class=\"et_pb_text_0 et_pb_text et_pb_bg_layout_light et_pb_module et_flex_module\"><div class=\"et_pb_text_inner\"><p style=\"font-weight: 400;\">Saldanha es uno de los barrios m\u00e1s concurridos y accesibles de Lisboa, con conexiones de metro a trav\u00e9s de las l\u00edneas Amarilla y Roja, grandes avenidas y una energ\u00eda urbana que nunca se detiene. Tambi\u00e9n alberga el Nusa Massage Spa, a tiro de piedra.<\/p>\n<\/div><\/div>\n<\/div>\n<\/div>\n\n<div class=\"et_pb_row_3 et_pb_row et_flex_row\">\n<div class=\"et_pb_column_3 et_pb_column et-last-child et_flex_column et_pb_css_mix_blend_mode_passthrough et_flex_column_24_24\">\n<div class=\"et_pb_heading_3 et_pb_heading et_pb_module et_flex_module\"><div class=\"et_pb_heading_container\"><h3 class=\"et_pb_module_header\">Su masaje a pocos minutos de Saldanha<\/h3><\/div><\/div>\n\n<div class=\"et_pb_text_1 et_pb_text et_pb_bg_layout_light et_pb_module et_flex_module\"><div class=\"et_pb_text_inner\"><p style=\"font-weight: 400;\">Despu\u00e9s de un d\u00eda intenso en Lisboa, ya sea en reuniones, explorando la ciudad o simplemente empap\u00e1ndose de todo lo que Saldanha tiene para ofrecer, su cuerpo se merece un verdadero descanso. En Nusa, tenemos masajes relajantes, masajes terap\u00e9uticos, masajes en pareja y mucho m\u00e1s, todo adaptado a sus necesidades y realizado por terapeutas especializados.<\/p>\n<\/div><\/div>\n<\/div>\n<\/div>\n\n<div class=\"et_pb_row_4 et_pb_row et_flex_row\">\n<div class=\"et_pb_column_4 et_pb_column et-last-child et_flex_column et_pb_css_mix_blend_mode_passthrough et_flex_column_24_24\">\n<div class=\"et_pb_heading_4 et_pb_heading et_pb_module et_flex_module\"><div class=\"et_pb_heading_container\"><h3 class=\"et_pb_module_header\">\u00bfPrefiere alojarse en un hotel? Vamos a su hotel\n\n<\/h3><\/div><\/div>\n\n<div class=\"et_pb_text_2 et_pb_text et_pb_bg_layout_light et_pb_module et_flex_module\"><div class=\"et_pb_text_inner\"><div><span>Si se aloja en un hotel de la zona de Saldanha o en el centro de Lisboa, no necesita salir. Nuestros terapeutas ir\u00e1n hasta usted y transformar\u00e1n su habitaci\u00f3n en un espacio de bienestar privado. Solo tiene que enviarnos un mensaje de WhatsApp y le confirmaremos la disponibilidad en cuesti\u00f3n de minutos.<\/span><\/div>\n<div><\/div>\n<\/div><\/div>\n<\/div>\n<\/div>\n\n<div class=\"et_pb_row_5 et_pb_row et_flex_row\">\n<div class=\"et_pb_column_5 et_pb_column et-last-child et_flex_column et_pb_css_mix_blend_mode_passthrough et_flex_column_24_24\">\n<div class=\"et_pb_module et_pb_button_module_wrapper et_pb_button_0_wrapper\"><a class=\"et_pb_button_0 et_pb_button et_pb_bg_layout_dark et_pb_module et_flex_module\" href=\"https:\/\/wa.me\/351935676279?text=Ol%C3%A1%21%20Estou%20na%20zona%20de%20Saldanha%20em%20Lisboa%20e%20gostaria%20de%20saber%20mais%20sobre%20o%20servi%C3%A7o%20de%20massagem\" target=\"_blank\" data-icon=\"\uf232\" rel=\"noopener\">Reserve hoy mismo su sesi\u00f3n en el Nusa Spa de Saldanha o en la comodidad de su hotel.<\/a><\/div>\n<\/div>\n<\/div>\n<\/div>","protected":false},"excerpt":{"rendered":"<p>Masajes relajantes y terap\u00e9uticos en Saldanha, Lisboa. En el spa o en su hotel. Terapeutas especializados. Reserve hoy mismo por WhatsApp.<\/p>","protected":false},"author":1,"featured_media":223794,"parent":0,"menu_order":0,"comment_status":"closed","ping_status":"closed","template":"","meta":{"footnotes":""},"class_list":["post-223800","page","type-page","status-publish","has-post-thumbnail","hentry"],"_links":{"self":[{"href":"https:\/\/nusa.com.pt\/es\/wp-json\/wp\/v2\/pages\/223800","targetHints":{"allow":["GET"]}}],"collection":[{"href":"https:\/\/nusa.com.pt\/es\/wp-json\/wp\/v2\/pages"}],"about":[{"href":"https:\/\/nusa.com.pt\/es\/wp-json\/wp\/v2\/types\/page"}],"author":[{"embeddable":true,"href":"https:\/\/nusa.com.pt\/es\/wp-json\/wp\/v2\/users\/1"}],"replies":[{"embeddable":true,"href":"https:\/\/nusa.com.pt\/es\/wp-json\/wp\/v2\/comments?post=223800"}],"version-history":[{"count":7,"href":"https:\/\/nusa.com.pt\/es\/wp-json\/wp\/v2\/pages\/223800\/revisions"}],"predecessor-version":[{"id":223816,"href":"https:\/\/nusa.com.pt\/es\/wp-json\/wp\/v2\/pages\/223800\/revisions\/223816"}],"wp:featuredmedia":[{"embeddable":true,"href":"https:\/\/nusa.com.pt\/es\/wp-json\/wp\/v2\/media\/223794"}],"wp:attachment":[{"href":"https:\/\/nusa.com.pt\/es\/wp-json\/wp\/v2\/media?parent=223800"}],"curies":[{"name":"wp","href":"https:\/\/api.w.org\/{rel}","templated":true}]}}