{"id":223660,"date":"2026-03-04T13:35:39","date_gmt":"2026-03-04T13:35:39","guid":{"rendered":"https:\/\/nusa.com.pt\/?page_id=223660"},"modified":"2026-03-08T10:15:29","modified_gmt":"2026-03-08T10:15:29","slug":"nuestros-masajes-lisboa","status":"publish","type":"page","link":"https:\/\/nusa.com.pt\/es\/as-nossas-massagens-lisboa\/","title":{"rendered":"Descubra nuestros masajes en Lisboa"},"content":{"rendered":"<div class=\"et_pb_section_0 et_pb_section et_section_regular et_flex_section section_has_divider et_pb_bottom_divider zoom-header\">\n<div class=\"et_pb_row_0 et_pb_row et_flex_row\">\n<div class=\"et_pb_column_0 et_pb_column et-last-child et_flex_column et_pb_css_mix_blend_mode_passthrough et_flex_column_24_24\">\n<div class=\"et_pb_heading_0 et_pb_heading et_pb_module et_flex_module\"><div class=\"et_pb_heading_container\"><h1 class=\"et_pb_module_header\">Nuestros masajes<\/h1><\/div><\/div>\n<\/div>\n<\/div>\n<div class=\"et_pb_bottom_inside_divider et-no-transition\"><\/div><\/div>\n\n<div class=\"et_pb_section_1 et_pb_section et_section_regular et_flex_section\">\n<div class=\"et_pb_row_1 et_pb_row et_flex_row\">\n<div class=\"et_pb_column_1 et_pb_column et-last-child et_flex_column et_pb_css_mix_blend_mode_passthrough et_flex_column_24_24\">\n<div class=\"et_pb_text_0 et_pb_text et_pb_bg_layout_light et_pb_module et_flex_module\"><div class=\"et_pb_text_inner\"><p><span>En Nusa Massage Spa, cada sesi\u00f3n es una experiencia dise\u00f1ada al detalle para su bienestar. Nuestros terapeutas especializados adaptan cada masaje a sus necesidades individuales, tanto si desea relajarse profundamente, aliviar la tensi\u00f3n muscular o simplemente desconectar del mundo. Descubra nuestros tratamientos y encuentre el masaje m\u00e1s adecuado para usted.<\/span><\/p>\n<\/div><\/div>\n\n<div class=\"et_pb_heading_1 et_pb_heading et_pb_module et_flex_module\"><div class=\"et_pb_heading_container\"><h2 class=\"et_pb_module_header\">MASAJES EXCLUSIVOS<\/h2><\/div><\/div>\n<\/div>\n<\/div>\n\n<div class=\"et_pb_row_2 et_pb_row et_flex_row\">\n<div class=\"et_pb_column_2 et_pb_column et_flex_column et_pb_css_mix_blend_mode_passthrough et_flex_column_8_24 et_flex_column_8_24_tablet et_flex_column_24_24_phone et_flex_column_24_24_phoneWide\">\n<div class=\"et_pb_blurb_0 et_pb_blurb et_pb_bg_layout_light et_pb_text_align_left et_pb_blurb_position_top et_animated et_pb_module et_flex_module\"><div class=\"et_pb_blurb_content et_flex_module\"><div class=\"et_pb_main_blurb_image\"><span class=\"et_pb_image_wrap et_pb_only_image_mode_wrap\"><img decoding=\"async\" src=\"https:\/\/nusa.com.pt\/wp-content\/uploads\/2026\/03\/Massagem-de-Relaxamento.svg\" alt=\"Masaje relajante en Lisboa\" class=\"et-waypoint et_pb_animation_top et_pb_animation_top_tablet et_pb_animation_top_phone wp-image-223650\" \/><\/span><\/div><div class=\"et_pb_blurb_container\"><h3 class=\"et_pb_module_header\">Masaje relajante<\/h3><div class=\"et_pb_blurb_description\"><p>El masaje m\u00e1s popular de Lisboa. Movimientos suaves y fluidos que alivian el estr\u00e9s acumulado, relajan los m\u00fasculos y renuevan la energ\u00eda. Ideal para aquellos que necesitan un descanso total de la vida cotidiana.<\/p>\n<\/div><\/div><\/div><\/div>\n<\/div>\n\n<div class=\"et_pb_column_3 et_pb_column et_flex_column et_pb_css_mix_blend_mode_passthrough et_flex_column_8_24 et_flex_column_8_24_tablet et_flex_column_24_24_phone et_flex_column_24_24_phoneWide\">\n<div class=\"et_pb_blurb_1 et_pb_blurb et_pb_bg_layout_light et_pb_text_align_left et_pb_blurb_position_top et_animated et_pb_module et_flex_module\"><div class=\"et_pb_blurb_content et_flex_module\"><div class=\"et_pb_main_blurb_image\"><span class=\"et_pb_image_wrap et_pb_only_image_mode_wrap\"><img decoding=\"async\" src=\"https:\/\/nusa.com.pt\/wp-content\/uploads\/2026\/03\/Massagem-Terapeutica-Deep-Tissue.svg\" alt=\"Masaje Terap\u00e9utico de Tejido Profundo Lisboa\" class=\"et-waypoint et_pb_animation_top et_pb_animation_top_tablet et_pb_animation_top_phone wp-image-223651\" \/><\/span><\/div><div class=\"et_pb_blurb_container\"><h3 class=\"et_pb_module_header\">Masaje terap\u00e9utico de tejido profundo<\/h3><div class=\"et_pb_blurb_description\"><p>Una t\u00e9cnica de presi\u00f3n profunda especialmente eficaz para aliviar tensiones musculares cr\u00f3nicas, dolores de espalda y contracturas. Un masaje terap\u00e9utico en Lisboa para aquellos que buscan resultados reales.<\/p>\n<\/div><\/div><\/div><\/div>\n<\/div>\n\n<div class=\"et_pb_column_4 et_pb_column et-last-child et_flex_column et_pb_css_mix_blend_mode_passthrough et_flex_column_8_24 et_flex_column_8_24_tablet et_flex_column_24_24_phone et_flex_column_24_24_phoneWide\">\n<div class=\"et_pb_blurb_2 et_pb_blurb et_pb_bg_layout_light et_pb_text_align_left et_pb_blurb_position_top et_animated et_pb_module et_flex_module\"><div class=\"et_pb_blurb_content et_flex_module\"><div class=\"et_pb_main_blurb_image\"><span class=\"et_pb_image_wrap et_pb_only_image_mode_wrap\"><img decoding=\"async\" src=\"https:\/\/nusa.com.pt\/wp-content\/uploads\/2026\/03\/Massagem-Tailandesa-.svg\" alt=\"Masaje tailand\u00e9s Lisboa\" class=\"et-waypoint et_pb_animation_top et_pb_animation_top_tablet et_pb_animation_top_phone wp-image-223652\" \/><\/span><\/div><div class=\"et_pb_blurb_container\"><h3 class=\"et_pb_module_header\">Masaje tailand\u00e9s<\/h3><div class=\"et_pb_blurb_description\"><p>El aut\u00e9ntico arte tailand\u00e9s del bienestar. Combina presiones y estiramientos precisos que liberan la energ\u00eda bloqueada, reequilibran el cuerpo y dejan la mente en paz. Una experiencia \u00fanica en Lisboa.<\/p>\n<\/div><\/div><\/div><\/div>\n<\/div>\n<\/div>\n\n<div class=\"et_pb_row_3 et_pb_row et_flex_row\">\n<div class=\"et_pb_column_5 et_pb_column et-last-child et_flex_column et_pb_css_mix_blend_mode_passthrough et_flex_column_24_24\">\n<div class=\"et_pb_module et_pb_button_module_wrapper et_pb_button_0_wrapper\"><a class=\"et_pb_button_0 et_pb_button et_pb_bg_layout_dark et_pb_module et_flex_module\" href=\"https:\/\/wa.me\/351935676279?text=Ol\u00e1!%20Gostaria%20de%20saber%20mais%20sobre%20os%20tratamentos%20do%20Nusa%20Massage%20Spa%20em%20Lisboa.\" target=\"_blank\" data-icon=\"\uf232\" rel=\"noopener\">Reserve ahora<\/a><\/div>\n<\/div>\n<\/div>\n\n<div class=\"et_pb_row_4 et_pb_row et_flex_row\">\n<div class=\"et_pb_column_6 et_pb_column et-last-child et_flex_column et_pb_css_mix_blend_mode_passthrough et_flex_column_24_24\">\n<div class=\"et_pb_heading_2 et_pb_heading et_pb_module et_flex_module\"><div class=\"et_pb_heading_container\"><h2 class=\"et_pb_module_header\">TRATAMIENTOS ESPECIALES<\/h2><\/div><\/div>\n<\/div>\n<\/div>\n\n<div class=\"et_pb_row_5 et_pb_row et_flex_row\">\n<div class=\"et_pb_column_7 et_pb_column et_flex_column et_pb_css_mix_blend_mode_passthrough et_flex_column_8_24 et_flex_column_8_24_tablet et_flex_column_24_24_phone et_flex_column_24_24_phoneWide\">\n<div class=\"et_pb_blurb_3 et_pb_blurb et_pb_bg_layout_light et_pb_text_align_left et_pb_blurb_position_top et_animated et_pb_module et_flex_module\"><div class=\"et_pb_blurb_content et_flex_module\"><div class=\"et_pb_main_blurb_image\"><span class=\"et_pb_image_wrap et_pb_only_image_mode_wrap\"><img decoding=\"async\" src=\"https:\/\/nusa.com.pt\/wp-content\/uploads\/2026\/03\/Massagem-de-Casal.svg\" alt=\"Masaje en pareja en Lisboa\" class=\"et-waypoint et_pb_animation_top et_pb_animation_top_tablet et_pb_animation_top_phone wp-image-223653\" \/><\/span><\/div><div class=\"et_pb_blurb_container\"><h3 class=\"et_pb_module_header\">Masaje en pareja<\/h3><div class=\"et_pb_blurb_description\"><p>Comparta un momento de relajaci\u00f3n y conexi\u00f3n en pareja. Dos terapeutas especializados, una experiencia sincronizada e inolvidable. El regalo perfecto para parejas en Lisboa.<\/p>\n<\/div><\/div><\/div><\/div>\n<\/div>\n\n<div class=\"et_pb_column_8 et_pb_column et_flex_column et_pb_css_mix_blend_mode_passthrough et_flex_column_8_24 et_flex_column_8_24_tablet et_flex_column_24_24_phone et_flex_column_24_24_phoneWide\">\n<div class=\"et_pb_blurb_4 et_pb_blurb et_pb_bg_layout_light et_pb_text_align_left et_pb_blurb_position_top et_animated et_pb_module et_flex_module\"><div class=\"et_pb_blurb_content et_flex_module\"><div class=\"et_pb_main_blurb_image\"><span class=\"et_pb_image_wrap et_pb_only_image_mode_wrap\"><img decoding=\"async\" src=\"https:\/\/nusa.com.pt\/wp-content\/uploads\/2026\/03\/Massagem-a-Quatro-Maos.svg\" alt=\"Masaje a cuatro manos Lisboa\" class=\"et-waypoint et_pb_animation_top et_pb_animation_top_tablet et_pb_animation_top_phone wp-image-223654\" \/><\/span><\/div><div class=\"et_pb_blurb_container\"><h3 class=\"et_pb_module_header\">Masaje a cuatro manos<\/h3><div class=\"et_pb_blurb_description\"><p>Dos terapeutas, cuatro manos, una experiencia \u00fanica. Los movimientos sincronizados crean una profunda sensaci\u00f3n de relajaci\u00f3n que el cuerpo nunca olvida.<\/p>\n<p><a href=\"\/es\/masaje-a-cuatro-manos\/\" title=\"Masaje a cuatro manos en Lisboa\"><span><strong>M\u00e1s informaci\u00f3n \u2192<\/strong><\/span><\/a><\/p>\n<\/div><\/div><\/div><\/div>\n<\/div>\n\n<div class=\"et_pb_column_9 et_pb_column et-last-child et_flex_column et_pb_css_mix_blend_mode_passthrough et_flex_column_8_24 et_flex_column_8_24_tablet et_flex_column_24_24_phone et_flex_column_24_24_phoneWide\">\n<div class=\"et_pb_blurb_5 et_pb_blurb et_pb_bg_layout_light et_pb_text_align_left et_pb_blurb_position_top et_animated et_pb_module et_flex_module\"><div class=\"et_pb_blurb_content et_flex_module\"><div class=\"et_pb_main_blurb_image\"><span class=\"et_pb_image_wrap et_pb_only_image_mode_wrap\"><img decoding=\"async\" src=\"https:\/\/nusa.com.pt\/wp-content\/uploads\/2026\/03\/Massagem-com-Pindas-Quentes.svg\" alt=\"Masaje Pindas Calientes Lisboa\" class=\"et-waypoint et_pb_animation_top et_pb_animation_top_tablet et_pb_animation_top_phone wp-image-223776\" \/><\/span><\/div><div class=\"et_pb_blurb_container\"><h3 class=\"et_pb_module_header\"> Masaje caliente Pindas<\/h3><div class=\"et_pb_blurb_description\"><p><span>Las bolsitas de hierbas arom\u00e1ticas calentadas se deslizan por el cuerpo con movimientos r\u00edtmicos. El calor y los principios activos de las hierbas alivian la tensi\u00f3n, estimulan la circulaci\u00f3n y proporcionan un profundo bienestar. Una t\u00e9cnica ayurv\u00e9dica verdaderamente \u00fanica.<\/span><\/p>\n<\/div><\/div><\/div><\/div>\n<\/div>\n<\/div>\n\n<div class=\"et_pb_row_6 et_pb_row et_flex_row\">\n<div class=\"et_pb_column_10 et_pb_column et_flex_column et_pb_css_mix_blend_mode_passthrough et_flex_column_8_24 et_flex_column_8_24_tablet et_flex_column_24_24_phone et_flex_column_24_24_phoneWide\">\n<div class=\"et_pb_blurb_6 et_pb_blurb et_pb_bg_layout_light et_pb_text_align_left et_pb_blurb_position_top et_animated et_pb_module et_flex_module\"><div class=\"et_pb_blurb_content et_flex_module\"><div class=\"et_pb_main_blurb_image\"><span class=\"et_pb_image_wrap et_pb_only_image_mode_wrap\"><img decoding=\"async\" src=\"https:\/\/nusa.com.pt\/wp-content\/uploads\/2026\/03\/Massagem-Reflexologia.svg\" alt=\"Reflexolog\u00eda Lisboa\" class=\"et-waypoint et_pb_animation_top et_pb_animation_top_tablet et_pb_animation_top_phone wp-image-223656\" \/><\/span><\/div><div class=\"et_pb_blurb_container\"><h3 class=\"et_pb_module_header\">Reflexolog\u00eda<\/h3><div class=\"et_pb_blurb_description\"><p>T\u00e9cnica milenaria basada en la estimulaci\u00f3n de puntos reflejos de los pies que corresponden a \u00f3rganos y sistemas del cuerpo. Favorece el equilibrio natural del cuerpo y un profundo bienestar.<\/p>\n<\/div><\/div><\/div><\/div>\n<\/div>\n\n<div class=\"et_pb_column_11 et_pb_column et_flex_column et_pb_css_mix_blend_mode_passthrough et_flex_column_8_24 et_flex_column_8_24_tablet et_flex_column_24_24_phone et_flex_column_24_24_phoneWide\">\n<div class=\"et_pb_blurb_7 et_pb_blurb et_pb_bg_layout_light et_pb_text_align_left et_pb_blurb_position_top et_animated et_pb_module et_flex_module\"><div class=\"et_pb_blurb_content et_flex_module\"><div class=\"et_pb_main_blurb_image\"><span class=\"et_pb_image_wrap et_pb_only_image_mode_wrap\"><img decoding=\"async\" src=\"https:\/\/nusa.com.pt\/wp-content\/uploads\/2026\/03\/Lomi-Lomi.svg\" alt=\"Lomi Lomi Lisboa\" class=\"et-waypoint et_pb_animation_top et_pb_animation_top_tablet et_pb_animation_top_phone wp-image-223657\" \/><\/span><\/div><div class=\"et_pb_blurb_container\"><h3 class=\"et_pb_module_header\">Lomi Lomi<\/h3><div class=\"et_pb_blurb_description\"><p>El masaje sagrado hawaiano. Movimientos amplios y fluidos que implican a todo el cuerpo en una danza terap\u00e9utica, liberando las tensiones f\u00edsicas y emocionales acumuladas. Una experiencia transformadora.<\/p>\n<\/div><\/div><\/div><\/div>\n<\/div>\n\n<div class=\"et_pb_column_12 et_pb_column et-last-child et_flex_column et_pb_css_mix_blend_mode_passthrough et_flex_column_8_24 et_flex_column_8_24_tablet et_flex_column_24_24_phone et_flex_column_24_24_phoneWide\">\n<div class=\"et_pb_blurb_8 et_pb_blurb et_pb_bg_layout_light et_pb_text_align_left et_pb_blurb_position_top et_animated et_clickable et_pb_module et_flex_module\"><div class=\"et_pb_blurb_content et_flex_module\"><div class=\"et_pb_main_blurb_image\"><span class=\"et_pb_image_wrap et_pb_only_image_mode_wrap\"><img decoding=\"async\" src=\"https:\/\/nusa.com.pt\/wp-content\/uploads\/2026\/03\/Massagem-no-Hotel.svg\" alt=\"Masaje en el Hotel Lisboa\" class=\"et-waypoint et_pb_animation_top et_pb_animation_top_tablet et_pb_animation_top_phone wp-image-223775\" \/><\/span><\/div><div class=\"et_pb_blurb_container\"><h3 class=\"et_pb_module_header\">Masaje en su hotel<\/h3><div class=\"et_pb_blurb_description\"><p><span>Sin necesidad de salir de su habitaci\u00f3n. Nuestros terapeutas van a su hotel en Lisboa y transforman su espacio en un spa privado. Comodidad, privacidad y profesionalidad, donde y cuando lo necesite.<\/span><\/p>\n<p><a href=\"\/es\/servicio-de-masajes-en-hotel-en-lisboa\/\" title=\"Servicio de masajes en hoteles de Lisboa\"><span><strong>M\u00e1s informaci\u00f3n \u2192<\/strong><\/span><\/a><\/p>\n<\/div><\/div><\/div><\/div>\n<\/div>\n<\/div>\n\n<div class=\"et_pb_row_7 et_pb_row et_flex_row\">\n<div class=\"et_pb_column_13 et_pb_column et-last-child et_flex_column et_pb_css_mix_blend_mode_passthrough et_flex_column_24_24\">\n<div class=\"et_pb_module et_pb_button_module_wrapper et_pb_button_1_wrapper\"><a class=\"et_pb_button_1 et_pb_button et_pb_bg_layout_dark et_pb_module et_flex_module\" href=\"https:\/\/wa.me\/351935676279?text=Ol\u00e1!%20Gostaria%20de%20marcar%20uma%20massagem%20de%20assinatura%20no%20Nusa%20Massage%20Spa%20em%20Lisboa.\" target=\"_blank\" data-icon=\"\uf232\" rel=\"noopener\">Reserve ahora<\/a><\/div>\n<\/div>\n<\/div>\n\n<div class=\"et_pb_row_8 et_pb_row et_flex_row\">\n<div class=\"et_pb_column_14 et_pb_column et-last-child et_flex_column et_pb_css_mix_blend_mode_passthrough et_flex_column_24_24\">\n<div class=\"et_pb_heading_3 et_pb_heading et_pb_module et_flex_module\"><div class=\"et_pb_heading_container\"><h2 class=\"et_pb_module_header\">M\u00c1S TRATAMIENTOS<\/h2><\/div><\/div>\n<\/div>\n<\/div>\n\n<div class=\"et_pb_row_9 et_pb_row et_flex_row\">\n<div class=\"et_pb_column_15 et_pb_column et_flex_column et_pb_css_mix_blend_mode_passthrough et_flex_column_8_24 et_flex_column_8_24_tablet et_flex_column_24_24_phone et_flex_column_24_24_phoneWide\">\n<div class=\"et_pb_blurb_9 et_pb_blurb et_pb_bg_layout_light et_pb_text_align_left et_pb_blurb_position_top et_animated et_pb_module et_flex_module\"><div class=\"et_pb_blurb_content et_flex_module\"><div class=\"et_pb_main_blurb_image\"><span class=\"et_pb_image_wrap et_pb_only_image_mode_wrap\"><img decoding=\"async\" src=\"https:\/\/nusa.com.pt\/wp-content\/uploads\/2026\/03\/Massagem-desportiva-.svg\" alt=\"Masaje deportivo Lisboa\" class=\"et-waypoint et_pb_animation_top et_pb_animation_top_tablet et_pb_animation_top_phone wp-image-223658\" \/><\/span><\/div><div class=\"et_pb_blurb_container\"><h3 class=\"et_pb_module_header\">Masaje deportivo<\/h3><div class=\"et_pb_blurb_description\"><p>Especialmente desarrollado para la recuperaci\u00f3n muscular despu\u00e9s de una actividad f\u00edsica intensa. Acelera la recuperaci\u00f3n, previene lesiones y mejora el rendimiento. Ideal para deportistas en Lisboa.<\/p>\n<\/div><\/div><\/div><\/div>\n<\/div>\n\n<div class=\"et_pb_column_16 et_pb_column et_flex_column et_pb_css_mix_blend_mode_passthrough et_flex_column_8_24 et_flex_column_8_24_tablet et_flex_column_24_24_phone et_flex_column_24_24_phoneWide\">\n<div class=\"et_pb_blurb_10 et_pb_blurb et_pb_bg_layout_light et_pb_text_align_left et_pb_blurb_position_top et_animated et_pb_module et_flex_module\"><div class=\"et_pb_blurb_content et_flex_module\"><div class=\"et_pb_main_blurb_image\"><span class=\"et_pb_image_wrap et_pb_only_image_mode_wrap\"><img decoding=\"async\" src=\"https:\/\/nusa.com.pt\/wp-content\/uploads\/2026\/03\/Abhyanga.svg\" alt=\"Abhyanga Lisboa\" class=\"et-waypoint et_pb_animation_top et_pb_animation_top_tablet et_pb_animation_top_phone wp-image-223659\" \/><\/span><\/div><div class=\"et_pb_blurb_container\"><h3 class=\"et_pb_module_header\">Abhyanga<\/h3><div class=\"et_pb_blurb_description\"><p>Ritual ayurv\u00e9dico de lubricaci\u00f3n corporal con aceites aromatizados calientes. Nutre la piel en profundidad, calma el sistema nervioso y restablece el equilibrio interior. Una completa ceremonia de bienestar.<\/p>\n<\/div><\/div><\/div><\/div>\n<\/div>\n\n<div class=\"et_pb_column_17 et_pb_column et-last-child et_flex_column et_pb_css_mix_blend_mode_passthrough et_flex_column_8_24 et_flex_column_8_24_tablet et_flex_column_24_24_phone et_flex_column_24_24_phoneWide\">\n<div class=\"et_pb_blurb_11 et_pb_blurb et_pb_bg_layout_light et_pb_text_align_left et_pb_blurb_position_top et_animated et_pb_module et_flex_module\"><div class=\"et_pb_blurb_content et_flex_module\"><div class=\"et_pb_main_blurb_image\"><span class=\"et_pb_image_wrap et_pb_only_image_mode_wrap\"><img decoding=\"async\" src=\"https:\/\/nusa.com.pt\/wp-content\/uploads\/2026\/03\/Massagem-com-Velas-Quentes.svg\" alt=\"Masaje con velas calientes Lisboa\" class=\"et-waypoint et_pb_animation_top et_pb_animation_top_tablet et_pb_animation_top_phone wp-image-223649\" \/><\/span><\/div><div class=\"et_pb_blurb_container\"><h3 class=\"et_pb_module_header\">Masaje con velas calientes<\/h3><div class=\"et_pb_blurb_description\"><p>La cera fundida de las velas arom\u00e1ticas se convierte en un aceite c\u00e1lido y nutritivo sobre la piel. Una experiencia sensorial \u00fanica que combina calor, aroma y tacto terap\u00e9utico.<\/p>\n<\/div><\/div><\/div><\/div>\n<\/div>\n<\/div>\n\n<div class=\"et_pb_row_10 et_pb_row et_flex_row\">\n<div class=\"et_pb_column_18 et_pb_column et_flex_column et_pb_css_mix_blend_mode_passthrough et_flex_column_8_24 et_flex_column_8_24_tablet et_flex_column_24_24_phone et_flex_column_24_24_phoneWide\">\n<div class=\"et_pb_blurb_12 et_pb_blurb et_pb_bg_layout_light et_pb_text_align_left et_pb_blurb_position_top et_animated et_pb_module et_flex_module\"><div class=\"et_pb_blurb_content et_flex_module\"><div class=\"et_pb_main_blurb_image\"><span class=\"et_pb_image_wrap et_pb_only_image_mode_wrap\"><img decoding=\"async\" src=\"https:\/\/nusa.com.pt\/wp-content\/uploads\/2026\/03\/Massagem-Tibetan-Mahayana.svg\" alt=\"Masaje tibetano Mahayana Lisboa\" class=\"et-waypoint et_pb_animation_top et_pb_animation_top_tablet et_pb_animation_top_phone wp-image-223872\" \/><\/span><\/div><div class=\"et_pb_blurb_container\"><h3 class=\"et_pb_module_header\">Masaje Tibetano Mahayana<\/h3><div class=\"et_pb_blurb_description\"><p>Una antigua ceremonia de profunda transformaci\u00f3n interior. T\u00e9cnicas tibetanas milenarias que liberan bloqueos f\u00edsicos y emocionales, restableciendo el equilibrio natural del cuerpo y la mente.<span><\/span><\/p>\n<p><a href=\"\/es\/masaje-tibetano-mahayana\/\" title=\"Masaje tibetano Mahayana en Lisboa\"><span><strong>M\u00e1s informaci\u00f3n \u2192<\/strong><\/span><\/a><\/p>\n<\/div><\/div><\/div><\/div>\n<\/div>\n\n<div class=\"et_pb_column_19 et_pb_column et_flex_column et_pb_column_empty et_pb_css_mix_blend_mode_passthrough et_flex_column_8_24 et_flex_column_8_24_tablet et_flex_column_24_24_phone et_flex_column_24_24_phoneWide\"><\/div>\n\n<div class=\"et_pb_column_20 et_pb_column et-last-child et_flex_column et_pb_column_empty et_pb_css_mix_blend_mode_passthrough et_flex_column_8_24 et_flex_column_8_24_tablet et_flex_column_24_24_phone et_flex_column_24_24_phoneWide\"><\/div>\n<\/div>\n\n<div class=\"et_pb_row_11 et_pb_row et_flex_row\">\n<div class=\"et_pb_column_21 et_pb_column et-last-child et_flex_column et_pb_css_mix_blend_mode_passthrough et_flex_column_24_24\">\n<div class=\"et_pb_module et_pb_button_module_wrapper et_pb_button_2_wrapper\"><a class=\"et_pb_button_2 et_pb_button et_pb_bg_layout_dark et_pb_module et_flex_module\" href=\"https:\/\/wa.me\/351935676279?text=Ol\u00e1!%20Gostaria%20de%20marcar%20uma%20massagem%20de%20assinatura%20no%20Nusa%20Massage%20Spa%20em%20Lisboa.\" target=\"_blank\" data-icon=\"\uf232\" rel=\"noopener\">Reserve ahora<\/a><\/div>\n\n<div class=\"et_pb_heading_4 et_pb_heading et_pb_module et_flex_module\"><div class=\"et_pb_heading_container\"><h2 class=\"et_pb_module_header\">Masaje personalizado<\/h2><\/div><\/div>\n\n<div class=\"et_pb_text_1 et_pb_text et_pb_bg_layout_light et_pb_module et_flex_module\"><div class=\"et_pb_text_inner\"><p><span>Cada cuerpo es \u00fanico y a veces las mejores experiencias surgen de una conversaci\u00f3n. Si buscas algo realmente personalizado o tienes necesidades espec\u00edficas, nuestros terapeutas est\u00e1n a tu disposici\u00f3n para asesorarte y crear la sesi\u00f3n ideal para ti, antes de que reserves.<\/span><\/p>\n<\/div><\/div>\n\n<div class=\"et_pb_module et_pb_button_module_wrapper et_pb_button_3_wrapper\"><a class=\"et_pb_button_3 et_pb_button et_pb_bg_layout_dark et_pb_module et_flex_module\" href=\"https:\/\/wa.me\/351935676279?text=Ol\u00e1!%20Gostaria%20de%20um%20aconselhamento%20personalizado%20antes%20de%20marcar%20a%20minha%20sess\u00e3o%20no%20Nusa%20Massage%20Spa.\" target=\"_blank\" data-icon=\"\uf232\" rel=\"noopener\">P\u00f3ngase en contacto con nosotros<\/a><\/div>\n<\/div>\n<\/div>\n<\/div>","protected":false},"excerpt":{"rendered":"<p>Descubra as massagens do Nusa Massage Spa em Lisboa &#8211; relaxamento, terap\u00eautica, casal, tailandesa e muito mais. Terapeutas especializadas, experi\u00eancia \u00fanica. Reserve j\u00e1.<\/p>","protected":false},"author":1,"featured_media":223778,"parent":0,"menu_order":0,"comment_status":"closed","ping_status":"closed","template":"","meta":{"footnotes":""},"class_list":["post-223660","page","type-page","status-publish","has-post-thumbnail","hentry"],"_links":{"self":[{"href":"https:\/\/nusa.com.pt\/es\/wp-json\/wp\/v2\/pages\/223660","targetHints":{"allow":["GET"]}}],"collection":[{"href":"https:\/\/nusa.com.pt\/es\/wp-json\/wp\/v2\/pages"}],"about":[{"href":"https:\/\/nusa.com.pt\/es\/wp-json\/wp\/v2\/types\/page"}],"author":[{"embeddable":true,"href":"https:\/\/nusa.com.pt\/es\/wp-json\/wp\/v2\/users\/1"}],"replies":[{"embeddable":true,"href":"https:\/\/nusa.com.pt\/es\/wp-json\/wp\/v2\/comments?post=223660"}],"version-history":[{"count":36,"href":"https:\/\/nusa.com.pt\/es\/wp-json\/wp\/v2\/pages\/223660\/revisions"}],"predecessor-version":[{"id":223973,"href":"https:\/\/nusa.com.pt\/es\/wp-json\/wp\/v2\/pages\/223660\/revisions\/223973"}],"wp:featuredmedia":[{"embeddable":true,"href":"https:\/\/nusa.com.pt\/es\/wp-json\/wp\/v2\/media\/223778"}],"wp:attachment":[{"href":"https:\/\/nusa.com.pt\/es\/wp-json\/wp\/v2\/media?parent=223660"}],"curies":[{"name":"wp","href":"https:\/\/api.w.org\/{rel}","templated":true}]}}