{"id":343,"date":"2025-11-11T09:02:54","date_gmt":"2025-11-11T09:02:54","guid":{"rendered":"https:\/\/nusa.com.pt\/?page_id=343"},"modified":"2026-03-06T11:04:53","modified_gmt":"2026-03-06T11:04:53","slug":"massage-service-at-the-hotel-in-lisbon","status":"publish","type":"page","link":"https:\/\/nusa.com.pt\/en\/servico-de-massagem-no-hotel-em-lisboa\/","title":{"rendered":"Massage service at the hotel"},"content":{"rendered":"<div class=\"et_pb_section_0 et_pb_section et_section_regular et_flex_section section_has_divider et_pb_bottom_divider zoom-header\">\n<div class=\"et_pb_row_0 et_pb_row et_flex_row\">\n<div class=\"et_pb_column_0 et_pb_column et-last-child et_flex_column et_pb_css_mix_blend_mode_passthrough et_flex_column_24_24\">\n<div class=\"et_pb_heading_0 et_pb_heading et_pb_module et_flex_module\"><div class=\"et_pb_heading_container\"><h1 class=\"et_pb_module_header\">Servi\u00e7o de Massagem no Hotel em Lisboa<\/h1><\/div><\/div>\n<\/div>\n<\/div>\n<div class=\"et_pb_bottom_inside_divider et-no-transition\"><\/div><\/div>\n\n<div class=\"et_pb_section_1 et_pb_section et_section_regular et_flex_section\">\n<div class=\"et_pb_row_1 et_pb_row et_flex_row\">\n<div class=\"et_pb_column_1 et_pb_column et-last-child et_flex_column et_pb_css_mix_blend_mode_passthrough et_flex_column_24_24 et_flex_column_24_24_tablet et_flex_column_24_24_phone et_flex_column_24_24_phoneWide\">\n<div class=\"et_pb_text_0 et_pb_text et_pb_bg_layout_light et_pb_module et_flex_module\"><div class=\"et_pb_text_inner\"><h3><span>Porque o verdadeiro luxo \u00e9 poder relaxar sem sequer sair do seu quarto<\/span>.<\/h3>\n<\/div><\/div>\n\n<div class=\"et_pb_text_1 et_pb_text et_pb_bg_layout_light et_pb_module et_flex_module\"><div class=\"et_pb_text_inner\"><h2>Desfrute do Servi\u00e7o de Massagem no Conforto do Seu Hotel<\/h2>\n<p class=\"font-claude-response-body break-words whitespace-normal leading-[1.7]\">Depois de um dia longo em Lisboa, o sof\u00e1 do seu quarto nunca pareceu t\u00e3o convidativo. Agora imagine uma massagem profissional a chegar at\u00e9 si. <br \/>Sem sair, sem esfor\u00e7o, sem compromisso.<\/p>\n<\/div><\/div>\n\n<div class=\"et_pb_row_2 et_pb_row et_pb_row_nested et_flex_row\">\n<div class=\"et_pb_column_2 et_pb_column et_flex_column et_pb_css_mix_blend_mode_passthrough et_flex_column_6_24 et_flex_column_12_24_tablet et_flex_column_24_24_phone et_flex_column_24_24_phoneWide\">\n<div class=\"et_pb_blurb_0 et_pb_blurb et_pb_bg_layout_light et_pb_text_align_left et_pb_blurb_position_top et_animated et_pb_module et_flex_module\"><div class=\"et_pb_blurb_content et_flex_module\"><div class=\"et_pb_main_blurb_image\"><span class=\"et_pb_image_wrap et_pb_only_image_mode_wrap\"><img decoding=\"async\" src=\"https:\/\/nusa.com.pt\/wp-content\/uploads\/2026\/02\/Hotel-bell-icon.svg\" alt=\"Viemos at\u00e9 Si\" class=\"et-waypoint et_pb_animation_top et_pb_animation_top_tablet et_pb_animation_top_phone wp-image-223507\" \/><\/span><\/div><div class=\"et_pb_blurb_container\"><h3 class=\"et_pb_module_header\">Viemos at\u00e9 Si<\/h3><div class=\"et_pb_blurb_description\"><p><span>Sem desloca\u00e7\u00f5es, sem esfor\u00e7o. As nossas terapeutas chegam diretamente ao seu hotel em Lisboa, onde e quando precisar.<\/span><\/p>\n<\/div><\/div><\/div><\/div>\n<\/div>\n\n<div class=\"et_pb_column_3 et_pb_column et_flex_column et_pb_css_mix_blend_mode_passthrough et_flex_column_6_24 et_flex_column_12_24_tablet et_flex_column_24_24_phone et_flex_column_24_24_phoneWide\">\n<div class=\"et_pb_blurb_1 et_pb_blurb et_pb_bg_layout_light et_pb_text_align_left et_pb_blurb_position_top et_animated et_pb_module et_flex_module\"><div class=\"et_pb_blurb_content et_flex_module\"><div class=\"et_pb_main_blurb_image\"><span class=\"et_pb_image_wrap et_pb_only_image_mode_wrap\"><img decoding=\"async\" src=\"https:\/\/nusa.com.pt\/wp-content\/uploads\/2026\/02\/Tempo-icon.svg\" alt=\"Viemos at\u00e9 Si\" class=\"et-waypoint et_pb_animation_top et_pb_animation_top_tablet et_pb_animation_top_phone wp-image-223506\" \/><\/span><\/div><div class=\"et_pb_blurb_container\"><h3 class=\"et_pb_module_header\">Confirma\u00e7\u00e3o em Minutos<\/h3><div class=\"et_pb_blurb_description\"><p><span>Basta enviar uma mensagem pelo WhatsApp. Confirmamos disponibilidade rapidamente e tratamos de tudo.<\/span><\/p>\n<\/div><\/div><\/div><\/div>\n<\/div>\n\n<div class=\"et_pb_column_4 et_pb_column et_flex_column et_pb_css_mix_blend_mode_passthrough et_flex_column_6_24 et_flex_column_12_24_tablet et_flex_column_24_24_phone et_flex_column_24_24_phoneWide\">\n<div class=\"et_pb_blurb_2 et_pb_blurb et_pb_bg_layout_light et_pb_text_align_left et_pb_blurb_position_top et_animated et_pb_module et_flex_module\"><div class=\"et_pb_blurb_content et_flex_module\"><div class=\"et_pb_main_blurb_image\"><span class=\"et_pb_image_wrap et_pb_only_image_mode_wrap\"><img decoding=\"async\" src=\"https:\/\/nusa.com.pt\/wp-content\/uploads\/2026\/02\/massagem-personalisada-icon.svg\" alt=\"Viemos at\u00e9 Si\" class=\"et-waypoint et_pb_animation_top et_pb_animation_top_tablet et_pb_animation_top_phone wp-image-223504\" \/><\/span><\/div><div class=\"et_pb_blurb_container\"><h3 class=\"et_pb_module_header\">Sess\u00e3o Personalizada<\/h3><div class=\"et_pb_blurb_description\"><p><span>Cada massagem \u00e9 adaptada ao seu estado de esp\u00edrito &#8211; relaxamento profundo, al\u00edvio muscular ou uma pausa total.<\/span><\/p>\n<\/div><\/div><\/div><\/div>\n<\/div>\n\n<div class=\"et_pb_column_5 et_pb_column et-last-child et_flex_column et_pb_css_mix_blend_mode_passthrough et_flex_column_6_24 et_flex_column_12_24_tablet et_flex_column_24_24_phone et_flex_column_24_24_phoneWide\">\n<div class=\"et_pb_blurb_3 et_pb_blurb et_pb_bg_layout_light et_pb_text_align_left et_pb_blurb_position_top et_animated et_pb_module et_flex_module\"><div class=\"et_pb_blurb_content et_flex_module\"><div class=\"et_pb_main_blurb_image\"><span class=\"et_pb_image_wrap et_pb_only_image_mode_wrap\"><img decoding=\"async\" src=\"https:\/\/nusa.com.pt\/wp-content\/uploads\/2026\/02\/Privacy-icon.svg\" alt=\"Viemos at\u00e9 Si\" class=\"et-waypoint et_pb_animation_top et_pb_animation_top_tablet et_pb_animation_top_phone wp-image-223505\" \/><\/span><\/div><div class=\"et_pb_blurb_container\"><h3 class=\"et_pb_module_header\">Privacidade e Conforto Totais<\/h3><div class=\"et_pb_blurb_description\"><p><span>O seu quarto transforma-se num spa privado. Um ambiente \u00edntimo e exclusivo, pensado s\u00f3 para si.<\/span><\/p>\n<\/div><\/div><\/div><\/div>\n<\/div>\n<\/div>\n\n<div class=\"et_pb_text_2 et_pb_text et_pb_bg_layout_light et_pb_module et_flex_module\"><div class=\"et_pb_text_inner\"><p class=\"font-claude-response-body break-words whitespace-normal leading-[1.7]\" style=\"text-align: left;\">Oferecemos uma sele\u00e7\u00e3o dos nossos tratamentos mais populares no conforto do seu hotel:<\/p>\n<ul class=\"[li_&amp;]:mb-0 [li_&amp;]:mt-1 [li_&amp;]:gap-1 [&amp;:not(:last-child)_ul]:pb-1 [&amp;:not(:last-child)_ol]:pb-1 list-disc flex flex-col gap-1 pl-8 mb-3\" style=\"text-align: left;\">\n<li class=\"whitespace-normal break-words pl-2\"><strong>Massagem de Relaxamento<\/strong> \u2014 al\u00edvio de stress e tens\u00e3o acumulada<\/li>\n<li class=\"whitespace-normal break-words pl-2\"><strong>Massagem Deep Tissue<\/strong> \u2014 trabalho muscular profundo e terap\u00eautico<\/li>\n<li class=\"whitespace-normal break-words pl-2\"><strong>Massagem Tailandesa<\/strong> \u2014 alongamentos e press\u00e3o para reequilibrar o corpo<\/li>\n<li class=\"whitespace-normal break-words pl-2\"><strong>Massagem a Quatro M\u00e3os<\/strong> \u2014 uma experi\u00eancia verdadeiramente \u00fanica<\/li>\n<li class=\"whitespace-normal break-words pl-2\"><strong>Massagem de Casal<\/strong> \u2014 partilhe o momento com quem mais gosta<\/li>\n<\/ul>\n<p class=\"font-claude-response-body break-words whitespace-normal leading-[1.7]\" style=\"text-align: left;\"><em>Para outros tratamentos ou pedidos especiais, contacte-nos pelo WhatsApp.<\/em><\/p>\n<\/div><\/div>\n\n<div class=\"et_pb_image_0 et_pb_image et_pb_module et_flex_module\"><span class=\"et_pb_image_wrap\"><img loading=\"lazy\" decoding=\"async\" src=\"https:\/\/nusa.com.pt\/wp-content\/uploads\/2026\/02\/Nusa-massage-blurb-hotel.jpg\" alt=\"Massagem no Hotel\" width=\"800\" height=\"430\" srcset=\"https:\/\/nusa.com.pt\/wp-content\/uploads\/2026\/02\/Nusa-massage-blurb-hotel.jpg 800w, https:\/\/nusa.com.pt\/wp-content\/uploads\/2026\/02\/Nusa-massage-blurb-hotel-480x258.jpg 480w\" sizes=\"(min-width: 0px) and (max-width: 480px) 480px, (min-width: 481px) 800px, 100vw\" class=\"wp-image-223325\" \/><\/span><\/div>\n\n<div class=\"et_pb_text_3 et_pb_text et_pb_bg_layout_light et_pb_module et_flex_module\"><div class=\"et_pb_text_inner\"><p class=\"font-claude-response-body break-words whitespace-normal leading-[1.7]\">As nossas terapeutas especializadas transformam o seu quarto num spa privado, adaptando cada sess\u00e3o ao seu estado de esp\u00edrito: relaxamento profundo, al\u00edvio de tens\u00f5es musculares ou simplesmente um momento de pausa total.<\/p>\n<\/div><\/div>\n\n<div class=\"et_pb_module et_pb_button_module_wrapper et_pb_button_0_wrapper\"><a class=\"et_pb_button_0 et_pb_button et_pb_bg_layout_dark et_pb_module et_flex_module\" href=\"https:\/\/wa.me\/351935676279?text=Ol\u00e1!%20Estou%20hospedado%20no%20Hotel%20...%20em%20Lisboa%20e%20gostaria%20de%20saber%20mais%20sobre%20o%20servi\u00e7o%20de%20massagem%20no%20hotel.\" target=\"_blank\" data-icon=\"\uf232\" rel=\"noopener\">Para saber mais sobre disponibilidade e pre\u00e7os, fale connosco pelo WhatsApp<\/a><\/div>\n\n<div class=\"et_pb_text_4 et_pb_text et_pb_bg_layout_light et_pb_module et_flex_module\"><div class=\"et_pb_text_inner\"><p>ou<\/p>\n<\/div><\/div>\n\n<div class=\"et_pb_module et_pb_button_module_wrapper et_pb_button_1_wrapper\"><a class=\"et_pb_button_1 et_pb_button et_pb_bg_layout_light et_pb_module et_flex_module\" href=\"tel:+351935676279\" data-icon=\"\ue090\">Ligar agora<\/a><\/div>\n<\/div>\n<\/div>\n<\/div>","protected":false},"excerpt":{"rendered":"<p>Desfrute de uma experi\u00eancia de relaxamento exclusiva no conforto do seu hotel. As nossas terapeutas deslocam-se at\u00e9 si, levando bem-estar, serenidade e o toque perfeito onde quer que esteja em Lisboa.<\/p>","protected":false},"author":1,"featured_media":223142,"parent":0,"menu_order":0,"comment_status":"closed","ping_status":"closed","template":"","meta":{"footnotes":""},"class_list":["post-343","page","type-page","status-publish","has-post-thumbnail","hentry"],"_links":{"self":[{"href":"https:\/\/nusa.com.pt\/en\/wp-json\/wp\/v2\/pages\/343","targetHints":{"allow":["GET"]}}],"collection":[{"href":"https:\/\/nusa.com.pt\/en\/wp-json\/wp\/v2\/pages"}],"about":[{"href":"https:\/\/nusa.com.pt\/en\/wp-json\/wp\/v2\/types\/page"}],"author":[{"embeddable":true,"href":"https:\/\/nusa.com.pt\/en\/wp-json\/wp\/v2\/users\/1"}],"replies":[{"embeddable":true,"href":"https:\/\/nusa.com.pt\/en\/wp-json\/wp\/v2\/comments?post=343"}],"version-history":[{"count":40,"href":"https:\/\/nusa.com.pt\/en\/wp-json\/wp\/v2\/pages\/343\/revisions"}],"predecessor-version":[{"id":223758,"href":"https:\/\/nusa.com.pt\/en\/wp-json\/wp\/v2\/pages\/343\/revisions\/223758"}],"wp:featuredmedia":[{"embeddable":true,"href":"https:\/\/nusa.com.pt\/en\/wp-json\/wp\/v2\/media\/223142"}],"wp:attachment":[{"href":"https:\/\/nusa.com.pt\/en\/wp-json\/wp\/v2\/media?parent=343"}],"curies":[{"name":"wp","href":"https:\/\/api.w.org\/{rel}","templated":true}]}}