{"id":223874,"date":"2026-03-06T20:04:51","date_gmt":"2026-03-06T20:04:51","guid":{"rendered":"https:\/\/nusa.com.pt\/?page_id=223874"},"modified":"2026-03-06T20:37:55","modified_gmt":"2026-03-06T20:37:55","slug":"mahayana-tibetan-massage","status":"publish","type":"page","link":"https:\/\/nusa.com.pt\/en\/massagem-tibetana-mahayana\/","title":{"rendered":"Tibetan Mahayana Massage"},"content":{"rendered":"<div class=\"et_pb_section_0 et_pb_section et_section_regular et_flex_section section_has_divider et_pb_bottom_divider zoom-header\">\n<div class=\"et_pb_row_0 et_pb_row et_flex_row\">\n<div class=\"et_pb_column_0 et_pb_column et-last-child et_flex_column et_pb_css_mix_blend_mode_passthrough et_flex_column_24_24\">\n<div class=\"et_pb_heading_0 et_pb_heading et_pb_module et_flex_module\"><div class=\"et_pb_heading_container\"><h1 class=\"et_pb_module_header\">Tibetan Mahayana massage in Lisbon<\/h1><\/div><\/div>\n<\/div>\n<\/div>\n<div class=\"et_pb_bottom_inside_divider et-no-transition\"><\/div><\/div>\n\n<div class=\"et_pb_section_1 et_pb_section et_section_regular et_flex_section\">\n<div class=\"et_pb_row_1 et_pb_row et_flex_row\">\n<div class=\"et_pb_column_1 et_pb_column et-last-child et_flex_column et_pb_css_mix_blend_mode_passthrough et_flex_column_24_24\">\n<div class=\"et_pb_heading_1 et_pb_heading et_pb_module et_flex_module\"><div class=\"et_pb_heading_container\"><h2 class=\"et_pb_module_header\">An Ancestral Ceremony of Balance and Transformation<\/h2><\/div><\/div>\n<\/div>\n<\/div>\n\n<div class=\"et_pb_row_2 et_pb_row et_flex_row\">\n<div class=\"et_pb_column_2 et_pb_column et-last-child et_flex_column et_pb_css_mix_blend_mode_passthrough et_flex_column_24_24\">\n<div class=\"et_pb_text_0 et_pb_text et_pb_bg_layout_light et_pb_module et_flex_module\"><div class=\"et_pb_text_inner\"><p>Tibetan Mahayana Massage is one of the oldest and most profound wellness practices in the East. Inspired by the Tibetan Buddhist tradition, this massage combines ancient techniques of gentle pressure, meditative movements and energy work to release accumulated physical and emotional blockages, restoring the natural balance of body and mind.<\/p>\n<\/div><\/div>\n<\/div>\n<\/div>\n\n<div class=\"et_pb_row_3 et_pb_row et_flex_row\">\n<div class=\"et_pb_column_3 et_pb_column et-last-child et_flex_column et_pb_css_mix_blend_mode_passthrough et_flex_column_24_24\">\n<div class=\"et_pb_heading_2 et_pb_heading et_pb_module et_flex_module\"><div class=\"et_pb_heading_container\"><h3 class=\"et_pb_module_header\">An Experience of Body and Mind<\/h3><\/div><\/div>\n\n<div class=\"et_pb_text_1 et_pb_text et_pb_bg_layout_light et_pb_module et_flex_module\"><div class=\"et_pb_text_inner\"><p>Unlike a conventional massage, Tibetan Mahayana is experienced as a ritual - a moment of total surrender where every touch is intentional and every movement follows the natural flow of the body's energy. The therapist works with gentle, rhythmic pressure along the energy meridians, promoting a feeling of lightness, mental clarity and inner peace that persists well beyond the session.<\/p>\n<\/div><\/div>\n<\/div>\n<\/div>\n\n<div class=\"et_pb_row_4 et_pb_row et_flex_row\">\n<div class=\"et_pb_column_4 et_pb_column et-last-child et_flex_column et_pb_css_mix_blend_mode_passthrough et_flex_column_24_24\">\n<div class=\"et_pb_heading_3 et_pb_heading et_pb_module et_flex_module\"><div class=\"et_pb_heading_container\"><h3 class=\"et_pb_module_header\">Your Session at Nusa<\/h3><\/div><\/div>\n\n<div class=\"et_pb_text_2 et_pb_text et_pb_bg_layout_light et_pb_module et_flex_module\"><div class=\"et_pb_text_inner\"><p>At the Nusa Massage Spa in Lisbon, the Tibetan Mahayana Massage is performed in a serene and cosy atmosphere, with carefully selected natural oils to enhance its benefits. A transformative experience for those looking to go beyond physical relaxation and reconnect with themselves on a deeper level. Available in 40, 60 or 90 minute sessions.<\/p>\n<\/div><\/div>\n<\/div>\n<\/div>\n\n<div class=\"et_pb_row_5 et_pb_row et_flex_row\">\n<div class=\"et_pb_column_5 et_pb_column et-last-child et_flex_column et_pb_css_mix_blend_mode_passthrough et_flex_column_24_24\">\n<div class=\"et_pb_module et_pb_button_module_wrapper et_pb_button_0_wrapper\"><a class=\"et_pb_button_0 et_pb_button et_pb_bg_layout_dark et_pb_module et_flex_module\" href=\"https:\/\/wa.me\/351935676279?text=Ol%C3%A1%21%20Gostaria%20de%20saber%20mais%20sobre%20a%20Massagem%20Tibetana%20Mahayana%20no%20Nusa%20Massage%20Spa%20em%20Lisboa.\" target=\"_blank\" data-icon=\"\uf232\" rel=\"noopener\">Book your Tibetan Mahayana Massage session today - contact us by WhatsApp.<\/a><\/div>\n<\/div>\n<\/div>\n<\/div>","protected":false},"excerpt":{"rendered":"<p>Descubra a Massagem Tibetana Mahayana no Nusa Massage Spa em Lisboa. Uma cerim\u00f3nia ancestral de equil\u00edbrio e transforma\u00e7\u00e3o interior. Reserve j\u00e1 pelo WhatsApp.<\/p>","protected":false},"author":1,"featured_media":223882,"parent":0,"menu_order":0,"comment_status":"closed","ping_status":"closed","template":"","meta":{"footnotes":""},"class_list":["post-223874","page","type-page","status-publish","has-post-thumbnail","hentry"],"_links":{"self":[{"href":"https:\/\/nusa.com.pt\/en\/wp-json\/wp\/v2\/pages\/223874","targetHints":{"allow":["GET"]}}],"collection":[{"href":"https:\/\/nusa.com.pt\/en\/wp-json\/wp\/v2\/pages"}],"about":[{"href":"https:\/\/nusa.com.pt\/en\/wp-json\/wp\/v2\/types\/page"}],"author":[{"embeddable":true,"href":"https:\/\/nusa.com.pt\/en\/wp-json\/wp\/v2\/users\/1"}],"replies":[{"embeddable":true,"href":"https:\/\/nusa.com.pt\/en\/wp-json\/wp\/v2\/comments?post=223874"}],"version-history":[{"count":9,"href":"https:\/\/nusa.com.pt\/en\/wp-json\/wp\/v2\/pages\/223874\/revisions"}],"predecessor-version":[{"id":223886,"href":"https:\/\/nusa.com.pt\/en\/wp-json\/wp\/v2\/pages\/223874\/revisions\/223886"}],"wp:featuredmedia":[{"embeddable":true,"href":"https:\/\/nusa.com.pt\/en\/wp-json\/wp\/v2\/media\/223882"}],"wp:attachment":[{"href":"https:\/\/nusa.com.pt\/en\/wp-json\/wp\/v2\/media?parent=223874"}],"curies":[{"name":"wp","href":"https:\/\/api.w.org\/{rel}","templated":true}]}}