{"id":223826,"date":"2026-03-06T14:53:58","date_gmt":"2026-03-06T14:53:58","guid":{"rendered":"https:\/\/nusa.com.pt\/?page_id=223826"},"modified":"2026-03-23T11:22:31","modified_gmt":"2026-03-23T11:22:31","slug":"relaxing-therapeutic-massages-baixa-lisbon","status":"publish","type":"page","link":"https:\/\/nusa.com.pt\/en\/massagens-relaxantes-e-terapeuticas-na-baixa-de-lisboa\/","title":{"rendered":"Relaxing and Therapeutic Massages in Baixa de Lisboa"},"content":{"rendered":"<div class=\"et_pb_section_0 et_pb_section et_section_regular et_flex_section section_has_divider et_pb_bottom_divider zoom-header\">\n<div class=\"et_pb_row_0 et_pb_row et_flex_row\">\n<div class=\"et_pb_column_0 et_pb_column et-last-child et_flex_column et_pb_css_mix_blend_mode_passthrough et_flex_column_24_24\">\n<div class=\"et_pb_heading_0 et_pb_heading et_pb_module et_flex_module\"><div class=\"et_pb_heading_container\"><h1 class=\"et_pb_module_header\">Relaxing and Therapeutic Massages in Baixa de Lisboa<\/h1><\/div><\/div>\n<\/div>\n<\/div>\n<div class=\"et_pb_bottom_inside_divider et-no-transition\"><\/div><\/div>\n\n<div class=\"et_pb_section_1 et_pb_section et_section_regular et_flex_section\">\n<div class=\"et_pb_row_1 et_pb_row et_flex_row\">\n<div class=\"et_pb_column_1 et_pb_column et-last-child et_flex_column et_pb_css_mix_blend_mode_passthrough et_flex_column_24_24\">\n<div class=\"et_pb_heading_1 et_pb_heading et_pb_module et_flex_module\"><div class=\"et_pb_heading_container\"><h2 class=\"et_pb_module_header\">Spa Massages or at Your Hotel in Baixa, Lisbon<\/h2><\/div><\/div>\n<\/div>\n<\/div>\n\n<div class=\"et_pb_row_2 et_pb_row et_flex_row\">\n<div class=\"et_pb_column_2 et_pb_column et-last-child et_flex_column et_pb_css_mix_blend_mode_passthrough et_flex_column_24_24\">\n<div class=\"et_pb_heading_2 et_pb_heading et_pb_module et_flex_module\"><div class=\"et_pb_heading_container\"><h3 class=\"et_pb_module_header\">Baixa Lisbon - Elegance in the Heart of Lisbon<\/h3><\/div><\/div>\n\n<div class=\"et_pb_text_0 et_pb_text et_pb_bg_layout_light et_pb_module et_flex_module\"><div class=\"et_pb_text_inner\"><div><span>Lisbon's Baixa is the historic heart of the city - Pra\u00e7a do Com\u00e9rcio, Rua Augusta, Terreiro do Pa\u00e7o and a vibrant energy of tourists and locals alike. It's one of the most visited areas of the city and also one of the most tiring to explore on foot.<\/span><\/div>\n<\/div><\/div>\n<\/div>\n<\/div>\n\n<div class=\"et_pb_row_3 et_pb_row et_flex_row\">\n<div class=\"et_pb_column_3 et_pb_column et-last-child et_flex_column et_pb_css_mix_blend_mode_passthrough et_flex_column_24_24\">\n<div class=\"et_pb_heading_3 et_pb_heading et_pb_module et_flex_module\"><div class=\"et_pb_heading_container\"><h3 class=\"et_pb_module_header\">Your Massage Just a Few Minutes from Downtown Lisbon<\/h3><\/div><\/div>\n\n<div class=\"et_pb_text_1 et_pb_text et_pb_bg_layout_light et_pb_module et_flex_module\"><div class=\"et_pb_text_inner\"><div>\n<p style=\"font-weight: 400;\">After hours walking the streets of Baixa, visiting monuments or discovering the local cuisine, your body deserves to recover. At Nusa Massage Spa, our therapists offer relaxing, therapeutic and couple's massages that relieve muscle tension and renew your energy to continue enjoying Lisbon to the full.<\/p>\n<\/div>\n<\/div><\/div>\n<\/div>\n<\/div>\n\n<div class=\"et_pb_row_4 et_pb_row et_flex_row\">\n<div class=\"et_pb_column_4 et_pb_column et-last-child et_flex_column et_pb_css_mix_blend_mode_passthrough et_flex_column_24_24\">\n<div class=\"et_pb_heading_4 et_pb_heading et_pb_module et_flex_module\"><div class=\"et_pb_heading_container\"><h3 class=\"et_pb_module_header\">Prefer to stay in a hotel? We'll Come to You\n\n<\/h3><\/div><\/div>\n\n<div class=\"et_pb_text_2 et_pb_text et_pb_bg_layout_light et_pb_module et_flex_module\"><div class=\"et_pb_text_inner\"><div><span style=\"font-size: 18px; font-family: var(--et_global_body_font);\">Many of the hotels in downtown Lisbon are within walking distance of the Nusa Spa. But if you prefer not to leave, our therapists will come to your hotel. Just send us a WhatsApp message with the name of the hotel and we'll take care of everything.<\/span><\/div>\n<div><\/div>\n<\/div><\/div>\n<\/div>\n<\/div>\n\n<div class=\"et_pb_row_5 et_pb_row et_flex_row\">\n<div class=\"et_pb_column_5 et_pb_column et-last-child et_flex_column et_pb_css_mix_blend_mode_passthrough et_flex_column_24_24\">\n<div class=\"et_pb_module et_pb_button_module_wrapper et_pb_button_0_wrapper\"><a class=\"et_pb_button_0 et_pb_button et_pb_bg_layout_dark et_pb_module et_flex_module\" href=\"https:\/\/wa.me\/351935676279?text=Ol%C3%A1%21%20Estou%20na%20zona%20da%20Baixa%20de%20Lisboa%20e%20gostaria%20de%20saber%20mais%20sobre%20o%20servi%C3%A7o%20de%20massagem\" target=\"_blank\" data-icon=\"\uf232\" rel=\"noopener\">Book your session today \u2013 at Nusa Spa or at your hotel in Baixa, Lisbon<\/a><\/div>\n<\/div>\n<\/div>\n<\/div>","protected":false},"excerpt":{"rendered":"<p>Massagens relaxantes e terap\u00eauticas na Baixa de Lisboa. No spa ou no seu hotel. Terapeutas especializadas. Reserve hoje pelo WhatsApp&#8230;<\/p>","protected":false},"author":1,"featured_media":223794,"parent":0,"menu_order":0,"comment_status":"closed","ping_status":"closed","template":"","meta":{"footnotes":""},"class_list":["post-223826","page","type-page","status-publish","has-post-thumbnail","hentry"],"_links":{"self":[{"href":"https:\/\/nusa.com.pt\/en\/wp-json\/wp\/v2\/pages\/223826","targetHints":{"allow":["GET"]}}],"collection":[{"href":"https:\/\/nusa.com.pt\/en\/wp-json\/wp\/v2\/pages"}],"about":[{"href":"https:\/\/nusa.com.pt\/en\/wp-json\/wp\/v2\/types\/page"}],"author":[{"embeddable":true,"href":"https:\/\/nusa.com.pt\/en\/wp-json\/wp\/v2\/users\/1"}],"replies":[{"embeddable":true,"href":"https:\/\/nusa.com.pt\/en\/wp-json\/wp\/v2\/comments?post=223826"}],"version-history":[{"count":7,"href":"https:\/\/nusa.com.pt\/en\/wp-json\/wp\/v2\/pages\/223826\/revisions"}],"predecessor-version":[{"id":224065,"href":"https:\/\/nusa.com.pt\/en\/wp-json\/wp\/v2\/pages\/223826\/revisions\/224065"}],"wp:featuredmedia":[{"embeddable":true,"href":"https:\/\/nusa.com.pt\/en\/wp-json\/wp\/v2\/media\/223794"}],"wp:attachment":[{"href":"https:\/\/nusa.com.pt\/en\/wp-json\/wp\/v2\/media?parent=223826"}],"curies":[{"name":"wp","href":"https:\/\/api.w.org\/{rel}","templated":true}]}}