{"id":346,"date":"2025-11-11T09:04:32","date_gmt":"2025-11-11T09:04:32","guid":{"rendered":"https:\/\/nusa.com.pt\/?page_id=346"},"modified":"2026-03-06T12:31:11","modified_gmt":"2026-03-06T12:31:11","slug":"faqs-haufig-gestellte-fragen","status":"publish","type":"page","link":"https:\/\/nusa.com.pt\/de\/faqs-perguntas-frequentes\/","title":{"rendered":"FAQs - H\u00e4ufig gestellte Fragen"},"content":{"rendered":"<div class=\"et_pb_section_0 et_pb_section et_section_regular et_flex_section section_has_divider et_pb_bottom_divider zoom-header\">\n<div class=\"et_pb_row_0 et_pb_row et_flex_row\">\n<div class=\"et_pb_column_0 et_pb_column et-last-child et_flex_column et_pb_css_mix_blend_mode_passthrough et_flex_column_24_24\">\n<div class=\"et_pb_heading_0 et_pb_heading et_pb_module et_flex_module\"><div class=\"et_pb_heading_container\"><h1 class=\"et_pb_module_header\"> Faq's - H\u00e4ufig gestellte Fragen<\/h1><\/div><\/div>\n<\/div>\n<\/div>\n<div class=\"et_pb_bottom_inside_divider et-no-transition\"><\/div><\/div>\n\n<div class=\"et_pb_section_1 et_pb_section et_section_regular et_flex_section\">\n<div class=\"et_pb_row_1 et_pb_row et_flex_row\">\n<div class=\"et_pb_column_1 et_pb_column et_flex_column et_pb_css_mix_blend_mode_passthrough et_flex_column_12_24 et_flex_column_24_24_phone et_flex_column_24_24_phoneWide\">\n<div class=\"et_pb_toggle_0 et_pb_toggle et_pb_toggle_item et_pb_toggle_close et_pb_module et_flex_module\"><h5 class=\"et_pb_toggle_title\">Welche Arten von Massagen werden im Nusa Massage Spa angeboten?<\/h5><div class=\"et_pb_toggle_content clearfix et_flex_module\"><p>Wir bieten eine gro\u00dfe Auswahl an therapeutischen und Entspannungsmassagen, darunter Entspannungsmassage, Deep Tissue, Thai-Massage, Vier-H\u00e4nde-Massage, Paarmassage, Lomi Lomi, Hot Stone Massage, Reflexzonenmassage, Abhyanga und Hot Candle Massage sowie weitere Spezialbehandlungen.<\/p>\n<\/div><\/div>\n\n<div class=\"et_pb_toggle_1 et_pb_toggle et_pb_toggle_item et_pb_toggle_close et_pb_module et_flex_module\"><h5 class=\"et_pb_toggle_title\">Wie lange dauern die Massagesitzungen?<\/h5><div class=\"et_pb_toggle_content clearfix et_flex_module\"><p>Die Sitzungen dauern im Allgemeinen 40, 60 oder 90 Minuten, je nach der gew\u00e4hlten Behandlung. Kontaktieren Sie uns \u00fcber WhatsApp, um die f\u00fcr Sie am besten geeignete Option zu finden.<\/p>\n<\/div><\/div>\n\n<div class=\"et_pb_toggle_2 et_pb_toggle et_pb_toggle_item et_pb_toggle_close et_pb_module et_flex_module\"><h5 class=\"et_pb_toggle_title\">Wie hoch sind die Preise f\u00fcr Massagen?<\/h5><div class=\"et_pb_toggle_content clearfix et_flex_module\"><p>Die Preise variieren je nach der gew\u00e4hlten Behandlung und Dauer. Kontaktieren Sie uns per WhatsApp, um die vollst\u00e4ndige Preisliste und ein individuelles Angebot zu erhalten.<\/p>\n<\/div><\/div>\n\n<div class=\"et_pb_toggle_3 et_pb_toggle et_pb_toggle_item et_pb_toggle_close et_pb_module et_flex_module\"><h5 class=\"et_pb_toggle_title\">Muss ich im Voraus buchen?<\/h5><div class=\"et_pb_toggle_content clearfix et_flex_module\"><p>Wir empfehlen immer im Voraus zu buchen, um die Verf\u00fcgbarkeit zu garantieren. Sie k\u00f6nnen schnell per WhatsApp buchen - wir antworten innerhalb von Minuten.<\/p>\n<\/div><\/div>\n\n<div class=\"et_pb_toggle_4 et_pb_toggle et_pb_toggle_item et_pb_toggle_close et_pb_module et_flex_module\"><h5 class=\"et_pb_toggle_title\">Kann ich mir meinen Therapeuten aussuchen?<\/h5><div class=\"et_pb_toggle_content clearfix et_flex_module\"><p>Ja, Sie k\u00f6nnen bei der Buchung Ihrer Sitzung einen bestimmten Therapeuten angeben. Wir werden unser Bestes tun, um Ihren Wunsch zu erf\u00fcllen, je nach Verf\u00fcgbarkeit.<\/p>\n<\/div><\/div>\n\n<div class=\"et_pb_toggle_5 et_pb_toggle et_pb_toggle_item et_pb_toggle_close et_pb_module et_flex_module\"><h5 class=\"et_pb_toggle_title\">Bietet Nusa Massage Spa Hotelmassagen an?<\/h5><div class=\"et_pb_toggle_content clearfix et_flex_module\"><p>Ja, unsere Therapeuten kommen in Ihr Hotel in Lissabon und verwandeln Ihr Zimmer in ein privates Spa. Schicken Sie uns einfach eine WhatsApp-Nachricht mit dem Namen Ihres Hotels und wir best\u00e4tigen die Verf\u00fcgbarkeit in wenigen Minuten.<\/p>\n<\/div><\/div>\n\n<div class=\"et_pb_toggle_6 et_pb_toggle et_pb_toggle_item et_pb_toggle_close et_pb_module et_flex_module\"><h5 class=\"et_pb_toggle_title\">Was sollte ich w\u00e4hrend der Massage tragen?<\/h5><div class=\"et_pb_toggle_content clearfix et_flex_module\"><p>Keine Sorge - ein Bademantel, Hausschuhe und saubere Handt\u00fccher werden zur Verf\u00fcgung gestellt, um Ihren Komfort und Ihre Privatsph\u00e4re w\u00e4hrend der Sitzung zu gew\u00e4hrleisten.<\/p>\n<\/div><\/div>\n\n<div class=\"et_pb_toggle_7 et_pb_toggle et_pb_toggle_item et_pb_toggle_close et_pb_module et_flex_module\"><h5 class=\"et_pb_toggle_title\">Welche Produkte werden bei Massagen verwendet?<\/h5><div class=\"et_pb_toggle_content clearfix et_flex_module\"><p>Wir verwenden eine erstklassige Auswahl an nat\u00fcrlichen Produkten, darunter die Marken Ritualis (91% natural), Atelier do Sab\u00e3o (98% natural) und Sanctuary Luxury Spa. Ihre Haut ist in guten H\u00e4nden.<\/p>\n<\/div><\/div>\n\n<div class=\"et_pb_toggle_8 et_pb_toggle et_pb_toggle_item et_pb_toggle_close et_pb_module et_flex_module\"><h5 class=\"et_pb_toggle_title\">Kann ich w\u00e4hrend der Massage sprechen?<\/h5><div class=\"et_pb_toggle_content clearfix et_flex_module\"><p>Nat\u00fcrlich - aber es ist kein Muss! Viele Kunden ziehen es vor, sich in der Stille zu entspannen, andere m\u00f6chten sich unterhalten. Die Sitzung wird ganz auf Ihre Stimmung abgestimmt.<\/p>\n<\/div><\/div>\n\n<div class=\"et_pb_toggle_9 et_pb_toggle et_pb_toggle_item et_pb_toggle_close et_pb_module et_flex_module\"><h5 class=\"et_pb_toggle_title\">Sollte ich vor der Massage etwas essen?<\/h5><div class=\"et_pb_toggle_content clearfix et_flex_module\"><p>Wir empfehlen, in den zwei Stunden vor der Sitzung keine schweren Mahlzeiten zu sich zu nehmen. Eine leichte Mahlzeit ist durchaus akzeptabel.<\/p>\n<\/div><\/div>\n\n<div class=\"et_pb_toggle_10 et_pb_toggle et_pb_toggle_item et_pb_toggle_close et_pb_module et_flex_module\"><h5 class=\"et_pb_toggle_title\">Welche Hotels in Lissabon bieten Hausmassagen an?<\/h5><div class=\"et_pb_toggle_content clearfix et_flex_module\"><p>Wir kommen in jedes Hotel im Zentrum von Lissabon. Schicken Sie uns einfach den Namen und die Adresse Ihres Hotels per WhatsApp und wir best\u00e4tigen die Verf\u00fcgbarkeit in wenigen Minuten.<\/p>\n<\/div><\/div>\n<\/div>\n\n<div class=\"et_pb_column_2 et_pb_column et-last-child et_flex_column et_pb_css_mix_blend_mode_passthrough et_flex_column_12_24 et_flex_column_24_24_phone et_flex_column_24_24_phoneWide\">\n<div class=\"et_pb_toggle_11 et_pb_toggle et_pb_toggle_item et_pb_toggle_close et_pb_module et_flex_module\"><h5 class=\"et_pb_toggle_title\">Wie wird die Hygiene in den Einrichtungen gew\u00e4hrleistet?<\/h5><div class=\"et_pb_toggle_content clearfix et_flex_module\"><p>Nach jeder Sitzung werden die R\u00e4ume gr\u00fcndlich gereinigt und desinfiziert. Alle Handt\u00fccher und Badem\u00e4ntel werden mit sauerstoffhaltigen Produkten gewaschen, um jedes Mal ein frisches, sauberes und sicheres Erlebnis zu garantieren.<\/p>\n<\/div><\/div>\n\n<div class=\"et_pb_toggle_12 et_pb_toggle et_pb_toggle_item et_pb_toggle_close et_pb_module et_flex_module\"><h5 class=\"et_pb_toggle_title\">Gibt es gesundheitliche Gr\u00fcnde, die Sie an einer Massage hindern?<\/h5><div class=\"et_pb_toggle_content clearfix et_flex_module\"><p>Bestimmte Gesundheitszust\u00e4nde k\u00f6nnen eine besondere Behandlung erfordern oder bestimmte Behandlungen kontraindizieren. Wir empfehlen Ihnen, uns bei der Buchung Ihrer Sitzung \u00fcber alle relevanten Gesundheitszust\u00e4nde zu informieren, damit wir Sie \u00fcber die f\u00fcr Sie am besten geeignete und sicherste Behandlung beraten k\u00f6nnen.<\/p>\n<\/div><\/div>\n\n<div class=\"et_pb_toggle_13 et_pb_toggle et_pb_toggle_item et_pb_toggle_close et_pb_module et_flex_module\"><h5 class=\"et_pb_toggle_title\">Bieten Sie auch Massagen f\u00fcr Paare an?<\/h5><div class=\"et_pb_toggle_content clearfix et_flex_module\"><p><em>Ja, unsere Paarmassage ist ein synchronisiertes Erlebnis f\u00fcr zwei, das von zwei spezialisierten Therapeuten gleichzeitig durchgef\u00fchrt wird. Eine unvergessliche Erfahrung, die man teilen kann.<\/em><\/p>\n<\/div><\/div>\n\n<div class=\"et_pb_toggle_14 et_pb_toggle et_pb_toggle_item et_pb_toggle_close et_pb_module et_flex_module\"><h5 class=\"et_pb_toggle_title\">Haben Sie einen Parkplatz?<\/h5><div class=\"et_pb_toggle_content clearfix et_flex_module\"><p>Wir haben keinen eigenen Parkplatz, aber es gibt mehrere \u00f6ffentliche Parkm\u00f6glichkeiten in der N\u00e4he des Kurbads, in der Gegend von Saldanha.<\/p>\n<\/div><\/div>\n\n<div class=\"et_pb_toggle_15 et_pb_toggle et_pb_toggle_item et_pb_toggle_close et_pb_module et_flex_module\"><h5 class=\"et_pb_toggle_title\">Wie kann ich eine Sitzung buchen?<\/h5><div class=\"et_pb_toggle_content clearfix et_flex_module\"><p>Am schnellsten geht es per WhatsApp - wir melden uns in wenigen Minuten bei Ihnen und k\u00fcmmern uns um alles. Sie k\u00f6nnen uns auch unter +351 935 676 279 anrufen oder das Formular auf unserer Kontaktseite ausf\u00fcllen.<\/p>\n<\/div><\/div>\n\n<div class=\"et_pb_toggle_16 et_pb_toggle et_pb_toggle_item et_pb_toggle_close et_pb_module et_flex_module\"><h5 class=\"et_pb_toggle_title\">Verkaufen Sie Geschenkgutscheine?<\/h5><div class=\"et_pb_toggle_content clearfix et_flex_module\"><p>Ja, wir bieten Geschenkgutscheine an, damit Sie Ihren Lieben ein Wellness-Erlebnis bieten k\u00f6nnen. Kontaktieren Sie uns per WhatsApp f\u00fcr weitere Informationen.<\/p>\n<\/div><\/div>\n\n<div class=\"et_pb_toggle_17 et_pb_toggle et_pb_toggle_item et_pb_toggle_close et_pb_module et_flex_module\"><h5 class=\"et_pb_toggle_title\">Wie komme ich zum Nusa Massage Spa in Lissabon?<\/h5><div class=\"et_pb_toggle_content clearfix et_flex_module\"><p>Sie finden uns in der Av. Defensores de Chaves 15, Piso 6A, im Stadtteil Saldanha in Lissabon. Die n\u00e4chstgelegene U-Bahn-Station ist Saldanha, die von den gelben und roten Linien bedient wird. Siehe Google Maps f\u00fcr eine detaillierte Wegbeschreibung.<\/p>\n<\/div><\/div>\n\n<div class=\"et_pb_toggle_18 et_pb_toggle et_pb_toggle_item et_pb_toggle_close et_pb_module et_flex_module\"><h5 class=\"et_pb_toggle_title\">Es ist meine erste Massage - was kann ich erwarten?<\/h5><div class=\"et_pb_toggle_content clearfix et_flex_module\"><p>Sie brauchen sich keine Sorgen zu machen! Ihr Therapeut wird Sie begr\u00fc\u00dfen und vor der Sitzung kurz \u00fcber Ihre Bed\u00fcrfnisse sprechen. Alles geschieht in Ihrem Tempo und zu Ihrem Komfort - Sie k\u00f6nnen jederzeit angeben, welchen Druck Sie bevorzugen und an welchen Stellen Sie arbeiten m\u00f6chten.<\/p>\n<\/div><\/div>\n\n<div class=\"et_pb_toggle_19 et_pb_toggle et_pb_toggle_item et_pb_toggle_close et_pb_module et_flex_module\"><h5 class=\"et_pb_toggle_title\">Wie sind die \u00d6ffnungszeiten?<\/h5><div class=\"et_pb_toggle_content clearfix et_flex_module\"><p>Wir haben Montag bis Samstag von 9.30 bis 21.30 Uhr und Sonntag von 11.00 bis 21.30 Uhr ge\u00f6ffnet.<\/p>\n<\/div><\/div>\n\n<div class=\"et_pb_toggle_20 et_pb_toggle et_pb_toggle_item et_pb_toggle_close et_pb_module et_flex_module\"><h5 class=\"et_pb_toggle_title\">Kann ich eine Massage verschenken?<\/h5><div class=\"et_pb_toggle_content clearfix et_flex_module\"><p>Ja, unsere Geschenkgutscheine sind ein einzigartiges und unvergessliches Geschenk f\u00fcr Geburtstage, den Valentinstag, den Muttertag oder einfach, um jemanden zu verw\u00f6hnen. Kontaktieren Sie uns per WhatsApp f\u00fcr weitere Details.<\/p>\n<\/div><\/div>\n\n<div class=\"et_pb_toggle_21 et_pb_toggle et_pb_toggle_item et_pb_toggle_close et_pb_module et_flex_module\"><h5 class=\"et_pb_toggle_title\">Wie lange im Voraus sollte ich den Massageservice im Hotel buchen?<\/h5><div class=\"et_pb_toggle_content clearfix et_flex_module\"><p>Wir empfehlen, mindestens ein paar Stunden im Voraus zu buchen, obwohl wir oft in der Lage sind, auf kurzfristige Anfragen zu reagieren. Kontaktieren Sie uns per WhatsApp, um die sofortige Verf\u00fcgbarkeit zu pr\u00fcfen.<\/p>\n<\/div><\/div>\n<\/div>\n<\/div>\n\n<div class=\"et_pb_row_2 et_pb_row et_flex_row\">\n<div class=\"et_pb_column_3 et_pb_column et-last-child et_flex_column et_pb_css_mix_blend_mode_passthrough et_flex_column_24_24\">\n<div class=\"et_pb_module et_pb_button_module_wrapper et_pb_button_0_wrapper\"><a class=\"et_pb_button_0 et_pb_button et_pb_bg_layout_dark et_pb_module et_flex_module\" href=\"https:\/\/wa.me\/351935676279?text=Ol\u00e1!%20Tenho%20uma%20quest\u00e3o%20que%20n\u00e3o%20encontrei%20nas%20FAQs%20do%20Nusa%20Massage%20Spa.%20Podem%20ajudar-me%3F\" target=\"_blank\" data-icon=\"\uf232\" rel=\"noopener\">Sie k\u00f6nnen die Antwort auf Ihre Frage nicht finden? Sprechen Sie mit uns \u00fcber WhatsApp - wir melden uns in wenigen Minuten bei Ihnen.<\/a><\/div>\n<\/div>\n<\/div>\n<\/div>","protected":false},"excerpt":{"rendered":"<p>FAQs &#8211; Perguntas Frequentes sobre o Spa. Respostas claras e completas sobre os t\u00f3picos mais comuns relacionados com o Spa.<\/p>","protected":false},"author":1,"featured_media":223772,"parent":0,"menu_order":0,"comment_status":"closed","ping_status":"closed","template":"","meta":{"footnotes":""},"class_list":["post-346","page","type-page","status-publish","has-post-thumbnail","hentry"],"_links":{"self":[{"href":"https:\/\/nusa.com.pt\/de\/wp-json\/wp\/v2\/pages\/346","targetHints":{"allow":["GET"]}}],"collection":[{"href":"https:\/\/nusa.com.pt\/de\/wp-json\/wp\/v2\/pages"}],"about":[{"href":"https:\/\/nusa.com.pt\/de\/wp-json\/wp\/v2\/types\/page"}],"author":[{"embeddable":true,"href":"https:\/\/nusa.com.pt\/de\/wp-json\/wp\/v2\/users\/1"}],"replies":[{"embeddable":true,"href":"https:\/\/nusa.com.pt\/de\/wp-json\/wp\/v2\/comments?post=346"}],"version-history":[{"count":47,"href":"https:\/\/nusa.com.pt\/de\/wp-json\/wp\/v2\/pages\/346\/revisions"}],"predecessor-version":[{"id":223760,"href":"https:\/\/nusa.com.pt\/de\/wp-json\/wp\/v2\/pages\/346\/revisions\/223760"}],"wp:featuredmedia":[{"embeddable":true,"href":"https:\/\/nusa.com.pt\/de\/wp-json\/wp\/v2\/media\/223772"}],"wp:attachment":[{"href":"https:\/\/nusa.com.pt\/de\/wp-json\/wp\/v2\/media?parent=346"}],"curies":[{"name":"wp","href":"https:\/\/api.w.org\/{rel}","templated":true}]}}