{"id":332,"date":"2025-11-11T08:40:41","date_gmt":"2025-11-11T08:40:41","guid":{"rendered":"https:\/\/nusa.com.pt\/?page_id=332"},"modified":"2026-03-20T18:04:32","modified_gmt":"2026-03-20T18:04:32","slug":"masseurinnen","status":"publish","type":"page","link":"https:\/\/nusa.com.pt\/de\/massagistas\/","title":{"rendered":"Unsere Masseurinnen - Nusa Massage Spa Lisboa"},"content":{"rendered":"<div class=\"et_pb_section_0 et_pb_section et_section_regular et_flex_section section_has_divider et_pb_bottom_divider zoom-header\">\n<div class=\"et_pb_row_0 et_pb_row et_flex_row\">\n<div class=\"et_pb_column_0 et_pb_column et-last-child et_flex_column et_pb_css_mix_blend_mode_passthrough et_flex_column_24_24\">\n<div class=\"et_pb_heading_0 et_pb_heading et_pb_module et_flex_module\"><div class=\"et_pb_heading_container\"><h1 class=\"et_pb_module_header\">Treffen Sie unsere spezialisierten Therapeuten<\/h1><\/div><\/div>\n<\/div>\n<\/div>\n<div class=\"et_pb_bottom_inside_divider et-no-transition\"><\/div><\/div>\n\n<div class=\"et_pb_section_1 et_pb_section et_section_regular et_flex_section\">\n<div class=\"et_pb_row_1 et_pb_row et_flex_row\">\n<div class=\"et_pb_column_1 et_pb_column et_flex_column et_pb_css_mix_blend_mode_passthrough et_flex_column_12_24 et_flex_column_24_24_phone et_flex_column_24_24_phoneWide\">\n<div class=\"et_pb_text_0 et_pb_text et_pb_bg_layout_light et_pb_module et_block_module\"><div class=\"et_pb_text_inner\"><p><span>Das Nusa Spa de Massagens bietet eine einzigartige Erfahrung von Entspannung und Wohlbefinden:<\/span><br \/><span>Unsere spezialisierten Masseurinnen wenden therapeutische Techniken wie Entspannungsmassage, Sportmassage, Thai-Massage und Reflexzonenmassage an.\u00a0<\/span><\/p>\n<\/div><\/div>\n<\/div>\n\n<div class=\"et_pb_column_2 et_pb_column et-last-child et_flex_column et_pb_css_mix_blend_mode_passthrough et_flex_column_12_24 et_flex_column_24_24_phone et_flex_column_24_24_phoneWide\">\n<div class=\"et_pb_text_1 et_pb_text et_pb_bg_layout_light et_pb_module et_block_module\"><div class=\"et_pb_text_inner\"><p><span>Z\u00f6gern Sie nicht, uns anzurufen, um eine Sitzung bei einer Therapeutin Ihrer Wahl zu buchen, in unserem Spa oder in Ihrem Hotel in Lissabon.<\/span><\/p>\n<\/div><\/div>\n<\/div>\n<\/div>\n\n<div class=\"et_pb_row_2 et_pb_row et_flex_row\">\n<div class=\"et_pb_column_3 et_pb_column et_flex_column et_pb_css_mix_blend_mode_passthrough et_flex_column_8_24 et_flex_column_24_24_phone et_flex_column_24_24_phoneWide\">\n<div class=\"et_pb_gallery_0 et_pb_gallery et_pb_bg_layout_dark et_pb_slider et_pb_gallery_fullwidth clearfix et_pb_slider_no_pagination et_pb_module\" data-auto-rotate=\"off\" data-auto-rotate-speed=\"\"><div class=\"et_pb_gallery_items et_post_gallery clearfix\" data-per_page=\"3\"><div class=\"et_pb_gallery_item et_pb_gallery_item_0_0\"><div class=\"et_pb_gallery_image landscape\" data-per_page=\"3\"><a href=\"https:\/\/nusa.com.pt\/wp-content\/uploads\/2026\/03\/Mya-01-800-1200.jpg\" title=\"Mya-massagista\"><img loading=\"lazy\" decoding=\"async\" width=\"800\" height=\"1201\" src=\"https:\/\/nusa.com.pt\/wp-content\/uploads\/2026\/03\/Mya-01-800-1200.jpg\" alt=\"Therapeutin im Nusa Massage Spa in Lissabon\" class=\"wp-image-223966\" srcset=\"https:\/\/nusa.com.pt\/wp-content\/uploads\/2026\/03\/Mya-01-800-1200.jpg 800w, https:\/\/nusa.com.pt\/wp-content\/uploads\/2026\/03\/Mya-01-800-1200-480x721.jpg 480w\" sizes=\"(min-width: 0px) and (max-width: 480px) 480px, (min-width: 481px) 800px, 100vw\" \/><span class=\"et_overlay\" data-icon=\"\" data-icon-tablet=\"\" data-icon-phone=\"\"><\/span><\/a><\/div><\/div><div class=\"et_pb_gallery_item et_pb_gallery_item_0_1\"><div class=\"et_pb_gallery_image landscape\" data-per_page=\"3\"><a href=\"https:\/\/nusa.com.pt\/wp-content\/uploads\/2026\/03\/Mya-massagista-02-nm.jpg\" title=\"Mya-massagista-02-nm\"><img loading=\"lazy\" decoding=\"async\" width=\"800\" height=\"1200\" src=\"https:\/\/nusa.com.pt\/wp-content\/uploads\/2026\/03\/Mya-massagista-02-nm.jpg\" alt=\"\" class=\"wp-image-224057\" srcset=\"https:\/\/nusa.com.pt\/wp-content\/uploads\/2026\/03\/Mya-massagista-02-nm.jpg 800w, https:\/\/nusa.com.pt\/wp-content\/uploads\/2026\/03\/Mya-massagista-02-nm-480x720.jpg 480w\" sizes=\"(min-width: 0px) and (max-width: 480px) 480px, (min-width: 481px) 800px, 100vw\" \/><span class=\"et_overlay\" data-icon=\"\" data-icon-tablet=\"\" data-icon-phone=\"\"><\/span><\/a><\/div><\/div><div class=\"et_pb_gallery_item et_pb_gallery_item_0_2\"><div class=\"et_pb_gallery_image landscape\" data-per_page=\"3\"><a href=\"https:\/\/nusa.com.pt\/wp-content\/uploads\/2026\/03\/Mya-massagista-03-nm.jpg\" title=\"Mya Massagista Lisboa\"><img loading=\"lazy\" decoding=\"async\" width=\"800\" height=\"1200\" src=\"https:\/\/nusa.com.pt\/wp-content\/uploads\/2026\/03\/Mya-massagista-03-nm.jpg\" alt=\"Therapeutin im Nusa Massage Spa in Lissabon\" class=\"wp-image-224061\" srcset=\"https:\/\/nusa.com.pt\/wp-content\/uploads\/2026\/03\/Mya-massagista-03-nm.jpg 800w, https:\/\/nusa.com.pt\/wp-content\/uploads\/2026\/03\/Mya-massagista-03-nm-480x720.jpg 480w\" sizes=\"(min-width: 0px) and (max-width: 480px) 480px, (min-width: 481px) 800px, 100vw\" \/><span class=\"et_overlay\" data-icon=\"\" data-icon-tablet=\"\" data-icon-phone=\"\"><\/span><\/a><\/div><\/div><\/div><\/div>\n\n<div class=\"et_pb_text_2 et_pb_text et_pb_bg_layout_light et_pb_module et_flex_module\"><div class=\"et_pb_text_inner\"><p>Mya hat asiatische Wurzeln und l\u00e4sst die orientalische Philosophie von Gleichgewicht und Harmonie in jede Sitzung einflie\u00dfen. Ihre pr\u00e4zisen, ruhigen Ber\u00fchrungen schaffen eine tiefe, wohltuende Entspannung.<\/p>\n<\/div><\/div>\n\n<div class=\"et_pb_module et_pb_button_module_wrapper et_pb_button_0_wrapper\"><a class=\"et_pb_button_0 et_pb_button et_pb_bg_layout_dark et_pb_module et_flex_module\" href=\"https:\/\/wa.me\/351935676279?text=Ol\u00e1!%20Gostaria%20de%20marcar%20uma%20massagem%20com%20a%20Mya%20no%20Nusa%20Massage%20Spa.\" target=\"_blank\" data-icon=\"\uf232\" rel=\"noopener\">Buchen Sie mit MYA<\/a><\/div>\n<\/div>\n\n<div class=\"et_pb_column_4 et_pb_column et_flex_column et_pb_css_mix_blend_mode_passthrough et_flex_column_8_24 et_flex_column_24_24_phone et_flex_column_24_24_phoneWide\">\n<div class=\"et_pb_gallery_1 et_pb_gallery et_pb_bg_layout_dark et_pb_slider et_pb_gallery_fullwidth clearfix et_pb_slider_no_pagination et_pb_module\" data-auto-rotate=\"off\" data-auto-rotate-speed=\"\"><div class=\"et_pb_gallery_items et_post_gallery clearfix\" data-per_page=\"4\"><div class=\"et_pb_gallery_item et_pb_gallery_item_1_0\"><div class=\"et_pb_gallery_image landscape\" data-per_page=\"4\"><a href=\"https:\/\/nusa.com.pt\/wp-content\/uploads\/2026\/03\/Honey-Massagista-do-Nusa-Massage-Spa-Lisboa.jpg\" title=\"Honey, Masseurin im Nusa Massage Spa in Lissabon\"><img loading=\"lazy\" decoding=\"async\" width=\"800\" height=\"1200\" src=\"https:\/\/nusa.com.pt\/wp-content\/uploads\/2026\/03\/Honey-Massagista-do-Nusa-Massage-Spa-Lisboa.jpg\" alt=\"Honey, Masseurin im Nusa Massage Spa in Lissabon\" class=\"wp-image-223979\" srcset=\"https:\/\/nusa.com.pt\/wp-content\/uploads\/2026\/03\/Honey-Massagista-do-Nusa-Massage-Spa-Lisboa.jpg 800w, https:\/\/nusa.com.pt\/wp-content\/uploads\/2026\/03\/Honey-Massagista-do-Nusa-Massage-Spa-Lisboa-480x720.jpg 480w\" sizes=\"(min-width: 0px) and (max-width: 480px) 480px, (min-width: 481px) 800px, 100vw\" \/><span class=\"et_overlay\" data-icon=\"\" data-icon-tablet=\"\" data-icon-phone=\"\"><\/span><\/a><\/div><\/div><div class=\"et_pb_gallery_item et_pb_gallery_item_1_1\"><div class=\"et_pb_gallery_image landscape\" data-per_page=\"4\"><a href=\"https:\/\/nusa.com.pt\/wp-content\/uploads\/2026\/03\/Honey-Massagista-do-Nusa-Massage-Spa-Lisboa-2.jpg\" title=\"Honey, Masseurin im Nusa Massage Spa in Lissabon\"><img loading=\"lazy\" decoding=\"async\" width=\"800\" height=\"1200\" src=\"https:\/\/nusa.com.pt\/wp-content\/uploads\/2026\/03\/Honey-Massagista-do-Nusa-Massage-Spa-Lisboa-2.jpg\" alt=\"Honey, Masseurin im Nusa Massage Spa in Lissabon\" class=\"wp-image-223984\" srcset=\"https:\/\/nusa.com.pt\/wp-content\/uploads\/2026\/03\/Honey-Massagista-do-Nusa-Massage-Spa-Lisboa-2.jpg 800w, https:\/\/nusa.com.pt\/wp-content\/uploads\/2026\/03\/Honey-Massagista-do-Nusa-Massage-Spa-Lisboa-2-480x720.jpg 480w\" sizes=\"(min-width: 0px) and (max-width: 480px) 480px, (min-width: 481px) 800px, 100vw\" \/><span class=\"et_overlay\" data-icon=\"\" data-icon-tablet=\"\" data-icon-phone=\"\"><\/span><\/a><\/div><\/div><div class=\"et_pb_gallery_item et_pb_gallery_item_1_2\"><div class=\"et_pb_gallery_image landscape\" data-per_page=\"4\"><a href=\"https:\/\/nusa.com.pt\/wp-content\/uploads\/2026\/03\/Honey-Massagista-02-nm.jpg\" title=\"Honey Massagista\"><img loading=\"lazy\" decoding=\"async\" width=\"800\" height=\"1200\" src=\"https:\/\/nusa.com.pt\/wp-content\/uploads\/2026\/03\/Honey-Massagista-02-nm.jpg\" alt=\"Honey, Masseurin im Nusa Massage Spa in Lissabon\" class=\"wp-image-224059\" srcset=\"https:\/\/nusa.com.pt\/wp-content\/uploads\/2026\/03\/Honey-Massagista-02-nm.jpg 800w, https:\/\/nusa.com.pt\/wp-content\/uploads\/2026\/03\/Honey-Massagista-02-nm-480x720.jpg 480w\" sizes=\"(min-width: 0px) and (max-width: 480px) 480px, (min-width: 481px) 800px, 100vw\" \/><span class=\"et_overlay\" data-icon=\"\" data-icon-tablet=\"\" data-icon-phone=\"\"><\/span><\/a><\/div><\/div><div class=\"et_pb_gallery_item et_pb_gallery_item_1_3\"><div class=\"et_pb_gallery_image landscape\" data-per_page=\"4\"><a href=\"https:\/\/nusa.com.pt\/wp-content\/uploads\/2026\/03\/Honey-massagista-nusa-massage-spa-800.jpg\" title=\"Honey-Massage-nusa-massage-spa-800\"><img loading=\"lazy\" decoding=\"async\" width=\"800\" height=\"1200\" src=\"https:\/\/nusa.com.pt\/wp-content\/uploads\/2026\/03\/Honey-massagista-nusa-massage-spa-800.jpg\" alt=\"Honig-Massage-Therapeutin nusa massage spa\" class=\"wp-image-223590\" srcset=\"https:\/\/nusa.com.pt\/wp-content\/uploads\/2026\/03\/Honey-massagista-nusa-massage-spa-800.jpg 800w, https:\/\/nusa.com.pt\/wp-content\/uploads\/2026\/03\/Honey-massagista-nusa-massage-spa-800-480x720.jpg 480w\" sizes=\"(min-width: 0px) and (max-width: 480px) 480px, (min-width: 481px) 800px, 100vw\" \/><span class=\"et_overlay\" data-icon=\"\" data-icon-tablet=\"\" data-icon-phone=\"\"><\/span><\/a><\/div><\/div><\/div><\/div>\n\n<div class=\"et_pb_text_3 et_pb_text et_pb_bg_layout_light et_pb_module et_flex_module\"><div class=\"et_pb_text_inner\"><p>Die aus Angola stammende Honey verbindet eine ruhige und einladende Ausstrahlung mit einem nat\u00fcrlichen Gesp\u00fcr daf\u00fcr, was der jeweilige K\u00f6rper braucht. Eine Therapeutin, die jedem Kunden das Gef\u00fchl gibt, wirklich umsorgt zu werden.<\/p>\n<\/div><\/div>\n\n<div class=\"et_pb_module et_pb_button_module_wrapper et_pb_button_1_wrapper\"><a class=\"et_pb_button_1 et_pb_button et_pb_bg_layout_dark et_pb_module et_flex_module\" href=\"https:\/\/wa.me\/351935676279?text=Ol\u00e1!%20Gostaria%20de%20marcar%20uma%20massagem%20com%20a%20Honey%20no%20Nusa%20Massage%20Spa.\" target=\"_blank\" data-icon=\"\uf232\" rel=\"noopener\">Buchen Sie mit HONEY<\/a><\/div>\n<\/div>\n\n<div class=\"et_pb_column_5 et_pb_column et-last-child et_flex_column et_pb_css_mix_blend_mode_passthrough et_flex_column_8_24 et_flex_column_24_24_phone et_flex_column_24_24_phoneWide\">\n<div class=\"et_pb_gallery_2 et_pb_gallery et_pb_bg_layout_dark et_pb_slider et_pb_gallery_fullwidth clearfix et_pb_slider_no_pagination et_pb_module\" data-auto-rotate=\"off\" data-auto-rotate-speed=\"\"><div class=\"et_pb_gallery_items et_post_gallery clearfix\" data-per_page=\"4\"><div class=\"et_pb_gallery_item et_pb_gallery_item_2_0\"><div class=\"et_pb_gallery_image landscape\" data-per_page=\"4\"><a href=\"https:\/\/nusa.com.pt\/wp-content\/uploads\/2026\/03\/Alice-Nusa-800.jpg\" title=\"Alice-Nusa-800\"><img loading=\"lazy\" decoding=\"async\" width=\"800\" height=\"1201\" src=\"https:\/\/nusa.com.pt\/wp-content\/uploads\/2026\/03\/Alice-Nusa-800.jpg\" alt=\"\" class=\"wp-image-223565\" srcset=\"https:\/\/nusa.com.pt\/wp-content\/uploads\/2026\/03\/Alice-Nusa-800.jpg 800w, https:\/\/nusa.com.pt\/wp-content\/uploads\/2026\/03\/Alice-Nusa-800-480x721.jpg 480w\" sizes=\"(min-width: 0px) and (max-width: 480px) 480px, (min-width: 481px) 800px, 100vw\" \/><span class=\"et_overlay\" data-icon=\"\" data-icon-tablet=\"\" data-icon-phone=\"\"><\/span><\/a><\/div><\/div><div class=\"et_pb_gallery_item et_pb_gallery_item_2_1\"><div class=\"et_pb_gallery_image landscape\" data-per_page=\"4\"><a href=\"https:\/\/nusa.com.pt\/wp-content\/uploads\/2026\/03\/Alice01.png\" title=\"Alice01\"><img loading=\"lazy\" decoding=\"async\" width=\"800\" height=\"1200\" src=\"https:\/\/nusa.com.pt\/wp-content\/uploads\/2026\/03\/Alice01.png\" alt=\"Alice, Masseurin Nusa Massage Spa Lissabon\" class=\"wp-image-223558\" srcset=\"https:\/\/nusa.com.pt\/wp-content\/uploads\/2026\/03\/Alice01.png 800w, https:\/\/nusa.com.pt\/wp-content\/uploads\/2026\/03\/Alice01-480x720.png 480w\" sizes=\"(min-width: 0px) and (max-width: 480px) 480px, (min-width: 481px) 800px, 100vw\" \/><span class=\"et_overlay\" data-icon=\"\" data-icon-tablet=\"\" data-icon-phone=\"\"><\/span><\/a><\/div><\/div><div class=\"et_pb_gallery_item et_pb_gallery_item_2_2\"><div class=\"et_pb_gallery_image landscape\" data-per_page=\"4\"><a href=\"https:\/\/nusa.com.pt\/wp-content\/uploads\/2026\/03\/Alice03.png\" title=\"Alice03\"><img loading=\"lazy\" decoding=\"async\" width=\"800\" height=\"1200\" src=\"https:\/\/nusa.com.pt\/wp-content\/uploads\/2026\/03\/Alice03.png\" alt=\"\" class=\"wp-image-223559\" srcset=\"https:\/\/nusa.com.pt\/wp-content\/uploads\/2026\/03\/Alice03.png 800w, https:\/\/nusa.com.pt\/wp-content\/uploads\/2026\/03\/Alice03-480x720.png 480w\" sizes=\"(min-width: 0px) and (max-width: 480px) 480px, (min-width: 481px) 800px, 100vw\" \/><span class=\"et_overlay\" data-icon=\"\" data-icon-tablet=\"\" data-icon-phone=\"\"><\/span><\/a><\/div><\/div><div class=\"et_pb_gallery_item et_pb_gallery_item_2_3\"><div class=\"et_pb_gallery_image landscape\" data-per_page=\"4\"><a href=\"https:\/\/nusa.com.pt\/wp-content\/uploads\/2026\/03\/Alice02.png\" title=\"Alice02\"><img loading=\"lazy\" decoding=\"async\" width=\"800\" height=\"1200\" src=\"https:\/\/nusa.com.pt\/wp-content\/uploads\/2026\/03\/Alice02.png\" alt=\"\" class=\"wp-image-223560\" srcset=\"https:\/\/nusa.com.pt\/wp-content\/uploads\/2026\/03\/Alice02.png 800w, https:\/\/nusa.com.pt\/wp-content\/uploads\/2026\/03\/Alice02-480x720.png 480w\" sizes=\"(min-width: 0px) and (max-width: 480px) 480px, (min-width: 481px) 800px, 100vw\" \/><span class=\"et_overlay\" data-icon=\"\" data-icon-tablet=\"\" data-icon-phone=\"\"><\/span><\/a><\/div><\/div><\/div><\/div>\n\n<div class=\"et_pb_text_4 et_pb_text et_pb_bg_layout_light et_pb_module et_flex_module\"><div class=\"et_pb_text_inner\"><p>Alice stammt urspr\u00fcnglich aus Brasilien und bringt die warme Energie und Sensibilit\u00e4t der brasilianischen Kultur mit. Ihre Sitzungen sind bekannt f\u00fcr ihre flie\u00dfenden Ber\u00fchrungen und ihre aufrichtige Aufmerksamkeit f\u00fcr das Wohlbefinden eines jeden Klienten.<\/p>\n<\/div><\/div>\n\n<div class=\"et_pb_module et_pb_button_module_wrapper et_pb_button_2_wrapper\"><a class=\"et_pb_button_2 et_pb_button et_pb_bg_layout_dark et_pb_module et_flex_module\" href=\"https:\/\/wa.me\/351935676279?text=Ol\u00e1!%20Gostaria%20de%20marcar%20uma%20massagem%20com%20a%20Alice%20no%20Nusa%20Massage%20Spa.\" target=\"_blank\" data-icon=\"\uf232\" rel=\"noopener\">Buchen Sie mit ALICE<\/a><\/div>\n<\/div>\n<\/div>\n<\/div>","protected":false},"excerpt":{"rendered":"<p>Conhe\u00e7a as nossas massagistas, especialistas em cuidar de si e em transformar cada sess\u00e3o num momento de pura tranquilidade.<\/p>","protected":false},"author":1,"featured_media":223764,"parent":0,"menu_order":0,"comment_status":"closed","ping_status":"closed","template":"","meta":{"footnotes":""},"class_list":["post-332","page","type-page","status-publish","has-post-thumbnail","hentry"],"_links":{"self":[{"href":"https:\/\/nusa.com.pt\/de\/wp-json\/wp\/v2\/pages\/332","targetHints":{"allow":["GET"]}}],"collection":[{"href":"https:\/\/nusa.com.pt\/de\/wp-json\/wp\/v2\/pages"}],"about":[{"href":"https:\/\/nusa.com.pt\/de\/wp-json\/wp\/v2\/types\/page"}],"author":[{"embeddable":true,"href":"https:\/\/nusa.com.pt\/de\/wp-json\/wp\/v2\/users\/1"}],"replies":[{"embeddable":true,"href":"https:\/\/nusa.com.pt\/de\/wp-json\/wp\/v2\/comments?post=332"}],"version-history":[{"count":45,"href":"https:\/\/nusa.com.pt\/de\/wp-json\/wp\/v2\/pages\/332\/revisions"}],"predecessor-version":[{"id":224062,"href":"https:\/\/nusa.com.pt\/de\/wp-json\/wp\/v2\/pages\/332\/revisions\/224062"}],"wp:featuredmedia":[{"embeddable":true,"href":"https:\/\/nusa.com.pt\/de\/wp-json\/wp\/v2\/media\/223764"}],"wp:attachment":[{"href":"https:\/\/nusa.com.pt\/de\/wp-json\/wp\/v2\/media?parent=332"}],"curies":[{"name":"wp","href":"https:\/\/api.w.org\/{rel}","templated":true}]}}