{"id":223874,"date":"2026-03-06T20:04:51","date_gmt":"2026-03-06T20:04:51","guid":{"rendered":"https:\/\/nusa.com.pt\/?page_id=223874"},"modified":"2026-03-06T20:37:55","modified_gmt":"2026-03-06T20:37:55","slug":"mahayana-tibetische-massage","status":"publish","type":"page","link":"https:\/\/nusa.com.pt\/de\/massagem-tibetana-mahayana\/","title":{"rendered":"Tibetische Mahayana-Massage"},"content":{"rendered":"<div class=\"et_pb_section_0 et_pb_section et_section_regular et_flex_section section_has_divider et_pb_bottom_divider zoom-header\">\n<div class=\"et_pb_row_0 et_pb_row et_flex_row\">\n<div class=\"et_pb_column_0 et_pb_column et-last-child et_flex_column et_pb_css_mix_blend_mode_passthrough et_flex_column_24_24\">\n<div class=\"et_pb_heading_0 et_pb_heading et_pb_module et_flex_module\"><div class=\"et_pb_heading_container\"><h1 class=\"et_pb_module_header\">Tibetische Mahayana-Massage in Lissabon<\/h1><\/div><\/div>\n<\/div>\n<\/div>\n<div class=\"et_pb_bottom_inside_divider et-no-transition\"><\/div><\/div>\n\n<div class=\"et_pb_section_1 et_pb_section et_section_regular et_flex_section\">\n<div class=\"et_pb_row_1 et_pb_row et_flex_row\">\n<div class=\"et_pb_column_1 et_pb_column et-last-child et_flex_column et_pb_css_mix_blend_mode_passthrough et_flex_column_24_24\">\n<div class=\"et_pb_heading_1 et_pb_heading et_pb_module et_flex_module\"><div class=\"et_pb_heading_container\"><h2 class=\"et_pb_module_header\">Eine uralte Zeremonie f\u00fcr Gleichgewicht und Transformation<\/h2><\/div><\/div>\n<\/div>\n<\/div>\n\n<div class=\"et_pb_row_2 et_pb_row et_flex_row\">\n<div class=\"et_pb_column_2 et_pb_column et-last-child et_flex_column et_pb_css_mix_blend_mode_passthrough et_flex_column_24_24\">\n<div class=\"et_pb_text_0 et_pb_text et_pb_bg_layout_light et_pb_module et_flex_module\"><div class=\"et_pb_text_inner\"><p>Die tibetische Mahayana-Massage ist eine der \u00e4ltesten und tiefgreifendsten Wellness-Praktiken des Ostens. Inspiriert von der tibetisch-buddhistischen Tradition, kombiniert diese Massage uralte Techniken des sanften Drucks, meditative Bewegungen und Energiearbeit, um angesammelte k\u00f6rperliche und emotionale Blockaden zu l\u00f6sen und das nat\u00fcrliche Gleichgewicht von K\u00f6rper und Geist wiederherzustellen.<\/p>\n<\/div><\/div>\n<\/div>\n<\/div>\n\n<div class=\"et_pb_row_3 et_pb_row et_flex_row\">\n<div class=\"et_pb_column_3 et_pb_column et-last-child et_flex_column et_pb_css_mix_blend_mode_passthrough et_flex_column_24_24\">\n<div class=\"et_pb_heading_2 et_pb_heading et_pb_module et_flex_module\"><div class=\"et_pb_heading_container\"><h3 class=\"et_pb_module_header\">Eine Erfahrung von K\u00f6rper und Geist<\/h3><\/div><\/div>\n\n<div class=\"et_pb_text_1 et_pb_text et_pb_bg_layout_light et_pb_module et_flex_module\"><div class=\"et_pb_text_inner\"><p>Im Gegensatz zu einer konventionellen Massage wird die tibetische Mahayana-Massage als Ritual erlebt - ein Moment der v\u00f6lligen Hingabe, in dem jede Ber\u00fchrung beabsichtigt ist und jede Bewegung dem nat\u00fcrlichen Fluss der K\u00f6rperenergie folgt. Der Therapeut arbeitet mit sanftem, rhythmischem Druck entlang der Energiemeridiane und f\u00f6rdert so ein Gef\u00fchl von Leichtigkeit, geistiger Klarheit und innerem Frieden, das weit \u00fcber die Sitzung hinaus anh\u00e4lt.<\/p>\n<\/div><\/div>\n<\/div>\n<\/div>\n\n<div class=\"et_pb_row_4 et_pb_row et_flex_row\">\n<div class=\"et_pb_column_4 et_pb_column et-last-child et_flex_column et_pb_css_mix_blend_mode_passthrough et_flex_column_24_24\">\n<div class=\"et_pb_heading_3 et_pb_heading et_pb_module et_flex_module\"><div class=\"et_pb_heading_container\"><h3 class=\"et_pb_module_header\">Deine Sitzung bei Nusa<\/h3><\/div><\/div>\n\n<div class=\"et_pb_text_2 et_pb_text et_pb_bg_layout_light et_pb_module et_flex_module\"><div class=\"et_pb_text_inner\"><p>Im Nusa Massage Spa in Lissabon wird die tibetische Mahayana-Massage in einer ruhigen und gem\u00fctlichen Atmosph\u00e4re durchgef\u00fchrt, wobei sorgf\u00e4ltig ausgew\u00e4hlte nat\u00fcrliche \u00d6le verwendet werden, um ihre Wirkung zu verst\u00e4rken. Eine transformative Erfahrung f\u00fcr alle, die \u00fcber die k\u00f6rperliche Entspannung hinausgehen und sich auf einer tieferen Ebene wieder mit sich selbst verbinden m\u00f6chten. Erh\u00e4ltlich in Sitzungen von 40, 60 oder 90 Minuten.<\/p>\n<\/div><\/div>\n<\/div>\n<\/div>\n\n<div class=\"et_pb_row_5 et_pb_row et_flex_row\">\n<div class=\"et_pb_column_5 et_pb_column et-last-child et_flex_column et_pb_css_mix_blend_mode_passthrough et_flex_column_24_24\">\n<div class=\"et_pb_module et_pb_button_module_wrapper et_pb_button_0_wrapper\"><a class=\"et_pb_button_0 et_pb_button et_pb_bg_layout_dark et_pb_module et_flex_module\" href=\"https:\/\/wa.me\/351935676279?text=Ol%C3%A1%21%20Gostaria%20de%20saber%20mais%20sobre%20a%20Massagem%20Tibetana%20Mahayana%20no%20Nusa%20Massage%20Spa%20em%20Lisboa.\" target=\"_blank\" data-icon=\"\uf232\" rel=\"noopener\">Buchen Sie Ihre tibetische Mahayana-Massage-Sitzung noch heute - kontaktieren Sie uns per WhatsApp.<\/a><\/div>\n<\/div>\n<\/div>\n<\/div>","protected":false},"excerpt":{"rendered":"<p>Descubra a Massagem Tibetana Mahayana no Nusa Massage Spa em Lisboa. Uma cerim\u00f3nia ancestral de equil\u00edbrio e transforma\u00e7\u00e3o interior. Reserve j\u00e1 pelo WhatsApp.<\/p>","protected":false},"author":1,"featured_media":223882,"parent":0,"menu_order":0,"comment_status":"closed","ping_status":"closed","template":"","meta":{"footnotes":""},"class_list":["post-223874","page","type-page","status-publish","has-post-thumbnail","hentry"],"_links":{"self":[{"href":"https:\/\/nusa.com.pt\/de\/wp-json\/wp\/v2\/pages\/223874","targetHints":{"allow":["GET"]}}],"collection":[{"href":"https:\/\/nusa.com.pt\/de\/wp-json\/wp\/v2\/pages"}],"about":[{"href":"https:\/\/nusa.com.pt\/de\/wp-json\/wp\/v2\/types\/page"}],"author":[{"embeddable":true,"href":"https:\/\/nusa.com.pt\/de\/wp-json\/wp\/v2\/users\/1"}],"replies":[{"embeddable":true,"href":"https:\/\/nusa.com.pt\/de\/wp-json\/wp\/v2\/comments?post=223874"}],"version-history":[{"count":9,"href":"https:\/\/nusa.com.pt\/de\/wp-json\/wp\/v2\/pages\/223874\/revisions"}],"predecessor-version":[{"id":223886,"href":"https:\/\/nusa.com.pt\/de\/wp-json\/wp\/v2\/pages\/223874\/revisions\/223886"}],"wp:featuredmedia":[{"embeddable":true,"href":"https:\/\/nusa.com.pt\/de\/wp-json\/wp\/v2\/media\/223882"}],"wp:attachment":[{"href":"https:\/\/nusa.com.pt\/de\/wp-json\/wp\/v2\/media?parent=223874"}],"curies":[{"name":"wp","href":"https:\/\/api.w.org\/{rel}","templated":true}]}}