{"id":223845,"date":"2026-03-06T15:39:54","date_gmt":"2026-03-06T15:39:54","guid":{"rendered":"https:\/\/nusa.com.pt\/?page_id=223845"},"modified":"2026-03-09T15:15:36","modified_gmt":"2026-03-09T15:15:36","slug":"entspannende-massagen-im-spa-oder-in-ihrem-hotel-im-stadtzentrum","status":"publish","type":"page","link":"https:\/\/nusa.com.pt\/de\/massagens-relaxantes-no-spa-ou-no-seu-hotel-no-centro-da-cidade\/","title":{"rendered":"Entspannende und therapeutische Massagen im Zentrum von Lissabon"},"content":{"rendered":"<div class=\"et_pb_section_0 et_pb_section et_section_regular et_flex_section section_has_divider et_pb_bottom_divider zoom-header\">\n<div class=\"et_pb_row_0 et_pb_row et_flex_row\">\n<div class=\"et_pb_column_0 et_pb_column et-last-child et_flex_column et_pb_css_mix_blend_mode_passthrough et_flex_column_24_24\">\n<div class=\"et_pb_heading_0 et_pb_heading et_pb_module et_flex_module\"><div class=\"et_pb_heading_container\"><h1 class=\"et_pb_module_header\">Entspannende und therapeutische Massagen im Zentrum von Lissabon<\/h1><\/div><\/div>\n<\/div>\n<\/div>\n<div class=\"et_pb_bottom_inside_divider et-no-transition\"><\/div><\/div>\n\n<div class=\"et_pb_section_1 et_pb_section et_section_regular et_flex_section\">\n<div class=\"et_pb_row_1 et_pb_row et_flex_row\">\n<div class=\"et_pb_column_1 et_pb_column et-last-child et_flex_column et_pb_css_mix_blend_mode_passthrough et_flex_column_24_24\">\n<div class=\"et_pb_heading_1 et_pb_heading et_pb_module et_flex_module\"><div class=\"et_pb_heading_container\"><h2 class=\"et_pb_module_header\">Massagen im Spa oder in Ihrem Hotel im Zentrum von Lissabon <\/h2><\/div><\/div>\n<\/div>\n<\/div>\n\n<div class=\"et_pb_row_2 et_pb_row et_flex_row\">\n<div class=\"et_pb_column_2 et_pb_column et-last-child et_flex_column et_pb_css_mix_blend_mode_passthrough et_flex_column_24_24\">\n<div class=\"et_pb_heading_2 et_pb_heading et_pb_module et_flex_module\"><div class=\"et_pb_heading_container\"><h3 class=\"et_pb_module_header\">Das Zentrum von Lissabon - Eleganz im Herzen von Lissabon\n\n<\/h3><\/div><\/div>\n\n<div class=\"et_pb_text_0 et_pb_text et_pb_bg_layout_light et_pb_module et_flex_module\"><div class=\"et_pb_text_inner\"><p><b>Das Zentrum von Lissabon <\/b>ist einer der zentralen Knotenpunkte Lissabons - hier treffen die gro\u00dfen Stra\u00dfen, internationale Hotels und der Zugang zu allem, was die Stadt zu bieten hat, aufeinander. Hier \u00fcbernachten viele Besucher, und hier befindet sich auch das Nusa Massage Spa, nur wenige Gehminuten entfernt.<\/p>\n<\/div><\/div>\n<\/div>\n<\/div>\n\n<div class=\"et_pb_row_3 et_pb_row et_flex_row\">\n<div class=\"et_pb_column_3 et_pb_column et-last-child et_flex_column et_pb_css_mix_blend_mode_passthrough et_flex_column_24_24\">\n<div class=\"et_pb_heading_3 et_pb_heading et_pb_module et_flex_module\"><div class=\"et_pb_heading_container\"><h3 class=\"et_pb_module_header\">Ihre Massage nur ein paar Minuten vom Zentrum Lissabons entfernt<\/h3><\/div><\/div>\n\n<div class=\"et_pb_text_1 et_pb_text et_pb_bg_layout_light et_pb_module et_flex_module\"><div class=\"et_pb_text_inner\"><div><span>Im Nusa Massage Spa im Herzen von Lissabon im Saldanha-Viertel bieten unsere spezialisierten Therapeuten entspannende, therapeutische und Paar-Massagen und vieles mehr an. Jede Sitzung ist bis ins Detail durchdacht, um Energie wiederherzustellen, Muskelverspannungen zu l\u00f6sen und einen Moment des wahren Wohlbefindens zu bieten - genau das, was Lissabon und Ihr K\u00f6rper verdienen.<\/span><\/div>\n<\/div><\/div>\n<\/div>\n<\/div>\n\n<div class=\"et_pb_row_4 et_pb_row et_flex_row\">\n<div class=\"et_pb_column_4 et_pb_column et-last-child et_flex_column et_pb_css_mix_blend_mode_passthrough et_flex_column_24_24\">\n<div class=\"et_pb_heading_4 et_pb_heading et_pb_module et_flex_module\"><div class=\"et_pb_heading_container\"><h3 class=\"et_pb_module_header\">Sie m\u00f6chten lieber in einem Hotel wohnen? Wir kommen zu Ihnen<\/h3><\/div><\/div>\n\n<div class=\"et_pb_text_2 et_pb_text et_pb_bg_layout_light et_pb_module et_flex_module\"><div class=\"et_pb_text_inner\"><div>\n<div><span>Sie wohnen in einem Hotel im Zentrum von Lissabon? Wir bringen die Massage zu Ihnen. Unsere Therapeuten kommen in Ihr Hotel und verwandeln Ihr Zimmer in einen privaten Raum der Entspannung. Schicken Sie uns einfach eine Nachricht \u00fcber WhatsApp - wir melden uns in wenigen Minuten bei Ihnen und k\u00fcmmern uns um alles<\/span><\/div>\n<\/div>\n<\/div><\/div>\n<\/div>\n<\/div>\n\n<div class=\"et_pb_row_5 et_pb_row et_flex_row\">\n<div class=\"et_pb_column_5 et_pb_column et-last-child et_flex_column et_pb_css_mix_blend_mode_passthrough et_flex_column_24_24\">\n<div class=\"et_pb_module et_pb_button_module_wrapper et_pb_button_0_wrapper\"><a class=\"et_pb_button_0 et_pb_button et_pb_bg_layout_dark et_pb_module et_flex_module\" href=\"https:\/\/wa.me\/351935676279?text=Ol%C3%A1%21%20Estou%20na%20zona%20do%20Centro%20de%20Lisboa%20e%20gostaria%20de%20saber%20mais%20sobre%20o%20servi%C3%A7o%20de%20massagem\" target=\"_blank\" data-icon=\"\uf232\" rel=\"noopener\">Buchen Sie noch heute Ihre Sitzung - im Nusa Spa oder bequem in Ihrem Hotel im Zentrum von Lissabon<\/a><\/div>\n<\/div>\n<\/div>\n<\/div>","protected":false},"excerpt":{"rendered":"<p>Entspannende und therapeutische Massagen im Zentrum von Lissabon. Im Spa oder in Ihrem Hotel. Spezialisierte Therapeuten. Buchen Sie noch heute per WhatsApp.<\/p>","protected":false},"author":1,"featured_media":223794,"parent":0,"menu_order":0,"comment_status":"closed","ping_status":"closed","template":"","meta":{"footnotes":""},"class_list":["post-223845","page","type-page","status-publish","has-post-thumbnail","hentry"],"_links":{"self":[{"href":"https:\/\/nusa.com.pt\/de\/wp-json\/wp\/v2\/pages\/223845","targetHints":{"allow":["GET"]}}],"collection":[{"href":"https:\/\/nusa.com.pt\/de\/wp-json\/wp\/v2\/pages"}],"about":[{"href":"https:\/\/nusa.com.pt\/de\/wp-json\/wp\/v2\/types\/page"}],"author":[{"embeddable":true,"href":"https:\/\/nusa.com.pt\/de\/wp-json\/wp\/v2\/users\/1"}],"replies":[{"embeddable":true,"href":"https:\/\/nusa.com.pt\/de\/wp-json\/wp\/v2\/comments?post=223845"}],"version-history":[{"count":3,"href":"https:\/\/nusa.com.pt\/de\/wp-json\/wp\/v2\/pages\/223845\/revisions"}],"predecessor-version":[{"id":224005,"href":"https:\/\/nusa.com.pt\/de\/wp-json\/wp\/v2\/pages\/223845\/revisions\/224005"}],"wp:featuredmedia":[{"embeddable":true,"href":"https:\/\/nusa.com.pt\/de\/wp-json\/wp\/v2\/media\/223794"}],"wp:attachment":[{"href":"https:\/\/nusa.com.pt\/de\/wp-json\/wp\/v2\/media?parent=223845"}],"curies":[{"name":"wp","href":"https:\/\/api.w.org\/{rel}","templated":true}]}}