{"id":223839,"date":"2026-03-06T15:26:28","date_gmt":"2026-03-06T15:26:28","guid":{"rendered":"https:\/\/nusa.com.pt\/?page_id=223839"},"modified":"2026-03-06T15:46:24","modified_gmt":"2026-03-06T15:46:24","slug":"entspannende-massagen-im-spa-oder-in-ihrem-hotel-in-marques-de-pombal","status":"publish","type":"page","link":"https:\/\/nusa.com.pt\/de\/massagens-relaxantes-no-spa-ou-no-seu-hotel-em-marques-de-pombal\/","title":{"rendered":"Entspannende und therapeutische Massagen im Marqu\u00eas de Pombal in Lissabon"},"content":{"rendered":"<div class=\"et_pb_section_0 et_pb_section et_section_regular et_flex_section section_has_divider et_pb_bottom_divider zoom-header\">\n<div class=\"et_pb_row_0 et_pb_row et_flex_row\">\n<div class=\"et_pb_column_0 et_pb_column et-last-child et_flex_column et_pb_css_mix_blend_mode_passthrough et_flex_column_24_24\">\n<div class=\"et_pb_heading_0 et_pb_heading et_pb_module et_flex_module\"><div class=\"et_pb_heading_container\"><h1 class=\"et_pb_module_header\">Entspannende und therapeutische Massagen im Marqu\u00eas de Pombal in Lissabon<\/h1><\/div><\/div>\n<\/div>\n<\/div>\n<div class=\"et_pb_bottom_inside_divider et-no-transition\"><\/div><\/div>\n\n<div class=\"et_pb_section_1 et_pb_section et_section_regular et_flex_section\">\n<div class=\"et_pb_row_1 et_pb_row et_flex_row\">\n<div class=\"et_pb_column_1 et_pb_column et-last-child et_flex_column et_pb_css_mix_blend_mode_passthrough et_flex_column_24_24\">\n<div class=\"et_pb_heading_1 et_pb_heading et_pb_module et_flex_module\"><div class=\"et_pb_heading_container\"><h2 class=\"et_pb_module_header\">Massagen im Spa oder in Ihrem Hotel in Marqu\u00eas de Pombal <\/h2><\/div><\/div>\n<\/div>\n<\/div>\n\n<div class=\"et_pb_row_2 et_pb_row et_flex_row\">\n<div class=\"et_pb_column_2 et_pb_column et-last-child et_flex_column et_pb_css_mix_blend_mode_passthrough et_flex_column_24_24\">\n<div class=\"et_pb_heading_2 et_pb_heading et_pb_module et_flex_module\"><div class=\"et_pb_heading_container\"><h3 class=\"et_pb_module_header\">Der Marquis von Pombal - Eleganz im Herzen von Lissabon\n\n<\/h3><\/div><\/div>\n\n<div class=\"et_pb_text_0 et_pb_text et_pb_bg_layout_light et_pb_module et_flex_module\"><div class=\"et_pb_text_inner\"><div><span>Marqu\u00eas de Pombal ist einer der zentralen Knotenpunkte Lissabons - hier laufen die gro\u00dfen Avenuen, internationale Hotels und der Zugang zu allem, was die Stadt zu bieten hat, zusammen. Hier halten sich viele Besucher auf, und hier befindet sich auch das Nusa Massage Spa, nur wenige Gehminuten entfernt.<\/span><\/div>\n<\/div><\/div>\n<\/div>\n<\/div>\n\n<div class=\"et_pb_row_3 et_pb_row et_flex_row\">\n<div class=\"et_pb_column_3 et_pb_column et-last-child et_flex_column et_pb_css_mix_blend_mode_passthrough et_flex_column_24_24\">\n<div class=\"et_pb_heading_3 et_pb_heading et_pb_module et_flex_module\"><div class=\"et_pb_heading_container\"><h3 class=\"et_pb_module_header\">Ihre Massage ein paar Minuten vom Marquis von Pombal entfernt<\/h3><\/div><\/div>\n\n<div class=\"et_pb_text_1 et_pb_text et_pb_bg_layout_light et_pb_module et_flex_module\"><div class=\"et_pb_text_inner\"><div>\n<div><span>Ob nach einem anstrengenden Sightseeing-Tag oder einer Arbeitswoche in Lissabon, unsere spezialisierten Therapeuten sind bereit, Ihnen die Massage zu geben, die Ihr K\u00f6rper braucht. Ob entspannend, therapeutisch, f\u00fcr Paare oder vierh\u00e4ndig - jede Sitzung wird auf Sie, Ihr Tempo und Ihre Bed\u00fcrfnisse abgestimmt.<\/span><\/div>\n<\/div>\n<\/div><\/div>\n<\/div>\n<\/div>\n\n<div class=\"et_pb_row_4 et_pb_row et_flex_row\">\n<div class=\"et_pb_column_4 et_pb_column et-last-child et_flex_column et_pb_css_mix_blend_mode_passthrough et_flex_column_24_24\">\n<div class=\"et_pb_heading_4 et_pb_heading et_pb_module et_flex_module\"><div class=\"et_pb_heading_container\"><h3 class=\"et_pb_module_header\">Sie m\u00f6chten lieber in einem Hotel wohnen? Wir kommen zu Ihnen<\/h3><\/div><\/div>\n\n<div class=\"et_pb_text_2 et_pb_text et_pb_bg_layout_light et_pb_module et_flex_module\"><div class=\"et_pb_text_inner\"><div><span>Wenn Sie es vorziehen, das Hotel nicht zu verlassen, kein Problem. Unsere Therapeuten k\u00f6nnen in jedes Hotel in und um die Region Marqu\u00eas de Pombal reisen. Schicken Sie uns eine WhatsApp-Nachricht und wir best\u00e4tigen Ihnen die Verf\u00fcgbarkeit in wenigen Minuten - ganz ohne Aufwand.<\/span><\/div>\n<\/div><\/div>\n<\/div>\n<\/div>\n\n<div class=\"et_pb_row_5 et_pb_row et_flex_row\">\n<div class=\"et_pb_column_5 et_pb_column et-last-child et_flex_column et_pb_css_mix_blend_mode_passthrough et_flex_column_24_24\">\n<div class=\"et_pb_module et_pb_button_module_wrapper et_pb_button_0_wrapper\"><a class=\"et_pb_button_0 et_pb_button et_pb_bg_layout_dark et_pb_module et_flex_module\" href=\"https:\/\/wa.me\/351935676279?text=Ol%C3%A1%21%20Estou%20na%20zona%20de%20Marques%20de%20Pombal%20em%20Lisboa%20e%20gostaria%20de%20saber%20mais%20sobre%20o%20servi%C3%A7o%20de%20massagem\" target=\"_blank\" data-icon=\"\uf232\" rel=\"noopener\">Buchen Sie noch heute Ihre Sitzung - im Nusa Spa oder in Ihrem Hotel in Marqu\u00eas de Pombal.<\/a><\/div>\n<\/div>\n<\/div>\n<\/div>","protected":false},"excerpt":{"rendered":"<p>Massagens relaxantes e terap\u00eauticas no Marqu\u00eas de Pombal em Lisboa. No spa ou no seu hotel. Terapeutas especializadas. Reserve hoje pelo WhatsApp.<\/p>","protected":false},"author":1,"featured_media":223794,"parent":0,"menu_order":0,"comment_status":"closed","ping_status":"closed","template":"","meta":{"footnotes":""},"class_list":["post-223839","page","type-page","status-publish","has-post-thumbnail","hentry"],"_links":{"self":[{"href":"https:\/\/nusa.com.pt\/de\/wp-json\/wp\/v2\/pages\/223839","targetHints":{"allow":["GET"]}}],"collection":[{"href":"https:\/\/nusa.com.pt\/de\/wp-json\/wp\/v2\/pages"}],"about":[{"href":"https:\/\/nusa.com.pt\/de\/wp-json\/wp\/v2\/types\/page"}],"author":[{"embeddable":true,"href":"https:\/\/nusa.com.pt\/de\/wp-json\/wp\/v2\/users\/1"}],"replies":[{"embeddable":true,"href":"https:\/\/nusa.com.pt\/de\/wp-json\/wp\/v2\/comments?post=223839"}],"version-history":[{"count":4,"href":"https:\/\/nusa.com.pt\/de\/wp-json\/wp\/v2\/pages\/223839\/revisions"}],"predecessor-version":[{"id":223843,"href":"https:\/\/nusa.com.pt\/de\/wp-json\/wp\/v2\/pages\/223839\/revisions\/223843"}],"wp:featuredmedia":[{"embeddable":true,"href":"https:\/\/nusa.com.pt\/de\/wp-json\/wp\/v2\/media\/223794"}],"wp:attachment":[{"href":"https:\/\/nusa.com.pt\/de\/wp-json\/wp\/v2\/media?parent=223839"}],"curies":[{"name":"wp","href":"https:\/\/api.w.org\/{rel}","templated":true}]}}