{"id":223833,"date":"2026-03-06T15:10:49","date_gmt":"2026-03-06T15:10:49","guid":{"rendered":"https:\/\/nusa.com.pt\/?page_id=223833"},"modified":"2026-03-06T15:24:32","modified_gmt":"2026-03-06T15:24:32","slug":"entspannende-und-therapeutische-massagen-auf-der-avenida-da-liberdade","status":"publish","type":"page","link":"https:\/\/nusa.com.pt\/de\/massagens-relaxantes-e-terapeuticas-na-avenida-da-liberdade\/","title":{"rendered":"Entspannende und therapeutische Massagen in der Avenida da Liberdade"},"content":{"rendered":"<div class=\"et_pb_section_0 et_pb_section et_section_regular et_flex_section section_has_divider et_pb_bottom_divider zoom-header\">\n<div class=\"et_pb_row_0 et_pb_row et_flex_row\">\n<div class=\"et_pb_column_0 et_pb_column et-last-child et_flex_column et_pb_css_mix_blend_mode_passthrough et_flex_column_24_24\">\n<div class=\"et_pb_heading_0 et_pb_heading et_pb_module et_flex_module\"><div class=\"et_pb_heading_container\"><h1 class=\"et_pb_module_header\">Entspannende und therapeutische Massagen auf der Avenida da Liberdade in Lissabon<\/h1><\/div><\/div>\n<\/div>\n<\/div>\n<div class=\"et_pb_bottom_inside_divider et-no-transition\"><\/div><\/div>\n\n<div class=\"et_pb_section_1 et_pb_section et_section_regular et_flex_section\">\n<div class=\"et_pb_row_1 et_pb_row et_flex_row\">\n<div class=\"et_pb_column_1 et_pb_column et-last-child et_flex_column et_pb_css_mix_blend_mode_passthrough et_flex_column_24_24\">\n<div class=\"et_pb_heading_1 et_pb_heading et_pb_module et_flex_module\"><div class=\"et_pb_heading_container\"><h2 class=\"et_pb_module_header\">Massagen im Spa oder in Ihrem Hotel an der Avenida da Liberdade<\/h2><\/div><\/div>\n<\/div>\n<\/div>\n\n<div class=\"et_pb_row_2 et_pb_row et_flex_row\">\n<div class=\"et_pb_column_2 et_pb_column et-last-child et_flex_column et_pb_css_mix_blend_mode_passthrough et_flex_column_24_24\">\n<div class=\"et_pb_heading_2 et_pb_heading et_pb_module et_flex_module\"><div class=\"et_pb_heading_container\"><h3 class=\"et_pb_module_header\">Avenida da Liberdade - Eleganz im Herzen von Lissabon<\/h3><\/div><\/div>\n\n<div class=\"et_pb_text_0 et_pb_text et_pb_bg_layout_light et_pb_module et_flex_module\"><div class=\"et_pb_text_inner\"><div><span>Die Avenida da Liberdade ist Lissabons mond\u00e4nste Adresse - F\u00fcnf-Sterne-Hotels, internationale Luxusmarken und eine Eleganz, die das Beste der Stadt ausmacht. Diejenigen, die sich auf der Avenida da Liberdade aufhalten oder dort vorbeikommen, haben hohe Anspr\u00fcche. Und das Nusa wird ihnen gerecht.<\/span><\/div>\n<\/div><\/div>\n<\/div>\n<\/div>\n\n<div class=\"et_pb_row_3 et_pb_row et_flex_row\">\n<div class=\"et_pb_column_3 et_pb_column et-last-child et_flex_column et_pb_css_mix_blend_mode_passthrough et_flex_column_24_24\">\n<div class=\"et_pb_heading_3 et_pb_heading et_pb_module et_flex_module\"><div class=\"et_pb_heading_container\"><h3 class=\"et_pb_module_header\">Ihre Massage ist nur wenige Minuten von der Avenida da Liberdade entfernt\u00a0<\/h3><\/div><\/div>\n\n<div class=\"et_pb_text_1 et_pb_text et_pb_bg_layout_light et_pb_module et_flex_module\"><div class=\"et_pb_text_inner\"><div>\n<div><span>Unsere spezialisierten Therapeuten bieten ein wirklich erstklassiges Massageerlebnis - entspannend, therapeutisch, f\u00fcr Paare oder vierh\u00e4ndig - in einer ruhigen und anspruchsvollen Umgebung, die den Anspr\u00fcchen der Besucher dieser Gegend von Lissabon gerecht wird. F\u00fcr Ihr Wohlbefinden wird an jedes Detail gedacht.<\/span><\/div>\n<\/div>\n<\/div><\/div>\n<\/div>\n<\/div>\n\n<div class=\"et_pb_row_4 et_pb_row et_flex_row\">\n<div class=\"et_pb_column_4 et_pb_column et-last-child et_flex_column et_pb_css_mix_blend_mode_passthrough et_flex_column_24_24\">\n<div class=\"et_pb_heading_4 et_pb_heading et_pb_module et_flex_module\"><div class=\"et_pb_heading_container\"><h3 class=\"et_pb_module_header\">Sie m\u00f6chten lieber in einem Hotel wohnen? Wir kommen zu Ihnen<\/h3><\/div><\/div>\n\n<div class=\"et_pb_text_2 et_pb_text et_pb_bg_layout_light et_pb_module et_flex_module\"><div class=\"et_pb_text_inner\"><div>\n<div><span>Sie wohnen in einem der Hotels in der Avenida da Liberdade? Unsere Therapeuten kommen zu Ihnen und verwandeln Ihr Zimmer in ein privates Luxus-Spa. Diskret, professionell und pers\u00f6nlich - das Nusa-Erlebnis kommt zu Ihnen, wo immer Sie sind. Kontaktieren Sie uns per WhatsApp.<\/span><\/div>\n<\/div>\n<div><\/div>\n<\/div><\/div>\n<\/div>\n<\/div>\n\n<div class=\"et_pb_row_5 et_pb_row et_flex_row\">\n<div class=\"et_pb_column_5 et_pb_column et-last-child et_flex_column et_pb_css_mix_blend_mode_passthrough et_flex_column_24_24\">\n<div class=\"et_pb_module et_pb_button_module_wrapper et_pb_button_0_wrapper\"><a class=\"et_pb_button_0 et_pb_button et_pb_bg_layout_dark et_pb_module et_flex_module\" href=\"https:\/\/wa.me\/351935676279?text=Ol%C3%A1%21%20Estou%20na%20zona%20da%20Avenida%20da%20Liberdade%20em%20Lisboa%20e%20gostaria%20de%20saber%20mais%20sobre%20o%20servi%C3%A7o%20de%20massagem\" target=\"_blank\" data-icon=\"\uf232\" rel=\"noopener\">Buchen Sie noch heute Ihre Sitzung - im Nusa Spa oder in Ihrem Hotel auf der Avenida da Liberdade.<\/a><\/div>\n<\/div>\n<\/div>\n<\/div>","protected":false},"excerpt":{"rendered":"<p>Massagens relaxantes e terap\u00eauticas na Avenida da Liberdade em Lisboa. No spa ou no seu hotel. Terapeutas especializadas. Reserve hoje pelo WhatsApp.<\/p>","protected":false},"author":1,"featured_media":223794,"parent":0,"menu_order":0,"comment_status":"closed","ping_status":"closed","template":"","meta":{"footnotes":""},"class_list":["post-223833","page","type-page","status-publish","has-post-thumbnail","hentry"],"_links":{"self":[{"href":"https:\/\/nusa.com.pt\/de\/wp-json\/wp\/v2\/pages\/223833","targetHints":{"allow":["GET"]}}],"collection":[{"href":"https:\/\/nusa.com.pt\/de\/wp-json\/wp\/v2\/pages"}],"about":[{"href":"https:\/\/nusa.com.pt\/de\/wp-json\/wp\/v2\/types\/page"}],"author":[{"embeddable":true,"href":"https:\/\/nusa.com.pt\/de\/wp-json\/wp\/v2\/users\/1"}],"replies":[{"embeddable":true,"href":"https:\/\/nusa.com.pt\/de\/wp-json\/wp\/v2\/comments?post=223833"}],"version-history":[{"count":4,"href":"https:\/\/nusa.com.pt\/de\/wp-json\/wp\/v2\/pages\/223833\/revisions"}],"predecessor-version":[{"id":223838,"href":"https:\/\/nusa.com.pt\/de\/wp-json\/wp\/v2\/pages\/223833\/revisions\/223838"}],"wp:featuredmedia":[{"embeddable":true,"href":"https:\/\/nusa.com.pt\/de\/wp-json\/wp\/v2\/media\/223794"}],"wp:attachment":[{"href":"https:\/\/nusa.com.pt\/de\/wp-json\/wp\/v2\/media?parent=223833"}],"curies":[{"name":"wp","href":"https:\/\/api.w.org\/{rel}","templated":true}]}}