{"id":223826,"date":"2026-03-06T14:53:58","date_gmt":"2026-03-06T14:53:58","guid":{"rendered":"https:\/\/nusa.com.pt\/?page_id=223826"},"modified":"2026-03-23T11:22:31","modified_gmt":"2026-03-23T11:22:31","slug":"entspannende-und-therapeutische-massagen-in-der-baixa-von-lissabon","status":"publish","type":"page","link":"https:\/\/nusa.com.pt\/de\/massagens-relaxantes-e-terapeuticas-na-baixa-de-lisboa\/","title":{"rendered":"Entspannende und therapeutische Massagen in Baixa de Lisboa"},"content":{"rendered":"<div class=\"et_pb_section_0 et_pb_section et_section_regular et_flex_section section_has_divider et_pb_bottom_divider zoom-header\">\n<div class=\"et_pb_row_0 et_pb_row et_flex_row\">\n<div class=\"et_pb_column_0 et_pb_column et-last-child et_flex_column et_pb_css_mix_blend_mode_passthrough et_flex_column_24_24\">\n<div class=\"et_pb_heading_0 et_pb_heading et_pb_module et_flex_module\"><div class=\"et_pb_heading_container\"><h1 class=\"et_pb_module_header\">Entspannende und therapeutische Massagen in Baixa de Lisboa<\/h1><\/div><\/div>\n<\/div>\n<\/div>\n<div class=\"et_pb_bottom_inside_divider et-no-transition\"><\/div><\/div>\n\n<div class=\"et_pb_section_1 et_pb_section et_section_regular et_flex_section\">\n<div class=\"et_pb_row_1 et_pb_row et_flex_row\">\n<div class=\"et_pb_column_1 et_pb_column et-last-child et_flex_column et_pb_css_mix_blend_mode_passthrough et_flex_column_24_24\">\n<div class=\"et_pb_heading_1 et_pb_heading et_pb_module et_flex_module\"><div class=\"et_pb_heading_container\"><h2 class=\"et_pb_module_header\">Massagen im Spa oder in Ihrem Hotel in der Baixa von Lissabon<\/h2><\/div><\/div>\n<\/div>\n<\/div>\n\n<div class=\"et_pb_row_2 et_pb_row et_flex_row\">\n<div class=\"et_pb_column_2 et_pb_column et-last-child et_flex_column et_pb_css_mix_blend_mode_passthrough et_flex_column_24_24\">\n<div class=\"et_pb_heading_2 et_pb_heading et_pb_module et_flex_module\"><div class=\"et_pb_heading_container\"><h3 class=\"et_pb_module_header\">Baixa Lissabon - Eleganz im Herzen von Lissabon<\/h3><\/div><\/div>\n\n<div class=\"et_pb_text_0 et_pb_text et_pb_bg_layout_light et_pb_module et_flex_module\"><div class=\"et_pb_text_inner\"><div><span>Die Baixa von Lissabon ist das historische Herz der Stadt - Pra\u00e7a do Com\u00e9rcio, Rua Augusta, Terreiro do Pa\u00e7o und eine pulsierende Energie von Touristen und Einheimischen gleicherma\u00dfen. Es ist eine der meistbesuchten Gegenden der Stadt und auch eine der anstrengendsten, die man zu Fu\u00df erkunden kann.<\/span><\/div>\n<\/div><\/div>\n<\/div>\n<\/div>\n\n<div class=\"et_pb_row_3 et_pb_row et_flex_row\">\n<div class=\"et_pb_column_3 et_pb_column et-last-child et_flex_column et_pb_css_mix_blend_mode_passthrough et_flex_column_24_24\">\n<div class=\"et_pb_heading_3 et_pb_heading et_pb_module et_flex_module\"><div class=\"et_pb_heading_container\"><h3 class=\"et_pb_module_header\">Ihre Massage nur wenige Minuten vom Stadtzentrum Lissabons entfernt<\/h3><\/div><\/div>\n\n<div class=\"et_pb_text_1 et_pb_text et_pb_bg_layout_light et_pb_module et_flex_module\"><div class=\"et_pb_text_inner\"><div>\n<p style=\"font-weight: 400;\">Nach einem stundenlangen Spaziergang durch die Stra\u00dfen von Baixa, der Besichtigung von Denkm\u00e4lern oder der Entdeckung der lokalen K\u00fcche hat Ihr K\u00f6rper eine Erholung verdient. Im Nusa Massage Spa bieten unsere Therapeuten entspannende, therapeutische und Paar-Massagen an, die Muskelverspannungen l\u00f6sen und Ihre Energie erneuern, damit Sie Lissabon weiterhin in vollen Z\u00fcgen genie\u00dfen k\u00f6nnen.<\/p>\n<\/div>\n<\/div><\/div>\n<\/div>\n<\/div>\n\n<div class=\"et_pb_row_4 et_pb_row et_flex_row\">\n<div class=\"et_pb_column_4 et_pb_column et-last-child et_flex_column et_pb_css_mix_blend_mode_passthrough et_flex_column_24_24\">\n<div class=\"et_pb_heading_4 et_pb_heading et_pb_module et_flex_module\"><div class=\"et_pb_heading_container\"><h3 class=\"et_pb_module_header\">Sie m\u00f6chten lieber in einem Hotel wohnen? Wir kommen zu Ihnen\n\n<\/h3><\/div><\/div>\n\n<div class=\"et_pb_text_2 et_pb_text et_pb_bg_layout_light et_pb_module et_flex_module\"><div class=\"et_pb_text_inner\"><div><span style=\"font-size: 18px; font-family: var(--et_global_body_font);\">Viele der Hotels in der Innenstadt von Lissabon sind vom Nusa Spa aus zu Fu\u00df zu erreichen. Aber wenn Sie es vorziehen, nicht zu gehen, kommen unsere Therapeuten zu Ihrem Hotel. Schicken Sie uns einfach eine WhatsApp-Nachricht mit dem Namen des Hotels und wir werden uns um alles k\u00fcmmern.<\/span><\/div>\n<div><\/div>\n<\/div><\/div>\n<\/div>\n<\/div>\n\n<div class=\"et_pb_row_5 et_pb_row et_flex_row\">\n<div class=\"et_pb_column_5 et_pb_column et-last-child et_flex_column et_pb_css_mix_blend_mode_passthrough et_flex_column_24_24\">\n<div class=\"et_pb_module et_pb_button_module_wrapper et_pb_button_0_wrapper\"><a class=\"et_pb_button_0 et_pb_button et_pb_bg_layout_dark et_pb_module et_flex_module\" href=\"https:\/\/wa.me\/351935676279?text=Ol%C3%A1%21%20Estou%20na%20zona%20da%20Baixa%20de%20Lisboa%20e%20gostaria%20de%20saber%20mais%20sobre%20o%20servi%C3%A7o%20de%20massagem\" target=\"_blank\" data-icon=\"\uf232\" rel=\"noopener\">Buchen Sie Ihre Sitzung noch heute \u2013 im Nusa Spa oder in Ihrem Hotel in der Baixa von Lissabon<\/a><\/div>\n<\/div>\n<\/div>\n<\/div>","protected":false},"excerpt":{"rendered":"<p>Massagens relaxantes e terap\u00eauticas na Baixa de Lisboa. No spa ou no seu hotel. Terapeutas especializadas. Reserve hoje pelo WhatsApp&#8230;<\/p>","protected":false},"author":1,"featured_media":223794,"parent":0,"menu_order":0,"comment_status":"closed","ping_status":"closed","template":"","meta":{"footnotes":""},"class_list":["post-223826","page","type-page","status-publish","has-post-thumbnail","hentry"],"_links":{"self":[{"href":"https:\/\/nusa.com.pt\/de\/wp-json\/wp\/v2\/pages\/223826","targetHints":{"allow":["GET"]}}],"collection":[{"href":"https:\/\/nusa.com.pt\/de\/wp-json\/wp\/v2\/pages"}],"about":[{"href":"https:\/\/nusa.com.pt\/de\/wp-json\/wp\/v2\/types\/page"}],"author":[{"embeddable":true,"href":"https:\/\/nusa.com.pt\/de\/wp-json\/wp\/v2\/users\/1"}],"replies":[{"embeddable":true,"href":"https:\/\/nusa.com.pt\/de\/wp-json\/wp\/v2\/comments?post=223826"}],"version-history":[{"count":7,"href":"https:\/\/nusa.com.pt\/de\/wp-json\/wp\/v2\/pages\/223826\/revisions"}],"predecessor-version":[{"id":224065,"href":"https:\/\/nusa.com.pt\/de\/wp-json\/wp\/v2\/pages\/223826\/revisions\/224065"}],"wp:featuredmedia":[{"embeddable":true,"href":"https:\/\/nusa.com.pt\/de\/wp-json\/wp\/v2\/media\/223794"}],"wp:attachment":[{"href":"https:\/\/nusa.com.pt\/de\/wp-json\/wp\/v2\/media?parent=223826"}],"curies":[{"name":"wp","href":"https:\/\/api.w.org\/{rel}","templated":true}]}}