{"id":223808,"date":"2026-03-06T14:20:55","date_gmt":"2026-03-06T14:20:55","guid":{"rendered":"https:\/\/nusa.com.pt\/?page_id=223808"},"modified":"2026-03-06T16:20:41","modified_gmt":"2026-03-06T16:20:41","slug":"entspannende-und-therapeutische-massagen-in-chiado","status":"publish","type":"page","link":"https:\/\/nusa.com.pt\/de\/massagens-relaxantes-e-terapeuticas-no-chiado\/","title":{"rendered":"Entspannende und therapeutische Massagen in Chiado, Lissabon"},"content":{"rendered":"<div class=\"et_pb_section_0 et_pb_section et_section_regular et_flex_section section_has_divider et_pb_bottom_divider zoom-header\">\n<div class=\"et_pb_row_0 et_pb_row et_flex_row\">\n<div class=\"et_pb_column_0 et_pb_column et-last-child et_flex_column et_pb_css_mix_blend_mode_passthrough et_flex_column_24_24\">\n<div class=\"et_pb_heading_0 et_pb_heading et_pb_module et_flex_module\"><div class=\"et_pb_heading_container\"><h1 class=\"et_pb_module_header\">Entspannende und therapeutische Massagen in Chiado, Lissabon<\/h1><\/div><\/div>\n<\/div>\n<\/div>\n<div class=\"et_pb_bottom_inside_divider et-no-transition\"><\/div><\/div>\n\n<div class=\"et_pb_section_1 et_pb_section et_section_regular et_flex_section\">\n<div class=\"et_pb_row_1 et_pb_row et_flex_row\">\n<div class=\"et_pb_column_1 et_pb_column et-last-child et_flex_column et_pb_css_mix_blend_mode_passthrough et_flex_column_24_24\">\n<div class=\"et_pb_heading_1 et_pb_heading et_pb_module et_flex_module\"><div class=\"et_pb_heading_container\"><h2 class=\"et_pb_module_header\">Massagen im Spa oder in Ihrem Hotel in Chiado<\/h2><\/div><\/div>\n<\/div>\n<\/div>\n\n<div class=\"et_pb_row_2 et_pb_row et_flex_row\">\n<div class=\"et_pb_column_2 et_pb_column et-last-child et_flex_column et_pb_css_mix_blend_mode_passthrough et_flex_column_24_24\">\n<div class=\"et_pb_heading_2 et_pb_heading et_pb_module et_flex_module\"><div class=\"et_pb_heading_container\"><h3 class=\"et_pb_module_header\">O Chiado - Eleganz im Herzen von Lissabon<\/h3><\/div><\/div>\n\n<div class=\"et_pb_text_0 et_pb_text et_pb_bg_layout_light et_pb_module et_flex_module\"><div class=\"et_pb_text_inner\"><div><span>Chiado ist eines der elegantesten und kulturellsten Viertel Lissabons - historische Buchl\u00e4den, exklusive Boutiquen, jahrhundertealte Caf\u00e9s und eine einzigartige Atmosph\u00e4re, in der sich Tradition und Moderne vermischen. Nach einem Tag, an dem Sie alles, was Chiado zu bieten hat, in sich aufgesogen haben, ist eine Massage genau das, was Ihr K\u00f6rper braucht.<\/span><\/div>\n<\/div><\/div>\n<\/div>\n<\/div>\n\n<div class=\"et_pb_row_3 et_pb_row et_flex_row\">\n<div class=\"et_pb_column_3 et_pb_column et-last-child et_flex_column et_pb_css_mix_blend_mode_passthrough et_flex_column_24_24\">\n<div class=\"et_pb_heading_3 et_pb_heading et_pb_module et_flex_module\"><div class=\"et_pb_heading_container\"><h3 class=\"et_pb_module_header\">Ihre Massage nur ein paar Minuten vom Chiado entfernt\n\n<\/h3><\/div><\/div>\n\n<div class=\"et_pb_text_1 et_pb_text et_pb_bg_layout_light et_pb_module et_flex_module\"><div class=\"et_pb_text_inner\"><div><span>Im Nusa Massage Spa, nur wenige Minuten vom Chiado entfernt, sind unsere spezialisierten Therapeuten bereit, Ihnen ein ma\u00dfgeschneidertes Entspannungserlebnis zu bieten. Entspannungsmassage, therapeutische Massage, Paarmassage oder vierh\u00e4ndige Massage - jede Sitzung wird auf Ihre Stimmung und Bed\u00fcrfnisse abgestimmt.<\/span><\/div>\n<div><\/div>\n<\/div><\/div>\n<\/div>\n<\/div>\n\n<div class=\"et_pb_row_4 et_pb_row et_flex_row\">\n<div class=\"et_pb_column_4 et_pb_column et-last-child et_flex_column et_pb_css_mix_blend_mode_passthrough et_flex_column_24_24\">\n<div class=\"et_pb_heading_4 et_pb_heading et_pb_module et_flex_module\"><div class=\"et_pb_heading_container\"><h3 class=\"et_pb_module_header\">Sie m\u00f6chten lieber in einem Hotel wohnen? Wir kommen zu Ihnen\n\n<\/h3><\/div><\/div>\n\n<div class=\"et_pb_text_2 et_pb_text et_pb_bg_layout_light et_pb_module et_flex_module\"><div class=\"et_pb_text_inner\"><div>\n<div><span>Sie wohnen in einem Hotel in Chiado oder Baixa? Sie brauchen nicht zu reisen. Unsere Therapeuten kommen zu Ihnen und verwandeln Ihr Zimmer in ein privates Spa. Kontaktieren Sie uns per WhatsApp und wir k\u00fcmmern uns in wenigen Minuten um alles.<\/span><\/div>\n<\/div>\n<div><\/div>\n<\/div><\/div>\n<\/div>\n<\/div>\n\n<div class=\"et_pb_row_5 et_pb_row et_flex_row\">\n<div class=\"et_pb_column_5 et_pb_column et-last-child et_flex_column et_pb_css_mix_blend_mode_passthrough et_flex_column_24_24\">\n<div class=\"et_pb_module et_pb_button_module_wrapper et_pb_button_0_wrapper\"><a class=\"et_pb_button_0 et_pb_button et_pb_bg_layout_dark et_pb_module et_flex_module\" href=\"https:\/\/wa.me\/351935676279?text=Ol%C3%A1%21%20Estou%20na%20zona%20de%20Chiado%20em%20Lisboa%20e%20gostaria%20de%20saber%20mais%20sobre%20o%20servi%C3%A7o%20de%20massagem\" target=\"_blank\" data-icon=\"\uf232\" rel=\"noopener\">Buchen Sie Ihre Sitzung noch heute - im Nusa Spa oder direkt in Ihrem Hotel in Chiado.<\/a><\/div>\n<\/div>\n<\/div>\n<\/div>","protected":false},"excerpt":{"rendered":"<p>Entspannende und therapeutische Massagen in Chiado, Lissabon. Im Spa oder in Ihrem Hotel. Spezialisierte Therapeuten. Buchen Sie noch heute per WhatsApp.<\/p>","protected":false},"author":1,"featured_media":223794,"parent":0,"menu_order":0,"comment_status":"closed","ping_status":"closed","template":"","meta":{"footnotes":""},"class_list":["post-223808","page","type-page","status-publish","has-post-thumbnail","hentry"],"_links":{"self":[{"href":"https:\/\/nusa.com.pt\/de\/wp-json\/wp\/v2\/pages\/223808","targetHints":{"allow":["GET"]}}],"collection":[{"href":"https:\/\/nusa.com.pt\/de\/wp-json\/wp\/v2\/pages"}],"about":[{"href":"https:\/\/nusa.com.pt\/de\/wp-json\/wp\/v2\/types\/page"}],"author":[{"embeddable":true,"href":"https:\/\/nusa.com.pt\/de\/wp-json\/wp\/v2\/users\/1"}],"replies":[{"embeddable":true,"href":"https:\/\/nusa.com.pt\/de\/wp-json\/wp\/v2\/comments?post=223808"}],"version-history":[{"count":6,"href":"https:\/\/nusa.com.pt\/de\/wp-json\/wp\/v2\/pages\/223808\/revisions"}],"predecessor-version":[{"id":223858,"href":"https:\/\/nusa.com.pt\/de\/wp-json\/wp\/v2\/pages\/223808\/revisions\/223858"}],"wp:featuredmedia":[{"embeddable":true,"href":"https:\/\/nusa.com.pt\/de\/wp-json\/wp\/v2\/media\/223794"}],"wp:attachment":[{"href":"https:\/\/nusa.com.pt\/de\/wp-json\/wp\/v2\/media?parent=223808"}],"curies":[{"name":"wp","href":"https:\/\/api.w.org\/{rel}","templated":true}]}}