{"id":223800,"date":"2026-03-06T13:50:25","date_gmt":"2026-03-06T13:50:25","guid":{"rendered":"https:\/\/nusa.com.pt\/?page_id=223800"},"modified":"2026-03-06T14:43:05","modified_gmt":"2026-03-06T14:43:05","slug":"entspannende-und-therapeutische-massagen-im-saldanha-in-lissabon","status":"publish","type":"page","link":"https:\/\/nusa.com.pt\/de\/massagens-relaxantes-e-terapeuticas-na-saldanha-em-lisboa\/","title":{"rendered":"Entspannende und therapeutische Massagen in Saldanha, Lissabon"},"content":{"rendered":"<div class=\"et_pb_section_0 et_pb_section et_section_regular et_flex_section section_has_divider et_pb_bottom_divider zoom-header\">\n<div class=\"et_pb_row_0 et_pb_row et_flex_row\">\n<div class=\"et_pb_column_0 et_pb_column et-last-child et_flex_column et_pb_css_mix_blend_mode_passthrough et_flex_column_24_24\">\n<div class=\"et_pb_heading_0 et_pb_heading et_pb_module et_flex_module\"><div class=\"et_pb_heading_container\"><h1 class=\"et_pb_module_header\">Entspannende und therapeutische Massagen in Saldanha, Lissabon<\/h1><\/div><\/div>\n<\/div>\n<\/div>\n<div class=\"et_pb_bottom_inside_divider et-no-transition\"><\/div><\/div>\n\n<div class=\"et_pb_section_1 et_pb_section et_section_regular et_flex_section\">\n<div class=\"et_pb_row_1 et_pb_row et_flex_row\">\n<div class=\"et_pb_column_1 et_pb_column et-last-child et_flex_column et_pb_css_mix_blend_mode_passthrough et_flex_column_24_24\">\n<div class=\"et_pb_heading_1 et_pb_heading et_pb_module et_flex_module\"><div class=\"et_pb_heading_container\"><h2 class=\"et_pb_module_header\">Massagen im Spa oder in Ihrem Hotel in Saldanha<\/h2><\/div><\/div>\n<\/div>\n<\/div>\n\n<div class=\"et_pb_row_2 et_pb_row et_flex_row\">\n<div class=\"et_pb_column_2 et_pb_column et-last-child et_flex_column et_pb_css_mix_blend_mode_passthrough et_flex_column_24_24\">\n<div class=\"et_pb_heading_2 et_pb_heading et_pb_module et_flex_module\"><div class=\"et_pb_heading_container\"><h3 class=\"et_pb_module_header\">O Saldanha - Eleganz im Herzen von Lissabon<\/h3><\/div><\/div>\n\n<div class=\"et_pb_text_0 et_pb_text et_pb_bg_layout_light et_pb_module et_flex_module\"><div class=\"et_pb_text_inner\"><p style=\"font-weight: 400;\">Saldanha ist eines der belebtesten und am leichtesten zug\u00e4nglichen Viertel Lissabons, mit U-Bahn-Verbindungen \u00fcber die gelben und roten Linien, gro\u00dfen Alleen und einer urbanen Energie, die nie aufh\u00f6rt. Hier befindet sich auch das Nusa Massage Spa - nur einen Katzensprung entfernt.<\/p>\n<\/div><\/div>\n<\/div>\n<\/div>\n\n<div class=\"et_pb_row_3 et_pb_row et_flex_row\">\n<div class=\"et_pb_column_3 et_pb_column et-last-child et_flex_column et_pb_css_mix_blend_mode_passthrough et_flex_column_24_24\">\n<div class=\"et_pb_heading_3 et_pb_heading et_pb_module et_flex_module\"><div class=\"et_pb_heading_container\"><h3 class=\"et_pb_module_header\">Ihre Massage nur ein paar Minuten von Saldanha entfernt<\/h3><\/div><\/div>\n\n<div class=\"et_pb_text_1 et_pb_text et_pb_bg_layout_light et_pb_module et_flex_module\"><div class=\"et_pb_text_inner\"><p style=\"font-weight: 400;\">Nach einem anstrengenden Tag in Lissabon, sei es bei Besprechungen, bei der Erkundung der Stadt oder einfach nur, um alles, was Saldanha zu bieten hat, aufzusaugen, hat Ihr K\u00f6rper eine echte Pause verdient. Im Nusa bieten wir Ihnen entspannende Massagen, therapeutische Massagen, Massagen f\u00fcr Paare und vieles mehr - alle auf Ihre Bed\u00fcrfnisse abgestimmt und von spezialisierten Therapeuten durchgef\u00fchrt.<\/p>\n<\/div><\/div>\n<\/div>\n<\/div>\n\n<div class=\"et_pb_row_4 et_pb_row et_flex_row\">\n<div class=\"et_pb_column_4 et_pb_column et-last-child et_flex_column et_pb_css_mix_blend_mode_passthrough et_flex_column_24_24\">\n<div class=\"et_pb_heading_4 et_pb_heading et_pb_module et_flex_module\"><div class=\"et_pb_heading_container\"><h3 class=\"et_pb_module_header\">Sie m\u00f6chten lieber in einem Hotel wohnen? Wir kommen zu Ihnen\n\n<\/h3><\/div><\/div>\n\n<div class=\"et_pb_text_2 et_pb_text et_pb_bg_layout_light et_pb_module et_flex_module\"><div class=\"et_pb_text_inner\"><div><span>Wenn Sie in einem Hotel in der Gegend von Saldanha oder im Zentrum von Lissabon wohnen, m\u00fcssen Sie Ihr Zimmer nicht verlassen. Unsere Therapeuten kommen zu Ihnen und verwandeln Ihr Zimmer in einen privaten Wellnessbereich. Schicken Sie uns einfach eine WhatsApp-Nachricht und wir best\u00e4tigen Ihnen die Verf\u00fcgbarkeit innerhalb weniger Minuten.<\/span><\/div>\n<div><\/div>\n<\/div><\/div>\n<\/div>\n<\/div>\n\n<div class=\"et_pb_row_5 et_pb_row et_flex_row\">\n<div class=\"et_pb_column_5 et_pb_column et-last-child et_flex_column et_pb_css_mix_blend_mode_passthrough et_flex_column_24_24\">\n<div class=\"et_pb_module et_pb_button_module_wrapper et_pb_button_0_wrapper\"><a class=\"et_pb_button_0 et_pb_button et_pb_bg_layout_dark et_pb_module et_flex_module\" href=\"https:\/\/wa.me\/351935676279?text=Ol%C3%A1%21%20Estou%20na%20zona%20de%20Saldanha%20em%20Lisboa%20e%20gostaria%20de%20saber%20mais%20sobre%20o%20servi%C3%A7o%20de%20massagem\" target=\"_blank\" data-icon=\"\uf232\" rel=\"noopener\">Buchen Sie Ihre Sitzung noch heute - im Nusa Spa in Saldanha oder bequem in Ihrem Hotel.<\/a><\/div>\n<\/div>\n<\/div>\n<\/div>","protected":false},"excerpt":{"rendered":"<p>Entspannende und therapeutische Massagen in Saldanha, Lissabon. Im Spa oder in Ihrem Hotel. Spezialisierte Therapeuten. Buchen Sie noch heute per WhatsApp.<\/p>","protected":false},"author":1,"featured_media":223794,"parent":0,"menu_order":0,"comment_status":"closed","ping_status":"closed","template":"","meta":{"footnotes":""},"class_list":["post-223800","page","type-page","status-publish","has-post-thumbnail","hentry"],"_links":{"self":[{"href":"https:\/\/nusa.com.pt\/de\/wp-json\/wp\/v2\/pages\/223800","targetHints":{"allow":["GET"]}}],"collection":[{"href":"https:\/\/nusa.com.pt\/de\/wp-json\/wp\/v2\/pages"}],"about":[{"href":"https:\/\/nusa.com.pt\/de\/wp-json\/wp\/v2\/types\/page"}],"author":[{"embeddable":true,"href":"https:\/\/nusa.com.pt\/de\/wp-json\/wp\/v2\/users\/1"}],"replies":[{"embeddable":true,"href":"https:\/\/nusa.com.pt\/de\/wp-json\/wp\/v2\/comments?post=223800"}],"version-history":[{"count":7,"href":"https:\/\/nusa.com.pt\/de\/wp-json\/wp\/v2\/pages\/223800\/revisions"}],"predecessor-version":[{"id":223816,"href":"https:\/\/nusa.com.pt\/de\/wp-json\/wp\/v2\/pages\/223800\/revisions\/223816"}],"wp:featuredmedia":[{"embeddable":true,"href":"https:\/\/nusa.com.pt\/de\/wp-json\/wp\/v2\/media\/223794"}],"wp:attachment":[{"href":"https:\/\/nusa.com.pt\/de\/wp-json\/wp\/v2\/media?parent=223800"}],"curies":[{"name":"wp","href":"https:\/\/api.w.org\/{rel}","templated":true}]}}