{"id":223660,"date":"2026-03-04T13:35:39","date_gmt":"2026-03-04T13:35:39","guid":{"rendered":"https:\/\/nusa.com.pt\/?page_id=223660"},"modified":"2026-03-08T10:15:29","modified_gmt":"2026-03-08T10:15:29","slug":"unsere-massagen-lissabon","status":"publish","type":"page","link":"https:\/\/nusa.com.pt\/de\/as-nossas-massagens-lisboa\/","title":{"rendered":"Entdecken Sie unsere Massagen in Lissabon"},"content":{"rendered":"<div class=\"et_pb_section_0 et_pb_section et_section_regular et_flex_section section_has_divider et_pb_bottom_divider zoom-header\">\n<div class=\"et_pb_row_0 et_pb_row et_flex_row\">\n<div class=\"et_pb_column_0 et_pb_column et-last-child et_flex_column et_pb_css_mix_blend_mode_passthrough et_flex_column_24_24\">\n<div class=\"et_pb_heading_0 et_pb_heading et_pb_module et_flex_module\"><div class=\"et_pb_heading_container\"><h1 class=\"et_pb_module_header\">Unsere Massagen<\/h1><\/div><\/div>\n<\/div>\n<\/div>\n<div class=\"et_pb_bottom_inside_divider et-no-transition\"><\/div><\/div>\n\n<div class=\"et_pb_section_1 et_pb_section et_section_regular et_flex_section\">\n<div class=\"et_pb_row_1 et_pb_row et_flex_row\">\n<div class=\"et_pb_column_1 et_pb_column et-last-child et_flex_column et_pb_css_mix_blend_mode_passthrough et_flex_column_24_24\">\n<div class=\"et_pb_text_0 et_pb_text et_pb_bg_layout_light et_pb_module et_flex_module\"><div class=\"et_pb_text_inner\"><p><span>Im Nusa Massage Spa ist jede Sitzung ein bis ins Detail durchdachtes Erlebnis f\u00fcr Ihr Wohlbefinden. Unsere spezialisierten Therapeuten stimmen jede Massage auf Ihre individuellen Bed\u00fcrfnisse ab - ganz gleich, ob Sie sich tief entspannen, Muskelverspannungen l\u00f6sen oder einfach eine Auszeit vom Alltag nehmen m\u00f6chten. Entdecken Sie unsere Behandlungen und finden Sie die Massage, die zu Ihnen passt.<\/span><\/p>\n<\/div><\/div>\n\n<div class=\"et_pb_heading_1 et_pb_heading et_pb_module et_flex_module\"><div class=\"et_pb_heading_container\"><h2 class=\"et_pb_module_header\">SIGNATUR-MASSAGEN<\/h2><\/div><\/div>\n<\/div>\n<\/div>\n\n<div class=\"et_pb_row_2 et_pb_row et_flex_row\">\n<div class=\"et_pb_column_2 et_pb_column et_flex_column et_pb_css_mix_blend_mode_passthrough et_flex_column_8_24 et_flex_column_8_24_tablet et_flex_column_24_24_phone et_flex_column_24_24_phoneWide\">\n<div class=\"et_pb_blurb_0 et_pb_blurb et_pb_bg_layout_light et_pb_text_align_left et_pb_blurb_position_top et_animated et_pb_module et_flex_module\"><div class=\"et_pb_blurb_content et_flex_module\"><div class=\"et_pb_main_blurb_image\"><span class=\"et_pb_image_wrap et_pb_only_image_mode_wrap\"><img decoding=\"async\" src=\"https:\/\/nusa.com.pt\/wp-content\/uploads\/2026\/03\/Massagem-de-Relaxamento.svg\" alt=\"Entspannungsmassage in Lissabon\" class=\"et-waypoint et_pb_animation_top et_pb_animation_top_tablet et_pb_animation_top_phone wp-image-223650\" \/><\/span><\/div><div class=\"et_pb_blurb_container\"><h3 class=\"et_pb_module_header\">Entspannende Massage<\/h3><div class=\"et_pb_blurb_description\"><p>Die beliebteste Massage in Lissabon. Sanfte, flie\u00dfende Bewegungen, die den angesammelten Stress abbauen, die Muskeln entspannen und die Energie erneuern. Ideal f\u00fcr alle, die eine totale Pause vom Alltag brauchen.<\/p>\n<\/div><\/div><\/div><\/div>\n<\/div>\n\n<div class=\"et_pb_column_3 et_pb_column et_flex_column et_pb_css_mix_blend_mode_passthrough et_flex_column_8_24 et_flex_column_8_24_tablet et_flex_column_24_24_phone et_flex_column_24_24_phoneWide\">\n<div class=\"et_pb_blurb_1 et_pb_blurb et_pb_bg_layout_light et_pb_text_align_left et_pb_blurb_position_top et_animated et_pb_module et_flex_module\"><div class=\"et_pb_blurb_content et_flex_module\"><div class=\"et_pb_main_blurb_image\"><span class=\"et_pb_image_wrap et_pb_only_image_mode_wrap\"><img decoding=\"async\" src=\"https:\/\/nusa.com.pt\/wp-content\/uploads\/2026\/03\/Massagem-Terapeutica-Deep-Tissue.svg\" alt=\"Therapeutische Tiefengewebsmassage Lissabon\" class=\"et-waypoint et_pb_animation_top et_pb_animation_top_tablet et_pb_animation_top_phone wp-image-223651\" \/><\/span><\/div><div class=\"et_pb_blurb_container\"><h3 class=\"et_pb_module_header\">Therapeutische Tiefengewebsmassage<\/h3><div class=\"et_pb_blurb_description\"><p>Eine Technik mit tiefem Druck, die besonders wirksam ist, um chronische Muskelverspannungen, R\u00fcckenschmerzen und Kontrakturen zu lindern. Eine therapeutische Massage in Lissabon f\u00fcr alle, die echte Ergebnisse erzielen wollen.<\/p>\n<\/div><\/div><\/div><\/div>\n<\/div>\n\n<div class=\"et_pb_column_4 et_pb_column et-last-child et_flex_column et_pb_css_mix_blend_mode_passthrough et_flex_column_8_24 et_flex_column_8_24_tablet et_flex_column_24_24_phone et_flex_column_24_24_phoneWide\">\n<div class=\"et_pb_blurb_2 et_pb_blurb et_pb_bg_layout_light et_pb_text_align_left et_pb_blurb_position_top et_animated et_pb_module et_flex_module\"><div class=\"et_pb_blurb_content et_flex_module\"><div class=\"et_pb_main_blurb_image\"><span class=\"et_pb_image_wrap et_pb_only_image_mode_wrap\"><img decoding=\"async\" src=\"https:\/\/nusa.com.pt\/wp-content\/uploads\/2026\/03\/Massagem-Tailandesa-.svg\" alt=\"Thai-Massage Lissabon\" class=\"et-waypoint et_pb_animation_top et_pb_animation_top_tablet et_pb_animation_top_phone wp-image-223652\" \/><\/span><\/div><div class=\"et_pb_blurb_container\"><h3 class=\"et_pb_module_header\">Thai-Massage<\/h3><div class=\"et_pb_blurb_description\"><p>Die authentische thail\u00e4ndische Kunst des Wohlbefindens. Sie kombiniert pr\u00e4zisen Druck und Dehnungen, die blockierte Energie freisetzen, den K\u00f6rper wieder ins Gleichgewicht bringen und den Geist zur Ruhe kommen lassen. Eine einzigartige Erfahrung in Lissabon.<\/p>\n<\/div><\/div><\/div><\/div>\n<\/div>\n<\/div>\n\n<div class=\"et_pb_row_3 et_pb_row et_flex_row\">\n<div class=\"et_pb_column_5 et_pb_column et-last-child et_flex_column et_pb_css_mix_blend_mode_passthrough et_flex_column_24_24\">\n<div class=\"et_pb_module et_pb_button_module_wrapper et_pb_button_0_wrapper\"><a class=\"et_pb_button_0 et_pb_button et_pb_bg_layout_dark et_pb_module et_flex_module\" href=\"https:\/\/wa.me\/351935676279?text=Ol\u00e1!%20Gostaria%20de%20saber%20mais%20sobre%20os%20tratamentos%20do%20Nusa%20Massage%20Spa%20em%20Lisboa.\" target=\"_blank\" data-icon=\"\uf232\" rel=\"noopener\">Jetzt buchen<\/a><\/div>\n<\/div>\n<\/div>\n\n<div class=\"et_pb_row_4 et_pb_row et_flex_row\">\n<div class=\"et_pb_column_6 et_pb_column et-last-child et_flex_column et_pb_css_mix_blend_mode_passthrough et_flex_column_24_24\">\n<div class=\"et_pb_heading_2 et_pb_heading et_pb_module et_flex_module\"><div class=\"et_pb_heading_container\"><h2 class=\"et_pb_module_header\">SPEZIALBEHANDLUNGEN<\/h2><\/div><\/div>\n<\/div>\n<\/div>\n\n<div class=\"et_pb_row_5 et_pb_row et_flex_row\">\n<div class=\"et_pb_column_7 et_pb_column et_flex_column et_pb_css_mix_blend_mode_passthrough et_flex_column_8_24 et_flex_column_8_24_tablet et_flex_column_24_24_phone et_flex_column_24_24_phoneWide\">\n<div class=\"et_pb_blurb_3 et_pb_blurb et_pb_bg_layout_light et_pb_text_align_left et_pb_blurb_position_top et_animated et_pb_module et_flex_module\"><div class=\"et_pb_blurb_content et_flex_module\"><div class=\"et_pb_main_blurb_image\"><span class=\"et_pb_image_wrap et_pb_only_image_mode_wrap\"><img decoding=\"async\" src=\"https:\/\/nusa.com.pt\/wp-content\/uploads\/2026\/03\/Massagem-de-Casal.svg\" alt=\"Paarmassage in Lissabon\" class=\"et-waypoint et_pb_animation_top et_pb_animation_top_tablet et_pb_animation_top_phone wp-image-223653\" \/><\/span><\/div><div class=\"et_pb_blurb_container\"><h3 class=\"et_pb_module_header\">Massage f\u00fcr Paare<\/h3><div class=\"et_pb_blurb_description\"><p>G\u00f6nnen Sie sich als Paar einen Moment der Entspannung und Verbundenheit. Zwei spezialisierte Therapeuten, ein synchronisiertes und unvergessliches Erlebnis. Das perfekte Geschenk f\u00fcr Paare in Lissabon.<\/p>\n<\/div><\/div><\/div><\/div>\n<\/div>\n\n<div class=\"et_pb_column_8 et_pb_column et_flex_column et_pb_css_mix_blend_mode_passthrough et_flex_column_8_24 et_flex_column_8_24_tablet et_flex_column_24_24_phone et_flex_column_24_24_phoneWide\">\n<div class=\"et_pb_blurb_4 et_pb_blurb et_pb_bg_layout_light et_pb_text_align_left et_pb_blurb_position_top et_animated et_pb_module et_flex_module\"><div class=\"et_pb_blurb_content et_flex_module\"><div class=\"et_pb_main_blurb_image\"><span class=\"et_pb_image_wrap et_pb_only_image_mode_wrap\"><img decoding=\"async\" src=\"https:\/\/nusa.com.pt\/wp-content\/uploads\/2026\/03\/Massagem-a-Quatro-Maos.svg\" alt=\"Vierh\u00e4ndige Massage Lissabon\" class=\"et-waypoint et_pb_animation_top et_pb_animation_top_tablet et_pb_animation_top_phone wp-image-223654\" \/><\/span><\/div><div class=\"et_pb_blurb_container\"><h3 class=\"et_pb_module_header\">Vier-H\u00e4nde-Massage<\/h3><div class=\"et_pb_blurb_description\"><p>Zwei Therapeuten, vier H\u00e4nde, eine wirklich einzigartige Erfahrung. Die synchronisierten Bewegungen erzeugen ein tiefes Gef\u00fchl der Entspannung, das der K\u00f6rper nie vergisst.<\/p>\n<p><a href=\"\/de\/vier-haende-massage\/\" title=\"Vierh\u00e4ndige Massage in Lissabon\"><span><strong>Mehr erfahren \u2192<\/strong><\/span><\/a><\/p>\n<\/div><\/div><\/div><\/div>\n<\/div>\n\n<div class=\"et_pb_column_9 et_pb_column et-last-child et_flex_column et_pb_css_mix_blend_mode_passthrough et_flex_column_8_24 et_flex_column_8_24_tablet et_flex_column_24_24_phone et_flex_column_24_24_phoneWide\">\n<div class=\"et_pb_blurb_5 et_pb_blurb et_pb_bg_layout_light et_pb_text_align_left et_pb_blurb_position_top et_animated et_pb_module et_flex_module\"><div class=\"et_pb_blurb_content et_flex_module\"><div class=\"et_pb_main_blurb_image\"><span class=\"et_pb_image_wrap et_pb_only_image_mode_wrap\"><img decoding=\"async\" src=\"https:\/\/nusa.com.pt\/wp-content\/uploads\/2026\/03\/Massagem-com-Pindas-Quentes.svg\" alt=\"Hei\u00dfe Pindas Massage Lissabon\" class=\"et-waypoint et_pb_animation_top et_pb_animation_top_tablet et_pb_animation_top_phone wp-image-223776\" \/><\/span><\/div><div class=\"et_pb_blurb_container\"><h3 class=\"et_pb_module_header\"> Hei\u00dfe Pindas Massage<\/h3><div class=\"et_pb_blurb_description\"><p><span>Beutel mit erw\u00e4rmten Kr\u00e4utern gleiten in rhythmischen Bewegungen \u00fcber den K\u00f6rper. Die W\u00e4rme und die Wirkstoffe der Kr\u00e4uter l\u00f6sen Verspannungen, regen den Kreislauf an und sorgen f\u00fcr tiefes Wohlbefinden. Eine wirklich einzigartige ayurvedische Technik.<\/span><\/p>\n<\/div><\/div><\/div><\/div>\n<\/div>\n<\/div>\n\n<div class=\"et_pb_row_6 et_pb_row et_flex_row\">\n<div class=\"et_pb_column_10 et_pb_column et_flex_column et_pb_css_mix_blend_mode_passthrough et_flex_column_8_24 et_flex_column_8_24_tablet et_flex_column_24_24_phone et_flex_column_24_24_phoneWide\">\n<div class=\"et_pb_blurb_6 et_pb_blurb et_pb_bg_layout_light et_pb_text_align_left et_pb_blurb_position_top et_animated et_pb_module et_flex_module\"><div class=\"et_pb_blurb_content et_flex_module\"><div class=\"et_pb_main_blurb_image\"><span class=\"et_pb_image_wrap et_pb_only_image_mode_wrap\"><img decoding=\"async\" src=\"https:\/\/nusa.com.pt\/wp-content\/uploads\/2026\/03\/Massagem-Reflexologia.svg\" alt=\"Reflexologie Lissabon\" class=\"et-waypoint et_pb_animation_top et_pb_animation_top_tablet et_pb_animation_top_phone wp-image-223656\" \/><\/span><\/div><div class=\"et_pb_blurb_container\"><h3 class=\"et_pb_module_header\">Reflexzonenmassage<\/h3><div class=\"et_pb_blurb_description\"><p>Eine uralte Technik, die auf der Stimulation von Reflexpunkten an den F\u00fc\u00dfen basiert, die den Organen und Systemen des K\u00f6rpers entsprechen. Sie f\u00f6rdert das nat\u00fcrliche Gleichgewicht des K\u00f6rpers und tiefes Wohlbefinden.<\/p>\n<\/div><\/div><\/div><\/div>\n<\/div>\n\n<div class=\"et_pb_column_11 et_pb_column et_flex_column et_pb_css_mix_blend_mode_passthrough et_flex_column_8_24 et_flex_column_8_24_tablet et_flex_column_24_24_phone et_flex_column_24_24_phoneWide\">\n<div class=\"et_pb_blurb_7 et_pb_blurb et_pb_bg_layout_light et_pb_text_align_left et_pb_blurb_position_top et_animated et_pb_module et_flex_module\"><div class=\"et_pb_blurb_content et_flex_module\"><div class=\"et_pb_main_blurb_image\"><span class=\"et_pb_image_wrap et_pb_only_image_mode_wrap\"><img decoding=\"async\" src=\"https:\/\/nusa.com.pt\/wp-content\/uploads\/2026\/03\/Lomi-Lomi.svg\" alt=\"Lomi Lomi Lissabon\" class=\"et-waypoint et_pb_animation_top et_pb_animation_top_tablet et_pb_animation_top_phone wp-image-223657\" \/><\/span><\/div><div class=\"et_pb_blurb_container\"><h3 class=\"et_pb_module_header\">Lomi Lomi<\/h3><div class=\"et_pb_blurb_description\"><p>Die heilige hawaiianische Massage. Weite, flie\u00dfende Bewegungen, die den ganzen K\u00f6rper in einen therapeutischen Tanz einbeziehen und aufgestaute k\u00f6rperliche und emotionale Spannungen l\u00f6sen. Eine transformative Erfahrung.<\/p>\n<\/div><\/div><\/div><\/div>\n<\/div>\n\n<div class=\"et_pb_column_12 et_pb_column et-last-child et_flex_column et_pb_css_mix_blend_mode_passthrough et_flex_column_8_24 et_flex_column_8_24_tablet et_flex_column_24_24_phone et_flex_column_24_24_phoneWide\">\n<div class=\"et_pb_blurb_8 et_pb_blurb et_pb_bg_layout_light et_pb_text_align_left et_pb_blurb_position_top et_animated et_clickable et_pb_module et_flex_module\"><div class=\"et_pb_blurb_content et_flex_module\"><div class=\"et_pb_main_blurb_image\"><span class=\"et_pb_image_wrap et_pb_only_image_mode_wrap\"><img decoding=\"async\" src=\"https:\/\/nusa.com.pt\/wp-content\/uploads\/2026\/03\/Massagem-no-Hotel.svg\" alt=\"Massage im Hotel Lisboa\" class=\"et-waypoint et_pb_animation_top et_pb_animation_top_tablet et_pb_animation_top_phone wp-image-223775\" \/><\/span><\/div><div class=\"et_pb_blurb_container\"><h3 class=\"et_pb_module_header\">Massage in Ihrem Hotel<\/h3><div class=\"et_pb_blurb_description\"><p><span>Sie brauchen Ihr Zimmer nicht zu verlassen. Unsere Therapeuten kommen in Ihr Hotel in Lissabon und verwandeln Ihren Raum in ein privates Spa. Komfort, Privatsph\u00e4re und Professionalit\u00e4t - wo und wann immer Sie es brauchen.<\/span><\/p>\n<p><a href=\"\/de\/massageservice-im-hotel-in-lissabon\/\" title=\"Hotel-Massage-Service in Lissabon\"><span><strong>Mehr erfahren \u2192<\/strong><\/span><\/a><\/p>\n<\/div><\/div><\/div><\/div>\n<\/div>\n<\/div>\n\n<div class=\"et_pb_row_7 et_pb_row et_flex_row\">\n<div class=\"et_pb_column_13 et_pb_column et-last-child et_flex_column et_pb_css_mix_blend_mode_passthrough et_flex_column_24_24\">\n<div class=\"et_pb_module et_pb_button_module_wrapper et_pb_button_1_wrapper\"><a class=\"et_pb_button_1 et_pb_button et_pb_bg_layout_dark et_pb_module et_flex_module\" href=\"https:\/\/wa.me\/351935676279?text=Ol\u00e1!%20Gostaria%20de%20marcar%20uma%20massagem%20de%20assinatura%20no%20Nusa%20Massage%20Spa%20em%20Lisboa.\" target=\"_blank\" data-icon=\"\uf232\" rel=\"noopener\">Jetzt buchen<\/a><\/div>\n<\/div>\n<\/div>\n\n<div class=\"et_pb_row_8 et_pb_row et_flex_row\">\n<div class=\"et_pb_column_14 et_pb_column et-last-child et_flex_column et_pb_css_mix_blend_mode_passthrough et_flex_column_24_24\">\n<div class=\"et_pb_heading_3 et_pb_heading et_pb_module et_flex_module\"><div class=\"et_pb_heading_container\"><h2 class=\"et_pb_module_header\">WEITERE BEHANDLUNGEN<\/h2><\/div><\/div>\n<\/div>\n<\/div>\n\n<div class=\"et_pb_row_9 et_pb_row et_flex_row\">\n<div class=\"et_pb_column_15 et_pb_column et_flex_column et_pb_css_mix_blend_mode_passthrough et_flex_column_8_24 et_flex_column_8_24_tablet et_flex_column_24_24_phone et_flex_column_24_24_phoneWide\">\n<div class=\"et_pb_blurb_9 et_pb_blurb et_pb_bg_layout_light et_pb_text_align_left et_pb_blurb_position_top et_animated et_pb_module et_flex_module\"><div class=\"et_pb_blurb_content et_flex_module\"><div class=\"et_pb_main_blurb_image\"><span class=\"et_pb_image_wrap et_pb_only_image_mode_wrap\"><img decoding=\"async\" src=\"https:\/\/nusa.com.pt\/wp-content\/uploads\/2026\/03\/Massagem-desportiva-.svg\" alt=\"Sportmassage Lissabon\" class=\"et-waypoint et_pb_animation_top et_pb_animation_top_tablet et_pb_animation_top_phone wp-image-223658\" \/><\/span><\/div><div class=\"et_pb_blurb_container\"><h3 class=\"et_pb_module_header\">Sportmassage<\/h3><div class=\"et_pb_blurb_description\"><p>Speziell f\u00fcr die Muskelerholung nach intensiver k\u00f6rperlicher Bet\u00e4tigung entwickelt. Beschleunigt die Erholung, beugt Verletzungen vor und verbessert die Leistung. Ideal f\u00fcr Sportler in Lissabon.<\/p>\n<\/div><\/div><\/div><\/div>\n<\/div>\n\n<div class=\"et_pb_column_16 et_pb_column et_flex_column et_pb_css_mix_blend_mode_passthrough et_flex_column_8_24 et_flex_column_8_24_tablet et_flex_column_24_24_phone et_flex_column_24_24_phoneWide\">\n<div class=\"et_pb_blurb_10 et_pb_blurb et_pb_bg_layout_light et_pb_text_align_left et_pb_blurb_position_top et_animated et_pb_module et_flex_module\"><div class=\"et_pb_blurb_content et_flex_module\"><div class=\"et_pb_main_blurb_image\"><span class=\"et_pb_image_wrap et_pb_only_image_mode_wrap\"><img decoding=\"async\" src=\"https:\/\/nusa.com.pt\/wp-content\/uploads\/2026\/03\/Abhyanga.svg\" alt=\"Abhyanga Lissabon\" class=\"et-waypoint et_pb_animation_top et_pb_animation_top_tablet et_pb_animation_top_phone wp-image-223659\" \/><\/span><\/div><div class=\"et_pb_blurb_container\"><h3 class=\"et_pb_module_header\">Abhyanga<\/h3><div class=\"et_pb_blurb_description\"><p>Ayurvedisches K\u00f6rperein\u00f6lungsritual mit warmen, aromatisierten \u00d6len. Es n\u00e4hrt die Haut tief, beruhigt das Nervensystem und stellt das innere Gleichgewicht wieder her. Eine komplette Wellness-Zeremonie.<\/p>\n<\/div><\/div><\/div><\/div>\n<\/div>\n\n<div class=\"et_pb_column_17 et_pb_column et-last-child et_flex_column et_pb_css_mix_blend_mode_passthrough et_flex_column_8_24 et_flex_column_8_24_tablet et_flex_column_24_24_phone et_flex_column_24_24_phoneWide\">\n<div class=\"et_pb_blurb_11 et_pb_blurb et_pb_bg_layout_light et_pb_text_align_left et_pb_blurb_position_top et_animated et_pb_module et_flex_module\"><div class=\"et_pb_blurb_content et_flex_module\"><div class=\"et_pb_main_blurb_image\"><span class=\"et_pb_image_wrap et_pb_only_image_mode_wrap\"><img decoding=\"async\" src=\"https:\/\/nusa.com.pt\/wp-content\/uploads\/2026\/03\/Massagem-com-Velas-Quentes.svg\" alt=\"Hei\u00dfe Kerzenmassage Lissabon\" class=\"et-waypoint et_pb_animation_top et_pb_animation_top_tablet et_pb_animation_top_phone wp-image-223649\" \/><\/span><\/div><div class=\"et_pb_blurb_container\"><h3 class=\"et_pb_module_header\">Hei\u00dfe Kerzenmassage<\/h3><div class=\"et_pb_blurb_description\"><p>Das geschmolzene Wachs von Duftkerzen verwandelt sich auf der Haut in ein warmes, pflegendes \u00d6l. Ein einzigartiges sensorisches Erlebnis, das W\u00e4rme, Aroma und therapeutische Ber\u00fchrung verbindet.<\/p>\n<\/div><\/div><\/div><\/div>\n<\/div>\n<\/div>\n\n<div class=\"et_pb_row_10 et_pb_row et_flex_row\">\n<div class=\"et_pb_column_18 et_pb_column et_flex_column et_pb_css_mix_blend_mode_passthrough et_flex_column_8_24 et_flex_column_8_24_tablet et_flex_column_24_24_phone et_flex_column_24_24_phoneWide\">\n<div class=\"et_pb_blurb_12 et_pb_blurb et_pb_bg_layout_light et_pb_text_align_left et_pb_blurb_position_top et_animated et_pb_module et_flex_module\"><div class=\"et_pb_blurb_content et_flex_module\"><div class=\"et_pb_main_blurb_image\"><span class=\"et_pb_image_wrap et_pb_only_image_mode_wrap\"><img decoding=\"async\" src=\"https:\/\/nusa.com.pt\/wp-content\/uploads\/2026\/03\/Massagem-Tibetan-Mahayana.svg\" alt=\"Tibetische Mahayana-Massage Lissabon\" class=\"et-waypoint et_pb_animation_top et_pb_animation_top_tablet et_pb_animation_top_phone wp-image-223872\" \/><\/span><\/div><div class=\"et_pb_blurb_container\"><h3 class=\"et_pb_module_header\">Tibetische Mahayana-Massage<\/h3><div class=\"et_pb_blurb_description\"><p>Eine uralte Zeremonie der tiefgreifenden inneren Transformation. Jahrtausendalte tibetische Techniken, die k\u00f6rperliche und emotionale Blockaden l\u00f6sen und das nat\u00fcrliche Gleichgewicht von K\u00f6rper und Geist wiederherstellen.<span><\/span><\/p>\n<p><a href=\"\/de\/mahayana-tibetische-massage\/\" title=\"Tibetische Mahayana-Massage in Lissabon\"><span><strong>Mehr erfahren \u2192<\/strong><\/span><\/a><\/p>\n<\/div><\/div><\/div><\/div>\n<\/div>\n\n<div class=\"et_pb_column_19 et_pb_column et_flex_column et_pb_column_empty et_pb_css_mix_blend_mode_passthrough et_flex_column_8_24 et_flex_column_8_24_tablet et_flex_column_24_24_phone et_flex_column_24_24_phoneWide\"><\/div>\n\n<div class=\"et_pb_column_20 et_pb_column et-last-child et_flex_column et_pb_column_empty et_pb_css_mix_blend_mode_passthrough et_flex_column_8_24 et_flex_column_8_24_tablet et_flex_column_24_24_phone et_flex_column_24_24_phoneWide\"><\/div>\n<\/div>\n\n<div class=\"et_pb_row_11 et_pb_row et_flex_row\">\n<div class=\"et_pb_column_21 et_pb_column et-last-child et_flex_column et_pb_css_mix_blend_mode_passthrough et_flex_column_24_24\">\n<div class=\"et_pb_module et_pb_button_module_wrapper et_pb_button_2_wrapper\"><a class=\"et_pb_button_2 et_pb_button et_pb_bg_layout_dark et_pb_module et_flex_module\" href=\"https:\/\/wa.me\/351935676279?text=Ol\u00e1!%20Gostaria%20de%20marcar%20uma%20massagem%20de%20assinatura%20no%20Nusa%20Massage%20Spa%20em%20Lisboa.\" target=\"_blank\" data-icon=\"\uf232\" rel=\"noopener\">Jetzt buchen<\/a><\/div>\n\n<div class=\"et_pb_heading_4 et_pb_heading et_pb_module et_flex_module\"><div class=\"et_pb_heading_container\"><h2 class=\"et_pb_module_header\">Personalisierte Massage<\/h2><\/div><\/div>\n\n<div class=\"et_pb_text_1 et_pb_text et_pb_bg_layout_light et_pb_module et_flex_module\"><div class=\"et_pb_text_inner\"><p><span>Jeder K\u00f6rper ist einzigartig, und manchmal ergeben sich die besten Erfahrungen aus einem Gespr\u00e4ch. Wenn Sie etwas wirklich Pers\u00f6nliches suchen oder spezielle Bed\u00fcrfnisse haben, stehen unsere Therapeuten zur Verf\u00fcgung, um Sie zu beraten und die ideale Sitzung f\u00fcr Sie zu gestalten - bevor Sie buchen.<\/span><\/p>\n<\/div><\/div>\n\n<div class=\"et_pb_module et_pb_button_module_wrapper et_pb_button_3_wrapper\"><a class=\"et_pb_button_3 et_pb_button et_pb_bg_layout_dark et_pb_module et_flex_module\" href=\"https:\/\/wa.me\/351935676279?text=Ol\u00e1!%20Gostaria%20de%20um%20aconselhamento%20personalizado%20antes%20de%20marcar%20a%20minha%20sess\u00e3o%20no%20Nusa%20Massage%20Spa.\" target=\"_blank\" data-icon=\"\uf232\" rel=\"noopener\">Kontaktieren Sie uns f\u00fcr eine Beratung<\/a><\/div>\n<\/div>\n<\/div>\n<\/div>","protected":false},"excerpt":{"rendered":"<p>Descubra as massagens do Nusa Massage Spa em Lisboa &#8211; relaxamento, terap\u00eautica, casal, tailandesa e muito mais. Terapeutas especializadas, experi\u00eancia \u00fanica. Reserve j\u00e1.<\/p>","protected":false},"author":1,"featured_media":223778,"parent":0,"menu_order":0,"comment_status":"closed","ping_status":"closed","template":"","meta":{"footnotes":""},"class_list":["post-223660","page","type-page","status-publish","has-post-thumbnail","hentry"],"_links":{"self":[{"href":"https:\/\/nusa.com.pt\/de\/wp-json\/wp\/v2\/pages\/223660","targetHints":{"allow":["GET"]}}],"collection":[{"href":"https:\/\/nusa.com.pt\/de\/wp-json\/wp\/v2\/pages"}],"about":[{"href":"https:\/\/nusa.com.pt\/de\/wp-json\/wp\/v2\/types\/page"}],"author":[{"embeddable":true,"href":"https:\/\/nusa.com.pt\/de\/wp-json\/wp\/v2\/users\/1"}],"replies":[{"embeddable":true,"href":"https:\/\/nusa.com.pt\/de\/wp-json\/wp\/v2\/comments?post=223660"}],"version-history":[{"count":36,"href":"https:\/\/nusa.com.pt\/de\/wp-json\/wp\/v2\/pages\/223660\/revisions"}],"predecessor-version":[{"id":223973,"href":"https:\/\/nusa.com.pt\/de\/wp-json\/wp\/v2\/pages\/223660\/revisions\/223973"}],"wp:featuredmedia":[{"embeddable":true,"href":"https:\/\/nusa.com.pt\/de\/wp-json\/wp\/v2\/media\/223778"}],"wp:attachment":[{"href":"https:\/\/nusa.com.pt\/de\/wp-json\/wp\/v2\/media?parent=223660"}],"curies":[{"name":"wp","href":"https:\/\/api.w.org\/{rel}","templated":true}]}}